{"id":4824,"date":"2024-06-07T15:06:00","date_gmt":"2024-06-07T19:06:00","guid":{"rendered":"http:\/\/localhost\/cmlto\/evaluations-de-site-web\/"},"modified":"2024-06-07T15:06:00","modified_gmt":"2024-06-07T19:06:00","slug":"evaluations-de-site-web","status":"publish","type":"page","link":"https:\/\/www.cmlto.com\/fr\/evaluations-de-site-web\/","title":{"rendered":"\u00c9valuations de site Web"},"content":{"rendered":"    <section class=\"full-row-container align-left\">\n        <div class=\"svg-element\" id=\"right\">\n            <object type=\"image\/svg+xml\"\n                    data=\"https:\/\/www.cmlto.com\/wp-content\/themes\/cmlto\/assets\/images\/ellipse_5.svg\"><\/object>\n        <\/div>\n        <div class=\"content-wrapper\">\n            <div class=\"full-row-image-text-container content\" data-aos=\"fade-up\" data-aos-duration=\"1000\"\n                 data-aos-once=\"true\">\n                <div class=\"text-wrapper\">\n                    \n<p>L\u2019Ordre des technologistes de laboratoire m\u00e9dical de l\u2019Ontario (OTLMO) souhaite avoir votre avis. <strong>Vos commentaires nous aident \u00e0 am\u00e9liorer continuellement nos services au public et \u00e0 nos inscrits.<\/strong>Veuillez envoyer un courriel \u00e0 <a href=\"mailto:communications@cmlto.com\">communications@cmlto.com<\/a> avec vos commentaires. <\/p>\n<p>Vos r\u00e9ponses sont anonymes. Les r\u00e9sultats globaux peuvent \u00eatre partag\u00e9s dans le magazine, le bulletin d&rsquo;information ou tout autre moyen de communication de l&rsquo;OTLMO. <\/p>\n                <\/div>\n                            <\/div>\n        <\/div>\n    <\/section>\n    \n","protected":false},"excerpt":{"rendered":"","protected":false},"author":1,"featured_media":0,"parent":0,"menu_order":0,"comment_status":"closed","ping_status":"closed","template":"","meta":{"_acf_changed":false,"footnotes":""},"class_list":["post-4824","page","type-page","status-publish","hentry"],"acf":[],"_links":{"self":[{"href":"https:\/\/www.cmlto.com\/fr\/wp-json\/wp\/v2\/pages\/4824","targetHints":{"allow":["GET"]}}],"collection":[{"href":"https:\/\/www.cmlto.com\/fr\/wp-json\/wp\/v2\/pages"}],"about":[{"href":"https:\/\/www.cmlto.com\/fr\/wp-json\/wp\/v2\/types\/page"}],"author":[{"embeddable":true,"href":"https:\/\/www.cmlto.com\/fr\/wp-json\/wp\/v2\/users\/1"}],"replies":[{"embeddable":true,"href":"https:\/\/www.cmlto.com\/fr\/wp-json\/wp\/v2\/comments?post=4824"}],"version-history":[{"count":0,"href":"https:\/\/www.cmlto.com\/fr\/wp-json\/wp\/v2\/pages\/4824\/revisions"}],"wp:attachment":[{"href":"https:\/\/www.cmlto.com\/fr\/wp-json\/wp\/v2\/media?parent=4824"}],"curies":[{"name":"wp","href":"https:\/\/api.w.org\/{rel}","templated":true}]}}