{"id":4529,"date":"2024-05-12T12:58:57","date_gmt":"2024-05-12T16:58:57","guid":{"rendered":"https:\/\/geekpowertech.com\/cmlto\/webinars\/"},"modified":"2024-05-12T16:07:57","modified_gmt":"2024-05-12T20:07:57","slug":"seminaires-en-ligne","status":"publish","type":"page","link":"https:\/\/www.cmlto.com\/fr\/seminaires-en-ligne\/","title":{"rendered":"S\u00e9minaires en ligne"},"content":{"rendered":"\n<p><br>    <section class=\"full-row-container ulstyle\">\n        <div class=\"svg-element\" id=\"right\">\n            <object type=\"image\/svg+xml\"\n                    data=\"https:\/\/www.cmlto.com\/wp-content\/themes\/cmlto\/assets\/images\/ellipse_5.svg\"><\/object>\n        <\/div>\n        <div class=\"content-wrapper\">\n            <div class=\"full-row-image-text-container content\" data-aos=\"fade-up\" data-aos-duration=\"1000\"\n                 data-aos-once=\"true\">\n                <div class=\"text-wrapper\">\n                    \n\n\n\n<p>L\u2019OTLMO organise des s\u00e9minaires en ligne et partage des vid\u00e9os p\u00e9dagogiques pour promouvoir l\u2019apprentissage et soutenir l\u2019exercice du TLM. Vous trouverez ci-dessous du contenu d\u00e9velopp\u00e9 par l\u2019OTLMO sur divers sujets\u202f:<\/p>\n\n\n\n<figure class=\"wp-block-video\"><video controls src=\"https:\/\/www.cmlto.com\/wp-content\/uploads\/2024\/01\/CMLTO-Guidelines-for-evaluating-professional-practice-activities-Jan-2022.mp4\"><\/video><\/figure>\n\n\n\n<h3 class=\"wp-block-heading\">Lignes directrices de l\u2019OTLMO pour l\u2019\u00e9valuation Activit\u00e9s d\u2019exercice professionnel<\/h3>\n\n\n\n<figure class=\"wp-block-video\"><video controls src=\"https:\/\/www.cmlto.com\/wp-content\/uploads\/2024\/01\/CMLTO-Practice-Requirements-for-Canadian-Educated-MLTs-in-Ontario.mp4\"><\/video><\/figure>\n\n\n\n<h3 class=\"wp-block-heading\">Exigences d\u2019exercice de l\u2019OTLMO pour les TLM form\u00e9s au Canada en Ontario<\/h3>\n\n\n\n<p>Une transcription fran\u00e7aise du webinaire est disponible <a href=\"https:\/\/www.cmlto.com\/wp-content\/uploads\/2024\/03\/Registration-Requirements-for-Canadian-Educated-MLTs-in-Ontario-FRENCH.pdf\">ici<\/a><\/p>\n\n\n\n<figure class=\"wp-block-video\"><video controls src=\"https:\/\/www.cmlto.com\/wp-content\/uploads\/2024\/01\/CMLTO-Practice-Requirements-for-Internationally-Educated-MLTs-in-Ontario.mp4\"><\/video><\/figure>\n\n\n\n<h3 class=\"wp-block-heading\">Exigences d\u2019exercice de l\u2019OTLMO pour les TLM form\u00e9s \u00e0 l\u2019\u00e9tranger en Ontario<\/h3>\n\n\n\n<p>Une transcription fran\u00e7aise du webinaire est disponible <a href=\"https:\/\/www.cmlto.com\/wp-content\/uploads\/2024\/03\/Registration-Requirements-for-Internationally-Educated-MLTs-in-Ontario-FRENCH.pdf\">ici<\/a><\/p>\n\n\n\n<figure class=\"wp-block-video\"><video controls src=\"https:\/\/www.cmlto.com\/wp-content\/uploads\/2024\/01\/Mandatory-Reporting-Webinar-complete.mp4\"><\/video><\/figure>\n\n\n\n<h3 class=\"wp-block-heading\">S\u00e9minaire en ligne sur la d\u00e9claration obligatoire<\/h3>\n\n\n\n<p>Une transcription du webinaire sur les rapports obligatoires est disponible en anglais <a href=\"https:\/\/www.cmlto.com\/wp-content\/uploads\/2024\/03\/Public-Register-Webinar-Transcript-ENGLISH.pdf\">ici<\/a>. Une copie fran\u00e7aise de la transcription sera disponible \u00e0 l&rsquo;avenir<\/p>\n\n\n\n<figure class=\"wp-block-video\"><video controls src=\"https:\/\/www.cmlto.com\/wp-content\/uploads\/2024\/01\/Public-Register-Webinar-EN.mp4\"><\/video><\/figure>\n\n\n\n<h3 class=\"wp-block-heading\">S\u00e9minaire en ligne sur le registre public&nbsp;&nbsp;<\/h3>\n\n\n\n<p>Une transcription du webinaire du Registre public est disponible en fran\u00e7ais <a href=\"https:\/\/www.cmlto.com\/wp-content\/uploads\/2024\/03\/Public-Register-Webinar-Transcript-FRENCH.pdf\">ici<\/a><\/p>\n\n\n\n<figure class=\"wp-block-video\"><video controls src=\"https:\/\/www.cmlto.com\/wp-content\/uploads\/2024\/03\/Regulation-of-Medical-Laboratory-Assistants-and-Technicians-in-Ontario_-CMLTO-Update.mp4\"><\/video><\/figure>\n\n\n\n<h3 class=\"wp-block-heading\">Mise \u00e0 jour sur la r\u00e9glementation des assistants et techniciens de laboratoire m\u00e9dical en Ontario<\/h3>\n\n\n\n<p>Une transcription du webinaire du Registre public est disponible en fran\u00e7ais <a href=\"https:\/\/www.cmlto.com\/wp-content\/uploads\/2024\/03\/Update-on-the-regulation-of-medical-laboratory-assistants-and-technicians-webinar-transcript-FRENCH.pdf\">ici&nbsp;<\/a><\/p>\n\n\n\n<figure class=\"wp-block-video\"><video controls src=\"https:\/\/www.cmlto.com\/wp-content\/uploads\/2024\/03\/CMLTO-Pathways-to-Registration.mp4\"><\/video><\/figure>\n\n\n\n<h3 class=\"wp-block-heading\">S\u00e9minaire en ligne sur les parcours d\u2019inscription alternatifs<\/h3>\n\n\n\n<p>Une transcription fran\u00e7aise du webinaire est disponible<\/p>\n\n\n\n<p>Une FAQ (PDF) a \u00e9t\u00e9 cr\u00e9\u00e9e \u00e0 la suite du s\u00e9minaire en ligne et peut \u00eatre consult\u00e9e <a href=\"http:\/\/www.cmlto.com\/images\/stories\/Resources\/CollegePublications\/Presentations\/post_webinar_faq_gdlnes.pdf\" target=\"_blank\" rel=\"noreferrer noopener\">en cliquant ici<\/a>. Nous n\u2019avons pas de copie du r\u00e9sultat du s\u00e9minaire en ligne en fran\u00e7ais. Si vous souhaitez en obtenir une copie en fran\u00e7ais, veuillez communiquer avec <a href=\"mailto:communications@cmlto.com\" target=\"_blank\" rel=\"noreferrer noopener\">communications@cmlto.com<\/a>.<\/p>\n\n\n\n                <\/div>\n                            <\/div>\n        <\/div>\n    <\/section>\n    \n","protected":false},"excerpt":{"rendered":"","protected":false},"author":1,"featured_media":5256,"parent":0,"menu_order":0,"comment_status":"closed","ping_status":"closed","template":"","meta":{"_acf_changed":false,"footnotes":""},"class_list":["post-4529","page","type-page","status-publish","has-post-thumbnail","hentry"],"acf":[],"_links":{"self":[{"href":"https:\/\/www.cmlto.com\/fr\/wp-json\/wp\/v2\/pages\/4529","targetHints":{"allow":["GET"]}}],"collection":[{"href":"https:\/\/www.cmlto.com\/fr\/wp-json\/wp\/v2\/pages"}],"about":[{"href":"https:\/\/www.cmlto.com\/fr\/wp-json\/wp\/v2\/types\/page"}],"author":[{"embeddable":true,"href":"https:\/\/www.cmlto.com\/fr\/wp-json\/wp\/v2\/users\/1"}],"replies":[{"embeddable":true,"href":"https:\/\/www.cmlto.com\/fr\/wp-json\/wp\/v2\/comments?post=4529"}],"version-history":[{"count":2,"href":"https:\/\/www.cmlto.com\/fr\/wp-json\/wp\/v2\/pages\/4529\/revisions"}],"predecessor-version":[{"id":4627,"href":"https:\/\/www.cmlto.com\/fr\/wp-json\/wp\/v2\/pages\/4529\/revisions\/4627"}],"wp:featuredmedia":[{"embeddable":true,"href":"https:\/\/www.cmlto.com\/fr\/wp-json\/wp\/v2\/media\/5256"}],"wp:attachment":[{"href":"https:\/\/www.cmlto.com\/fr\/wp-json\/wp\/v2\/media?parent=4529"}],"curies":[{"name":"wp","href":"https:\/\/api.w.org\/{rel}","templated":true}]}}