{"id":3714,"date":"2023-12-18T13:39:19","date_gmt":"2023-12-18T18:39:19","guid":{"rendered":"https:\/\/geekpowertech.com\/cmlto\/mlt-job-board-professional-development-opportunities\/"},"modified":"2026-04-30T10:48:01","modified_gmt":"2026-04-30T14:48:01","slug":"mlt-job-board-professional-development-opportunities","status":"publish","type":"page","link":"https:\/\/www.cmlto.com\/fr\/mlt-job-board-professional-development-opportunities\/","title":{"rendered":"LE SITE D\u2019EMPLOIS ET LES POSSIBILIT\u00c9S DE D\u00c9VELOPPEMENT PROFESSIONNEL POUR LES TLM"},"content":{"rendered":"\r\n<p>&nbsp;<\/p>\r\n\r\n    <section class=\"full-row-container align-left\">\n        <div class=\"svg-element\" id=\"right\">\n            <object type=\"image\/svg+xml\"\n                    data=\"https:\/\/www.cmlto.com\/wp-content\/themes\/cmlto\/assets\/images\/ellipse_5.svg\"><\/object>\n        <\/div>\n        <div class=\"content-wrapper\">\n            <div class=\"full-row-image-text-container content\" data-aos=\"fade-up\" data-aos-duration=\"1000\"\n                 data-aos-once=\"true\">\n                <div class=\"text-wrapper\">\n                    \r\n<h2><span style=\"color: #1e3f82;\">POSSIBILIT\u00c9S D\u2019EMPLOI<\/span><\/h2>\r\n<p>Les possibilit\u00e9s d\u2019emploi actuelles pour les technologistes de laboratoire m\u00e9dical (TLM) en Ontario sont pr\u00e9sent\u00e9es ci-dessous.<\/p>\r\n<h2><span style=\"color: #1e3f82;\">Possibilit\u00e9s d\u2019emploi<\/span> pour les TLM<\/h2>\r\n<p><a href=\"https:\/\/www.cmlto.com\/wp-content\/uploads\/2026\/04\/2026-12-SLC.pdf\" target=\"_blank\" rel=\"noopener\">Medical Laboratory Technologist &#8211; St. Lawrence College, Kingston<\/a><br \/>Post\u00e9 1 avril\u00a02026<\/p>\r\n<p><a href=\"https:\/\/www.cmlto.com\/wp-content\/uploads\/2026\/04\/2026-13-TADH.pdf\" target=\"_blank\" rel=\"noopener\">Medical Laboratory Technologist Part-time &#8211; Timmins and District Hospital<\/a><br \/>Post\u00e9 9 avril 2026<\/p>\r\n<p><a href=\"https:\/\/www.cmlto.com\/wp-content\/uploads\/2026\/04\/2026-14-CHEO.pdf\" target=\"_blank\" rel=\"noopener\">Specialty Technologist, Genetics- Permanent Full-Time &#8211; CHEO<\/a><br \/>Post\u00e9 13 avril 2026<\/p>\r\n<p><a href=\"https:\/\/www.cmlto.com\/wp-content\/uploads\/2026\/04\/2026-15-HH.pdf\" target=\"_blank\" rel=\"noopener\">Medical Laboratory Technologist &#8211; Halton Healthcare<\/a><br \/>Post\u00e9 30 avril\u00a02026<\/p>\r\n<p>&nbsp;<\/p>\r\n<h2><span style=\"color: #1e3f82;\">POSSIBILIT\u00c9S DE D\u00c9VELOPPEMENT <\/span><span style=\"color: #1e3f82;\">PROFESSIONNEL<\/span> POUR LES TLM<\/h2>\r\n<p>Vous trouverez ci-dessous une liste de possibilit\u00e9s de d\u00e9veloppement professionnel pour les TLM. Le d\u00e9veloppement professionnel a lieu lorsqu\u2019un TLM am\u00e9liore ses connaissances, ses comp\u00e9tences ou son jugement. Pour obtenir de plus amples renseignements sur le d\u00e9veloppement professionnel, veuillez consulter la page du portefeuille professionnel.<\/p>\r\n<p>Remarque : L\u2019OTLMO ne commandite ni ne recommande les activit\u00e9s \u00e9num\u00e9r\u00e9es ci-dessus.<br \/>Ces activit\u00e9s, s\u00e9minaires, conf\u00e9rences, etc., sont communiqu\u00e9s \u00e0 des fins d\u2019information uniquement. L\u2019OTLMO n\u2019est pas responsable des renseignements affich\u00e9s ou fournis par des sources tierces. Nous vous encourageons \u00e0 consulter ou \u00e0 contacter directement le fournisseur si vous avez des questions ou des pr\u00e9occupations.<\/p>\r\n                <\/div>\n                            <\/div>\n        <\/div>\n    <\/section>\n    ","protected":false},"excerpt":{"rendered":"<p>&nbsp;<\/p>\n","protected":false},"author":1,"featured_media":2057,"parent":0,"menu_order":0,"comment_status":"closed","ping_status":"closed","template":"","meta":{"_acf_changed":false,"footnotes":""},"class_list":["post-3714","page","type-page","status-publish","has-post-thumbnail","hentry"],"acf":[],"_links":{"self":[{"href":"https:\/\/www.cmlto.com\/fr\/wp-json\/wp\/v2\/pages\/3714","targetHints":{"allow":["GET"]}}],"collection":[{"href":"https:\/\/www.cmlto.com\/fr\/wp-json\/wp\/v2\/pages"}],"about":[{"href":"https:\/\/www.cmlto.com\/fr\/wp-json\/wp\/v2\/types\/page"}],"author":[{"embeddable":true,"href":"https:\/\/www.cmlto.com\/fr\/wp-json\/wp\/v2\/users\/1"}],"replies":[{"embeddable":true,"href":"https:\/\/www.cmlto.com\/fr\/wp-json\/wp\/v2\/comments?post=3714"}],"version-history":[{"count":145,"href":"https:\/\/www.cmlto.com\/fr\/wp-json\/wp\/v2\/pages\/3714\/revisions"}],"predecessor-version":[{"id":8739,"href":"https:\/\/www.cmlto.com\/fr\/wp-json\/wp\/v2\/pages\/3714\/revisions\/8739"}],"wp:featuredmedia":[{"embeddable":true,"href":"https:\/\/www.cmlto.com\/fr\/wp-json\/wp\/v2\/media\/2057"}],"wp:attachment":[{"href":"https:\/\/www.cmlto.com\/fr\/wp-json\/wp\/v2\/media?parent=3714"}],"curies":[{"name":"wp","href":"https:\/\/api.w.org\/{rel}","templated":true}]}}