{"id":3650,"date":"2023-12-15T16:34:32","date_gmt":"2023-12-15T21:34:32","guid":{"rendered":"https:\/\/geekpowertech.com\/cmlto\/job-posting-resources\/"},"modified":"2024-11-28T16:46:12","modified_gmt":"2024-11-28T21:46:12","slug":"job-posting-resources","status":"publish","type":"page","link":"https:\/\/www.cmlto.com\/fr\/job-posting-resources\/","title":{"rendered":"RESSOURCES POUR L\u2019AFFICHAGE D\u2019OFFRES D\u2019EMPLOI"},"content":{"rendered":"    <section class=\"content-wrapper \">\n        <div class=\"image-text-container content\">\n            <div class=\"image-wrapper\" data-aos=\"fade-right\" data-aos-duration=\"1000\" data-aos-once=\"true\">\n                                    <div class=\"left-image\">\n                        <img decoding=\"async\" src=\"https:\/\/www.cmlto.com\/wp-content\/uploads\/2022\/12\/654cf0216e95c2395d0cf9eeb814560a.png\">\n                    <\/div>\n                            <\/div>\n            <div class=\"text-wrapper\" data-aos=\"fade-left\" data-aos-duration=\"1000\" data-aos-once=\"true\">\n                \n<p>On this page you will find all resources related to Sur cette page, vous trouverez toutes les ressources relatives \u00e0 l\u2019emploi pour les postes de laboratoire. Cela comprend\u00a0:<\/p>\n<ul>\n<li>L\u2019embauche de jeunes dipl\u00f4m\u00e9s<\/li>\n<li>L\u2019embauche de technologistes de laboratoire m\u00e9dical (TLM)<\/li>\n<li>L\u2019embauche d\u2019assistants et de techniciens de laboratoire m\u00e9dical<\/li>\n<li>La publication d\u2019une offre d\u2019emploi sur le site Web de l\u2019OTLMO<\/li>\n<\/ul>\n<p><span style=\"color: initial; font-size: revert;\">            <\/div>\n        <\/div>\n    <\/section>\n    <\/span><\/p>\n    <section class=\"content-wrapper right-text \">\n        <div class=\"text-container content\">\n            <div class=\"title-wrapper\" data-aos=\"fade-right\" data-aos-duration=\"1000\" data-aos-once=\"true\">\n                <h1>EMBAUCHE DE JEUNES DIPL\u00d4M\u00c9S<\/h1>\n            <\/div>\n            <div class=\"text-wrapper\" data-aos=\"fade-left\" data-aos-duration=\"1000\" data-aos-once=\"true\">\n                \n<p>Les nouveaux dipl\u00f4m\u00e9s des programmes de technologiste de laboratoire m\u00e9dical re\u00e7oivent une lettre d\u00e9crivant les d\u00e9tails du processus d\u2019inscription \u00e0 l\u2019Ordre des technologistes de laboratoire m\u00e9dical de<br \/>\nl\u2019Ontario (OTLMO).<\/p>\n<p>L\u2019OTLMO offre un processus de demande en ligne. Pour exercer la profession de technologiste de laboratoire m\u00e9dical en Ontario et utiliser le titre restreint, une personne doit d\u2019abord d\u00e9tenir un certificat d\u2019inscription \u00e0 titre de praticien aupr\u00e8s de l\u2019OTLMO.<\/p>\n<p><strong>Les nouveaux dipl\u00f4m\u00e9s peuvent travailler en tant qu\u2019assistants de laboratoire m\u00e9dical ou techniciens de laboratoire m\u00e9dical jusqu\u2019\u00e0 ce qu\u2019ils obtiennent leur certificat d\u2019inscription \u00e0 titre de praticien aupr\u00e8s de l\u2019OTLMO.<\/strong><\/p>\n            <\/div>\n        <\/div>\n    <\/section>\n    \n    <section class=\"content-wrapper \">\n        <div class=\"image-text-container content\">\n            <div class=\"image-wrapper\" data-aos=\"fade-right\" data-aos-duration=\"1000\" data-aos-once=\"true\">\n                                    <div class=\"left-image\">\n                        <img decoding=\"async\" src=\"https:\/\/www.cmlto.com\/wp-content\/uploads\/2022\/12\/654cf0216e95c2395d0cf9eeb814560a.png\">\n                    <\/div>\n                            <\/div>\n            <div class=\"text-wrapper\" data-aos=\"fade-left\" data-aos-duration=\"1000\" data-aos-once=\"true\">\n                \n<h1>EMBAUCHE DE <span style=\"color: #142d5f;\">TECHNOLOGISTES DE<\/span><br \/>\n<span style=\"color: #142d5f;\">LABORATOIRE M\u00c9DICAL<\/span><\/h1>\n<p>Les employeurs doivent s\u2019assurer que tous les candidats \u00e0 un poste de technologiste de laboratoire m\u00e9dical (TLM) d\u00e9tiennent un certificat d\u2019inscription \u00e0 l\u2019Ordre des technologistes de laboratoire m\u00e9dical de l\u2019Ontario (OTLMO). Pour ce faire, vous devez consulter le <a href=\"#\">Registre public de l\u2019OTLMO<\/a>.<\/p>\n<p>Les employeurs sont inform\u00e9s si des TLM de leur \u00e9tablissement ont \u00e9t\u00e9 suspendus pour non-paiement des frais.<\/p>\n<p>En outre, les employeurs doivent savoir que les TLM sont tenus d\u2019informer l\u2019OTLMO de tout changement d\u2019adresse (domicile ou lieu de travail) ou d\u2019employeur.<\/p>\n            <\/div>\n        <\/div>\n    <\/section>\n    \n    <section class=\"full-row-container \">\n        <div class=\"svg-element\" id=\"right\">\n            <object type=\"image\/svg+xml\"\n                    data=\"https:\/\/www.cmlto.com\/wp-content\/themes\/cmlto\/assets\/images\/ellipse_5.svg\"><\/object>\n        <\/div>\n        <div class=\"content-wrapper\">\n            <div class=\"full-row-image-text-container content\" data-aos=\"fade-up\" data-aos-duration=\"1000\"\n                 data-aos-once=\"true\">\n                <div class=\"text-wrapper\">\n                    \n<h2>EMBAUCHE D\u2019ASSISTANTS ET DE TECHNICIENS DE LABORATOIRE M\u00c9DICAL<\/h2>\n<p>Jusqu\u2019\u00e0 ce que les assistants et techniciens de laboratoire m\u00e9dical soient des professionnels de la sant\u00e9 r\u00e9glement\u00e9s en Ontario, la <a href=\"https:\/\/www.cmlto.com\/fr\/the-cmlto-voluntary-roster-program\/\">liste volontaire des techniciens de laboratoire m\u00e9dical inscrits de l\u2019OTLMO<\/a> est disponible pour r\u00e9pondre \u00e0 vos besoins\u00e9ventuels en mati\u00e8re d\u2019embauche.<\/p>\n                <\/div>\n                                    <div class=\"image-wrapper\" data-aos=\"fade-up\" data-aos-duration=\"1000\" data-aos-delay=\"250\"\n                         data-aos-once=\"true\">\n                        <div class=\"background\" style=\"background-image: url('https:\/\/www.cmlto.com\/wp-content\/uploads\/2022\/12\/ab20779dcaed2356212b710dda7663ba.jpg')\"><\/div>\n                    <\/div>\n                            <\/div>\n        <\/div>\n    <\/section>\n    \n    <section class=\"content-wrapper right-text \">\n        <div class=\"text-container content\">\n            <div class=\"title-wrapper\" data-aos=\"fade-right\" data-aos-duration=\"1000\" data-aos-once=\"true\">\n                <h1>PUBLIER UNE OFFRE D\u2019EMPLOI POUR DES TLM<\/h1>\n            <\/div>\n            <div class=\"text-wrapper\" data-aos=\"fade-left\" data-aos-duration=\"1000\" data-aos-once=\"true\">\n                \n<p>Saviez-vous que l\u2019Ordre des technologistes de laboratoire m\u00e9dical de l\u2019Ontario (OTLMO) publiera des offres d\u2019emploi pour des technologistes de laboratoire m\u00e9dical (TLM) en Ontario?<\/p>\n<p>Le co\u00fbt de ce service est de <strong>357,14\u00a0$ + TVH.<\/strong><\/p>\n<p>Envoyez votre offre d\u2019emploi (y compris les coordonn\u00e9es de votre entreprise) par courrier \u00e9lectronique, au format PDF ou Word, \u00e0 <a href=\"mailto:corporateservices@cmlto.com\">corporateservices@cmlto.com<\/a>.<\/p>\n<p>Les offres d\u2019emploi seront publi\u00e9es sur le site Web de l\u2019OTLMO pendant 30\u00a0jours.            <\/div>\n        <\/div>\n    <\/section>\n    \n","protected":false},"excerpt":{"rendered":"","protected":false},"author":1,"featured_media":5788,"parent":0,"menu_order":0,"comment_status":"closed","ping_status":"closed","template":"","meta":{"_acf_changed":false,"footnotes":""},"class_list":["post-3650","page","type-page","status-publish","has-post-thumbnail","hentry"],"acf":[],"_links":{"self":[{"href":"https:\/\/www.cmlto.com\/fr\/wp-json\/wp\/v2\/pages\/3650","targetHints":{"allow":["GET"]}}],"collection":[{"href":"https:\/\/www.cmlto.com\/fr\/wp-json\/wp\/v2\/pages"}],"about":[{"href":"https:\/\/www.cmlto.com\/fr\/wp-json\/wp\/v2\/types\/page"}],"author":[{"embeddable":true,"href":"https:\/\/www.cmlto.com\/fr\/wp-json\/wp\/v2\/users\/1"}],"replies":[{"embeddable":true,"href":"https:\/\/www.cmlto.com\/fr\/wp-json\/wp\/v2\/comments?post=3650"}],"version-history":[{"count":2,"href":"https:\/\/www.cmlto.com\/fr\/wp-json\/wp\/v2\/pages\/3650\/revisions"}],"predecessor-version":[{"id":3654,"href":"https:\/\/www.cmlto.com\/fr\/wp-json\/wp\/v2\/pages\/3650\/revisions\/3654"}],"wp:featuredmedia":[{"embeddable":true,"href":"https:\/\/www.cmlto.com\/fr\/wp-json\/wp\/v2\/media\/5788"}],"wp:attachment":[{"href":"https:\/\/www.cmlto.com\/fr\/wp-json\/wp\/v2\/media?parent=3650"}],"curies":[{"name":"wp","href":"https:\/\/api.w.org\/{rel}","templated":true}]}}