{"id":3645,"date":"2024-01-08T10:26:51","date_gmt":"2024-01-08T15:26:51","guid":{"rendered":"https:\/\/geekpowertech.com\/cmlto\/quality-assurance-audit-criteria\/"},"modified":"2025-11-13T13:53:34","modified_gmt":"2025-11-13T18:53:34","slug":"quality-assurance-audit-criteria","status":"publish","type":"page","link":"https:\/\/www.cmlto.com\/fr\/quality-assurance-audit-criteria\/","title":{"rendered":"CRIT\u00c8RES D\u2019AUDIT DU PROGRAMME D\u2019ASSURANCE DE LA QUALIT\u00c9 (PAQ)"},"content":{"rendered":"    <section class=\"content-wrapper ulstyle\">\n        <div class=\"image-text-container content\">\n            <div class=\"image-wrapper\" data-aos=\"fade-right\" data-aos-duration=\"1000\" data-aos-once=\"true\">\n                                    <div class=\"left-image\">\n                        <img decoding=\"async\" src=\"https:\/\/www.cmlto.com\/wp-content\/uploads\/2022\/12\/654cf0216e95c2395d0cf9eeb814560a.png\">\n                    <\/div>\n                            <\/div>\n            <div class=\"text-wrapper\" data-aos=\"fade-left\" data-aos-duration=\"1000\" data-aos-once=\"true\">\n                \n<p>Le comit\u00e9 d\u2019assurance de la qualit\u00e9 de l\u2019OTLMO utilise certains crit\u00e8res pour administrer le programme d\u2019assurance de la qualit\u00e9. Si vous souhaitez lire la politique du comit\u00e9 d\u2019assurance de la qualit\u00e9 concernant les exigences du programme d\u2019assurance de la qualit\u00e9, cliquez <a href=\"https:\/\/www.cmlto.com\/wp-content\/uploads\/2025\/11\/QAC-42-FR-2025.pdf\">ici<\/a>.<\/p>\n<p><span style=\"font-size: revert; color: initial;\"><span style=\"font-weight: 400;\">Les composantes du programme d\u2019assurance de la qualit\u00e9 sont d\u00e9finies dans la Loi de 1991 sur les technologistes de laboratoire m\u00e9dical. Vous trouverez ci-dessous de plus amples renseignements sur<br \/>\nla mani\u00e8re dont les inscrits participent \u00e0 chaque \u00e9l\u00e9ment du programme d\u2019assurance de la qualit\u00e9 et les r\u00e9alisent\u00a0: <\/span>            <\/div>\n        <\/div>\n    <\/section>\n    <\/span><\/p>\n    <section class=\"content-wrapper \">\n        <div class=\"faq-container content \">\n                        <div class=\"faq-wrapper\">\n                    <div class=\"faq\">\n                <div class=\"faq-title \">\n            <span><label><\/label>Portefeuille professionnel:<\/span>\n            <span><i class=\"fas fa-plus-circle\"><\/i><\/span>\n        <\/div>\n                <div class=\"faq-content\">\n            \n<p>Chaque inscrit praticien doit soumettre les sections suivantes du portefeuille professionnel au plus tard le 31 mars \u00e0 des fins d\u2019examen par le personnel du PAQ\u00a0:<\/p>\n<ul>\n<li style=\"font-weight: 400;\" aria-level=\"1\">Son profil professionnel<\/li>\n<li style=\"font-weight: 400;\" aria-level=\"1\">L\u2019auto-\u00e9valuation, y compris\u00a0:\n<ul>\n<li style=\"font-weight: 400;\" aria-level=\"2\">l\u2019auto-\u00e9valuation des t\u00e2ches et des responsabilit\u00e9s des TLM remplie o l\u2019auto-\u00e9valuation des normes de pratiques de l\u2019OTLMO remplie o le module d\u2019auto-\u00e9valuation de l\u2019exercice (PRISM) termin\u00e9<\/li>\n<\/ul>\n<\/li>\n<li style=\"font-weight: 400;\" aria-level=\"1\">Objectifs d\u2019apprentissage\u00a0:\n<ul>\n<li style=\"font-weight: 400;\" aria-level=\"2\">Deux objectifs d\u2019apprentissage, dont au moins un bas\u00e9 sur un domaine d\u2019am\u00e9lioration qui<br \/>\ncern\u00e9 par l\u2019auto-\u00e9valuation<\/li>\n<li style=\"font-weight: 400;\" aria-level=\"2\">Seules les sections Objectif et Description de l\u2019objectif doivent \u00eatre soumises au plus tard le<br \/>\n31\u00a0mars.<\/li>\n<\/ul>\n<\/li>\n<li style=\"font-weight: 400;\" aria-level=\"1\">Tous les cinq ans, des praticiens inscrits sont s\u00e9lectionn\u00e9s au hasard pour soumettre leur portefeuille professionnel \u00e0 l\u2019examen du personnel charg\u00e9 de l\u2019assurance de la qualit\u00e9. Ces inscrits doivent soumettre les \u00e9l\u00e9ments suivants au plus tard le 31\u00a0d\u00e9cembre\u00a0:\n<ul>\n<li style=\"font-weight: 400;\" aria-level=\"2\">Renseignements confirm\u00e9s sur le profil professionnel, rempli au plus tard le 31\u00a0mars<\/li>\n<li style=\"font-weight: 400;\" aria-level=\"2\">Auto-\u00e9valuation remplie au plus tard le 31 mars<\/li>\n<li style=\"font-weight: 400;\" aria-level=\"2\">Objectifs d\u2019apprentissage avec les sections suivantes remplies :\n<ul>\n<li aria-level=\"2\">Objectif : rempli au plus tard le 31\u00a0mars<\/li>\n<li style=\"font-weight: 400;\" aria-level=\"3\">Description de l\u2019objectif : (remplie au plus tard le 31 mars)<\/li>\n<li aria-level=\"3\">Impact sur la pratique<\/li>\n<li aria-level=\"3\">Objectif atteint. Si l\u2019objectif n\u2019est pas atteint ou s\u2019il est en cours, les<br \/>\nprochaines \u00e9tapes doivent \u00eatre consign\u00e9es<\/li>\n<\/ul>\n<\/li>\n<li style=\"font-weight: 400;\" aria-level=\"2\">Heures r\u00e9alis\u00e9es de d\u00e9veloppement professionnel et exigences, ce qui inclut\u00a0:\n<ul>\n<li style=\"font-weight: 400;\" aria-level=\"3\">Au moins trois types diff\u00e9rents d\u2019activit\u00e9s<\/li>\n<li style=\"font-weight: 400;\" aria-level=\"3\">Au moins trois activit\u00e9s associ\u00e9es \u00e0 un objectif d\u2019apprentissage et une description de la mani\u00e8re dont l\u2019activit\u00e9 a soutenu la comp\u00e9tence continue<\/li>\n<li style=\"font-weight: 400;\" aria-level=\"3\">Au moins trente (30) heures de d\u00e9veloppement professionnel avec<br \/>\ndes apprentissages cl\u00e9s qui d\u00e9crivent clairement comment<br \/>\nils ont fait progresser les connaissances, les comp\u00e9tences ou le<br \/>\njugement professionnels de l\u2019inscrit.<\/li>\n<\/ul>\n<\/li>\n<\/ul>\n<\/li>\n<li style=\"font-weight: 400;\" aria-level=\"3\">Les inscrits praticiens qui s\u2019inscrivent \u00e0 l\u2019Ordre pendant l\u2019ann\u00e9e du<br \/>\nportefeuille en cours ne seront pas s\u00e9lectionn\u00e9s pour soumettre leur<br \/>\nportefeuille professionnel. La premi\u00e8re ann\u00e9e civile d\u2019inscription \u00e0 l\u2019OTLMO ne<br \/>\ncontribue pas au cycle de cinq (5) ans, mais les inscrits sont tout de m\u00eame<br \/>\ntenus de maintenir un portefeuille professionnel \u00e0 jour.<\/li>\n<li style=\"font-weight: 400;\" aria-level=\"3\">Un inscrit praticien peut \u00eatre tenu de soumettre son portefeuille professionnel dans les trente (30) jours \u00e0 la demande du comit\u00e9 d\u2019assurance de la qualit\u00e9.<\/li>\n<\/ul>\n        <\/div>\n    <\/div>\n    \n    <div class=\"faq\">\n                <div class=\"faq-title \">\n            <span><label><\/label>V\u00e9rification de l\u2019exercice :<\/span>\n            <span><i class=\"fas fa-plus-circle\"><\/i><\/span>\n        <\/div>\n                <div class=\"faq-content\">\n            \n<ul>\n<li style=\"font-weight: 400;\" aria-level=\"1\">Les inscrits praticiens qui sont inscrits aupr\u00e8s de l\u2019OTLMO depuis plus de deux (2) ans seront choisis au hasard une fois tous les dix (10) ans pour r\u00e9aliser l\u2019\u00e9valuation de la v\u00e9rification de l\u2019exercice.<\/li>\n<li style=\"font-weight: 400;\" aria-level=\"1\">Un inscrit praticien devra effectuer l\u2019\u00e9valuation de la v\u00e9rification de l\u2019exercice sur la base des crit\u00e8res suivants du comit\u00e9 d\u2019assurance de la qualit\u00e9\u00a0:\n<ul>\n<li style=\"font-weight: 400;\" aria-level=\"2\">Tous les inscrits praticiens r\u00e9aliseront la v\u00e9rification de l\u2019exercice au cours de leurs deux (2) premi\u00e8res ann\u00e9es d\u2019inscription aupr\u00e8s de l\u2019OTLMO.<\/li>\n<li style=\"font-weight: 400;\" aria-level=\"2\">Un inscrit qui change sa cat\u00e9gorie d\u2019inscription, passant de non-praticien \u00e0 praticien, devra r\u00e9aliser la v\u00e9rification de l\u2019exercice dans les deux (2) ans qui suivent le changement.<\/li>\n<li style=\"font-weight: 400;\" aria-level=\"2\">Un inscrit suspendu pour non-paiement des frais et qui redevient praticien doit r\u00e9aliser la v\u00e9rification de l\u2019exercice dans les deux (2) ans suivant son r\u00e9tablissement.<\/li>\n<li style=\"font-weight: 400;\" aria-level=\"2\">Un inscrit qui d\u00e9missionne ou dont l\u2019inscription est r\u00e9voqu\u00e9e et qui pr\u00e9sente une nouvelle demande d\u2019inscription \u00e0 l\u2019OTLMO en tant que praticien doit r\u00e9aliser la v\u00e9rification de l\u2019exercice dans les deux (2) ans suivant sa r\u00e9inscription.<\/li>\n<li style=\"font-weight: 400;\" aria-level=\"2\">Un inscrit qui change de cat\u00e9gorie d\u2019inscription (c.-\u00e0-d. d\u00e9missionn\u00e9, non- praticien, suspendu ou inscription r\u00e9voqu\u00e9e) apr\u00e8s avoir \u00e9t\u00e9 s\u00e9lectionn\u00e9 au hasard pour l\u2019audit du portfolio professionnel ou de la v\u00e9rification de l\u2019exercice devra r\u00e9aliser la v\u00e9rification de l\u2019exercice dans les 60 jours qui suivent son retour au statut de praticien.<\/li>\n<li style=\"font-weight: 400;\" aria-level=\"2\">Un inscrit praticien peut \u00eatre invit\u00e9 \u00e0 r\u00e9aliser l\u2019\u00e9valuation de la v\u00e9rification de l\u2019exercice dans un d\u00e9lai d\u00e9termin\u00e9 si le comit\u00e9, apr\u00e8s examen du cas de l\u2019inscrit, d\u00e9termine que l\u2019\u00e9valuation de la v\u00e9rification de l\u2019exercice contribuera au maintien de la comp\u00e9tence de l\u2019inscrit.<\/li>\n<\/ul>\n<\/li>\n<\/ul>\n        <\/div>\n    <\/div>\n    \n    <div class=\"faq\">\n                <div class=\"faq-title \">\n            <span><label><\/label>\u00c9valuation des comp\u00e9tences : <\/span>\n            <span><i class=\"fas fa-plus-circle\"><\/i><\/span>\n        <\/div>\n                <div class=\"faq-content\">\n            \n<p>Le comit\u00e9 d\u2019assurance de la qualit\u00e9 de l\u2019OTLMO peut exiger qu\u2019un inscrit participe \u00e0 une \u00e9valuation des comp\u00e9tences.<\/p>\n<p>Une \u00e9valuation des comp\u00e9tences a lieu si le comit\u00e9 d\u2019assurance de la qualit\u00e9 estime que les connaissances, les aptitudes et le jugement de l\u2019inscrit ne sont pas satisfaisants. Elle se fonde sur l\u2019examen du portefeuille professionnel de l\u2019inscrit, sur les r\u00e9sultats d\u2019une v\u00e9rification de l\u2019exercice ou sur toute autre information \u00e9crite pertinente.<\/p>\n<p>En cas de non-respect du programme d\u2019assurance de la qualit\u00e9, l\u2019inscrit peut \u00eatre renvoy\u00e9 devant le comit\u00e9 d\u2019assurance de la qualit\u00e9. Les inscrits renvoy\u00e9s devant le comit\u00e9 ont la possibilit\u00e9 de faire valoir les<br \/>\nraisons pour lesquelles ils n\u2019ont pas pu se conformer aux exigences du programme.<\/p>\n        <\/div>\n    <\/div>\n    \n            <\/div>\n        <\/div>\n    <\/section>\n    \n","protected":false},"excerpt":{"rendered":"","protected":false},"author":1,"featured_media":2066,"parent":0,"menu_order":0,"comment_status":"closed","ping_status":"closed","template":"","meta":{"_acf_changed":false,"footnotes":""},"class_list":["post-3645","page","type-page","status-publish","has-post-thumbnail","hentry"],"acf":[],"_links":{"self":[{"href":"https:\/\/www.cmlto.com\/fr\/wp-json\/wp\/v2\/pages\/3645","targetHints":{"allow":["GET"]}}],"collection":[{"href":"https:\/\/www.cmlto.com\/fr\/wp-json\/wp\/v2\/pages"}],"about":[{"href":"https:\/\/www.cmlto.com\/fr\/wp-json\/wp\/v2\/types\/page"}],"author":[{"embeddable":true,"href":"https:\/\/www.cmlto.com\/fr\/wp-json\/wp\/v2\/users\/1"}],"replies":[{"embeddable":true,"href":"https:\/\/www.cmlto.com\/fr\/wp-json\/wp\/v2\/comments?post=3645"}],"version-history":[{"count":3,"href":"https:\/\/www.cmlto.com\/fr\/wp-json\/wp\/v2\/pages\/3645\/revisions"}],"predecessor-version":[{"id":7851,"href":"https:\/\/www.cmlto.com\/fr\/wp-json\/wp\/v2\/pages\/3645\/revisions\/7851"}],"wp:featuredmedia":[{"embeddable":true,"href":"https:\/\/www.cmlto.com\/fr\/wp-json\/wp\/v2\/media\/2066"}],"wp:attachment":[{"href":"https:\/\/www.cmlto.com\/fr\/wp-json\/wp\/v2\/media?parent=3645"}],"curies":[{"name":"wp","href":"https:\/\/api.w.org\/{rel}","templated":true}]}}