{"id":3630,"date":"2023-12-14T18:18:57","date_gmt":"2023-12-14T23:18:57","guid":{"rendered":"https:\/\/geekpowertech.com\/cmlto\/competence-evaluation\/"},"modified":"2026-02-20T08:48:55","modified_gmt":"2026-02-20T13:48:55","slug":"competence-evaluation","status":"publish","type":"page","link":"https:\/\/www.cmlto.com\/fr\/competence-evaluation\/","title":{"rendered":"\u00c9VALUATION DES COMP\u00c9TENCES"},"content":{"rendered":"    <section class=\"content-wrapper \">\n        <div class=\"image-text-container content\">\n            <div class=\"image-wrapper\" data-aos=\"fade-right\" data-aos-duration=\"1000\" data-aos-once=\"true\">\n                                    <div class=\"left-image\">\n                        <img decoding=\"async\" src=\"https:\/\/www.cmlto.com\/wp-content\/uploads\/2022\/12\/654cf0216e95c2395d0cf9eeb814560a.png\">\n                    <\/div>\n                            <\/div>\n            <div class=\"text-wrapper\" data-aos=\"fade-left\" data-aos-duration=\"1000\" data-aos-once=\"true\">\n                \n<p>L\u2019\u00e9valuation des comp\u00e9tences (EC) est la troisi\u00e8me composante du Programme d\u2019assurance de la<br \/>\nqualit\u00e9 (PAQ) de l\u2019OTLMO, tel que d\u00e9crit par la Loi de 1991 sur les technologistes de laboratoire<br \/>\nm\u00e9dical. <strong>L\u2019objectif de l\u2019\u00e9valuation des comp\u00e9tences consiste \u00e0 \u00e9valuer les connaissances, les comp\u00e9tences et le jugement de l\u2019inscrit dans une ou plusieurs des sp\u00e9cialit\u00e9s dans lesquelles il est autoris\u00e9 \u00e0 exercer.<\/strong><\/p>\n<p>Conform\u00e9ment \u00e0 la politique 49 du CAQ \u2013 \u00c9valuation des comp\u00e9tences (<a href=\"https:\/\/www.cmlto.com\/wp-content\/uploads\/2024\/05\/QAC-49-FR.pdf\">ici<\/a>), le comit\u00e9<br \/>\nd\u2019assurance de la qualit\u00e9 (CAQ) peut exiger qu\u2019un inscrit participe \u00e0 une \u00e9valuation des comp\u00e9tences<br \/>\ns\u2019il estime que les connaissances, les aptitudes et le jugement de l\u2019inscrit ne sont pas<br \/>\nsatisfaisants. La d\u00e9cision d\u2019exiger d\u2019un inscrit qu\u2019il subisse une \u00e9valuation des comp\u00e9tences se fonde<br \/>\nsur l\u2019examen de son portefeuille professionnel, sur les r\u00e9sultats de la v\u00e9rification de l\u2019exercice ou sur<br \/>\ntoute autre information \u00e9crite pertinente.<\/p>\n<p>L\u2019EC est une \u00e9valuation en personne facilit\u00e9e par deux \u00e9valuateurs nomm\u00e9s par le CAQ. L\u2019\u00e9valuation<br \/>\ncomprend 15 questions comportementales ou situationnelles fond\u00e9es sur les Normes de pratiques<br \/>\nde l\u2019OTLMO pour les technologistes de laboratoire m\u00e9dical. Les inscrits disposent de 90\u00a0minutes pour<br \/>\neffectuer l\u2019EC. Le plan directeur de l\u2019EC d\u00e9crit les conditions d\u2019\u00e9valuation, y compris le format des questions et les r\u00e9sultats de l\u2019EC.<\/p>\n<p><span style=\"color: initial; font-size: revert;\">            <\/div>\n        <\/div>\n    <\/section>\n    <\/span><\/p>\n    <div class=\"column-wrapper align-center one-column\">\n        \n<h2><span style=\"color: initial; font-size: revert;\"><span style=\"font-weight: 400;\"><strong>Documents d\u2019orientation pour l\u2019\u00c9C<\/strong><\/span><\/span><\/h2>\n    <\/div>\n    \n    <div class=\"column-wrapper align-center two-column\">\n        \n    <a class=\"button blue\"        href=\"https:\/\/www.cmlto.com\/wp-content\/uploads\/2026\/02\/CE-Registrants-Handbook-FR-1.pdf\" data-aos=\"fade-up\"\n       data-aos-duration=\"1000\" data-aos-once=\"true\">\n        Guide d\u2019\u00e9valuation des comp\u00e9tences \u00e0 l\u2019intention des inscrits    <\/a>\n    \n    <a class=\"button blue\"        href=\"https:\/\/www.cmlto.com\/wp-content\/uploads\/2026\/02\/CE-Assessor-Handbook-FR-1.pdf\" data-aos=\"fade-up\"\n       data-aos-duration=\"1000\" data-aos-once=\"true\">\n        Guide d\u2019\u00e9valuation des comp\u00e9tences \u00e0 l\u2019intention des \u00e9valuateurs    <\/a>\n    \n    <\/div>\n    \n    <section class=\"full-row-container \">\n        <div class=\"svg-element\" id=\"right\">\n            <object type=\"image\/svg+xml\"\n                    data=\"https:\/\/www.cmlto.com\/wp-content\/themes\/cmlto\/assets\/images\/ellipse_5.svg\"><\/object>\n        <\/div>\n        <div class=\"content-wrapper\">\n            <div class=\"full-row-image-text-container content\" data-aos=\"fade-up\" data-aos-duration=\"1000\"\n                 data-aos-once=\"true\">\n                <div class=\"text-wrapper\">\n                    \n<h1>Plan directeur de la composante \u00ab\u00a0<span style=\"color: #142d5f;\">\u00e9valuation<\/span><br \/>\n<span style=\"color: #142d5f;\">des comp\u00e9tences<\/span>\u00a0\u00bb\u00a0:<\/h1>\n<p>Le plan directeur de l\u2019\u00e9valuation des comp\u00e9tences de l\u2019OTLMO d\u00e9finit la composition des questions d\u2019\u00e9valuation. Les cat\u00e9gories de questions de l\u2019EC s\u2019harmonisent avec les Normes de pratiques de l\u2019OTLMO pour les technologistes de laboratoire m\u00e9dical. Le comit\u00e9 d\u2019assurance de years. la qualit\u00e9 de l\u2019OTLMO examine le plan directeur de l\u2019EC tous les trois ans.<\/p>\n<p>Vous pouvez acc\u00e9der \u00e0 une copie actuelle du plan d\u2019\u00e9valuation des comp\u00e9tences <a href=\"https:\/\/www.cmlto.com\/wp-content\/uploads\/2024\/06\/CE-Blueprint-French.pdf\">ici<\/a><\/p>\n<p>&nbsp;<\/p>\n<table>\n<thead>\n<tr>\n<th scope=\"col\">Normes d&rsquo;exercise de l&rsquo;OTLMO<\/th>\n<th scope=\"col\">Nombre de Questions<\/th>\n<th scope=\"col\">Pond\u00e9ration de l&rsquo;outil d&rsquo;\u00e9valutation<\/th>\n<\/tr>\n<\/thead>\n<tbody>\n<tr>\n<td data-label=\"CMLTO Standards of Practice\">Conduite professionnelle et responsabilisation<\/td>\n<td data-label=\"Number of Questions\">5 &#8211; 6<\/td>\n<td data-label=\"Evaluation Tool Weighting\">35-40%<\/td>\n<\/tr>\n<tr>\n<td data-label=\"CMLTO Standards of Practice\">Connaissances et comp\u00e9tences<\/td>\n<td data-label=\"Number of Questions\">2 &#8211; 3<\/td>\n<td data-label=\"Evaluation Tool Weighting\">15-20%<\/td>\n<\/tr>\n<tr>\n<td data-label=\"CMLTO Standards of Practice\">Application des connaissances et des comp\u00e9tences<\/td>\n<td data-label=\"Number of Questions\">6 &#8211; 7<\/td>\n<td data-label=\"Evaluation Tool Weighting\">40-45%<\/td>\n<\/tr>\n<tr>\n<td data-label=\"CMLTO Standards of Practice\">Gestion de la qualit\u00e9<\/td>\n<td data-label=\"Number of Questions\">1 &#8211; 2<\/td>\n<td data-label=\"Evaluation Tool Weighting\">10-15%<\/td>\n<\/tr>\n<tr>\n<td data-label=\"CMLTO Standards of Practice\">Nombre total de questions<\/td>\n<td data-label=\"Number of Questions\">15<\/td>\n<td data-label=\"Evaluation Tool Weighting\">100%<\/td>\n<\/tr>\n<\/tbody>\n<\/table>\n                <\/div>\n                            <\/div>\n        <\/div>\n    <\/section>\n        <section class=\"content-wrapper \">\n        <div class=\"faq-container content \">\n                        <div class=\"faq-wrapper\">\n                \n    <div class=\"faq\">\n                <div class=\"faq-title \">\n            <span><label><\/label>Comment les inscrits sont-ils s\u00e9lectionn\u00e9s pour l\u2019\u00e9valuation des comp\u00e9tences?<\/span>\n            <span><i class=\"fas fa-plus-circle\"><\/i><\/span>\n        <\/div>\n                <div class=\"faq-content\">\n            <span style=\"font-weight: 400;\">Le comit\u00e9 d\u2019assurance de la qualit\u00e9 de l\u2019OTLMO peut exiger qu\u2019un inscrit participe \u00e0 une EC s\u2019il est d\u2019avis, apr\u00e8s l\u2019examen du portefeuille de l\u2019inscrit, des r\u00e9sultats d\u2019une v\u00e9rification de l\u2019exercice ou de toute autre information \u00e9crite pertinente, que les connaissances, les comp\u00e9tences et le jugement de l\u2019inscrit sont insatisfaisants. Les inscrits ne sont <\/span><b>PAS<\/b><span style=\"font-weight: 400;\"> s\u00e9lectionn\u00e9s au hasard\u00a0: le CAQ leur ordonne de participer \u00e0 l\u2019EC.<\/span>        <\/div>\n    <\/div>\n    \n    <div class=\"faq\">\n                <div class=\"faq-title \">\n            <span><label><\/label>Comment les inscrits sont-ils inform\u00e9s qu\u2019ils doivent participer \u00e0 une EC?<\/span>\n            <span><i class=\"fas fa-plus-circle\"><\/i><\/span>\n        <\/div>\n                <div class=\"faq-content\">\n            \n<p><span style=\"font-weight: 400;\">\u00a0L\u2019inscrit sera inform\u00e9 par la poste et par courriel de la d\u00e9cision du CAQ de le faire participer \u00e0 une EC.<\/span><\/p>\n        <\/div>\n    <\/div>\n    \n    <div class=\"faq\">\n                <div class=\"faq-title \">\n            <span><label><\/label>Qui sont les \u00e9valuateurs de l\u2019OTLMO?<\/span>\n            <span><i class=\"fas fa-plus-circle\"><\/i><\/span>\n        <\/div>\n                <div class=\"faq-content\">\n             Deux \u00e9valuateurs sont s\u00e9lectionn\u00e9s par le CAQ pour administrer les EC et en rendre compte. Les \u00e9valuateurs sont des inscrits b\u00e9n\u00e9voles de l\u2019OTLMO qui ont suivi un programme de formation annuel ax\u00e9 sur l\u2019administration des EC et les rapports \u00e0 ce sujet. Les \u00e9valuateurs de l\u2019EC r\u00e9pondent aux exigences suivantes :<\/p>\n<ul>\n<li style=\"font-weight: 400;\" aria-level=\"1\"><span style=\"font-weight: 400;\">inscrits praticiens en r\u00e8gle avec l\u2019OTLMO<\/span><\/li>\n<li style=\"font-weight: 400;\" aria-level=\"1\"><span style=\"font-weight: 400;\">poss\u00e8dent au moins cinq ans d\u2019exp\u00e9rience en tant que TLM<\/span><\/li>\n<li style=\"font-weight: 400;\" aria-level=\"1\"><span style=\"font-weight: 400;\">ne sont pas actuellement membres du conseil d\u2019administration de l\u2019OTLMO ou d\u2019un comit\u00e9 hors conseil<\/span><\/li>\n<li style=\"font-weight: 400;\" aria-level=\"1\"><span style=\"font-weight: 400;\">reconnaissent et d\u00e9clarent tout conflit d\u2019int\u00e9r\u00eats potentiel<\/span><\/li>\n<li style=\"font-weight: 400;\" aria-level=\"1\"><span style=\"font-weight: 400;\">respectent les exigences et les responsabilit\u00e9s \u00e9nonc\u00e9es dans le formulaire de confidentialit\u00e9 de l\u2019OTLMO<\/span><\/li>\n<li aria-level=\"1\"><span style=\"font-weight: 400;\">participent \u00e0 un programme annuel de formation d\u2019\u00e9valuateur de l\u2019EC.<\/span><\/li>\n<\/ul>\n        <\/div>\n    <\/div>\n    \n    <div class=\"faq\">\n                <div class=\"faq-title \">\n            <span><label><\/label>Comment les membres peuvent-ils se pr\u00e9parer \u00e0 l\u2019EC?<\/span>\n            <span><i class=\"fas fa-plus-circle\"><\/i><\/span>\n        <\/div>\n                <div class=\"faq-content\">\n            \n<p><span style=\"font-weight: 400;\">Le personnel de l\u2019OTLMO fournira \u00e0 l\u2019inscrit toutes les ressources disponibles pour l\u2019EC, y compris le plan directeur de l\u2019EC, le manuel de l\u2019EC pour l\u2019inscrit et les normes de pratiques de l\u2019OTLMO. Les inscrits sont invit\u00e9s \u00e0 examiner ces documents et \u00e0 contacter le personnel de l\u2019OTLMO s\u2019ils ont des questions.<\/span><\/p>\n        <\/div>\n    <\/div>\n    \n    <div class=\"faq\">\n                <div class=\"faq-title \">\n            <span><label><\/label>Quels sont les r\u00e9sultats possibles de l\u2019EC?<\/span>\n            <span><i class=\"fas fa-plus-circle\"><\/i><\/span>\n        <\/div>\n                <div class=\"faq-content\">\n            \n<p><span style=\"font-weight: 400;\">\u00a0Conform\u00e9ment \u00e0 la <\/span><i><span style=\"font-weight: 400;\">La Loi de 1991 sur les technologistes de laboratoire m\u00e9dical<\/span><\/i><span style=\"font-weight: 400;\">, le comit\u00e9 d\u2019assurance de la qualit\u00e9 peut ne prendre aucune autre mesure, ou il peut ou exercer un ou plusieurs des pouvoirs qui lui sont conf\u00e9r\u00e9s en vertu de l\u2019article\u00a080.2 du Code des professions de la sant\u00e9.\u00a0 R\u00e8glement de l\u2019Ont. 142\/10, a. 1. <\/span><a href=\"https:\/\/www.ontario.ca\/fr\/lois\/loi\/91r18#BK181\"><span style=\"font-weight: 400;\">Cliquez ici<\/span><\/a><span style=\"font-weight: 400;\"> pour en savoir plus.<\/span><\/p>\n        <\/div>\n    <\/div>\n    \n    <div class=\"faq\">\n                <div class=\"faq-title \">\n            <span><label><\/label>Vous avez d\u2019autres questions ou pr\u00e9occupations?<\/span>\n            <span><i class=\"fas fa-plus-circle\"><\/i><\/span>\n        <\/div>\n                <div class=\"faq-content\">\n            \n<p><span style=\"font-weight: 400;\">Communiquez par courriel avec le personnel du programme d\u2019assurance de la qualit\u00e9 de l\u2019OTLMO \u00e0 <\/span><a href=\"mailto:qualityassurance@cmlto.com\"><span style=\"font-weight: 400;\">qualityassurance@cmlto.com<\/span><\/a><span style=\"font-weight: 400;\">.<\/span><\/p>\n        <\/div>\n    <\/div>\n    \n            <\/div>\n        <\/div>\n    <\/section>\n    \n","protected":false},"excerpt":{"rendered":"","protected":false},"author":1,"featured_media":2066,"parent":0,"menu_order":0,"comment_status":"closed","ping_status":"closed","template":"","meta":{"_acf_changed":false,"footnotes":""},"class_list":["post-3630","page","type-page","status-publish","has-post-thumbnail","hentry"],"acf":[],"_links":{"self":[{"href":"https:\/\/www.cmlto.com\/fr\/wp-json\/wp\/v2\/pages\/3630","targetHints":{"allow":["GET"]}}],"collection":[{"href":"https:\/\/www.cmlto.com\/fr\/wp-json\/wp\/v2\/pages"}],"about":[{"href":"https:\/\/www.cmlto.com\/fr\/wp-json\/wp\/v2\/types\/page"}],"author":[{"embeddable":true,"href":"https:\/\/www.cmlto.com\/fr\/wp-json\/wp\/v2\/users\/1"}],"replies":[{"embeddable":true,"href":"https:\/\/www.cmlto.com\/fr\/wp-json\/wp\/v2\/comments?post=3630"}],"version-history":[{"count":12,"href":"https:\/\/www.cmlto.com\/fr\/wp-json\/wp\/v2\/pages\/3630\/revisions"}],"predecessor-version":[{"id":8450,"href":"https:\/\/www.cmlto.com\/fr\/wp-json\/wp\/v2\/pages\/3630\/revisions\/8450"}],"wp:featuredmedia":[{"embeddable":true,"href":"https:\/\/www.cmlto.com\/fr\/wp-json\/wp\/v2\/media\/2066"}],"wp:attachment":[{"href":"https:\/\/www.cmlto.com\/fr\/wp-json\/wp\/v2\/media?parent=3630"}],"curies":[{"name":"wp","href":"https:\/\/api.w.org\/{rel}","templated":true}]}}