{"id":3611,"date":"2023-12-18T17:33:23","date_gmt":"2023-12-18T22:33:23","guid":{"rendered":"https:\/\/geekpowertech.com\/cmlto\/sexual-abuse-resources\/"},"modified":"2026-04-24T16:36:49","modified_gmt":"2026-04-24T20:36:49","slug":"sexual-abuse-resources","status":"publish","type":"page","link":"https:\/\/www.cmlto.com\/fr\/sexual-abuse-resources\/","title":{"rendered":"RESSOURCES DE L\u2019OTLMO POUR LA PR\u00c9VENTION DES MAUVAIS TRAITEMENTS D\u2019ORDRE SEXUEL"},"content":{"rendered":"\r\n<p>&nbsp;<\/p>\r\n\r\n    <section class=\"full-row-container align-left\">\n        <div class=\"svg-element\" id=\"right\">\n            <object type=\"image\/svg+xml\"\n                    data=\"https:\/\/www.cmlto.com\/wp-content\/themes\/cmlto\/assets\/images\/ellipse_5.svg\"><\/object>\n        <\/div>\n        <div class=\"content-wrapper\">\n            <div class=\"full-row-image-text-container content\" data-aos=\"fade-up\" data-aos-duration=\"1000\"\n                 data-aos-once=\"true\">\n                <div class=\"text-wrapper\">\n                    \r\n<p>L\u2019OTLMO reconna\u00eet les effets larges et d\u00e9vastateurs de la violence sexuelle. Par\u00a0 exemple, la violence sexuelle touche une femme sur trois et un homme sur huit dans la seule province de l\u2019Ontario. Malheureusement, le secteur des soins de sant\u00e9 n\u2019est pas exempt d\u2019inconduite et de violence \u00e0 caract\u00e8re sexuel.<\/p>\r\n<p>Dans le cadre de son mandat de protection du public, l\u2019OTLMO a \u00e9labor\u00e9 et compil\u00e9 de nombreuses ressources \u00e0 l\u2019intention des membres du public et des technologistes de laboratoire m\u00e9dical afin de fournir des outils et des ressources p\u00e9dagogiques sur les mauvais traitements d\u2019ordre sexuel dans les laboratoires m\u00e9dicaux. Ces ressources comprennent\u00a0:<\/p>\r\n        <div class=\"box-container content \">\n                        <div class=\"box-wrapper\">\n                \r\n    <div class=\"box-list-item\">\n        <div class=\"box-list-item-title\">\n                                <a href=\"https:\/\/www.cmlto.com\/wp-content\/uploads\/2024\/03\/2023_Directives-de-pratique-pour-la-prevention-des-abus-sexuels.pdf\"><h4>Directives de pratique pour la pr\u00e9vention des abus sexuels<\/h4><\/a>\n                    <\/div>\n            <\/div>\n    \r\n    <div class=\"box-list-item\">\n        <div class=\"box-list-item-title\">\n                                <a href=\"https:\/\/www.cmlto.com\/wp-content\/uploads\/2024\/02\/2023_pplp_module_abuse_prevention_fr.pdf\"><h4>Module de pr\u00e9vention des abus<\/h4><\/a>\n                    <\/div>\n            <\/div>\n    \r\n    <div class=\"box-list-item\">\n        <div class=\"box-list-item-title\">\n                                <a href=\"https:\/\/www.cmlto.com\/wp-content\/uploads\/2024\/03\/2023_funding_factsheet_fr.pdf\"><h4>Fiche d'information sur le financement de la th\u00e9rapie ou des consultations<\/h4><\/a>\n                    <\/div>\n            <\/div>\n    \r\n            <\/div>\n        <\/div>\n    \r\n        <div class=\"box-container content \">\n                        <div class=\"box-wrapper\">\n                \r\n    <div class=\"box-list-item\">\n        <div class=\"box-list-item-title\">\n                                <a href=\"https:\/\/www.cmlto.com\/wp-content\/uploads\/2026\/04\/Funding-form-Patient_Fr.pdf\"><h4>Demande de financement: Formulaire du patient<\/h4><\/a>\n                    <\/div>\n            <\/div>\n    \r\n    <div class=\"box-list-item\">\n        <div class=\"box-list-item-title\">\n                                <a href=\"https:\/\/www.cmlto.com\/wp-content\/uploads\/2026\/04\/Funding-form-Therapist_Fr-1.pdf\"><h4>Demande de financement: Th\u00e9rapeute\/conseiller<\/h4><\/a>\n                    <\/div>\n            <\/div>\n    \r\n            <\/div>\n        <\/div>\n    \r\n<p>De plus, le comit\u00e9 des relations avec les patients de l\u2019OTLMO a \u00e9labor\u00e9 une politique sur l\u2019administration<br \/>des fonds destin\u00e9s \u00e0 la th\u00e9rapie et au counseling, que vous pouvez consulter <a href=\"https:\/\/www.cmlto.com\/wp-content\/uploads\/2024\/03\/2023_prc_08-1.pdf\">ici<\/a>.<\/p>\r\n<p>Nous vous invitons \u00e0 consulter ces ressources pour avoir une compr\u00e9hension globale de la fa\u00e7on dont<br \/>l\u2019OTLMO prot\u00e8ge le public de mani\u00e8re proactive en \u00e9duquant les inscrits et en soutenant leur exercice<br \/>de la profession. Si vous ou une personne de votre entourage avez besoin de soutien en raison de<br \/>mauvais traitements d\u2019ordre sexuel, nous vous invitons \u00e0 visiter le site Web du gouvernement de<br \/>l\u2019Ontario pour obtenir de plus amples renseignements sur la violence \u00e0 caract\u00e8re sexuel elle-m\u00eame, sur les personnes les plus touch\u00e9es et sur les endroits o\u00f9 obtenir de l\u2019aide : <a href=\"https:\/\/www.ontario.ca\/fr\/page\/violence-a-caractere-sexuel\">Violence \u00e0 caract\u00e8re sexuel | Ontario.ca<\/a><\/p>\r\n<p><span style=\"font-size: revert; color: initial;\">                <\/div>\n                            <\/div>\n        <\/div>\n    <\/section>\n    <\/span><\/p>","protected":false},"excerpt":{"rendered":"<p>&nbsp;<\/p>\n","protected":false},"author":1,"featured_media":3401,"parent":0,"menu_order":0,"comment_status":"closed","ping_status":"closed","template":"","meta":{"_acf_changed":false,"footnotes":""},"class_list":["post-3611","page","type-page","status-publish","has-post-thumbnail","hentry"],"acf":[],"_links":{"self":[{"href":"https:\/\/www.cmlto.com\/fr\/wp-json\/wp\/v2\/pages\/3611","targetHints":{"allow":["GET"]}}],"collection":[{"href":"https:\/\/www.cmlto.com\/fr\/wp-json\/wp\/v2\/pages"}],"about":[{"href":"https:\/\/www.cmlto.com\/fr\/wp-json\/wp\/v2\/types\/page"}],"author":[{"embeddable":true,"href":"https:\/\/www.cmlto.com\/fr\/wp-json\/wp\/v2\/users\/1"}],"replies":[{"embeddable":true,"href":"https:\/\/www.cmlto.com\/fr\/wp-json\/wp\/v2\/comments?post=3611"}],"version-history":[{"count":6,"href":"https:\/\/www.cmlto.com\/fr\/wp-json\/wp\/v2\/pages\/3611\/revisions"}],"predecessor-version":[{"id":8732,"href":"https:\/\/www.cmlto.com\/fr\/wp-json\/wp\/v2\/pages\/3611\/revisions\/8732"}],"wp:featuredmedia":[{"embeddable":true,"href":"https:\/\/www.cmlto.com\/fr\/wp-json\/wp\/v2\/media\/3401"}],"wp:attachment":[{"href":"https:\/\/www.cmlto.com\/fr\/wp-json\/wp\/v2\/media?parent=3611"}],"curies":[{"name":"wp","href":"https:\/\/api.w.org\/{rel}","templated":true}]}}