{"id":2850,"date":"2024-09-03T10:16:34","date_gmt":"2024-09-03T14:16:34","guid":{"rendered":"https:\/\/geekpowertech.com\/cmlto\/the-cmlto-voluntary-roster-program\/"},"modified":"2025-05-02T12:25:49","modified_gmt":"2025-05-02T16:25:49","slug":"the-cmlto-voluntary-roster-program","status":"publish","type":"page","link":"https:\/\/www.cmlto.com\/fr\/the-cmlto-voluntary-roster-program\/","title":{"rendered":"Le programme de listes volontaires de l&rsquo;OTLMO"},"content":{"rendered":"    <section class=\"content-wrapper ulstyle\">\n        <div class=\"image-text-container content\">\n            <div class=\"image-wrapper\" data-aos=\"fade-right\" data-aos-duration=\"1000\" data-aos-once=\"true\">\n                                    <div class=\"left-image\">\n                        <img decoding=\"async\" src=\"https:\/\/www.cmlto.com\/wp-content\/uploads\/2025\/01\/VR-photo-for-web.jpg\">\n                    <\/div>\n                            <\/div>\n            <div class=\"text-wrapper\" data-aos=\"fade-left\" data-aos-duration=\"1000\" data-aos-once=\"true\">\n                \r\n<h1>Qui sont les <span style=\"color: #1e3f82;\">assistants et techniciens de<\/span> laboratoire m\u00e9dical <span style=\"color: #1e3f82;\">?<\/span><\/h1>\r\n<p><span style=\"font-weight: 400;\">Les assistants\/techniciens de laboratoire m\u00e9dical exercent des fonctions pr\u00e9-analytiques telles que la collecte d&rsquo;\u00e9chantillons de sang et d&rsquo;autres \u00e9chantillons, le traitement des \u00e9chantillons et la pr\u00e9paration de produits chimiques sp\u00e9ciaux, appel\u00e9s r\u00e9actifs, en vue de leur utilisation dans les tests. Ces praticiens ont un impact significatif et croissant sur la qualit\u00e9 des soins aux patients en raison de l&rsquo;\u00e9largissement de leur r\u00f4le et de leurs responsabilit\u00e9s au sein du laboratoire clinique. Les assistants de laboratoire m\u00e9dical et les techniciens de laboratoire m\u00e9dical sont la principale source de contact entre le laboratoire, les patients et les autres professionnels de la sant\u00e9 dans les centres de collecte d&rsquo;\u00e9chantillons, les centres de soins et les \u00e9tablissements de soins de longue dur\u00e9e. Lorsque les patients b\u00e9n\u00e9ficient de services de phl\u00e9botomie, les assistants et techniciens de laboratoire m\u00e9dical effectuent la prise de sang (\u00e9galement appel\u00e9e ponction veineuse) et traitent les \u00e9chantillons de liquide.<\/span><\/p>\r\n            <\/div>\n        <\/div>\n    <\/section>\n    \r\n    <section class=\"full-row-container align-left\">\n        <div class=\"svg-element\" id=\"right\">\n            <object type=\"image\/svg+xml\"\n                    data=\"https:\/\/www.cmlto.com\/wp-content\/themes\/cmlto\/assets\/images\/ellipse_5.svg\"><\/object>\n        <\/div>\n        <div class=\"content-wrapper\">\n            <div class=\"full-row-image-text-container content\" data-aos=\"fade-up\" data-aos-duration=\"1000\"\n                 data-aos-once=\"true\">\n                <div class=\"text-wrapper\">\n                                    <\/div>\n                            <\/div>\n        <\/div>\n    <\/section>\n    \r\n<h1>Qu&rsquo;est-ce que le programme d&rsquo;affiliation au fichier volontaire<span style=\"color: #1e3f82;\">?<\/span><\/h1>\r\n<p><span style=\"font-weight: 400;\">Saviez-vous que les adjoints et techniciens de laboratoire m\u00e9dical ne sont pas des professionnels de la sant\u00e9 r\u00e9glement\u00e9s ? Depuis 2009, le Conseil de l&rsquo;OTLMO a fait de la r\u00e9glementation des adjoints et techniciens de laboratoire m\u00e9dical l&rsquo;une de ses priorit\u00e9s strat\u00e9giques. En attendant que les adjoints et techniciens de laboratoire m\u00e9dical soient des professionnels de la sant\u00e9 r\u00e9glement\u00e9s en Ontario, l&rsquo;OTLMO a cr\u00e9\u00e9 l&rsquo;initiative de liste volontaire le 1er octobre 2015 pour servir l&rsquo;int\u00e9r\u00eat public. Inspir\u00e9 par les concepts du Royaume-Uni de \u00a0\u00bb right touch regulation \u00ab\u00a0, la liste volontaire est une liste de professionnels de la sant\u00e9 qui ne sont pas r\u00e9glement\u00e9s. La liste volontaire est une liste d&rsquo;adjoints et de techniciens de laboratoire m\u00e9dical qui se sont port\u00e9s volontaires et qui r\u00e9pondent \u00e0 un certain niveau d&rsquo;\u00e9ducation et \u00e0 des crit\u00e8res de pratique professionnelle. Les crit\u00e8res d&rsquo;inscription sur la liste volontaire, qui se sont av\u00e9r\u00e9s \u00eatre un moyen d&rsquo;\u00e9valuation efficace, sont les suivants : <\/span><\/p>\r\n<ul>\r\n<li>Certification ;<\/li>\r\n<li>la pr\u00e9paration \u00e0 l&rsquo;enseignement ; et<\/li>\r\n<li>Exp\u00e9rience professionnelle.<\/li>\r\n<\/ul>\r\n<p>&nbsp;<\/p>\r\n    <section class=\"full-row-container align-left\">\n        <div class=\"svg-element\" id=\"right\">\n            <object type=\"image\/svg+xml\"\n                    data=\"https:\/\/www.cmlto.com\/wp-content\/themes\/cmlto\/assets\/images\/ellipse_5.svg\"><\/object>\n        <\/div>\n        <div class=\"content-wrapper\">\n            <div class=\"full-row-image-text-container content\" data-aos=\"fade-up\" data-aos-duration=\"1000\"\n                 data-aos-once=\"true\">\n                <div class=\"text-wrapper\">\n                                    <\/div>\n                            <\/div>\n        <\/div>\n    <\/section>\n    \r\n        <div class=\"box-container content auto-width\">\n                        <div class=\"box-wrapper\">\n                \r\n    <div class=\"box-list-item\">\n        <div class=\"box-list-item-title\">\n                                <a href=\"https:\/\/register.cmlto.com\/\"><h4>Recherche dans le registre public de l'OTLMO des affili\u00e9s \u00e0 la liste volontaire<\/h4><\/a>\n                    <\/div>\n            <\/div>\n    \r\n            <\/div>\n        <\/div>\n    \r\n        <div class=\"box-container content auto-width\">\n                        <div class=\"box-wrapper\">\n                \r\n    <div class=\"box-list-item\">\n        <div class=\"box-list-item-title\">\n                                <a href=\"https:\/\/www.cmlto.com\/wp-content\/uploads\/2024\/06\/VR-one-pager.pdf\"><h4>Brochure d'information sur le programme de r\u00e9adaptation professionnelle<\/h4><\/a>\n                    <\/div>\n            <\/div>\n    \r\n            <\/div>\n        <\/div>\n    \r\n<p><!-- \/wp:post-content --><\/p>\r\n<p><!-- wp:heading {\"level\":3} --><\/p>\r\n    <section class=\"full-row-container align-left\">\n        <div class=\"svg-element\" id=\"right\">\n            <object type=\"image\/svg+xml\"\n                    data=\"https:\/\/www.cmlto.com\/wp-content\/themes\/cmlto\/assets\/images\/ellipse_5.svg\"><\/object>\n        <\/div>\n        <div class=\"content-wrapper\">\n            <div class=\"full-row-image-text-container content\" data-aos=\"fade-up\" data-aos-duration=\"1000\"\n                 data-aos-once=\"true\">\n                <div class=\"text-wrapper\">\n                                    <\/div>\n                            <\/div>\n        <\/div>\n    <\/section>\n         <section class=\"content-wrapper \">\n        <div class=\"faq-container content bottom-padding\">\n                            <h1>Crit\u00e8res d'inscription au programme volontaire de registre<\/h1>\n                        <div class=\"faq-wrapper\">\n                     <div class=\"faq\">\n                <div class=\"faq-title \">\n            <span><label><\/label>Crit\u00e8res d'inscription pour poser sa candidature au programme volontaire de registre de l'OTLMO<\/span>\n            <span><i class=\"fas fa-plus-circle\"><\/i><\/span>\n        <\/div>\n                <div class=\"faq-content\">\n            \r\n<ol>\r\n<li>Avoir une preuve de votre droit \u00e0 travailler au Canada (passeport, certificat de naissance, carte de r\u00e9sident permanent).<\/li>\r\n<li>Obtenir une v\u00e9rification du casier judiciaire et des affaires judiciaires ou une v\u00e9rification du secteur vuln\u00e9rable dans les six mois pr\u00e9c\u00e9dant la demande.\r\n<ul>\r\n<li>Si vous n&rsquo;avez pas encore effectu\u00e9 une v\u00e9rification de vos ant\u00e9c\u00e9dents, <a href=\"https:\/\/pages.sterlingbackcheck.ca\/landing-pages\/c\/cmlto\/\">veuillez cliquer sur ce lien<\/a> pour le faire.<\/li>\r\n<\/ul>\r\n<\/li>\r\n<li>avoir obtenu le dipl\u00f4me d&rsquo;un programme MLA accr\u00e9dit\u00e9 par la MLPAO ou HSO, un relev\u00e9 de notes officiel ou une lettre d&rsquo;ach\u00e8vement OU une \u00e9valuation \u00e9quivalente des acquis de la SCSLM pour les programmes non accr\u00e9dit\u00e9s.<\/li>\r\n<li>prouver que vous avez pass\u00e9 avec succ\u00e8s un examen de certification de la SCSLM ou de la MLPAO<\/li>\r\n<li>fournir la preuve d&rsquo;un engagement actif\r\n<ul>\r\n<li>Option 1 : programme d&rsquo;assistant\/technicien de laboratoire m\u00e9dical suivi au cours des trois ann\u00e9es pr\u00e9c\u00e9dentes<\/li>\r\n<li>Option 2 : lettre(s) de confirmation d&#8217;emploi attestant d&rsquo;un minimum de 900 heures de pratique effectu\u00e9es au cours des trois derni\u00e8res ann\u00e9es.<\/li>\r\n<\/ul>\r\n<\/li>\r\n<li>fournir la preuve d&rsquo;une ma\u00eetrise raisonnable de l&rsquo;anglais ou du fran\u00e7ais.<\/li>\r\n<\/ol>\r\n        <\/div>\n    <\/div>\n    \r\n    <div class=\"faq\">\n                <div class=\"faq-title \">\n            <span><label><\/label>Exigences de ma\u00eetrise linguistique pour le programme volontaire de registre<\/span>\n            <span><i class=\"fas fa-plus-circle\"><\/i><\/span>\n        <\/div>\n                <div class=\"faq-content\">\n            \r\n<ol>\r\n<li>R\u00e9ussite d&rsquo;un programme d&rsquo;assistant ou de technicien de laboratoire m\u00e9dical approuv\u00e9 par la MLPAO ou le HSO.<\/li>\r\n<li>Soumission d&rsquo;une preuve acceptable par le registraire (par exemple, un relev\u00e9 de notes indiquant la langue d&rsquo;enseignement) que : (a) le programme d&rsquo;enseignement secondaire et postsecondaire (qui n&rsquo;a pas \u00e9t\u00e9 accr\u00e9dit\u00e9 par le HSO ou son pr\u00e9d\u00e9cesseur) a \u00e9t\u00e9 suivi en anglais ou en fran\u00e7ais ; ou (b) le programme d&rsquo;enseignement secondaire et le dipl\u00f4me de premier cycle comprenant des cours th\u00e9oriques\/acad\u00e9miques et un placement clinique\/pratique\/stage a \u00e9t\u00e9 suivi en anglais ou en fran\u00e7ais.<\/li>\r\n<li>Soumission d&rsquo;un ou de plusieurs travaux universitaires publi\u00e9s (par exemple, th\u00e8se, publications de recherche) r\u00e9dig\u00e9s par le candidat dans le cadre d&rsquo;un programme de ma\u00eetrise ou de doctorat suivi avec succ\u00e8s par le candidat, accompagn\u00e9s d&rsquo;une lettre de v\u00e9rification acceptable par le greffier, \u00e9manant du chercheur principal, d&rsquo;un professeur du programme ou d&rsquo;un superviseur, indiquant que l&rsquo;anglais ou le fran\u00e7ais \u00e9tait la langue d&rsquo;enseignement et la langue dans laquelle le travail universitaire a \u00e9t\u00e9 r\u00e9dig\u00e9.<\/li>\r\n<li>L&rsquo;obtention des r\u00e9sultats minimaux d\u00e9crits ci-dessous \u00e0 l&rsquo;un des tests de ma\u00eetrise de la langue approuv\u00e9s. Les r\u00e9sultats des tests d&rsquo;aptitude linguistique fournis \u00e0 l&rsquo;OTLMO dans le cadre d&rsquo;une demande d&rsquo;inscription sur la liste volontaire ne doivent pas dater de plus de deux (2) ans au moment de la demande \u00e0 l&rsquo;OTLMO.<\/li>\r\n<\/ol>\r\n<table style=\"height: 184px;\" width=\"704\">\r\n<thead>\r\n<tr>\r\n<th scope=\"col\">Section test<\/th>\r\n<th scope=\"col\">TOEFL iBT<\/th>\r\n<th scope=\"col\">IELTS-AC<\/th>\r\n<th scope=\"col\">IELTS-GT<\/th>\r\n<th scope=\"col\">CanTest<\/th>\r\n<th scope=\"col\">MELA<\/th>\r\n<\/tr>\r\n<\/thead>\r\n<tbody>\r\n<tr>\r\n<td data-label=\"Test Section\">L&rsquo;\u00e9coute<\/td>\r\n<td data-label=\"TOEFL iBT\">20<\/td>\r\n<td data-label=\"IELTS-AC\">7.0<\/td>\r\n<td data-label=\"TOEFL-GT\">7.0<\/td>\r\n<td data-label=\"CanTest\">4.0<\/td>\r\n<td data-label=\"MELA\">8<\/td>\r\n<\/tr>\r\n<tr>\r\n<td data-label=\"Test Section\">Lecture<\/td>\r\n<td data-label=\"TOEFL iBT\">22<\/td>\r\n<td data-label=\"IELTS-AC\">7.0<\/td>\r\n<td data-label=\"TOEFL-GT\">7.0<\/td>\r\n<td data-label=\"CanTest\">4.0<\/td>\r\n<td data-label=\"MELA\">7<\/td>\r\n<\/tr>\r\n<tr>\r\n<td data-label=\"Test Section\">R\u00e9daction<\/td>\r\n<td data-label=\"TOEFL iBT\">22<\/td>\r\n<td data-label=\"IELTS-AC\">7.0<\/td>\r\n<td data-label=\"TOEFL-GT\">7.0<\/td>\r\n<td data-label=\"CanTest\">4.0<\/td>\r\n<td data-label=\"MELA\">7<\/td>\r\n<\/tr>\r\n<tr>\r\n<td data-label=\"Test Section\">Parler<\/td>\r\n<td data-label=\"TOEFL iBT\">24<\/td>\r\n<td data-label=\"IELTS-AC\">7.0<\/td>\r\n<td data-label=\"TOEFL-GT\">7.0<\/td>\r\n<td data-label=\"CanTest\">4.0<\/td>\r\n<td data-label=\"MELA\">8<\/td>\r\n<\/tr>\r\n<tr>\r\n<td data-label=\"Test Section\">Ensemble\/Total<\/td>\r\n<td data-label=\"TOEFL iBT\">88<\/td>\r\n<td data-label=\"IELTS-AC\">7.0<\/td>\r\n<td data-label=\"TOEFL-GT\">7.0<\/td>\r\n<td data-label=\"CanTest\">4.0<\/td>\r\n<td data-label=\"MELA\">&#8211;<\/td>\r\n<\/tr>\r\n<\/tbody>\r\n<\/table>\r\n<p>&nbsp;<\/p>\r\n<p><strong>REMARQUE :<\/strong> Si vous ne r\u00e9pondez pas directement aux crit\u00e8res d&rsquo;inscription \u00e0 la RV ci-dessus, veuillez contacter le service d&rsquo;inscription de l&rsquo;OTLMO \u00e0 l&rsquo;adresse <a href=\"mailto:registration@cmlto.com\">registration@cmlto.com<\/a> pour obtenir des conseils suppl\u00e9mentaires.<\/p>\r\n        <\/div>\n    <\/div>\n    \r\n    <div class=\"faq\">\n                <div class=\"faq-title \">\n            <span><label><\/label>\u00cates-vous pr\u00eat \u00e0 poser votre candidature ?<\/span>\n            <span><i class=\"fas fa-plus-circle\"><\/i><\/span>\n        <\/div>\n                <div class=\"faq-content\">\n            \r\n        <div class=\"box-container content \">\n                        <div class=\"box-wrapper\">\n                \r\n    <div class=\"box-list-item\">\n        <div class=\"box-list-item-title\">\n                                <a href=\"https:\/\/portal.cmlto.com\/CMLTOUser\/Sign_In.aspx?LoginRedirect=true&amp;returnurl=%2f\"><h4>\u00c9tape 1 :<br \/>Compl\u00e9tez le formulaire de candidature en ligne et payez les frais de candidature.<\/h4><\/a>\n                    <\/div>\n            <\/div>\n    \r\n    <div class=\"box-list-item\">\n        <div class=\"box-list-item-title\">\n                            <h4>\u00c9tape 2 :<br \/>Pr\u00e9parez vos documents justificatifs<\/h4>\n                    <\/div>\n            <\/div>\n    \r\n    <div class=\"box-list-item\">\n        <div class=\"box-list-item-title\">\n                                <a href=\"https:\/\/www.cmlto.com\/wp-content\/uploads\/2025\/05\/vr-guarantors-verification-form-2025-FR.pdf\"><h4>\u00c9tape 3 :<br \/>Envoyez des documents conformes au formulaire de v\u00e9rification du garant<\/h4><\/a>\n                    <\/div>\n            <\/div>\n    \r\n            <\/div>\n        <\/div>\n    \r\n        <\/div>\n    <\/div>\n    \r\n            <\/div>\n        <\/div>\n    <\/section>\n    \r\n    <section class=\"full-row-container align-left\">\n        <div class=\"svg-element\" id=\"right\">\n            <object type=\"image\/svg+xml\"\n                    data=\"https:\/\/www.cmlto.com\/wp-content\/themes\/cmlto\/assets\/images\/ellipse_5.svg\"><\/object>\n        <\/div>\n        <div class=\"content-wrapper\">\n            <div class=\"full-row-image-text-container content\" data-aos=\"fade-up\" data-aos-duration=\"1000\"\n                 data-aos-once=\"true\">\n                <div class=\"text-wrapper\">\n                                    <\/div>\n                            <\/div>\n        <\/div>\n    <\/section>\n    \r\n    <section class=\"content-wrapper \">\n        <div class=\"faq-container content \">\n                            <h1>Ressources pour les affili\u00e9s au fichier volontaire :<\/h1>\n                        <div class=\"faq-wrapper\">\n                     <div class=\"faq\">\n                <div class=\"faq-title \">\n            <span><label><\/label>Lignes directrices sur l\u2019exercice pour les affili\u00e9s au programme volontaire de registre<\/span>\n            <span><i class=\"fas fa-plus-circle\"><\/i><\/span>\n        <\/div>\n                <div class=\"faq-content\">\n                 <div class=\"buttons \">\n             <a class=\"button blue\"  target=\"_blank\"        href=\"https:\/\/www.cmlto.com\/wp-content\/uploads\/2024\/08\/RMLT_Scope_of_Practice_Statement_2010_Final.pdf\" data-aos=\"fade-up\"\n       data-aos-duration=\"1000\" data-aos-once=\"true\">\n        D\u00e9claration sur le champ d&rsquo;application de la pratique pour les affili\u00e9s de RV    <\/a>\n         <a class=\"button blue\"  target=\"_blank\"        href=\"https:\/\/www.cmlto.com\/wp-content\/uploads\/2024\/08\/2021-09-SoP-for-VR-1.pdf\" data-aos=\"fade-up\"\n       data-aos-duration=\"1000\" data-aos-once=\"true\">\n        Normes de pratique pour les affili\u00e9s \u00e0 la RV    <\/a>\n         <a class=\"button blue\"  target=\"_blank\"        href=\"https:\/\/www.cmlto.com\/wp-content\/uploads\/2024\/08\/2021-09-CoE-for-VR.pdf\" data-aos=\"fade-up\"\n       data-aos-duration=\"1000\" data-aos-once=\"true\">\n        Code de d\u00e9ontologie pour les affili\u00e9s RV    <\/a>\n         <\/div>\n             <\/div>\n    <\/div>\n         <div class=\"faq\">\n                <div class=\"faq-title \">\n            <span><label><\/label>Ressources d\u2019assurance de la qualit\u00e9 pour les affili\u00e9s au programme volontaire de registre<\/span>\n            <span><i class=\"fas fa-plus-circle\"><\/i><\/span>\n        <\/div>\n                <div class=\"faq-content\">\n                 <div class=\"buttons \">\n             <a class=\"button blue\"  target=\"_blank\"        href=\"https:\/\/www.cmlto.com\/wp-content\/uploads\/2024\/02\/vr_professional_portfolio_tipsheet.pdf\" data-aos=\"fade-up\"\n       data-aos-duration=\"1000\" data-aos-once=\"true\">\n        Fiche de conseils sur le portfolio professionnel de RV    <\/a>\n         <a class=\"button blue\"  target=\"_blank\"        href=\"https:\/\/www.cmlto.com\/wp-content\/uploads\/2024\/02\/vr_learning_goal_guideline.pdf\" data-aos=\"fade-up\"\n       data-aos-duration=\"1000\" data-aos-once=\"true\">\n        Directive sur les objectifs d&rsquo;apprentissage de la RV    <\/a>\n         <a class=\"button blue\"  target=\"_blank\"        href=\"https:\/\/www.cmlto.com\/wp-content\/uploads\/2024\/02\/vr_self_directed_study_gdline.pdf\" data-aos=\"fade-up\"\n       data-aos-duration=\"1000\" data-aos-once=\"true\">\n        Directive sur l&rsquo;\u00e9tude autodirig\u00e9e en RV    <\/a>\n         <\/div>\n             <\/div>\n    <\/div>\n                 <\/div>\n        <\/div>\n    <\/section>\n    \r\n<p>&nbsp;<\/p>\r\n<p>&nbsp;<\/p>\r\n    <section class=\"content-wrapper \">\n        <div class=\"image-text-container content\">\n            <div class=\"image-wrapper\" data-aos=\"fade-right\" data-aos-duration=\"1000\" data-aos-once=\"true\">\n                                    <video controls src=\"https:\/\/www.cmlto.com\/wp-content\/uploads\/2024\/03\/Regulation-of-Medical-Laboratory-Assistants-and-Technicians-in-Ontario_-CMLTO-Update.mp4\"><\/video>\n                            <\/div>\n            <div class=\"text-wrapper\" data-aos=\"fade-left\" data-aos-duration=\"1000\" data-aos-once=\"true\">\n                \r\n<p><span style=\"font-weight: 400;\"><strong>Pour plus d&rsquo;informations sur la poursuite de la r\u00e9glementation des assistants et techniciens de laboratoire m\u00e9dical, veuillez visionner le webinaire ci-contre<\/strong>. Une transcription en anglais du webinaire est disponible <a href=\"https:\/\/www.cmlto.com\/wp-content\/uploads\/2024\/03\/Update-on-the-regulation-of-medical-laboratory-assistants-and-technicians-webinar-transcript-ENGLISH.pdf\">ici.<\/a> <\/span><\/p>\r\n            <\/div>\n        <\/div>\n    <\/section>\n    \r\n<p>&nbsp;<\/p>","protected":false},"excerpt":{"rendered":"<p>Qu&rsquo;est-ce que le programme d&rsquo;affiliation au fichier volontaire? Saviez-vous que les adjoints et techniciens de laboratoire m\u00e9dical ne sont pas des professionnels de la sant\u00e9 r\u00e9glement\u00e9s ? Depuis&#8230;<\/p>\n","protected":false},"author":3,"featured_media":6515,"parent":0,"menu_order":0,"comment_status":"closed","ping_status":"closed","template":"","meta":{"_acf_changed":false,"footnotes":""},"class_list":["post-2850","page","type-page","status-publish","has-post-thumbnail","hentry"],"acf":[],"_links":{"self":[{"href":"https:\/\/www.cmlto.com\/fr\/wp-json\/wp\/v2\/pages\/2850","targetHints":{"allow":["GET"]}}],"collection":[{"href":"https:\/\/www.cmlto.com\/fr\/wp-json\/wp\/v2\/pages"}],"about":[{"href":"https:\/\/www.cmlto.com\/fr\/wp-json\/wp\/v2\/types\/page"}],"author":[{"embeddable":true,"href":"https:\/\/www.cmlto.com\/fr\/wp-json\/wp\/v2\/users\/3"}],"replies":[{"embeddable":true,"href":"https:\/\/www.cmlto.com\/fr\/wp-json\/wp\/v2\/comments?post=2850"}],"version-history":[{"count":16,"href":"https:\/\/www.cmlto.com\/fr\/wp-json\/wp\/v2\/pages\/2850\/revisions"}],"predecessor-version":[{"id":6971,"href":"https:\/\/www.cmlto.com\/fr\/wp-json\/wp\/v2\/pages\/2850\/revisions\/6971"}],"wp:featuredmedia":[{"embeddable":true,"href":"https:\/\/www.cmlto.com\/fr\/wp-json\/wp\/v2\/media\/6515"}],"wp:attachment":[{"href":"https:\/\/www.cmlto.com\/fr\/wp-json\/wp\/v2\/media?parent=2850"}],"curies":[{"name":"wp","href":"https:\/\/api.w.org\/{rel}","templated":true}]}}