{"id":2836,"date":"2023-12-14T13:05:12","date_gmt":"2023-12-14T18:05:12","guid":{"rendered":"https:\/\/geekpowertech.com\/cmlto\/verification-of-licensure\/"},"modified":"2024-11-28T14:23:51","modified_gmt":"2024-11-28T19:23:51","slug":"verification-of-licensure","status":"publish","type":"page","link":"https:\/\/www.cmlto.com\/fr\/verification-of-licensure\/","title":{"rendered":"V\u00c9RIFICATION DU PERMIS D\u2019EXERCER"},"content":{"rendered":"    <section class=\"content-wrapper \">\n        <div class=\"image-text-container content\">\n            <div class=\"image-wrapper\" data-aos=\"fade-right\" data-aos-duration=\"1000\" data-aos-once=\"true\">\n                                    <div class=\"left-image\">\n                        <img decoding=\"async\" src=\"https:\/\/www.cmlto.com\/wp-content\/uploads\/2022\/12\/654cf0216e95c2395d0cf9eeb814560a.png\">\n                    <\/div>\n                            <\/div>\n            <div class=\"text-wrapper\" data-aos=\"fade-left\" data-aos-duration=\"1000\" data-aos-once=\"true\">\n                \n<h1>Demande de lettre d\u2019attestation<\/h1>\n<p><span style=\"font-size: revert; color: initial;\"><span style=\"font-weight: 400;\">Les inscrits peuvent demander une lettre d\u2019attestation dans le cadre de leur demande \u00e0 un ordre canadien de r\u00e9glementation (p. ex., OTLMO, OPTMQ, NBSMLT) ou \u00e0 un autre organisme tiers (p. ex., employeur). Une lettre d\u2019attestation fournit des renseignements sur les ant\u00e9c\u00e9dents d\u2019inscription, la conduite professionnelle, les heures d\u2019exercice, etc., d\u2019un inscrit. Pour obtenir une liste compl\u00e8te de ce qui est inclus dans une lettre d\u2019attestation, veuillez consulter la politique\u202f19 du comit\u00e9 d\u2019inscription\u202f: Lettre d\u2019attestation <\/span><a href=\"https:\/\/www.cmlto.com\/wp-content\/uploads\/2024\/11\/RC-19-FR.pdf\" target=\"_blank\" rel=\"noopener\"><b>ici<\/b><\/a><\/span><\/p>\n<p><strong><span class=\"TextRun SCXW221887400 BCX0\" lang=\"FR-CA\" xml:lang=\"FR-CA\" data-contrast=\"none\"><span class=\"NormalTextRun SCXW221887400 BCX0\" data-ccp-charstyle=\"font-small\" data-ccp-charstyle-defn=\"{&quot;ObjectId&quot;:&quot;9bf8e779-364e-4663-b115-aafa60ebd68d|12&quot;,&quot;ClassId&quot;:1073872969,&quot;Properties&quot;:[469775450,&quot;font-small&quot;,201340122,&quot;1&quot;,134233614,&quot;true&quot;,469778129,&quot;font-small&quot;,335572020,&quot;1&quot;,469778324,&quot;Default Paragraph Font&quot;]}\">Pour demander une lettre d\u2019attestation, cliquez <\/span><\/span><a class=\"Hyperlink SCXW221887400 BCX0\" href=\"https:\/\/www.cmlto-onlineservices.com\/members\/validationrequest1.php?document=LetterOfStanding\" target=\"_blank\" rel=\"noreferrer noopener\"><span class=\"TextRun Underlined SCXW221887400 BCX0\" lang=\"FR-CA\" xml:lang=\"FR-CA\" data-contrast=\"none\"><span class=\"NormalTextRun SCXW221887400 BCX0\" data-ccp-charstyle=\"Hyperlink\">ici<\/span><\/span><\/a><span class=\"TextRun SCXW221887400 BCX0\" lang=\"FR-CA\" xml:lang=\"FR-CA\" data-contrast=\"none\"><span class=\"NormalTextRun SCXW221887400 BCX0\" data-ccp-charstyle=\"font-small\">.<\/span><\/span><span class=\"EOP SCXW221887400 BCX0\" data-ccp-props=\"{&quot;201341983&quot;:1,&quot;335559740&quot;:330}\">\u00a0<\/span><\/strong><\/p>\n<p><span style=\"font-size: revert; color: initial;\">            <\/div>\n        <\/div>\n    <\/section>\n    <\/span><\/p>\n    <section class=\"content-wrapper right-text \">\n        <div class=\"text-container content\">\n            <div class=\"title-wrapper\" data-aos=\"fade-right\" data-aos-duration=\"1000\" data-aos-once=\"true\">\n                <h1>Demande VisaScreen<\/h1>\n            <\/div>\n            <div class=\"text-wrapper\" data-aos=\"fade-left\" data-aos-duration=\"1000\" data-aos-once=\"true\">\n                \n<p><span style=\"font-weight: 400;\">Les inscrits peuvent \u00eatre tenus de remplir un VisaScreen \u00e0 la demande d\u2019un organisme de s\u00e9lection (p. ex., CGFNS, D\u00e9partement de l\u2019\u00c9tat de New York). Pour demander un VisaScreen, vous devez d\u2019abord obtenir et remplir un formulaire VisaScreen aupr\u00e8s de l\u2019organisme de s\u00e9lection demandeur. Vous devrez t\u00e9l\u00e9charger ce document dans le cadre de votre demande VisaScreen \u00e0 l\u2019OTLMO.<\/span><\/p>\n<p>Veuillez pr\u00e9voir de 5 \u00e0 10\u202fjours ouvrables pour le traitement standard. Les demandes ne seront pas trait\u00e9es tant que le paiement n\u2019aura pas \u00e9t\u00e9 re\u00e7u. Une fois trait\u00e9e, la lettre d\u2019attestation ou VisaScreen est envoy\u00e9e directement \u00e0 l\u2019organisation applicable, et une copie est envoy\u00e9e \u00e0 l\u2019inscrit.<\/p>\n<p><strong><span class=\"TextRun Highlight SCXW173615168 BCX0\" lang=\"FR-CA\" xml:lang=\"FR-CA\" data-contrast=\"none\"><span class=\"NormalTextRun SCXW173615168 BCX0\" data-ccp-charstyle=\"Strong\">Pour demander un <\/span><span class=\"NormalTextRun SpellingErrorV2Themed SCXW173615168 BCX0\" data-ccp-charstyle=\"Strong\">VisaScreen<\/span><span class=\"NormalTextRun SCXW173615168 BCX0\" data-ccp-charstyle=\"Strong\">, cliquez <\/span><\/span><a class=\"Hyperlink SCXW173615168 BCX0\" href=\"http:\/\/www.cmlto-onlineservices.com\/members\/validationrequest1.php?document=VisaScreen\" target=\"_blank\" rel=\"noreferrer noopener\"><span class=\"TextRun Underlined SCXW173615168 BCX0\" lang=\"FR-CA\" xml:lang=\"FR-CA\" data-contrast=\"none\"><span class=\"NormalTextRun SCXW173615168 BCX0\" data-ccp-charstyle=\"Hyperlink\">ici<\/span><\/span><\/a><span class=\"TextRun Highlight SCXW173615168 BCX0\" lang=\"FR-CA\" xml:lang=\"FR-CA\" data-contrast=\"none\"><span class=\"NormalTextRun SCXW173615168 BCX0\" data-ccp-charstyle=\"Strong\">.\u202f<\/span><\/span><span class=\"EOP SCXW173615168 BCX0\" data-ccp-props=\"{&quot;201341983&quot;:0,&quot;335559740&quot;:259}\">\u00a0<\/span><\/strong><\/p>\n<p><span class=\"TextRun SCXW146658267 BCX0\" lang=\"FR-CA\" xml:lang=\"FR-CA\" data-contrast=\"none\"><span class=\"NormalTextRun SCXW146658267 BCX0\">Si vous avez des questions, veuillez prendre contact avec le service des inscriptions de l\u2019OTLMO \u00e0 <\/span><\/span><a class=\"Hyperlink SCXW146658267 BCX0\" href=\"mailto:registration@cmlto.com\" target=\"_blank\" rel=\"noreferrer noopener\"><span class=\"TextRun Underlined SCXW146658267 BCX0\" lang=\"FR-CA\" xml:lang=\"FR-CA\" data-contrast=\"none\"><span class=\"NormalTextRun SCXW146658267 BCX0\" data-ccp-charstyle=\"Hyperlink\">registration@cmlto.com<\/span><\/span><\/a><span class=\"EOP SCXW146658267 BCX0\" data-ccp-props=\"{&quot;201341983&quot;:0,&quot;335559740&quot;:259}\">\u00a0<\/span><\/p>\n            <\/div>\n        <\/div>\n    <\/section>\n    \n    <section class=\"full-row-container \">\n        <div class=\"svg-element\" id=\"right\">\n            <object type=\"image\/svg+xml\"\n                    data=\"https:\/\/www.cmlto.com\/wp-content\/themes\/cmlto\/assets\/images\/ellipse_5.svg\"><\/object>\n        <\/div>\n        <div class=\"content-wrapper\">\n            <div class=\"full-row-image-text-container content\" data-aos=\"fade-up\" data-aos-duration=\"1000\"\n                 data-aos-once=\"true\">\n                <div class=\"text-wrapper\">\n                    \n<h1>Frais de demande de lettre d\u2019attestation et de VisaScreen<\/h1>\n<table>\n<thead>\n<tr>\n<th scope=\"col\"><span class=\"TextRun SCXW190309762 BCX0\" lang=\"FR-CA\" xml:lang=\"FR-CA\" data-contrast=\"auto\"><span class=\"NormalTextRun SCXW190309762 BCX0\">Statut<\/span><\/span><span class=\"EOP SCXW190309762 BCX0\" data-ccp-props=\"{&quot;201341983&quot;:0,&quot;335559740&quot;:259}\">\u00a0<\/span><\/th>\n<th scope=\"col\"><span class=\"TextRun SCXW124431410 BCX0\" lang=\"FR-CA\" xml:lang=\"FR-CA\" data-contrast=\"auto\"><span class=\"NormalTextRun SCXW124431410 BCX0\">Droits<\/span><\/span><span class=\"EOP SCXW124431410 BCX0\" data-ccp-props=\"{&quot;201341983&quot;:0,&quot;335559740&quot;:259}\">\u00a0<\/span><\/th>\n<th scope=\"col\"><span class=\"TextRun SCXW212707415 BCX0\" lang=\"FR-CA\" xml:lang=\"FR-CA\" data-contrast=\"auto\"><span class=\"NormalTextRun SCXW212707415 BCX0\">TVH<\/span><\/span><\/th>\n<th scope=\"col\">Total<\/th>\n<\/tr>\n<\/thead>\n<tbody>\n<tr>\n<td data-label=\"Status\"><span class=\"TextRun SCXW218588749 BCX0\" lang=\"FR-CA\" xml:lang=\"FR-CA\" data-contrast=\"auto\"><span class=\"NormalTextRun SCXW218588749 BCX0\">Inscrit actuel<\/span><\/span><\/td>\n<td data-label=\"Fee\">44.25 $<\/td>\n<td data-label=\"HST\">5.75 $<\/td>\n<td data-label=\"Total\">50.00 $<\/td>\n<\/tr>\n<tr>\n<td data-label=\"Status\"><span class=\"TextRun SCXW68472672 BCX0\" lang=\"FR-CA\" xml:lang=\"FR-CA\" data-contrast=\"auto\"><span class=\"NormalTextRun SCXW68472672 BCX0\">Ancien inscrit<\/span><\/span><span class=\"EOP SCXW68472672 BCX0\" data-ccp-props=\"{&quot;201341983&quot;:0,&quot;335559740&quot;:259}\">\u00a0<\/span><\/td>\n<td data-label=\"Fee\">132.74 $<\/td>\n<td data-label=\"HST\">17.26 $<\/td>\n<td data-label=\"Total\">150.00 $<\/td>\n<\/tr>\n<\/tbody>\n<\/table>\n                <\/div>\n                            <\/div>\n        <\/div>\n    <\/section>\n    \n","protected":false},"excerpt":{"rendered":"","protected":false},"author":1,"featured_media":2066,"parent":0,"menu_order":0,"comment_status":"closed","ping_status":"closed","template":"","meta":{"_acf_changed":false,"footnotes":""},"class_list":["post-2836","page","type-page","status-publish","has-post-thumbnail","hentry"],"acf":[],"_links":{"self":[{"href":"https:\/\/www.cmlto.com\/fr\/wp-json\/wp\/v2\/pages\/2836","targetHints":{"allow":["GET"]}}],"collection":[{"href":"https:\/\/www.cmlto.com\/fr\/wp-json\/wp\/v2\/pages"}],"about":[{"href":"https:\/\/www.cmlto.com\/fr\/wp-json\/wp\/v2\/types\/page"}],"author":[{"embeddable":true,"href":"https:\/\/www.cmlto.com\/fr\/wp-json\/wp\/v2\/users\/1"}],"replies":[{"embeddable":true,"href":"https:\/\/www.cmlto.com\/fr\/wp-json\/wp\/v2\/comments?post=2836"}],"version-history":[{"count":8,"href":"https:\/\/www.cmlto.com\/fr\/wp-json\/wp\/v2\/pages\/2836\/revisions"}],"predecessor-version":[{"id":6284,"href":"https:\/\/www.cmlto.com\/fr\/wp-json\/wp\/v2\/pages\/2836\/revisions\/6284"}],"wp:featuredmedia":[{"embeddable":true,"href":"https:\/\/www.cmlto.com\/fr\/wp-json\/wp\/v2\/media\/2066"}],"wp:attachment":[{"href":"https:\/\/www.cmlto.com\/fr\/wp-json\/wp\/v2\/media?parent=2836"}],"curies":[{"name":"wp","href":"https:\/\/api.w.org\/{rel}","templated":true}]}}