{"id":2781,"date":"2023-12-15T18:07:39","date_gmt":"2023-12-15T23:07:39","guid":{"rendered":"https:\/\/geekpowertech.com\/cmlto\/registration-program-overview\/"},"modified":"2024-02-07T19:16:18","modified_gmt":"2024-02-08T00:16:18","slug":"registration-program-overview","status":"publish","type":"page","link":"https:\/\/www.cmlto.com\/fr\/registration-program-overview\/","title":{"rendered":"APER\u00c7U DU PROGRAMME D\u2019INSCRIPTION"},"content":{"rendered":"    <section class=\"content-wrapper ulstyle\">\n        <div class=\"image-text-container content\">\n            <div class=\"image-wrapper\" data-aos=\"fade-right\" data-aos-duration=\"1000\" data-aos-once=\"true\">\n                                    <div class=\"left-image\">\n                        <img decoding=\"async\" src=\"https:\/\/www.cmlto.com\/wp-content\/uploads\/2022\/12\/654cf0216e95c2395d0cf9eeb814560a.png\">\n                    <\/div>\n                            <\/div>\n            <div class=\"text-wrapper\" data-aos=\"fade-left\" data-aos-duration=\"1000\" data-aos-once=\"true\">\n                \n<p>Le programme d\u2019inscription de l\u2019Ordre des technologistes de laboratoire m\u00e9dical de l\u2019Ontario (OTLMO) supervise\u202f:<\/p>\n<ul>\n<li style=\"font-weight: 400;\" aria-level=\"1\">Le processus de demande d\u2019inscription,<\/li>\n<li style=\"font-weight: 400;\" aria-level=\"1\">\n<p>La pr\u00e9s\u00e9lection des nouveaux candidats \u00e0 l\u2019OTLMO,<\/li>\n<li style=\"font-weight: 400;\" aria-level=\"1\">\n<p>La coordination des activit\u00e9s impliquant le comit\u00e9 d\u2019inscription de l\u2019OTLMO,<\/li>\n<li style=\"font-weight: 400;\" aria-level=\"1\">\n<p>La supervision de la p\u00e9riode de renouvellement des inscriptions,<\/li>\n<li style=\"font-weight: 400;\" aria-level=\"1\">\n<p>Le traitement de tous les changements apport\u00e9s aux d\u00e9tails d\u2019un inscrit, tels que les changements dans les informations personnelles ou les classes d\u2019inscription,<\/li>\n<li style=\"font-weight: 400;\" aria-level=\"1\">\n<p>La gestion de toutes les demandes de renseignements li\u00e9es \u00e0 l\u2019inscription adress\u00e9es \u00e0 l\u2019OTLMO.<\/li>\n<\/ul>\n<p>Si vous avez des questions pr\u00e9cises au sujet de renseignements li\u00e9s \u00e0 l\u2019inscription \u00e0 l\u2019OTLMO, veuillez acc\u00e9der \u00e0 la section \u00ab\u202f<a href=\"https:\/\/www.cmlto.com\/fr\/i-am-an-applicant\/\">Je suis un candidat<\/a>\u202f\u00bb de notre site Web.<\/p>\n<p><span class=\"TextRun SCXW101998742 BCX0\" lang=\"FR-CA\" xml:lang=\"FR-CA\" data-contrast=\"none\"><span class=\"NormalTextRun SCXW101998742 BCX0\">Si vous avez des questions imm\u00e9diates pour le service d\u2019inscription, veuillez nous envoyer un courriel \u00e0 <\/span><\/span><a class=\"Hyperlink SCXW101998742 BCX0\" href=\"mailto:registration@cmlto.com\" target=\"_blank\" rel=\"noreferrer noopener\"><span class=\"TextRun Underlined SCXW101998742 BCX0\" lang=\"FR-CA\" xml:lang=\"FR-CA\" data-contrast=\"none\"><span class=\"NormalTextRun SCXW101998742 BCX0\" data-ccp-charstyle=\"Hyperlink\">registration@cmlto.com<\/span><\/span><\/a><span class=\"TextRun SCXW101998742 BCX0\" lang=\"FR-CA\" xml:lang=\"FR-CA\" data-contrast=\"none\"><span class=\"NormalTextRun SCXW101998742 BCX0\">.\u00a0<\/span><\/span><\/p>\n            <\/div>\n        <\/div>\n    <\/section>\n    \n","protected":false},"excerpt":{"rendered":"","protected":false},"author":1,"featured_media":5100,"parent":0,"menu_order":0,"comment_status":"closed","ping_status":"closed","template":"","meta":{"_acf_changed":false,"footnotes":""},"class_list":["post-2781","page","type-page","status-publish","has-post-thumbnail","hentry"],"acf":[],"_links":{"self":[{"href":"https:\/\/www.cmlto.com\/fr\/wp-json\/wp\/v2\/pages\/2781","targetHints":{"allow":["GET"]}}],"collection":[{"href":"https:\/\/www.cmlto.com\/fr\/wp-json\/wp\/v2\/pages"}],"about":[{"href":"https:\/\/www.cmlto.com\/fr\/wp-json\/wp\/v2\/types\/page"}],"author":[{"embeddable":true,"href":"https:\/\/www.cmlto.com\/fr\/wp-json\/wp\/v2\/users\/1"}],"replies":[{"embeddable":true,"href":"https:\/\/www.cmlto.com\/fr\/wp-json\/wp\/v2\/comments?post=2781"}],"version-history":[{"count":1,"href":"https:\/\/www.cmlto.com\/fr\/wp-json\/wp\/v2\/pages\/2781\/revisions"}],"predecessor-version":[{"id":2783,"href":"https:\/\/www.cmlto.com\/fr\/wp-json\/wp\/v2\/pages\/2781\/revisions\/2783"}],"wp:featuredmedia":[{"embeddable":true,"href":"https:\/\/www.cmlto.com\/fr\/wp-json\/wp\/v2\/media\/5100"}],"wp:attachment":[{"href":"https:\/\/www.cmlto.com\/fr\/wp-json\/wp\/v2\/media?parent=2781"}],"curies":[{"name":"wp","href":"https:\/\/api.w.org\/{rel}","templated":true}]}}