{"id":2754,"date":"2023-12-15T17:58:30","date_gmt":"2023-12-15T22:58:30","guid":{"rendered":"https:\/\/geekpowertech.com\/cmlto\/quality-assurance-program-overview\/"},"modified":"2024-02-09T13:11:24","modified_gmt":"2024-02-09T18:11:24","slug":"quality-assurance-program-overview","status":"publish","type":"page","link":"https:\/\/www.cmlto.com\/fr\/quality-assurance-program-overview\/","title":{"rendered":"APER\u00c7U DU PROGRAMME D\u2019ASSURANCE DE LA QUALIT\u00c9"},"content":{"rendered":"    <section class=\"content-wrapper ulstyle\">\n        <div class=\"image-text-container content\">\n            <div class=\"image-wrapper\" data-aos=\"fade-right\" data-aos-duration=\"1000\" data-aos-once=\"true\">\n                                    <div class=\"left-image\">\n                        <img decoding=\"async\" src=\"https:\/\/www.cmlto.com\/wp-content\/uploads\/2022\/12\/654cf0216e95c2395d0cf9eeb814560a.png\">\n                    <\/div>\n                            <\/div>\n            <div class=\"text-wrapper\" data-aos=\"fade-left\" data-aos-duration=\"1000\" data-aos-once=\"true\">\n                \n<p><span class=\"TextRun SCXW208973727 BCX0\" lang=\"FR-CA\" xml:lang=\"FR-CA\" data-contrast=\"none\"><span class=\"NormalTextRun SCXW208973727 BCX0\">Le programme d\u2019assurance de la qualit\u00e9 de l\u2019OTLMO est l\u2019un des domaines les plus importants pour l\u2019Ordre. Le comit\u00e9 d\u2019assurance de la qualit\u00e9 de l\u2019OTLMO, de concert avec le personnel de l\u2019Ordre, a continuellement \u00e9labor\u00e9 et maintenu ce programme pour s\u2019assurer que les TLM respectent leurs normes de pratiques exemplaires et servent le public de mani\u00e8re responsable, s\u00e9curitaire et professionnelle. Les composantes du programme sont pr\u00e9cis\u00e9es dans la <\/span><\/span><span class=\"TextRun SCXW208973727 BCX0\" lang=\"FR-CA\" xml:lang=\"FR-CA\" data-contrast=\"none\"><span class=\"NormalTextRun SCXW208973727 BCX0\">Loi de 1991 sur les technologistes de laboratoire m\u00e9dical<\/span><\/span><span class=\"TextRun SCXW208973727 BCX0\" lang=\"FR-CA\" xml:lang=\"FR-CA\" data-contrast=\"none\"><span class=\"NormalTextRun SCXW208973727 BCX0\">. Le programme doit comprendre les \u00e9l\u00e9ments suivants\u202f:<\/span><\/span><span class=\"EOP SCXW208973727 BCX0\" data-ccp-props=\"{&quot;201341983&quot;:2,&quot;335559737&quot;:150,&quot;335559740&quot;:360}\">\u00a0<\/span><\/p>\n<ul>\n<li><a href=\"https:\/\/www.cmlto.com\/fr\/professional-portfolio\/\">Dossier professionnel<\/a><\/li>\n<li><a href=\"https:\/\/www.cmlto.com\/fr\/practice-review\/\">Examen de l&rsquo;exercice<\/a><\/li>\n<li><a href=\"https:\/\/www.cmlto.com\/fr\/competence-evaluation\/\">\u00c9valuation des comp\u00e9tences<\/a><\/li>\n<\/ul>\n<p><span class=\"TextRun SCXW54436840 BCX0\" lang=\"FR-CA\" xml:lang=\"FR-CA\" data-contrast=\"none\"><span class=\"NormalTextRun SCXW54436840 BCX0\" data-ccp-parastyle=\"Normal (Web)\">Le programme d\u2019assurance de la qualit\u00e9 soutient la capacit\u00e9 des technologistes de laboratoire m\u00e9dical \u00e0 s\u2019acquitter de leurs fonctions selon les normes des pratiques <\/span><span class=\"NormalTextRun SCXW54436840 BCX0\" data-ccp-parastyle=\"Normal (Web)\">exemplaires. Le programme d\u2019assurance de la qualit\u00e9 de l\u2019OTLMO est en vigueur depuis la cr\u00e9ation de l\u2019Ordre en 1991 et, au fil des ans, le programme a mis en \u0153uvre de nombreuses am\u00e9liorations. Le programme d\u2019assurance de la qualit\u00e9 est fr\u00e9quemment examin\u00e9 et \u00e9valu\u00e9 afin de d\u00e9terminer les outils et les ressources n\u00e9cessaires pour appuyer la comp\u00e9tence continue des TLM. Le programme d\u2019assurance de la qualit\u00e9 utilise les principes directeurs du conseil d\u2019administration pour apporter des am\u00e9liorations significatives au programme. Les principes sont les suivants\u202f:<\/span><\/span><span class=\"EOP SCXW54436840 BCX0\" data-ccp-props=\"{&quot;134233117&quot;:false,&quot;134233118&quot;:false,&quot;201341983&quot;:2,&quot;335559737&quot;:150,&quot;335559738&quot;:75,&quot;335559739&quot;:150,&quot;335559740&quot;:360}\">\u00a0<\/span><\/p>\n            <\/div>\n        <\/div>\n    <\/section>\n    \n    <section class=\"content-wrapper right-text \">\n        <div class=\"text-container content\">\n            <div class=\"title-wrapper\" data-aos=\"fade-right\" data-aos-duration=\"1000\" data-aos-once=\"true\">\n                <h1>Les principes sont les suivants:<\/h1>\n            <\/div>\n            <div class=\"text-wrapper\" data-aos=\"fade-left\" data-aos-duration=\"1000\" data-aos-once=\"true\">\n                \n<h2><span style=\"color: #1e3f82;\">Permettre un exercice professionnel <\/span><\/h2>\n<ol>\n<li style=\"font-weight: 400;\" aria-level=\"1\">L\u2019OTLMO collabore avec les inscrits pour obtenir des commentaires sur le programme d\u2019assurance de la qualit\u00e9 et r\u00e9pond \u00e0 la r\u00e9troaction des inscrits.<\/li>\n<li style=\"font-weight: 400;\" aria-level=\"1\">L\u2019OTLMO encourage les inscrits \u00e0 inclure une r\u00e9flexion sur l\u2019assurance de la qualit\u00e9 tout au long de leur exercice professionnel et de leur carri\u00e8re.<\/li>\n<li style=\"font-weight: 400;\" aria-level=\"1\">L\u2019OTLMO soutient et utilise des approches proactives avec les inscrits dans le but d\u2019am\u00e9liorer l\u2019exercice professionnel et la comp\u00e9tence continue.<\/li>\n<\/ol>\n<h2><span style=\"color: #1e3f82;\">Efficacit\u00e9 <\/span><\/h2>\n<ol>\n<li style=\"font-weight: 400;\" aria-level=\"1\">Ax\u00e9 sur l\u2019am\u00e9lioration continue directe, d\u00e9montr\u00e9e et mesurable de la comp\u00e9tence et de la qualit\u00e9 de l\u2019exercice professionnel des inscrits.<\/li>\n<li style=\"font-weight: 400;\" aria-level=\"1\">Fond\u00e9 sur des donn\u00e9es probantes, transparent, juste et objectif.<\/li>\n<li style=\"font-weight: 400;\" aria-level=\"1\">Facile \u00e0 comprendre et \u00e9tablira les attentes appropri\u00e9es des inscrits.<\/li>\n<li style=\"font-weight: 400;\" aria-level=\"1\">\u00c9valuation continue de la fiabilit\u00e9 et de la validit\u00e9 de la conception et de la mise en \u0153uvre du programme.<\/li>\n<\/ol>\n            <\/div>\n        <\/div>\n    <\/section>\n    \n    <section class=\"content-wrapper \">\n        <div class=\"faq-container content \">\n                        <div class=\"faq-wrapper\">\n                \n    <div class=\"faq\">\n                <div class=\"faq-title \">\n            <span><label><\/label>Le programme d\u2019assurance de la qualit\u00e9 est-il obligatoire pour les TLM?<\/span>\n            <span><i class=\"fas fa-plus-circle\"><\/i><\/span>\n        <\/div>\n                <div class=\"faq-content\">\n            \n<p>Le programme est obligatoire pour tous les inscrits en exercice de l\u2019OTLMO, peu importe leur statut d\u2019emploi. Le statut d\u2019emploi d\u2019un inscrit (c.-\u00e0-d. \u00e0 temps partiel, \u00e0 temps plein, en cong\u00e9) est distinct de son inscription aupr\u00e8s de l\u2019Ordre. Tant qu\u2019un inscrit d\u00e9tient un certificat d&rsquo;inscription pour praticien, il doit participer au programme.<\/p>\n        <\/div>\n    <\/div>\n    \n    <div class=\"faq\">\n                <div class=\"faq-title \">\n            <span><label><\/label>Comment les inscrits sont-ils audit\u00e9s?<\/span>\n            <span><i class=\"fas fa-plus-circle\"><\/i><\/span>\n        <\/div>\n                <div class=\"faq-content\">\n            \n<p>Les inscrits sont s\u00e9lectionn\u00e9s pour des audits en fonction des crit\u00e8res d\u2019audit du comit\u00e9 d\u2019assurance de la qualit\u00e9. Voir ci-dessous pour plus de d\u00e9tails sur la fa\u00e7on dont les inscrits \u00e0 l\u2019OTLMO sont s\u00e9lectionn\u00e9s aux fins d\u2019audit.<\/p>\n<h3><span style=\"font-weight: 400; color: #1e3f82;\">Dossier professionnel<\/span><\/h3>\n<p>Chaque ann\u00e9e, les inscrits sont tenus de soumettre leur dossier professionnel de l\u2019\u00e9tape\u202f1 pour examen, qui comprend les sections Profil professionnel, Auto-\u00e9valuation et Perfectionnement des objectifs d\u2019apprentissage. Les inscrits en exercice sont choisis au hasard une fois tous les cinq ans pour soumettre leur dossier complet pour examen. L\u2019audit de l\u2019\u00e9tape 2 comprend toutes les composantes de l\u2019\u00e9tape\u202f1 et les sections sur le Perfectionnement professionnel et la R\u00e9flexion sur les objectifs d\u2019apprentissage. Les inscrits peuvent \u00eatre tenus de soumettre leur dossier \u00e0 la demande du comit\u00e9 d\u2019assurance de la qualit\u00e9. Les inscrits s\u00e9lectionn\u00e9s pour l\u2019audit d\u2019examen de l&rsquo;exercice ou qui s\u2019inscrivent au cours de l\u2019ann\u00e9e civile en cours sont exempt\u00e9s de l\u2019audit de l\u2019\u00e9tape\u202f2.<\/p>\n<h3><span style=\"font-weight: 400; color: #1e3f82;\">Examen de l\u2019exercice<\/span><\/h3>\n<p><span style=\"font-weight: 400;\">Les inscrits en exercice qui sont inscrits depuis plus de deux ans seront choisis au hasard pour effectuer l\u2019examen de l&rsquo;exercice une fois tous les dix ans. Les inscrits qui passent \u00e0 un certificat d&rsquo;inscription pour praticien par quelque moyen que ce soit (c.-\u00e0-d. nouvel inscrit, r\u00e9int\u00e9gration, changement de non-praticien \u00e0 praticien) devront terminer l\u2019examen de l&rsquo;exercice au cours de leurs deux premi\u00e8res ann\u00e9es d\u2019inscription. <\/span><\/p>\n<h3><span style=\"font-weight: 400; color: #1e3f82;\">\u00c9valuation des comp\u00e9tences<\/span><\/h3>\n<p>Contrairement aux deux audits ci-dessus, les inscrits ne sont pas choisis au hasard pour l\u2019\u00e9valuation des comp\u00e9tences. Si le comit\u00e9 d\u2019assurance de la qualit\u00e9 estime qu\u2019un inscrit n\u2019a pas suffisamment de connaissances, de comp\u00e9tences ou de jugement en fonction de sa pr\u00e9sentation de dossier professionnel, des r\u00e9sultats de l\u2019examen de l&rsquo;exercice ou d\u2019autres renseignements \u00e9crits, il peut exiger d\u2019un inscrit qu\u2019il effectue une \u00e9valuation des comp\u00e9tences.<\/p>\n        <\/div>\n    <\/div>\n    \n    <div class=\"faq\">\n                <div class=\"faq-title \">\n            <span><label><\/label>L\u2019employeur d\u2019un inscrit est-il avis\u00e9 lorsqu\u2019il fait l\u2019objet d\u2019un audit?<\/span>\n            <span><i class=\"fas fa-plus-circle\"><\/i><\/span>\n        <\/div>\n                <div class=\"faq-content\">\n            \n<p>Les employeurs ne sont pas inform\u00e9s lorsqu\u2019un inscrit fait l\u2019objet d\u2019un audit. La loi exige que tous les renseignements recueillis dans le cadre du programme d\u2019assurance de la qualit\u00e9 demeurent confidentiels. Ces renseignements ne peuvent pas \u00eatre utilis\u00e9s \u00e0 d\u2019autres fins, m\u00eame par les comit\u00e9s prescrits par la loi de l\u2019OTLMO, autres que le comit\u00e9 d\u2019assurance de la qualit\u00e9.<\/p>\n<p>Pour obtenir de plus amples renseignements sur les crit\u00e8res d\u2019audit du programme d\u2019assurance de la qualit\u00e9, cliquez <a href=\"https:\/\/www.cmlto.com\/fr\/quality-assurance-audit-criteria\/\">ici<\/a><\/p>\n<p><span class=\"TextRun SCXW175477302 BCX0\" lang=\"FR-CA\" xml:lang=\"FR-CA\" data-contrast=\"none\"><span class=\"NormalTextRun SCXW175477302 BCX0\">Vous voulez en savoir plus sur le programme d\u2019assurance de la qualit\u00e9 de l\u2019OTLMO? Contactez l\u2019assurance qualit\u00e9 de l\u2019OTLMO \u00e0 <\/span><\/span><a class=\"Hyperlink SCXW175477302 BCX0\" href=\"mailto:qualityassurance@cmlto.com\" target=\"_blank\" rel=\"noreferrer noopener\"><span class=\"TextRun Underlined SCXW175477302 BCX0\" lang=\"FR-CA\" xml:lang=\"FR-CA\" data-contrast=\"none\"><span class=\"NormalTextRun SCXW175477302 BCX0\" data-ccp-charstyle=\"Hyperlink\">qualityassurance@cmlto.com<\/span><span class=\"NormalTextRun SCXW175477302 BCX0\" data-ccp-charstyle=\"Hyperlink\">.<\/span><\/span><\/a><\/p>\n        <\/div>\n    <\/div>\n    \n            <\/div>\n        <\/div>\n    <\/section>\n    \n","protected":false},"excerpt":{"rendered":"","protected":false},"author":1,"featured_media":2066,"parent":0,"menu_order":0,"comment_status":"closed","ping_status":"closed","template":"","meta":{"_acf_changed":false,"footnotes":""},"class_list":["post-2754","page","type-page","status-publish","has-post-thumbnail","hentry"],"acf":[],"_links":{"self":[{"href":"https:\/\/www.cmlto.com\/fr\/wp-json\/wp\/v2\/pages\/2754","targetHints":{"allow":["GET"]}}],"collection":[{"href":"https:\/\/www.cmlto.com\/fr\/wp-json\/wp\/v2\/pages"}],"about":[{"href":"https:\/\/www.cmlto.com\/fr\/wp-json\/wp\/v2\/types\/page"}],"author":[{"embeddable":true,"href":"https:\/\/www.cmlto.com\/fr\/wp-json\/wp\/v2\/users\/1"}],"replies":[{"embeddable":true,"href":"https:\/\/www.cmlto.com\/fr\/wp-json\/wp\/v2\/comments?post=2754"}],"version-history":[{"count":8,"href":"https:\/\/www.cmlto.com\/fr\/wp-json\/wp\/v2\/pages\/2754\/revisions"}],"predecessor-version":[{"id":3023,"href":"https:\/\/www.cmlto.com\/fr\/wp-json\/wp\/v2\/pages\/2754\/revisions\/3023"}],"wp:featuredmedia":[{"embeddable":true,"href":"https:\/\/www.cmlto.com\/fr\/wp-json\/wp\/v2\/media\/2066"}],"wp:attachment":[{"href":"https:\/\/www.cmlto.com\/fr\/wp-json\/wp\/v2\/media?parent=2754"}],"curies":[{"name":"wp","href":"https:\/\/api.w.org\/{rel}","templated":true}]}}