{"id":2750,"date":"2023-12-18T11:28:52","date_gmt":"2023-12-18T16:28:52","guid":{"rendered":"https:\/\/geekpowertech.com\/cmlto\/quality-assurance-program-components\/"},"modified":"2024-02-09T13:05:51","modified_gmt":"2024-02-09T18:05:51","slug":"quality-assurance-program-components","status":"publish","type":"page","link":"https:\/\/www.cmlto.com\/fr\/quality-assurance-program-components\/","title":{"rendered":"Composantes du programme d\u2019assurance de la qualit\u00e9"},"content":{"rendered":"    <section class=\"content-wrapper ulstyle\">\n        <div class=\"image-text-container content\">\n            <div class=\"image-wrapper\" data-aos=\"fade-right\" data-aos-duration=\"1000\" data-aos-once=\"true\">\n                                    <div class=\"left-image\">\n                        <img decoding=\"async\" src=\"https:\/\/www.cmlto.com\/wp-content\/uploads\/2022\/12\/654cf0216e95c2395d0cf9eeb814560a.png\">\n                    <\/div>\n                            <\/div>\n            <div class=\"text-wrapper\" data-aos=\"fade-left\" data-aos-duration=\"1000\" data-aos-once=\"true\">\n                \n<p><span class=\"TextRun SCXW4858389 BCX0\" lang=\"FR-CA\" xml:lang=\"FR-CA\" data-contrast=\"none\"><span class=\"NormalTextRun SCXW4858389 BCX0\">Le programme d\u2019assurance de la qualit\u00e9 de l\u2019OTLMO est compos\u00e9 de quatre (4) composantes cl\u00e9s, \u00e9num\u00e9r\u00e9es ci-dessous. S\u00e9lectionnez chaque composante afin d\u2019\u00eatre dirig\u00e9 vers la page appropri\u00e9e\u202f:\u00a0<\/span><\/span><span class=\"EOP SCXW4858389 BCX0\" data-ccp-props=\"{&quot;201341983&quot;:2,&quot;335559737&quot;:150,&quot;335559738&quot;:75,&quot;335559739&quot;:150,&quot;335559740&quot;:360}\">\u00a0<\/span><\/p>\n<ul>\n<li><a href=\"https:\/\/www.cmlto.com\/fr\/professional-portfolio\/\">Dossier professionnel<\/a><\/li>\n<li><a href=\"https:\/\/www.cmlto.com\/fr\/practice-review\/\">Practice Review<\/a><\/li>\n<li><a href=\"https:\/\/www.cmlto.com\/fr\/professional-practice-learning-program\/\">Professional Practice Learning Program<\/a><\/li>\n<li><a href=\"https:\/\/www.cmlto.com\/fr\/competence-evaluation\/\">Competence Evaluation<\/a><\/li>\n<\/ul>\n            <\/div>\n        <\/div>\n    <\/section>\n    \n","protected":false},"excerpt":{"rendered":"","protected":false},"author":1,"featured_media":2066,"parent":0,"menu_order":0,"comment_status":"closed","ping_status":"closed","template":"","meta":{"_acf_changed":false,"footnotes":""},"class_list":["post-2750","page","type-page","status-publish","has-post-thumbnail","hentry"],"acf":[],"_links":{"self":[{"href":"https:\/\/www.cmlto.com\/fr\/wp-json\/wp\/v2\/pages\/2750","targetHints":{"allow":["GET"]}}],"collection":[{"href":"https:\/\/www.cmlto.com\/fr\/wp-json\/wp\/v2\/pages"}],"about":[{"href":"https:\/\/www.cmlto.com\/fr\/wp-json\/wp\/v2\/types\/page"}],"author":[{"embeddable":true,"href":"https:\/\/www.cmlto.com\/fr\/wp-json\/wp\/v2\/users\/1"}],"replies":[{"embeddable":true,"href":"https:\/\/www.cmlto.com\/fr\/wp-json\/wp\/v2\/comments?post=2750"}],"version-history":[{"count":2,"href":"https:\/\/www.cmlto.com\/fr\/wp-json\/wp\/v2\/pages\/2750\/revisions"}],"predecessor-version":[{"id":3018,"href":"https:\/\/www.cmlto.com\/fr\/wp-json\/wp\/v2\/pages\/2750\/revisions\/3018"}],"wp:featuredmedia":[{"embeddable":true,"href":"https:\/\/www.cmlto.com\/fr\/wp-json\/wp\/v2\/media\/2066"}],"wp:attachment":[{"href":"https:\/\/www.cmlto.com\/fr\/wp-json\/wp\/v2\/media?parent=2750"}],"curies":[{"name":"wp","href":"https:\/\/api.w.org\/{rel}","templated":true}]}}