{"id":2734,"date":"2024-01-05T16:07:38","date_gmt":"2024-01-05T21:07:38","guid":{"rendered":"https:\/\/geekpowertech.com\/cmlto\/professional-practice-learning-program\/"},"modified":"2025-12-23T11:55:15","modified_gmt":"2025-12-23T16:55:15","slug":"professional-practice-learning-program","status":"publish","type":"page","link":"https:\/\/www.cmlto.com\/fr\/professional-practice-learning-program\/","title":{"rendered":"PROGRAMME D\u2019APPRENTISSAGE DE L\u2019EXERCICE PROFESSIONNEL"},"content":{"rendered":"    <section class=\"content-wrapper ulstyle\">\n        <div class=\"image-text-container content\">\n            <div class=\"image-wrapper\" data-aos=\"fade-right\" data-aos-duration=\"1000\" data-aos-once=\"true\">\n                                    <div class=\"left-image\">\n                        <img decoding=\"async\" src=\"https:\/\/www.cmlto.com\/wp-content\/uploads\/2022\/12\/654cf0216e95c2395d0cf9eeb814560a.png\">\n                    <\/div>\n                            <\/div>\n            <div class=\"text-wrapper\" data-aos=\"fade-left\" data-aos-duration=\"1000\" data-aos-once=\"true\">\n                \n<p>Le programme d&rsquo;apprentissage de l&rsquo;exercice professionnel est une ressource de d\u00e9veloppement professionnel compos\u00e9e de cinq modules qui mettent l\u2019accent sur divers sujets de laboratoire m\u00e9dical. Chaque module contient des concepts et des renseignements cl\u00e9s qui peuvent \u00eatre appliqu\u00e9s \u00e0 l\u2019exercice professionnel d\u2019un technologiste de laboratoire m\u00e9dical. Les inscrits qui sont s\u00e9lectionn\u00e9s au hasard pour un examen de l&rsquo;exercice peuvent trouver ces modules utiles lors de l\u2019\u00e9valuation des questions et des r\u00e9ponses potentielles.<\/p>\n<p><span class=\"TextRun SCXW135118116 BCX0\" lang=\"FR-CA\" xml:lang=\"FR-CA\" data-contrast=\"none\"><span class=\"NormalTextRun SCXW135118116 BCX0\" data-ccp-parastyle=\"Normal (Web)\">Le programme couvre cinq sujets sp\u00e9cifiques de l\u2019exercice du TLM. Pour des informations d\u00e9taill\u00e9es sur chaque module, cliquez sur chaque titre et consultez le document PDF li\u00e9\u202f:\u00a0<\/span><\/span><span class=\"EOP SCXW135118116 BCX0\" data-ccp-props=\"{&quot;134233117&quot;:false,&quot;134233118&quot;:false,&quot;201341983&quot;:2,&quot;335559737&quot;:150,&quot;335559738&quot;:75,&quot;335559739&quot;:150,&quot;335559740&quot;:360}\">\u00a0<\/span><\/p>\n    <div class=\"buttons three_row\">\n            <a class=\"button blue\"  target=\"_blank\"        href=\"https:\/\/www.cmlto.com\/wp-content\/uploads\/2024\/07\/PPLP-Module-Leg-framework-for-MLT-practice-FR.pdf\" data-aos=\"fade-up\"\n       data-aos-duration=\"1000\" data-aos-once=\"true\">\n        Cadre l\u00e9gislatif de l\u2019exercice des TLM    <\/a>\n    \n    <a class=\"button blue\"  target=\"_blank\"        href=\"https:\/\/www.cmlto.com\/wp-content\/uploads\/2024\/11\/PPLP-Module-Profess-in-MLT-prac-FR.pdf\" data-aos=\"fade-up\"\n       data-aos-duration=\"1000\" data-aos-once=\"true\">\n        Professionnalisme dans l\u2019exercice des TLM     <\/a>\n    \n    <a class=\"button blue\"  target=\"_blank\"        href=\" https:\/\/www.cmlto.com\/wp-content\/uploads\/2025\/12\/PPLP-Module-Confidentiality-and-privacy-FR.pdf\" data-aos=\"fade-up\"\n       data-aos-duration=\"1000\" data-aos-once=\"true\">\n        Confidentialit\u00e9 et vie priv\u00e9e    <\/a>\n    \n    <a class=\"button blue\"  target=\"_blank\"        href=\"https:\/\/www.cmlto.com\/wp-content\/uploads\/2024\/07\/PPLP-Module-Consent-to-Treatment-FR.pdf\" data-aos=\"fade-up\"\n       data-aos-duration=\"1000\" data-aos-once=\"true\">\n        Consentement au traitement     <\/a>\n    \n    <a class=\"button blue\"  target=\"_blank\"        href=\"https:\/\/www.cmlto.com\/wp-content\/uploads\/2024\/02\/2023_pplp_module_abuse_prevention_fr.pdf\" data-aos=\"fade-up\"\n       data-aos-duration=\"1000\" data-aos-once=\"true\">\n        Pr\u00e9vention des abus    <\/a>\n    \n    <\/div>\n    \n<p><span style=\"font-size: revert; color: initial;\">            <\/div>\n        <\/div>\n    <\/section>\n    <\/span><\/p>\n    <section class=\"content-wrapper right-text TextRun Underlined SCXW28127620 BCX0\">\n        <div class=\"text-container content\">\n            <div class=\"title-wrapper\" data-aos=\"fade-right\" data-aos-duration=\"1000\" data-aos-once=\"true\">\n                <h1><\/h1>\n            <\/div>\n            <div class=\"text-wrapper\" data-aos=\"fade-left\" data-aos-duration=\"1000\" data-aos-once=\"true\">\n                \n<p><span class=\"TextRun SCXW40221922 BCX0\" lang=\"FR-CA\" xml:lang=\"FR-CA\" data-contrast=\"auto\"><span class=\"NormalTextRun SCXW40221922 BCX0\">Vous pouvez r\u00e9pondre \u00e0 notre sondage de r\u00e9troaction confidentiel sur le volet du programme d&rsquo;apprentissage de l&rsquo;exercice professionnel ici\u202f: <\/span><\/span><a class=\"Hyperlink SCXW40221922 BCX0\" href=\"https:\/\/www.surveymonkey.ca\/r\/CMLTO_PPLPFeedbackSurvey\" target=\"_blank\" rel=\"noreferrer noopener\"><span class=\"TextRun Underlined SCXW40221922 BCX0\" lang=\"FR-CA\" xml:lang=\"FR-CA\" data-contrast=\"none\"><span class=\"NormalTextRun SCXW40221922 BCX0\" data-ccp-charstyle=\"Hyperlink\">Sondage de r\u00e9troaction sur le programme d&rsquo;apprentissage de l&rsquo;exercice professionnel de l\u2019OTLMO (surveymonkey.ca)<\/span><\/span><\/a><span class=\"EOP SCXW40221922 BCX0\" data-ccp-props=\"{&quot;201341983&quot;:0,&quot;335559740&quot;:259}\">\u00a0<\/span><\/p>\n<h2>Vous avez d\u2019autres questions ou pr\u00e9occupations?<\/h2>\n<p><span class=\"TextRun Highlight SCXW81205953 BCX0\" lang=\"FR-CA\" xml:lang=\"FR-CA\" data-contrast=\"none\"><span class=\"NormalTextRun SCXW81205953 BCX0\">Communiquez avec le personnel du programme d&rsquo;assurance de la qualit\u00e9 de l&rsquo;OTLMO \u00e0 <\/span><\/span><a class=\"Hyperlink SCXW81205953 BCX0\" href=\"mailto:qualityassurance@cmlto.com\" target=\"_blank\" rel=\"noreferrer noopener\"><span class=\"TextRun Highlight Underlined SCXW81205953 BCX0\" lang=\"FR-CA\" xml:lang=\"FR-CA\" data-contrast=\"none\"><span class=\"NormalTextRun SCXW81205953 BCX0\" data-ccp-charstyle=\"Hyperlink\">qualityassurance@cmlto.com<\/span><\/span><\/a><span class=\"TextRun Highlight SCXW81205953 BCX0\" lang=\"FR-CA\" xml:lang=\"FR-CA\" data-contrast=\"none\"><span class=\"NormalTextRun SCXW81205953 BCX0\">.<\/span><\/span><\/p>\n            <\/div>\n        <\/div>\n    <\/section>\n    \n","protected":false},"excerpt":{"rendered":"","protected":false},"author":1,"featured_media":5100,"parent":0,"menu_order":0,"comment_status":"closed","ping_status":"closed","template":"","meta":{"_acf_changed":false,"footnotes":""},"class_list":["post-2734","page","type-page","status-publish","has-post-thumbnail","hentry"],"acf":[],"_links":{"self":[{"href":"https:\/\/www.cmlto.com\/fr\/wp-json\/wp\/v2\/pages\/2734","targetHints":{"allow":["GET"]}}],"collection":[{"href":"https:\/\/www.cmlto.com\/fr\/wp-json\/wp\/v2\/pages"}],"about":[{"href":"https:\/\/www.cmlto.com\/fr\/wp-json\/wp\/v2\/types\/page"}],"author":[{"embeddable":true,"href":"https:\/\/www.cmlto.com\/fr\/wp-json\/wp\/v2\/users\/1"}],"replies":[{"embeddable":true,"href":"https:\/\/www.cmlto.com\/fr\/wp-json\/wp\/v2\/comments?post=2734"}],"version-history":[{"count":8,"href":"https:\/\/www.cmlto.com\/fr\/wp-json\/wp\/v2\/pages\/2734\/revisions"}],"predecessor-version":[{"id":8164,"href":"https:\/\/www.cmlto.com\/fr\/wp-json\/wp\/v2\/pages\/2734\/revisions\/8164"}],"wp:featuredmedia":[{"embeddable":true,"href":"https:\/\/www.cmlto.com\/fr\/wp-json\/wp\/v2\/media\/5100"}],"wp:attachment":[{"href":"https:\/\/www.cmlto.com\/fr\/wp-json\/wp\/v2\/media?parent=2734"}],"curies":[{"name":"wp","href":"https:\/\/api.w.org\/{rel}","templated":true}]}}