{"id":2693,"date":"2024-01-08T10:04:45","date_gmt":"2024-01-08T15:04:45","guid":{"rendered":"https:\/\/geekpowertech.com\/cmlto\/quality-assurance-prism\/"},"modified":"2025-09-17T10:44:20","modified_gmt":"2025-09-17T14:44:20","slug":"quality-assurance-prism","status":"publish","type":"page","link":"https:\/\/www.cmlto.com\/fr\/quality-assurance-prism\/","title":{"rendered":"MODULE D\u2019AUTO\u00c9VALUATION DE L\u2019AM\u00c9LIORATION DE LA PRATIQUE (PRISM)"},"content":{"rendered":"    <section class=\"content-wrapper full-background\">\n        <div class=\"image-text-container content\">\n            <div class=\"image-wrapper\" data-aos=\"fade-right\" data-aos-duration=\"1000\" data-aos-once=\"true\">\n                                    <div class=\"left-image\">\n                        <img decoding=\"async\" src=\"https:\/\/www.cmlto.com\/wp-content\/uploads\/2025\/08\/PRISM-screenshot-french.png\">\n                    <\/div>\n                            <\/div>\n            <div class=\"text-wrapper\" data-aos=\"fade-left\" data-aos-duration=\"1000\" data-aos-once=\"true\">\n                \n<h2>MODULE D\u2019AUTO\u00c9VALUATION DE L\u2019AM\u00c9LIORATION DE LAVous pouvez acc\u00e9der \u00e0 une copie du quiz de ce module en fran\u00e7ais ici :PRATIQUE (PRISM)<\/h2>\n<p>Le module d\u2019auto\u00e9valuation de l\u2019am\u00e9lioration de la pratique (PRISM) est une activit\u00e9 de jurisprudence ax\u00e9e sur le partage des exigences en mati\u00e8re de pratique et de l\u2019information avec les inscrits \u00e0 l\u2019OTLMO et le public. Chaque ann\u00e9e, le module se concentrera sur un sujet pr\u00e9cis li\u00e9 \u00e0 la pratique de la technologie de laboratoire m\u00e9dical. Le module se compose d\u2019une courte vid\u00e9o suivie de quelques questions \u00e0 choix multiples.<\/p>\n<p>Le module fait partie de la section sur l\u2019auto\u00e9valuation du portefeuille professionnel de l\u2019\u00e9tape\u202f1. Les inscrits praticiens suivront le module chaque ann\u00e9e dans le cadre de leur soumission pour l\u2019\u00e9tape\u202f1, qui doit \u00eatre soumise au plus tard le 31\u202fmars. Les modules sont affich\u00e9s sur le site Web de l\u2019OTLMO lorsque le cycle de l\u2019\u00e9tape\u202f1 est termin\u00e9.<\/p>\n            <\/div>\n        <\/div>\n    <\/section>\n    \n    <section class=\"content-wrapper \">\n        <div class=\"image-text-container content\">\n            <div class=\"image-wrapper\" data-aos=\"fade-right\" data-aos-duration=\"1000\" data-aos-once=\"true\">\n                                    <video controls src=\"https:\/\/www.cmlto.com\/wp-content\/uploads\/2024\/01\/PRISM-Video-2021.mp4\"><\/video>\n                            <\/div>\n            <div class=\"text-wrapper\" data-aos=\"fade-left\" data-aos-duration=\"1000\" data-aos-once=\"true\">\n                \n<h1>2021 PRISM<\/h1>\n<p><span style=\"font-weight: 400;\">Vous pouvez acc\u00e9der \u00e0 une copie de la transcription du webinaire en fran\u00e7ais <a href=\"https:\/\/www.cmlto.com\/wp-content\/uploads\/2024\/02\/cmlto2021prism_francais.pdf\">ici<\/a>.<\/span><\/p>\n<p>Vous pouvez acc\u00e9der \u00e0 une copie du quiz de ce module en fran\u00e7ais <a href=\"https:\/\/www.cmlto.com\/wp-content\/uploads\/2024\/02\/cmltoqap_prismquiz2021_french.pdf\">ici<\/a>.<\/p>\n            <\/div>\n        <\/div>\n    <\/section>\n    \n    <section class=\"content-wrapper \">\n        <div class=\"image-text-container content\">\n            <div class=\"image-wrapper\" data-aos=\"fade-right\" data-aos-duration=\"1000\" data-aos-once=\"true\">\n                                    <video controls src=\"https:\/\/www.cmlto.com\/wp-content\/uploads\/2024\/04\/2022-PRISM-Francais.mp4\"><\/video>\n                            <\/div>\n            <div class=\"text-wrapper\" data-aos=\"fade-left\" data-aos-duration=\"1000\" data-aos-once=\"true\">\n                \n<h1>2022 PRISM<\/h1>\n<p><strong><span style=\"font-weight: 400;\">Vous pouvez acc\u00e9der \u00e0 une copie de la transcription du webinaire en fran\u00e7ais <a href=\"https:\/\/www.cmlto.com\/wp-content\/uploads\/2024\/04\/2022-PRISM-transcript-fr.doc\">ici<\/a>.<\/span><\/strong><\/p>\n            <\/div>\n        <\/div>\n    <\/section>\n    \n    <section class=\"content-wrapper \">\n        <div class=\"image-text-container content\">\n            <div class=\"image-wrapper\" data-aos=\"fade-right\" data-aos-duration=\"1000\" data-aos-once=\"true\">\n                                    <video controls src=\"https:\/\/www.cmlto.com\/wp-content\/uploads\/2024\/04\/PRISM_Francais_2023.mp4\"><\/video>\n                            <\/div>\n            <div class=\"text-wrapper\" data-aos=\"fade-left\" data-aos-duration=\"1000\" data-aos-once=\"true\">\n                \n<h1>2023 PRISM<\/h1>\n<p><span style=\"font-weight: 400;\">Vous pouvez acc\u00e9der \u00e0 une copie de la transcription du webinaire en fran\u00e7ais <a href=\"https:\/\/www.cmlto.com\/wp-content\/uploads\/2024\/04\/2023-PRISM-transcript-French.doc\">ici<\/a>.<\/span><\/p>\n<p>Vous pouvez acc\u00e9der \u00e0 une copie du quiz de ce module en fran\u00e7ais <a href=\"https:\/\/www.cmlto.com\/wp-content\/uploads\/2024\/04\/PRISM_Francais_2023.pdf\">ici<\/a>.<\/p>\n            <\/div>\n        <\/div>\n    <\/section>\n    \n    <section class=\"content-wrapper \">\n        <div class=\"image-text-container content\">\n            <div class=\"image-wrapper\" data-aos=\"fade-right\" data-aos-duration=\"1000\" data-aos-once=\"true\">\n                                    <video controls src=\"https:\/\/www.cmlto.com\/wp-content\/uploads\/2024\/04\/PRISM_French_2024.mp4\"><\/video>\n                            <\/div>\n            <div class=\"text-wrapper\" data-aos=\"fade-left\" data-aos-duration=\"1000\" data-aos-once=\"true\">\n                \n<h1>2024 PRISM<\/h1>\n<p><span style=\"font-weight: 400;\">Vous pouvez acc\u00e9der \u00e0 une copie de la transcription du webinaire en fran\u00e7ais <a href=\"https:\/\/www.cmlto.com\/wp-content\/uploads\/2024\/04\/2024-PRISM-transcript-french.docx\">ici<\/a>.<\/span><\/p>\n            <\/div>\n        <\/div>\n    <\/section>\n    \n    <section class=\"content-wrapper \">\n        <div class=\"image-text-container content\">\n            <div class=\"image-wrapper\" data-aos=\"fade-right\" data-aos-duration=\"1000\" data-aos-once=\"true\">\n                                    <video controls src=\"https:\/\/www.cmlto.com\/wp-content\/uploads\/2025\/08\/VE-Project-1.mp4\"><\/video>\n                            <\/div>\n            <div class=\"text-wrapper\" data-aos=\"fade-left\" data-aos-duration=\"1000\" data-aos-once=\"true\">\n                \n<h1>2025 PRISM<\/h1>\n<p><span style=\"font-weight: 400;\">Vous pouvez acc\u00e9der \u00e0 une copie de la transcription du webinaire en fran\u00e7ais <a href=\"https:\/\/www.cmlto.com\/wp-content\/uploads\/2025\/08\/2025-PRISM-transcript-French.pdf\">ici<\/a>.<\/span><\/p>\n<p>Vous pouvez acc\u00e9der \u00e0 une copie du quiz de ce module en fran\u00e7ais <a href=\"https:\/\/www.cmlto.com\/wp-content\/uploads\/2025\/09\/2025-PRISM-Questions-FR.pdf\">ici<\/a>.<\/p>\n            <\/div>\n        <\/div>\n    <\/section>\n    \n","protected":false},"excerpt":{"rendered":"","protected":false},"author":1,"featured_media":2066,"parent":0,"menu_order":0,"comment_status":"closed","ping_status":"closed","template":"","meta":{"_acf_changed":false,"footnotes":""},"class_list":["post-2693","page","type-page","status-publish","has-post-thumbnail","hentry"],"acf":[],"_links":{"self":[{"href":"https:\/\/www.cmlto.com\/fr\/wp-json\/wp\/v2\/pages\/2693","targetHints":{"allow":["GET"]}}],"collection":[{"href":"https:\/\/www.cmlto.com\/fr\/wp-json\/wp\/v2\/pages"}],"about":[{"href":"https:\/\/www.cmlto.com\/fr\/wp-json\/wp\/v2\/types\/page"}],"author":[{"embeddable":true,"href":"https:\/\/www.cmlto.com\/fr\/wp-json\/wp\/v2\/users\/1"}],"replies":[{"embeddable":true,"href":"https:\/\/www.cmlto.com\/fr\/wp-json\/wp\/v2\/comments?post=2693"}],"version-history":[{"count":17,"href":"https:\/\/www.cmlto.com\/fr\/wp-json\/wp\/v2\/pages\/2693\/revisions"}],"predecessor-version":[{"id":7638,"href":"https:\/\/www.cmlto.com\/fr\/wp-json\/wp\/v2\/pages\/2693\/revisions\/7638"}],"wp:featuredmedia":[{"embeddable":true,"href":"https:\/\/www.cmlto.com\/fr\/wp-json\/wp\/v2\/media\/2066"}],"wp:attachment":[{"href":"https:\/\/www.cmlto.com\/fr\/wp-json\/wp\/v2\/media?parent=2693"}],"curies":[{"name":"wp","href":"https:\/\/api.w.org\/{rel}","templated":true}]}}