{"id":2689,"date":"2023-12-18T11:18:02","date_gmt":"2023-12-18T16:18:02","guid":{"rendered":"https:\/\/geekpowertech.com\/cmlto\/quality-assurance-declaractions\/"},"modified":"2026-03-23T11:01:15","modified_gmt":"2026-03-23T15:01:15","slug":"quality-assurance-declaractions","status":"publish","type":"page","link":"https:\/\/www.cmlto.com\/fr\/quality-assurance-declaractions\/","title":{"rendered":"PROGRAMME D\u2019ASSURANCE DE LA QUALIT\u00c9"},"content":{"rendered":"    <section class=\"content-wrapper \">\n        <div class=\"image-text-container content\">\n            <div class=\"image-wrapper\" data-aos=\"fade-right\" data-aos-duration=\"1000\" data-aos-once=\"true\">\n                                    <div class=\"left-image\">\n                        <img decoding=\"async\" src=\"https:\/\/www.cmlto.com\/wp-content\/uploads\/2022\/12\/654cf0216e95c2395d0cf9eeb814560a.png\">\n                    <\/div>\n                            <\/div>\n            <div class=\"text-wrapper\" data-aos=\"fade-left\" data-aos-duration=\"1000\" data-aos-once=\"true\">\n                \n<h2><b><span data-contrast=\"none\">PROGRAMME D\u2019ASSURANCE DE LA QUALIT\u00c9\u00a0<\/span><\/b><span data-ccp-props=\"{&quot;201341983&quot;:2,&quot;335559737&quot;:-135,&quot;335559740&quot;:312}\">\u00a0<\/span><b><span data-contrast=\"none\">D\u00c9CLARATIONS ANNUELLES<\/span><\/b><\/h2>\n<p>Chaque ann\u00e9e, les inscrits \u00e0 l&rsquo;OTLMO d\u00e9clarent eux-m\u00eames leur conformit\u00e9 \u00e0 une s\u00e9rie de d\u00e9clarations d\u2019assurance de la qualit\u00e9 au cours du processus de renouvellement annuel de l\u2019inscription. Les inscrits r\u00e9pondent \u00ab\u202foui\u202f\u00bb ou \u00ab\u202fnon\u202f\u00bb \u00e0 chaque d\u00e9claration.<\/p>\n<p>Si un inscrit r\u00e9pond \u00ab\u202fnon\u202f\u00bb \u00e0 l\u2019une ou l\u2019autre des questions, cela est consid\u00e9r\u00e9 comme une non-conformit\u00e9, et le personnel de l\u2019assurance de la qualit\u00e9 communiquera avec lui pour obtenir une explication. Dans certaines situations, un TLM non conforme peut \u00eatre renvoy\u00e9 au comit\u00e9 d\u2019assurance de la qualit\u00e9 de l\u2019OTLMO pour un examen plus approfondi. Le personnel veillera \u00e0 ce que le TLM re\u00e7oive toutes les informations n\u00e9cessaires et ait la possibilit\u00e9 d\u2019expliquer la situation au comit\u00e9.<\/p>\n            <\/div>\n        <\/div>\n    <\/section>\n    \n    <section class=\"content-wrapper\" id=\"grey-section-container\">\n        <div class=\"svg-element\" id=\"top\">\n            <object type=\"image\/svg+xml\"\n                    data=\"https:\/\/www.cmlto.com\/wp-content\/themes\/cmlto\/assets\/images\/ellipse_1.svg\"><\/object>\n        <\/div>\n        <div class=\"svg-element\" id=\"left\">\n            <object type=\"image\/svg+xml\"\n                    data=\"https:\/\/www.cmlto.com\/wp-content\/themes\/cmlto\/assets\/images\/ellipse_6.svg\"><\/object>\n        <\/div>\n        <div class=\"svg-element\" id=\"right\">\n            <object type=\"image\/svg+xml\"\n                    data=\"https:\/\/www.cmlto.com\/wp-content\/themes\/cmlto\/assets\/images\/ellipse_6.svg\"><\/object>\n        <\/div>\n        <div class=\"content\">\n            <div class=\"grey-section-wrapper\">\n                    <div class=\"bulleted-list-container\">\n        <div class=\"svg-element\">\n            <object id=\"triangle\" type=\"image\/svg+xml\"\n                    data=\"https:\/\/www.cmlto.com\/wp-content\/themes\/cmlto\/assets\/images\/triangle.svg\"><\/object>\n            <object id=\"mobile-circle\" type=\"image\/svg+xml\"\n                    data=\"https:\/\/www.cmlto.com\/wp-content\/themes\/cmlto\/assets\/images\/circle.svg\"><\/object>\n        <\/div>\n        <div class=\"bulleted-list-wrapper-container\">\n            \n<h1><span class=\"TextRun Highlight SCXW183875910 BCX0\" lang=\"FR-CA\" xml:lang=\"FR-CA\" data-contrast=\"none\"><span class=\"NormalTextRun SCXW183875910 BCX0\">Les d\u00e9clarations mettent en \u00e9vidence<\/span><\/span><\/h1>\n<p>Les d\u00e9clarations mettent en \u00e9vidence les exigences en mati\u00e8re d\u2019exercice professionnel essentielles pour un exercice s\u00e9curitaire du TLM. Elles comprennent\u202f:<\/p>\n    <div class=\"bulleted-list-wrapper \">\n        <div class=\"list-wrapper\" data-aos=\"fade-right\" data-aos-duration=\"1000\" data-aos-once=\"true\">\n            \n<ul>\n<li aria-level=\"1\">J\u2019ai respect\u00e9 les normes d\u2019exercice et le code de d\u00e9ontologie de l\u2019OTLMO.<\/li>\n<li aria-level=\"1\">\n<div class=\"flex flex-col text-sm pb-25\">\n<section class=\"text-token-text-primary w-full focus:outline-none &#091;--shadow-height:45px&#093; has-data-writing-block:pointer-events-none has-data-writing-block:-mt-(--shadow-height) has-data-writing-block:pt-(--shadow-height) &#091;&amp;:has(&#091;data-writing-block&#093;)&gt;*&#093;:pointer-events-auto scroll-mt-&#091;calc(var(--header-height)+min(200px,max(70px,20svh)))&#093;\" dir=\"auto\" data-turn-id=\"request-WEB:36ce60a9-926e-432c-a248-d899c7be1e88-1\" data-testid=\"conversation-turn-2\" data-scroll-anchor=\"true\" data-turn=\"assistant\">\n<div class=\"text-base my-auto mx-auto pb-10 &#091;--thread-content-margin:var(--thread-content-margin-xs,calc(var(--spacing)*4))&#093; @w-sm\/main:&#091;--thread-content-margin:var(--thread-content-margin-sm,calc(var(--spacing)*6))&#093; @w-lg\/main:&#091;--thread-content-margin:var(--thread-content-margin-lg,calc(var(--spacing)*16))&#093; px-(--thread-content-margin)\">\n<div class=\"&#091;--thread-content-max-width:40rem&#093; @w-lg\/main:&#091;--thread-content-max-width:48rem&#093; mx-auto max-w-(--thread-content-max-width) flex-1 group\/turn-messages focus-visible:outline-hidden relative flex w-full min-w-0 flex-col agent-turn\">\n<div class=\"flex max-w-full flex-col gap-4 grow\">\n<div class=\"min-h-8 text-message relative flex w-full flex-col items-end gap-2 text-start break-words whitespace-normal outline-none keyboard-focused:focus-ring &#091;.text-message+&amp;&#093;:mt-1\" dir=\"auto\" tabindex=\"0\" data-message-author-role=\"assistant\" data-message-id=\"2914feca-cd61-40d4-95ac-d0fc34897e35\" data-message-model-slug=\"gpt-5-3\" data-turn-start-message=\"true\">\n<div class=\"flex w-full flex-col gap-1 empty:hidden\">\n<div class=\"markdown prose dark:prose-invert w-full wrap-break-word light markdown-new-styling\">\n<p data-start=\"0\" data-end=\"80\" data-is-last-node=\"\" data-is-only-node=\"\">Je suis comp\u00e9tent(e) et capable d\u2019exercer la technologie de laboratoire m\u00e9dical.<\/p>\n<\/div>\n<\/div>\n<\/div>\n<\/div>\n<\/div>\n<\/div>\n<\/section>\n<\/div>\n<\/li>\n<li aria-level=\"1\">Je comprends qu\u2019il est de mon devoir professionnel de maintenir un dossier professionnel \u00e0 jour.<\/li>\n<li aria-level=\"1\">Je comprends qu\u2019il est obligatoire pour les inscrits en exercice de participer au programme d\u2019assurance de la qualit\u00e9 de l\u2019OTLMO.<\/li>\n<li aria-level=\"1\">Je comprends que je dois soumettre \u00e0 l\u2019Ordre mes objectifs d\u2019auto-\u00e9valuation et d\u2019apprentissage d\u2019ici le 31\u202fmars.<\/li>\n<\/ul>\n        <\/div>\n        <div class=\"image-wrapper\" data-aos=\"fade-left\" data-aos-duration=\"1000\" data-aos-once=\"true\">\n            <div class=\"background\" style=\"background-image: url('https:\/\/www.cmlto.com\/wp-content\/uploads\/2022\/12\/lab.jpg')\"><\/div>\n        <\/div>\n    <\/div>\n    \n        <\/div>\n    <\/div>\n    \n            <\/div>\n        <\/div>\n    <\/section>\n    \n","protected":false},"excerpt":{"rendered":"","protected":false},"author":1,"featured_media":2066,"parent":0,"menu_order":0,"comment_status":"closed","ping_status":"closed","template":"","meta":{"_acf_changed":false,"footnotes":""},"class_list":["post-2689","page","type-page","status-publish","has-post-thumbnail","hentry"],"acf":[],"_links":{"self":[{"href":"https:\/\/www.cmlto.com\/fr\/wp-json\/wp\/v2\/pages\/2689","targetHints":{"allow":["GET"]}}],"collection":[{"href":"https:\/\/www.cmlto.com\/fr\/wp-json\/wp\/v2\/pages"}],"about":[{"href":"https:\/\/www.cmlto.com\/fr\/wp-json\/wp\/v2\/types\/page"}],"author":[{"embeddable":true,"href":"https:\/\/www.cmlto.com\/fr\/wp-json\/wp\/v2\/users\/1"}],"replies":[{"embeddable":true,"href":"https:\/\/www.cmlto.com\/fr\/wp-json\/wp\/v2\/comments?post=2689"}],"version-history":[{"count":3,"href":"https:\/\/www.cmlto.com\/fr\/wp-json\/wp\/v2\/pages\/2689\/revisions"}],"predecessor-version":[{"id":8612,"href":"https:\/\/www.cmlto.com\/fr\/wp-json\/wp\/v2\/pages\/2689\/revisions\/8612"}],"wp:featuredmedia":[{"embeddable":true,"href":"https:\/\/www.cmlto.com\/fr\/wp-json\/wp\/v2\/media\/2066"}],"wp:attachment":[{"href":"https:\/\/www.cmlto.com\/fr\/wp-json\/wp\/v2\/media?parent=2689"}],"curies":[{"name":"wp","href":"https:\/\/api.w.org\/{rel}","templated":true}]}}