{"id":2620,"date":"2023-12-15T17:50:04","date_gmt":"2023-12-15T22:50:04","guid":{"rendered":"https:\/\/geekpowertech.com\/cmlto\/patient-relations-program-overview\/"},"modified":"2024-02-06T13:19:24","modified_gmt":"2024-02-06T18:19:24","slug":"patient-relations-program-overview","status":"publish","type":"page","link":"https:\/\/www.cmlto.com\/fr\/patient-relations-program-overview\/","title":{"rendered":"Aper\u00e7u du programme de relations avec les patients"},"content":{"rendered":"    <section class=\"content-wrapper ulstyle\">\n        <div class=\"image-text-container content\">\n            <div class=\"image-wrapper\" data-aos=\"fade-right\" data-aos-duration=\"1000\" data-aos-once=\"true\">\n                                    <div class=\"left-image\">\n                        <img decoding=\"async\" src=\"https:\/\/www.cmlto.com\/wp-content\/uploads\/2022\/12\/654cf0216e95c2395d0cf9eeb814560a.png\">\n                    <\/div>\n                            <\/div>\n            <div class=\"text-wrapper\" data-aos=\"fade-left\" data-aos-duration=\"1000\" data-aos-once=\"true\">\n                \n<h2>APER\u00c7U DU PROGRAMME DE RELATIONS AVEC LES PATIENTS DE L\u2019OTLMO<\/h2>\n<p>Un \u00e9l\u00e9ment essentiel du travail que l\u2019OTLMO accomplit dans le cadre de sa mission de protection du public est le programme de relations avec les patients de l\u2019OTLMO.<\/p>\n<p>Les objectifs g\u00e9n\u00e9raux du programme de relations avec les patients sont les suivants\u202f:<\/p>\n<ul>\n<li>Am\u00e9liorer la compr\u00e9hension du public <strong>de la profession et du r\u00f4le vital que jouent les technologistes de laboratoire m\u00e9dical (TLM) pour assurer des r\u00e9sultats positifs pour les patients.<\/strong><\/li>\n<li>Fournir au public un <strong>acc\u00e8s facile \u00e0 l\u2019information<\/strong> n\u00e9cessaire pour comprendre ce r\u00f4le et acc\u00e9der aux services de l\u2019OTLMO.<\/li>\n<li>Am\u00e9liorer la <strong>compr\u00e9hension<\/strong> du public <strong>du r\u00f4le de l\u2019OTLMO dans la<\/strong> r\u00e9glementation des TLM.<\/li>\n<li>Soutenir les inscrits \u00e0 l&rsquo;OTLMO dans leurs efforts pour <strong>promouvoir des relations positives avec les patients<\/strong> en fournissant des normes de pratique et des lignes directrices \u00e0 jour.<\/li>\n<\/ul>\n<p><span style=\"font-size: revert; color: initial;\">            <\/div>\n        <\/div>\n    <\/section>\n    <\/span><\/p>\n    <section class=\"content-wrapper right-text \">\n        <div class=\"text-container content\">\n            <div class=\"title-wrapper\" data-aos=\"fade-right\" data-aos-duration=\"1000\" data-aos-once=\"true\">\n                <h1>COMIT\u00c9 DES RELATIONS AVEC LES PATIENTS DE L\u2019OTLMO<\/h1>\n            <\/div>\n            <div class=\"text-wrapper\" data-aos=\"fade-left\" data-aos-duration=\"1000\" data-aos-once=\"true\">\n                \n<p>En plus du programme de relations avec les patients, l\u2019OTLMO dispose d\u2019un comit\u00e9 des relations avec les patients.<\/p>\n<p>L\u2019objectif principal du comit\u00e9 des relations avec les patients est le <strong>plan de pr\u00e9vention des abus sexuels \u00e0 l\u2019OTLMO, comme l\u2019exige la Loi de 1991 sur les professions de la sant\u00e9 r\u00e9glement\u00e9es (LPSR). <\/strong><\/p>\n<p>Les objectifs du programme de pr\u00e9vention des abus sexuels sont les suivants\u202f:<\/p>\n<ul>\n<li style=\"font-weight: 400;\" aria-level=\"1\">Promouvoir une politique de tol\u00e9rance z\u00e9ro \u00e0 l\u2019\u00e9gard de tous les aspects des mauvais traitements d\u2019ordre sexuel tels qu\u2019ils sont identifi\u00e9s dans la LPSR.<\/li>\n<li style=\"font-weight: 400;\" aria-level=\"1\">\n<p>Fournir des lignes directrices et des ressources d\u2019apprentissage aux inscrits \u00e0 l&rsquo;OTLMO afin de pr\u00e9venir et d\u2019\u00e9radiquer les mauvais traitements d\u2019ordre sexuel et de soutenir l\u2019excellence dans les relations entre les patients et les inscrits.<\/li>\n<li style=\"font-weight: 400;\" aria-level=\"1\">\n<p>Administrer et \u00e9valuer l\u2019efficacit\u00e9 du fonds pour la th\u00e9rapie et le counseling pour les patients qui ont \u00e9t\u00e9 victimes d\u2019abus sexuels.<\/li>\n<li style=\"font-weight: 400;\" aria-level=\"1\">\n<p>Identifier d\u2019autres probl\u00e8mes et tendances qui sont importants pour maintenir d\u2019excellentes relations avec les patients.<\/li>\n<\/ul>\n<p><span class=\"TextRun SCXW255733219 BCX0\" lang=\"FR-CA\" xml:lang=\"FR-CA\" data-contrast=\"none\"><span class=\"NormalTextRun SCXW255733219 BCX0\">Si vous avez besoin de plus amples renseignements sur le programme de relations avec les patients de l\u2019OTLMO du comit\u00e9 des relations avec les patients de l\u2019OTLMO, veuillez communiquer avec la ressource de conduite professionnelle de l\u2019OTLMO \u00e0 <\/span><\/span><a class=\"Hyperlink SCXW255733219 BCX0\" href=\"mailto:professionalconduct@cmlto.com\" target=\"_blank\" rel=\"noreferrer noopener\"><span class=\"TextRun Underlined SCXW255733219 BCX0\" lang=\"FR-CA\" xml:lang=\"FR-CA\" data-contrast=\"none\"><span class=\"NormalTextRun SCXW255733219 BCX0\" data-ccp-charstyle=\"Hyperlink\">professionalconduct@cmlto.com<\/span><\/span><\/a><span class=\"EOP SCXW255733219 BCX0\" data-ccp-props=\"{&quot;201341983&quot;:0,&quot;335559740&quot;:259}\">\u00a0<\/span><\/p>\n            <\/div>\n        <\/div>\n    <\/section>\n    \n","protected":false},"excerpt":{"rendered":"","protected":false},"author":1,"featured_media":2066,"parent":0,"menu_order":0,"comment_status":"closed","ping_status":"closed","template":"","meta":{"_acf_changed":false,"footnotes":""},"class_list":["post-2620","page","type-page","status-publish","has-post-thumbnail","hentry"],"acf":[],"_links":{"self":[{"href":"https:\/\/www.cmlto.com\/fr\/wp-json\/wp\/v2\/pages\/2620","targetHints":{"allow":["GET"]}}],"collection":[{"href":"https:\/\/www.cmlto.com\/fr\/wp-json\/wp\/v2\/pages"}],"about":[{"href":"https:\/\/www.cmlto.com\/fr\/wp-json\/wp\/v2\/types\/page"}],"author":[{"embeddable":true,"href":"https:\/\/www.cmlto.com\/fr\/wp-json\/wp\/v2\/users\/1"}],"replies":[{"embeddable":true,"href":"https:\/\/www.cmlto.com\/fr\/wp-json\/wp\/v2\/comments?post=2620"}],"version-history":[{"count":1,"href":"https:\/\/www.cmlto.com\/fr\/wp-json\/wp\/v2\/pages\/2620\/revisions"}],"predecessor-version":[{"id":2622,"href":"https:\/\/www.cmlto.com\/fr\/wp-json\/wp\/v2\/pages\/2620\/revisions\/2622"}],"wp:featuredmedia":[{"embeddable":true,"href":"https:\/\/www.cmlto.com\/fr\/wp-json\/wp\/v2\/media\/2066"}],"wp:attachment":[{"href":"https:\/\/www.cmlto.com\/fr\/wp-json\/wp\/v2\/media?parent=2620"}],"curies":[{"name":"wp","href":"https:\/\/api.w.org\/{rel}","templated":true}]}}