{"id":2612,"date":"2023-12-18T13:48:25","date_gmt":"2023-12-18T18:48:25","guid":{"rendered":"https:\/\/geekpowertech.com\/cmlto\/my-cmlto-registration-status\/"},"modified":"2024-02-12T09:10:10","modified_gmt":"2024-02-12T14:10:10","slug":"my-cmlto-registration-status","status":"publish","type":"page","link":"https:\/\/www.cmlto.com\/fr\/my-cmlto-registration-status\/","title":{"rendered":"Mon statut d\u2019inscription \u00e0 l\u2019OTLMO"},"content":{"rendered":"    <section class=\"content-wrapper ulstyle\">\n        <div class=\"image-text-container content\">\n            <div class=\"image-wrapper\" data-aos=\"fade-right\" data-aos-duration=\"1000\" data-aos-once=\"true\">\n                                    <div class=\"left-image\">\n                        <img decoding=\"async\" src=\"https:\/\/www.cmlto.com\/wp-content\/uploads\/2022\/12\/654cf0216e95c2395d0cf9eeb814560a.png\">\n                    <\/div>\n                            <\/div>\n            <div class=\"text-wrapper\" data-aos=\"fade-left\" data-aos-duration=\"1000\" data-aos-once=\"true\">\n                Cette section du site Web comprend les ressources cl\u00e9s dont vous pourriez avoir besoin pour g\u00e9rer votre inscription \u00e0 l\u2019OTLMO. Ces ressources comprennent\u202f:<\/p>\n<ul>\n<li style=\"font-weight: 400;\" aria-level=\"1\"><a href=\"https:\/\/www.cmlto.com\/fr\/renewing-my-registration-with-the-cmlto\/\">Le renouvellement de mon inscription \u00e0 l\u2019OTLMO<\/a><\/li>\n<li style=\"font-weight: 400;\" aria-level=\"1\"><a href=\"https:\/\/www.cmlto.com\/fr\/updating-my-personal-information\/\">La mise \u00e0 jour de mes renseignements personnels<\/a><\/li>\n<li><a href=\"https:\/\/www.cmlto.com\/fr\/changing-my-certificate-of-registration\/\"><span style=\"font-weight: 400;\">Le changement \u00e0 mon certificat d\u2019inscription<\/span><\/a><\/li>\n<li aria-level=\"1\"><a href=\"https:\/\/www.cmlto.com\/fr\/professional-liability-insurance\/\"><span class=\"TextRun SCXW159063595 BCX0\" lang=\"FR-CA\" xml:lang=\"FR-CA\" data-contrast=\"auto\"><span class=\"NormalTextRun SCXW159063595 BCX0\">L\u2019assurance responsabilit\u00e9 civile professionnelle<\/span><\/span><span class=\"EOP SCXW159063595 BCX0\" data-ccp-props=\"{&quot;201341983&quot;:0,&quot;335559740&quot;:259}\">\u00a0<\/span><\/a><\/li>\n<\/ul>\n            <\/div>\n        <\/div>\n    <\/section>\n    \n","protected":false},"excerpt":{"rendered":"","protected":false},"author":1,"featured_media":2066,"parent":0,"menu_order":0,"comment_status":"closed","ping_status":"closed","template":"","meta":{"_acf_changed":false,"footnotes":""},"class_list":["post-2612","page","type-page","status-publish","has-post-thumbnail","hentry"],"acf":[],"_links":{"self":[{"href":"https:\/\/www.cmlto.com\/fr\/wp-json\/wp\/v2\/pages\/2612","targetHints":{"allow":["GET"]}}],"collection":[{"href":"https:\/\/www.cmlto.com\/fr\/wp-json\/wp\/v2\/pages"}],"about":[{"href":"https:\/\/www.cmlto.com\/fr\/wp-json\/wp\/v2\/types\/page"}],"author":[{"embeddable":true,"href":"https:\/\/www.cmlto.com\/fr\/wp-json\/wp\/v2\/users\/1"}],"replies":[{"embeddable":true,"href":"https:\/\/www.cmlto.com\/fr\/wp-json\/wp\/v2\/comments?post=2612"}],"version-history":[{"count":3,"href":"https:\/\/www.cmlto.com\/fr\/wp-json\/wp\/v2\/pages\/2612\/revisions"}],"predecessor-version":[{"id":3117,"href":"https:\/\/www.cmlto.com\/fr\/wp-json\/wp\/v2\/pages\/2612\/revisions\/3117"}],"wp:featuredmedia":[{"embeddable":true,"href":"https:\/\/www.cmlto.com\/fr\/wp-json\/wp\/v2\/media\/2066"}],"wp:attachment":[{"href":"https:\/\/www.cmlto.com\/fr\/wp-json\/wp\/v2\/media?parent=2612"}],"curies":[{"name":"wp","href":"https:\/\/api.w.org\/{rel}","templated":true}]}}