{"id":2606,"date":"2024-01-05T17:26:52","date_gmt":"2024-01-05T22:26:52","guid":{"rendered":"https:\/\/geekpowertech.com\/cmlto\/mlt-practice-resources\/"},"modified":"2024-05-12T13:24:02","modified_gmt":"2024-05-12T17:24:02","slug":"mlt-practice-resources","status":"publish","type":"page","link":"https:\/\/www.cmlto.com\/fr\/mlt-practice-resources\/","title":{"rendered":"Ressources pour l\u2019exercice du TLM"},"content":{"rendered":"    <section class=\"content-wrapper \">\n        <div class=\"image-text-container content\">\n            <div class=\"image-wrapper\" data-aos=\"fade-right\" data-aos-duration=\"1000\" data-aos-once=\"true\">\n                                    <div class=\"left-image\">\n                        <img decoding=\"async\" src=\"https:\/\/www.cmlto.com\/wp-content\/uploads\/2022\/12\/654cf0216e95c2395d0cf9eeb814560a.png\">\n                    <\/div>\n                            <\/div>\n            <div class=\"text-wrapper\" data-aos=\"fade-left\" data-aos-duration=\"1000\" data-aos-once=\"true\">\n                \n<h1><span class=\"TextRun Underlined SCXW201994841 BCX0\" lang=\"FR-CA\" xml:lang=\"FR-CA\" data-contrast=\"auto\"><span class=\"NormalTextRun SCXW201994841 BCX0\">Ressources pour l\u2019exercice du TLM<\/span><\/span><span class=\"TextRun SCXW201994841 BCX0\" lang=\"FR-CA\" xml:lang=\"FR-CA\" data-contrast=\"auto\"><span class=\"NormalTextRun SCXW201994841 BCX0\">\u00a0<\/span><\/span><span class=\"EOP SCXW201994841 BCX0\" data-ccp-props=\"{&quot;201341983&quot;:0,&quot;335559740&quot;:259}\">\u00a0<\/span><\/h1>\n<p>Cette section de notre site Web comprend des informations pertinentes \u00e0 tous les domaines de l\u2019exercice du TLM, ainsi que des ressources destin\u00e9es \u00e0 soutenir l\u2019exercice du TLM. Veuillez cliquer sur chaque section pour \u00eatre dirig\u00e9 en cons\u00e9quence\u202f:<\/p>\n<ul>\n<li><a href=\"https:\/\/www.cmlto.com\/fr\/laws-legislation-governing-mlt-practice\/\">Lois et l\u00e9gislation r\u00e9gissant les TLM<\/a><\/li>\n<li><a href=\"https:\/\/www.cmlto.com\/fr\/mlt-practice-guidelines-ipc-and-webinars\/\">Lignes directrices, CIP et webinaires<\/a><\/li>\n<li><a href=\"https:\/\/www.cmlto.com\/fr\/mlt-conduct\/\">Conduite du TLM<\/a><\/li>\n<li><a href=\"https:\/\/www.cmlto.com\/fr\/seminaires-en-ligne\/\">S\u00e9minaires en ligne<\/a><\/li>\n<\/ul>\n            <\/div>\n        <\/div>\n    <\/section>\n    \n","protected":false},"excerpt":{"rendered":"","protected":false},"author":1,"featured_media":2066,"parent":0,"menu_order":0,"comment_status":"closed","ping_status":"closed","template":"","meta":{"_acf_changed":false,"footnotes":""},"class_list":["post-2606","page","type-page","status-publish","has-post-thumbnail","hentry"],"acf":[],"_links":{"self":[{"href":"https:\/\/www.cmlto.com\/fr\/wp-json\/wp\/v2\/pages\/2606","targetHints":{"allow":["GET"]}}],"collection":[{"href":"https:\/\/www.cmlto.com\/fr\/wp-json\/wp\/v2\/pages"}],"about":[{"href":"https:\/\/www.cmlto.com\/fr\/wp-json\/wp\/v2\/types\/page"}],"author":[{"embeddable":true,"href":"https:\/\/www.cmlto.com\/fr\/wp-json\/wp\/v2\/users\/1"}],"replies":[{"embeddable":true,"href":"https:\/\/www.cmlto.com\/fr\/wp-json\/wp\/v2\/comments?post=2606"}],"version-history":[{"count":3,"href":"https:\/\/www.cmlto.com\/fr\/wp-json\/wp\/v2\/pages\/2606\/revisions"}],"predecessor-version":[{"id":4561,"href":"https:\/\/www.cmlto.com\/fr\/wp-json\/wp\/v2\/pages\/2606\/revisions\/4561"}],"wp:featuredmedia":[{"embeddable":true,"href":"https:\/\/www.cmlto.com\/fr\/wp-json\/wp\/v2\/media\/2066"}],"wp:attachment":[{"href":"https:\/\/www.cmlto.com\/fr\/wp-json\/wp\/v2\/media?parent=2606"}],"curies":[{"name":"wp","href":"https:\/\/api.w.org\/{rel}","templated":true}]}}