{"id":2572,"date":"2023-12-18T13:27:33","date_gmt":"2023-12-18T18:27:33","guid":{"rendered":"https:\/\/geekpowertech.com\/cmlto\/mlt-education-certification-exam\/"},"modified":"2026-02-10T14:02:40","modified_gmt":"2026-02-10T19:02:40","slug":"mlt-education-certification-exam","status":"publish","type":"page","link":"https:\/\/www.cmlto.com\/fr\/mlt-education-certification-exam\/","title":{"rendered":"Examens d\u2019acc\u00e8s \u00e0 la pratique"},"content":{"rendered":"    <section class=\"content-wrapper ulstyle\">\n        <div class=\"image-text-container content\">\n            <div class=\"image-wrapper\" data-aos=\"fade-right\" data-aos-duration=\"1000\" data-aos-once=\"true\">\n                                    <div class=\"left-image\">\n                        <img decoding=\"async\" src=\"https:\/\/www.cmlto.com\/wp-content\/uploads\/2022\/12\/654cf0216e95c2395d0cf9eeb814560a.png\">\n                    <\/div>\n                            <\/div>\n            <div class=\"text-wrapper\" data-aos=\"fade-left\" data-aos-duration=\"1000\" data-aos-once=\"true\">\n                \n<p>Les candidats doivent fournir des documents montrant qu\u2019ils ont satisfait \u00e0 deux conditions d\u2019inscription tr\u00e8s importantes, qui comprennent la r\u00e9ussite d\u2019un programme agr\u00e9\u00e9 de TLM ou d\u2019une \u00e9valuation des connaissances acquises (ECA) et qu\u2019ils ont r\u00e9ussi un examen d\u2019acc\u00e8s \u00e0 la pratique. Les candidats y parviennent par divers moyens en fonction de l\u2019endroit o\u00f9 leur formation et leur exp\u00e9rience initiales en TLM ont eu lieu.             <\/div>\n        <\/div>\n    <\/section>\n    \n    <section class=\"content-wrapper right-text \">\n        <div class=\"text-container content\">\n            <div class=\"title-wrapper\" data-aos=\"fade-right\" data-aos-duration=\"1000\" data-aos-once=\"true\">\n                <h1>J\u2019ai obtenu mon dipl\u00f4me d\u2019un programme agr\u00e9\u00e9 de TLM<\/h1>\n            <\/div>\n            <div class=\"text-wrapper\" data-aos=\"fade-left\" data-aos-duration=\"1000\" data-aos-once=\"true\">\n                \n<p>L\u2019OTLMO reconna\u00eet que les dipl\u00f4m\u00e9s d\u2019un programme agr\u00e9\u00e9 de l\u2019Organisation de normes en sant\u00e9 (HSO) ou du programme EQual poss\u00e8dent les connaissances, les comp\u00e9tences et le jugement n\u00e9cessaires pour travailler dans la profession. Un programme agr\u00e9\u00e9 signifie qu\u2019il a d\u00e9montr\u00e9 sa conformit\u00e9 aux normes particuli\u00e8res requises pour s\u2019assurer que les dipl\u00f4m\u00e9s ont une \u00e9ducation de qualit\u00e9 et ax\u00e9e sur les comp\u00e9tences.<\/p>\n<p><span class=\"TextRun Highlight SCXW179622773 BCX0\" lang=\"FR-CA\" xml:lang=\"FR-CA\" data-contrast=\"none\"><span class=\"NormalTextRun SCXW179622773 BCX0\">Si vous cherchez \u00e0 vous inscrire \u00e0 un programme de TLM canadien, veuillez consulter le <\/span><\/span><a class=\"Hyperlink SCXW179622773 BCX0\" href=\"https:\/\/accreditation.ca\/ca-fr\/programmes-evaluation\/agrement-de-leducation-en-sante\/programmes-deducation\/?acref=self\" target=\"_blank\" rel=\"noreferrer noopener\"><span class=\"TextRun Highlight Underlined SCXW179622773 BCX0\" lang=\"FR-CA\" xml:lang=\"FR-CA\" data-contrast=\"none\"><span class=\"NormalTextRun SCXW179622773 BCX0\" data-ccp-charstyle=\"Hyperlink\">site Web d\u2019Agr\u00e9ment Canada<\/span><\/span><\/a><span class=\"TextRun Highlight SCXW179622773 BCX0\" lang=\"FR-CA\" xml:lang=\"FR-CA\" data-contrast=\"none\"><span class=\"NormalTextRun SCXW179622773 BCX0\"> pour consulter les listes actuelles des programmes agr\u00e9\u00e9s de technologie de laboratoire m\u00e9dical par province.<\/span><\/span><span class=\"EOP SCXW179622773 BCX0\" data-ccp-props=\"{&quot;201341983&quot;:0,&quot;335559740&quot;:259}\">\u00a0<\/span><\/p>\n            <\/div>\n        <\/div>\n    <\/section>\n    \n    <section class=\"content-wrapper ulstyle\">\n        <div class=\"image-text-container content\">\n            <div class=\"image-wrapper\" data-aos=\"fade-right\" data-aos-duration=\"1000\" data-aos-once=\"true\">\n                                    <div class=\"left-image\">\n                        <img decoding=\"async\" src=\"https:\/\/www.cmlto.com\/wp-content\/uploads\/2022\/12\/654cf0216e95c2395d0cf9eeb814560a.png\">\n                    <\/div>\n                            <\/div>\n            <div class=\"text-wrapper\" data-aos=\"fade-left\" data-aos-duration=\"1000\" data-aos-once=\"true\">\n                \n<h2>Je suis un dipl\u00f4m\u00e9 non accr\u00e9dit\u00e9<\/h2>\n<p>Cette information s\u2019adresse aux personnes ayant compl\u00e9t\u00e9 une formation qui n\u2019a pas \u00e9t\u00e9 accr\u00e9dit\u00e9e par l\u2019Organisme de normalisation en sant\u00e9 (HSO). Une liste des programmes de TLM accr\u00e9dit\u00e9s par le HSO est disponible ici. Cette information peut s\u2019appliquer aux candidats TLM form\u00e9s \u00e0 l\u2019international ainsi qu\u2019\u00e0 ceux ayant suivi un parcours de formation non traditionnel. Veuillez noter que ces personnes doivent compl\u00e9ter une \u00c9valuation des acquis (\u00c9AA) afin de d\u00e9montrer leur \u00e9quivalence par rapport au(x) profil(s) de comp\u00e9tences nationales. Le processus d\u2019\u00c9AA est effectu\u00e9 par l\u2019Alliance canadienne des organismes de r\u00e9glementation des professions de laboratoire m\u00e9dical (ACORPLM).<\/p>\n<ul>\n<li><span data-contrast=\"none\">Sans frais\u202f:1-431-804-4740<\/span><\/li>\n<li><span data-contrast=\"none\">Courriel\u202f: <a href=\"mailto:info@camlpr.org\">info@camlpr.org<\/a><\/span><span data-ccp-props=\"{&quot;201341983&quot;:0,&quot;335559740&quot;:259}\">\u00a0<\/span><\/li>\n<\/ul>\n            <\/div>\n        <\/div>\n    <\/section>\n    \n    <section class=\"content-wrapper\" id=\"grey-section-container\">\n        <div class=\"svg-element\" id=\"top\">\n            <object type=\"image\/svg+xml\"\n                    data=\"https:\/\/www.cmlto.com\/wp-content\/themes\/cmlto\/assets\/images\/ellipse_1.svg\"><\/object>\n        <\/div>\n        <div class=\"svg-element\" id=\"left\">\n            <object type=\"image\/svg+xml\"\n                    data=\"https:\/\/www.cmlto.com\/wp-content\/themes\/cmlto\/assets\/images\/ellipse_6.svg\"><\/object>\n        <\/div>\n        <div class=\"svg-element\" id=\"right\">\n            <object type=\"image\/svg+xml\"\n                    data=\"https:\/\/www.cmlto.com\/wp-content\/themes\/cmlto\/assets\/images\/ellipse_6.svg\"><\/object>\n        <\/div>\n        <div class=\"content\">\n            <div class=\"grey-section-wrapper\">\n                    <div class=\"bulleted-list-container\">\n        <div class=\"svg-element\">\n            <object id=\"triangle\" type=\"image\/svg+xml\"\n                    data=\"https:\/\/www.cmlto.com\/wp-content\/themes\/cmlto\/assets\/images\/triangle.svg\"><\/object>\n            <object id=\"mobile-circle\" type=\"image\/svg+xml\"\n                    data=\"https:\/\/www.cmlto.com\/wp-content\/themes\/cmlto\/assets\/images\/circle.svg\"><\/object>\n        <\/div>\n        <div class=\"bulleted-list-wrapper-container\">\n            \n<h1><span class=\"TextRun SCXW206430262 BCX0\" lang=\"FR-CA\" xml:lang=\"FR-CA\" data-contrast=\"none\"><span class=\"NormalTextRun SCXW206430262 BCX0\">Contester l&rsquo;Examens d\u2019acc\u00e8s \u00e0 la pratique<\/span><\/span><\/h1>\n<p style=\"text-align: left;\"><span class=\"TextRun SCXW168686634 BCX0\" lang=\"FR-CA\" xml:lang=\"FR-CA\" data-contrast=\"auto\"><span class=\"NormalTextRun SCXW168686634 BCX0\">La r\u00e9ussite d\u2019un examen d\u2019acc\u00e8s \u00e0 la pratique est une condition d\u2019inscription pr\u00e9vue par la loi. Les examens de certification des TLM sont administr\u00e9s par la ACORPLM. Les examens sont les suivants\u202f:<\/span><\/span><\/p>\n    <div class=\"bulleted-list-wrapper \">\n        <div class=\"list-wrapper\" data-aos=\"fade-right\" data-aos-duration=\"1000\" data-aos-once=\"true\">\n            \n<ul>\n<li style=\"font-weight: 400; text-align: left;\" aria-level=\"1\">Technologie g\u00e9n\u00e9rale de laboratoire m\u00e9dical, qui \u00e9value la biochimie, l\u2019h\u00e9matologie, l\u2019histologie, la microbiologie, la phl\u00e9botomie et la science transfusionnelle<\/li>\n<li style=\"font-weight: 400;\" aria-level=\"1\">\n<p style=\"text-align: left;\">Cytologie diagnostique, qui \u00e9value la cytologie et l\u2019histologie<\/p>\n<\/li>\n<li style=\"font-weight: 400;\" aria-level=\"1\">\n<p style=\"text-align: left;\">Technologie g\u00e9n\u00e9tique clinique, qui \u00e9value la g\u00e9n\u00e9tique mol\u00e9culaire et la cytog\u00e9n\u00e9tique<\/p>\n<\/li>\n<\/ul>\n<p style=\"text-align: left;\"><span class=\"TextRun SCXW152099158 BCX0\" lang=\"FR-CA\" xml:lang=\"FR-CA\" data-contrast=\"auto\"><span class=\"NormalTextRun SCXW152099158 BCX0\">Veuillez communiquer avec ACORPLM pour obtenir des renseignements et des ressources concernant ses examens de <\/span><span class=\"NormalTextRun SCXW152099158 BCX0\">certification, y compris les crit\u00e8res d\u2019admissibilit\u00e9, les dates de demande, les frais et le processus.<\/span><\/span><span class=\"EOP SCXW152099158 BCX0\" data-ccp-props=\"{&quot;201341983&quot;:0,&quot;335559740&quot;:259}\">\u00a0<\/span><\/p>\n<ul>\n<li><a href=\"https:\/\/camlpr.org\/fr\/devenez-tlm\/examens-de-competences-des-champs-de-pratique\/\"><span class=\"TextRun SCXW152099158 BCX0\" lang=\"FR-CA\" xml:lang=\"FR-CA\" data-contrast=\"auto\"><span class=\"NormalTextRun SCXW152099158 BCX0\">ACORPLM <\/span><\/span>site web pour plus d\u2019informations<\/a><\/li>\n<li><span data-contrast=\"auto\">Sans frais\u202f: 1-431-804-4740<\/span><\/li>\n<li><span data-contrast=\"auto\">Courriel\u202f: <a href=\"mailto:info@camlpr.org\">info@camlpr.org<\/a><\/span><span data-ccp-props=\"{&quot;201341983&quot;:0,&quot;335559740&quot;:259}\">\u00a0<\/span><\/li>\n<\/ul>\n        <\/div>\n        <div class=\"image-wrapper\" data-aos=\"fade-left\" data-aos-duration=\"1000\" data-aos-once=\"true\">\n            <div class=\"background\" style=\"background-image: url('https:\/\/www.cmlto.com\/wp-content\/uploads\/2022\/12\/lab.jpg')\"><\/div>\n        <\/div>\n    <\/div>\n    \n        <\/div>\n    <\/div>\n    \n            <\/div>\n        <\/div>\n    <\/section>\n    \n","protected":false},"excerpt":{"rendered":"","protected":false},"author":1,"featured_media":5265,"parent":0,"menu_order":0,"comment_status":"closed","ping_status":"closed","template":"","meta":{"_acf_changed":false,"footnotes":""},"class_list":["post-2572","page","type-page","status-publish","has-post-thumbnail","hentry"],"acf":[],"_links":{"self":[{"href":"https:\/\/www.cmlto.com\/fr\/wp-json\/wp\/v2\/pages\/2572","targetHints":{"allow":["GET"]}}],"collection":[{"href":"https:\/\/www.cmlto.com\/fr\/wp-json\/wp\/v2\/pages"}],"about":[{"href":"https:\/\/www.cmlto.com\/fr\/wp-json\/wp\/v2\/types\/page"}],"author":[{"embeddable":true,"href":"https:\/\/www.cmlto.com\/fr\/wp-json\/wp\/v2\/users\/1"}],"replies":[{"embeddable":true,"href":"https:\/\/www.cmlto.com\/fr\/wp-json\/wp\/v2\/comments?post=2572"}],"version-history":[{"count":9,"href":"https:\/\/www.cmlto.com\/fr\/wp-json\/wp\/v2\/pages\/2572\/revisions"}],"predecessor-version":[{"id":8352,"href":"https:\/\/www.cmlto.com\/fr\/wp-json\/wp\/v2\/pages\/2572\/revisions\/8352"}],"wp:featuredmedia":[{"embeddable":true,"href":"https:\/\/www.cmlto.com\/fr\/wp-json\/wp\/v2\/media\/5265"}],"wp:attachment":[{"href":"https:\/\/www.cmlto.com\/fr\/wp-json\/wp\/v2\/media?parent=2572"}],"curies":[{"name":"wp","href":"https:\/\/api.w.org\/{rel}","templated":true}]}}