{"id":2550,"date":"2024-01-06T18:12:09","date_gmt":"2024-01-06T23:12:09","guid":{"rendered":"https:\/\/geekpowertech.com\/cmlto\/i-am-an-applicant\/"},"modified":"2025-08-29T11:59:11","modified_gmt":"2025-08-29T15:59:11","slug":"i-am-an-applicant","status":"publish","type":"page","link":"https:\/\/www.cmlto.com\/fr\/i-am-an-applicant\/","title":{"rendered":"JE SUIS UN DEMANDEUR"},"content":{"rendered":"    <section class=\"content-wrapper \">\n        <div class=\"image-text-container content\">\n            <div class=\"image-wrapper\" data-aos=\"fade-right\" data-aos-duration=\"1000\" data-aos-once=\"true\">\n                                    <div class=\"left-image\">\n                        <img decoding=\"async\" src=\"https:\/\/www.cmlto.com\/wp-content\/uploads\/2022\/12\/654cf0216e95c2395d0cf9eeb814560a.png\">\n                    <\/div>\n                            <\/div>\n            <div class=\"text-wrapper\" data-aos=\"fade-left\" data-aos-duration=\"1000\" data-aos-once=\"true\">\n                \n<p><span class=\"TextRun SCXW101101327 BCX0\" lang=\"FR-CA\" xml:lang=\"FR-CA\" data-contrast=\"auto\"><span class=\"NormalTextRun SCXW101101327 BCX0\">Les technologistes de laboratoire m\u00e9dical (TLM) sont des professionnels r\u00e9gis par la Loi sur les professions de la sant\u00e9 r\u00e9glement\u00e9es de l\u2019Ontario. Avant d\u2019exercer en Ontario, les TLM doivent satisfaire aux conditions d\u2019inscription \u00e9tablies par l\u2019Ordre des technologistes de laboratoire m\u00e9dical de l\u2019Ontario <\/span><\/span><span class=\"TextRun SCXW101101327 BCX0\" lang=\"FR-CA\" xml:lang=\"FR-CA\" data-contrast=\"none\"><span class=\"NormalTextRun SCXW101101327 BCX0\">(OTLMO).<\/span><\/span><span class=\"TextRun SCXW101101327 BCX0\" lang=\"FR-CA\" xml:lang=\"FR-CA\" data-contrast=\"auto\"><span class=\"NormalTextRun SCXW101101327 BCX0\"> L\u2019inscription aupr\u00e8s de l\u2019OTLMO permet de s\u2019assurer qu\u2019un TLM a satisfait aux exigences d\u2019un exercice s\u00e9curitaire et comp\u00e9tent. Les demandes d\u2019inscription \u00e0 l\u2019OTLMO consistent en une demande en ligne suivie de la pr\u00e9sentation de documents justificatifs.\u00a0<\/span><\/span><span class=\"EOP SCXW101101327 BCX0\" data-ccp-props=\"{&quot;201341983&quot;:0,&quot;335559740&quot;:259}\">\u00a0<\/span><\/p>\n<p><span class=\"TextRun SCXW83284357 BCX0\" lang=\"FR-CA\" xml:lang=\"FR-CA\" data-contrast=\"auto\"><span class=\"NormalTextRun SCXW83284357 BCX0\">Pour les personnes int\u00e9ress\u00e9es \u00e0 s\u2019inscrire aupr\u00e8s de l\u2019OTLMO, veuillez consulter les pages suivantes pour obtenir des renseignements sur le processus et les conditions d&rsquo;inscription.<\/span><\/span><span class=\"EOP SCXW83284357 BCX0\" data-ccp-props=\"{&quot;201341983&quot;:0,&quot;335559740&quot;:259}\">\u00a0<\/span><\/p>\n<p>Auparavant, <span class=\"TextRun SCXW83284357 BCX0\" lang=\"FR-CA\" xml:lang=\"FR-CA\" data-contrast=\"auto\"><span class=\"NormalTextRun SCXW83284357 BCX0\">l\u2019OTLMO<\/span><\/span> utilisait une terminologie distinguant les TLM form\u00e9s au Canada et les TLM form\u00e9s \u00e0 l\u2019international. Dor\u00e9navant, afin d\u2019assurer l\u2019utilisation d\u2019un vocabulaire align\u00e9 sur le secteur du laboratoire m\u00e9dical, nous diff\u00e9rencierons les candidats selon leur formation et emploierons les termes \u00ab Accr\u00e9dit\u00e9 par l\u2019HSO \u00bb et \u00ab Non accr\u00e9dit\u00e9 par l\u2019HSO \u00bb.<\/p>\n            <\/div>\n        <\/div>\n    <\/section>\n    \n    <section class=\"full-row-container ulstyle\">\n        <div class=\"svg-element\" id=\"right\">\n            <object type=\"image\/svg+xml\"\n                    data=\"https:\/\/www.cmlto.com\/wp-content\/themes\/cmlto\/assets\/images\/ellipse_5.svg\"><\/object>\n        <\/div>\n        <div class=\"content-wrapper\">\n            <div class=\"full-row-image-text-container content\" data-aos=\"fade-up\" data-aos-duration=\"1000\"\n                 data-aos-once=\"true\">\n                <div class=\"text-wrapper\">\n                    \n        <div class=\"box-container content down-arrow\">\n                        <div class=\"box-wrapper\">\n                \n    <div class=\"box-list-item\">\n        <div class=\"box-list-item-title\">\n                                <a href=\"https:\/\/www.cmlto.com\/fr\/exigences-dinscription-pour-les-diplomes-accredites-par-hso\/\"><h4> Exigences d\u2019inscription pour les dipl\u00f4m\u00e9s accr\u00e9dit\u00e9s par l\u2019HSO<\/h4><\/a>\n                    <\/div>\n            <\/div>\n    \n    <div class=\"box-list-item\">\n        <div class=\"box-list-item-title\">\n                                <a href=\"https:\/\/www.cmlto.com\/fr\/exigences-dinscription-pour-les-diplomes-non-accredites\/\"><h4>Exigences d\u2019inscription pour les dipl\u00f4m\u00e9s non accr\u00e9dit\u00e9s<\/h4><\/a>\n                    <\/div>\n            <\/div>\n    \n    <div class=\"box-list-item\">\n        <div class=\"box-list-item-title\">\n                                <a href=\"https:\/\/www.cmlto.com\/fr\/education-and-registration-requirements-for-out-of-province-applicants\/\"><h4>Exigences en mati\u00e8re de formation et d\u2019inscription pour les demandeurs de l\u2019ext\u00e9rieur de la province<\/h4><\/a>\n                    <\/div>\n            <\/div>\n    \n            <\/div>\n        <\/div>\n    \n        <div class=\"box-container content auto-width down-arrow\">\n                        <div class=\"box-wrapper\">\n                \n    <div class=\"box-list-item\">\n        <div class=\"box-list-item-title\">\n                            <h4>Comment l\u2019OTLMO traite les demandes d\u2019inscription<\/h4>\n                    <\/div>\n            <\/div>\n    \n            <\/div>\n        <\/div>\n    \n<p><span class=\"TextRun SCXW265629728 BCX0\" lang=\"FR-CA\" xml:lang=\"FR-CA\" data-contrast=\"auto\"><span class=\"NormalTextRun SCXW265629728 BCX0\">Connaissez-vous les conditions d\u2019inscription de l\u2019OTLMO et \u00eates-vous pr\u00eat \u00e0 pr\u00e9senter une demande? Le bouton ci-dessous vous m\u00e8nera au portail des demandeurs de l\u2019OTLMO. Veuillez noter que vous pouvez sauvegarder votre demande et y et retourner \u00e0 tout moment pour la compl\u00e9ter.<\/span><\/span><span class=\"EOP SCXW265629728 BCX0\" data-ccp-props=\"{&quot;201341983&quot;:0,&quot;335559739&quot;:160,&quot;335559740&quot;:259}\">\u00a0<\/span><\/p>\n        <div class=\"box-container content auto-width\">\n                        <div class=\"box-wrapper\">\n                \n    <div class=\"box-list-item\">\n        <div class=\"box-list-item-title\">\n                            <h4>D\u00e9but la Demande<\/h4>\n                    <\/div>\n            <\/div>\n    \n            <\/div>\n        <\/div>\n    \n<p><span class=\"TextRun SCXW9930788 BCX0\" lang=\"FR-CA\" xml:lang=\"FR-CA\" data-contrast=\"auto\"><span class=\"NormalTextRun SCXW9930788 BCX0\">Si vous avez des questions ou avez besoin d\u2019aide, veuillez communiquer avec le service d\u2019inscription de l\u2019OTLMO par courriel \u00e0 <\/span><\/span><a class=\"Hyperlink SCXW9930788 BCX0\" href=\"mailto:registration@cmlto.com\" target=\"_blank\" rel=\"noreferrer noopener\"><span class=\"TextRun Underlined SCXW9930788 BCX0\" lang=\"FR-CA\" xml:lang=\"FR-CA\" data-contrast=\"none\"><span class=\"NormalTextRun SCXW9930788 BCX0\" data-ccp-charstyle=\"Hyperlink\">registration@cmlto.com<\/span><\/span><\/a><span class=\"TextRun SCXW9930788 BCX0\" lang=\"FR-CA\" xml:lang=\"FR-CA\" data-contrast=\"auto\"><span class=\"NormalTextRun SCXW9930788 BCX0\">.<\/span><\/span><span class=\"EOP SCXW9930788 BCX0\" data-ccp-props=\"{&quot;201341983&quot;:0,&quot;335559740&quot;:259}\">\u00a0<\/span><\/p>\n                <\/div>\n                            <\/div>\n        <\/div>\n    <\/section>\n    \n","protected":false},"excerpt":{"rendered":"","protected":false},"author":1,"featured_media":2057,"parent":0,"menu_order":0,"comment_status":"closed","ping_status":"closed","template":"","meta":{"_acf_changed":false,"footnotes":""},"class_list":["post-2550","page","type-page","status-publish","has-post-thumbnail","hentry"],"acf":[],"_links":{"self":[{"href":"https:\/\/www.cmlto.com\/fr\/wp-json\/wp\/v2\/pages\/2550","targetHints":{"allow":["GET"]}}],"collection":[{"href":"https:\/\/www.cmlto.com\/fr\/wp-json\/wp\/v2\/pages"}],"about":[{"href":"https:\/\/www.cmlto.com\/fr\/wp-json\/wp\/v2\/types\/page"}],"author":[{"embeddable":true,"href":"https:\/\/www.cmlto.com\/fr\/wp-json\/wp\/v2\/users\/1"}],"replies":[{"embeddable":true,"href":"https:\/\/www.cmlto.com\/fr\/wp-json\/wp\/v2\/comments?post=2550"}],"version-history":[{"count":9,"href":"https:\/\/www.cmlto.com\/fr\/wp-json\/wp\/v2\/pages\/2550\/revisions"}],"predecessor-version":[{"id":7513,"href":"https:\/\/www.cmlto.com\/fr\/wp-json\/wp\/v2\/pages\/2550\/revisions\/7513"}],"wp:featuredmedia":[{"embeddable":true,"href":"https:\/\/www.cmlto.com\/fr\/wp-json\/wp\/v2\/media\/2057"}],"wp:attachment":[{"href":"https:\/\/www.cmlto.com\/fr\/wp-json\/wp\/v2\/media?parent=2550"}],"curies":[{"name":"wp","href":"https:\/\/api.w.org\/{rel}","templated":true}]}}