{"id":2536,"date":"2024-01-05T18:46:55","date_gmt":"2024-01-05T23:46:55","guid":{"rendered":"https:\/\/geekpowertech.com\/cmlto\/how-the-cmlto-processes-registration-applications\/"},"modified":"2025-05-20T10:38:39","modified_gmt":"2025-05-20T14:38:39","slug":"how-the-cmlto-processes-registration-applications","status":"publish","type":"page","link":"https:\/\/www.cmlto.com\/fr\/how-the-cmlto-processes-registration-applications\/","title":{"rendered":"PROCESSUS DE DEMANDE ET \u00c9CH\u00c9ANCIERS"},"content":{"rendered":"    <section class=\"full-row-container ulstyle\">\n        <div class=\"svg-element\" id=\"right\">\n            <object type=\"image\/svg+xml\"\n                    data=\"https:\/\/www.cmlto.com\/wp-content\/themes\/cmlto\/assets\/images\/ellipse_5.svg\"><\/object>\n        <\/div>\n        <div class=\"content-wrapper\">\n            <div class=\"full-row-image-text-container content\" data-aos=\"fade-up\" data-aos-duration=\"1000\"\n                 data-aos-once=\"true\">\n                <div class=\"text-wrapper\">\n                    \n<h1><span class=\"TextRun SCXW163834629 BCX0\" lang=\"FR-CA\" xml:lang=\"FR-CA\" data-contrast=\"auto\"><span class=\"NormalTextRun SCXW163834629 BCX0\">PROCESSUS DE DEMANDE ET \u00c9CH\u00c9ANCIERS<\/span><\/span><span class=\"EOP SCXW163834629 BCX0\" data-ccp-props=\"{&quot;201341983&quot;:0,&quot;335559740&quot;:257}\">\u00a0<\/span><\/h1>\n<p><span class=\"TextRun SCXW43085091 BCX0\" lang=\"FR-CA\" xml:lang=\"FR-CA\" data-contrast=\"auto\"><span class=\"NormalTextRun SCXW43085091 BCX0\">Le processus de demande de L\u2019OTLMO comprend les \u00e9l\u00e9ments suivants\u202f:<\/span><\/span><span class=\"EOP SCXW43085091 BCX0\" data-ccp-props=\"{&quot;201341983&quot;:0,&quot;335559740&quot;:257}\">\u00a0<\/span><\/p>\n        <div class=\"box-container content down-arrow\">\n                        <div class=\"box-wrapper\">\n                \n    <div class=\"box-list-item\">\n        <div class=\"box-list-item-title\">\n                            <h4>Soumission de demande en ligne<\/h4>\n                    <\/div>\n            <\/div>\n    \n    <div class=\"box-list-item\">\n        <div class=\"box-list-item-title\">\n                            <h4>Soumission de documents justificatifs<\/h4>\n                    <\/div>\n                <div class=\"box-list-item-content\">\n                     <\/div>\n        <\/div>\n    \n            <\/div>\n        <\/div>\n    \n        <div class=\"box-container content down-arrow\">\n                        <div class=\"box-wrapper\">\n                \n    <div class=\"box-list-item\">\n        <div class=\"box-list-item-title\">\n                            <h4>Examen de la demande par le personnel de l\u2019Ordre<\/h4>\n                    <\/div>\n            <\/div>\n    \n            <\/div>\n        <\/div>\n    \n        <div class=\"box-container content down-arrow\">\n                        <div class=\"box-wrapper\">\n                \n    <div class=\"box-list-item\">\n        <div class=\"box-list-item-title\">\n                            <h4>Le personnel du Coll\u00e8ge doit informer le candidat de son approbation<\/h4>\n                    <\/div>\n            <\/div>\n    \n            <\/div>\n        <\/div>\n    \n        <div class=\"box-container content down-arrow\">\n                        <div class=\"box-wrapper\">\n                \n    <div class=\"box-list-item\">\n        <div class=\"box-list-item-title\">\n                            <h4>Le demandeur paie des frais d\u2019inscription calcul\u00e9s au prorata<\/h4>\n                    <\/div>\n            <\/div>\n    \n            <\/div>\n        <\/div>\n    \n<p><span class=\"TextRun SCXW254753727 BCX0\" lang=\"FR-CA\" xml:lang=\"FR-CA\" data-contrast=\"auto\"><span class=\"NormalTextRun SCXW254753727 BCX0\">Lorsque l\u2019OTLMO recevra votre demande en ligne d\u00fbment remplie, vous serez avis\u00e9 de soumettre vos documents justificatifs conform\u00e9ment au formulaire de v\u00e9rification du r\u00e9pondant. L\u2019OTLMO \u00e9value l\u2019exhaustivit\u00e9 de vos documents et peut faire un suivi aupr\u00e8s <\/span><span class=\"NormalTextRun ContextualSpellingAndGrammarErrorV2Themed SCXW254753727 BCX0\">de vous<\/span><span class=\"NormalTextRun SCXW254753727 BCX0\"> par t\u00e9l\u00e9phone ou par courriel pour obtenir de plus amples renseignements.<\/span><\/span><span class=\"TextRun SCXW254753727 BCX0\" lang=\"FR-CA\" xml:lang=\"FR-CA\" data-contrast=\"none\"><span class=\"NormalTextRun SCXW254753727 BCX0\"> L\u2019OTLMO traite les demandes compl\u00e8tes dans un d\u00e9lai de vingt et un (<\/span><\/span><span class=\"TextRun SCXW254753727 BCX0\" lang=\"FR-CA\" xml:lang=\"FR-CA\" data-contrast=\"none\"><span class=\"NormalTextRun SCXW254753727 BCX0\">21) jours civils<\/span><\/span><span class=\"TextRun SCXW254753727 BCX0\" lang=\"FR-CA\" xml:lang=\"FR-CA\" data-contrast=\"none\"><span class=\"NormalTextRun SCXW254753727 BCX0\">. Les demandeurs doivent prendre note que les demandes incompl\u00e8tes <\/span><\/span><span class=\"TextRun SCXW254753727 BCX0\" lang=\"FR-CA\" xml:lang=\"FR-CA\" data-contrast=\"none\"><span class=\"NormalTextRun SCXW254753727 BCX0\">expireront trente-cinq (35) jours civils <\/span><\/span><span class=\"TextRun SCXW254753727 BCX0\" lang=\"FR-CA\" xml:lang=\"FR-CA\" data-contrast=\"none\"><span class=\"NormalTextRun SCXW254753727 BCX0\">apr\u00e8s que l\u2019OTLMO aura demand\u00e9 des documents justificatifs. Le cas \u00e9ch\u00e9ant, un avis sera envoy\u00e9 au demandeur par lettre et par courriel indiquant que sa demande est expir\u00e9e.<\/span><\/span><\/p>\n                <\/div>\n                            <\/div>\n        <\/div>\n    <\/section>\n    \n    <section class=\"content-wrapper \">\n        <div class=\"faq-container content \">\n                        <div class=\"faq-wrapper\">\n                \n    <div class=\"faq\">\n                <div class=\"faq-title \">\n            <span><label><\/label>Quand puis-je commencer \u00e0 pratiquer en tant que TLM ?<\/span>\n            <span><i class=\"fas fa-plus-circle\"><\/i><\/span>\n        <\/div>\n                <div class=\"faq-content\">\n            \n<p><span class=\"TextRun SCXW171239737 BCX0\" lang=\"FR-CA\" xml:lang=\"FR-CA\" data-contrast=\"auto\"><span class=\"NormalTextRun SCXW171239737 BCX0\">Lorsque votre demande est jug\u00e9e compl\u00e8te et qu\u2019elle r\u00e9pond aux crit\u00e8res d\u2019inscription, le personnel de l\u2019OTLMO suit <\/span><span class=\"NormalTextRun SCXW171239737 BCX0\">les processus administratifs pour vous d\u00e9livrer un avis d\u2019approbation par courriel. L\u2019avis d\u2019approbation comprend \u00e9galement des instructions vous permettant de soumettre des frais d\u2019inscription au prorata, qui sont vos frais de licence. Les frais d\u2019inscription ne sont calcul\u00e9s au prorata qu\u2019au cours de votre premi\u00e8re ann\u00e9e d\u2019inscription. Apr\u00e8s avoir pay\u00e9 les frais d\u2019inscription au prorata, vous \u00eates officiellement inscrit aupr\u00e8s de l\u2019Ordre. Il est important de noter que tant que vous n\u2019avez pas pay\u00e9 les frais d\u2019inscription au prorata, vous n\u2019\u00eates pas un inscrit de l\u2019Ordre et, par cons\u00e9quent, vous n\u2019\u00eates pas en mesure d&rsquo;exercer ou de travailler en tant que TLM, ni de vous pr\u00e9senter comme un \u00ab\u202ftechnologiste de laboratoire m\u00e9dical\u202f\u00bb ou \u00ab\u202fTLM\u202f\u00bb. Une fois que vous avez pay\u00e9 les frais d\u2019inscription et que votre nom appara\u00eet sur le registre public de l\u2019OTLMO, vous \u00eates officiellement en mesure de travailler en tant que TLM et de vous pr\u00e9senter comme un TLM.<\/span><\/span><span class=\"EOP SCXW171239737 BCX0\" data-ccp-props=\"{&quot;201341983&quot;:0,&quot;335559740&quot;:257}\">\u00a0<\/span><\/p>\n<p><span class=\"TextRun SCXW243566536 BCX0\" lang=\"FR-CA\" xml:lang=\"FR-CA\" data-contrast=\"auto\"><span class=\"NormalTextRun SCXW243566536 BCX0\">Une fois que vous deviendrez l\u2019inscrit de l\u2019OTLMO, nous vous enverrons un certificat mural et une trousse de bienvenue dans les quatre (4) mois suivant la date de votre inscription.<\/span><\/span><span class=\"EOP SCXW243566536 BCX0\" data-ccp-props=\"{&quot;201341983&quot;:0,&quot;335559740&quot;:257}\">\u00a0<\/span><\/p>\n        <\/div>\n    <\/div>\n    \n    <div class=\"faq\">\n                <div class=\"faq-title \">\n            <span><label><\/label>Demandes renvoy\u00e9es au comit\u00e9 d\u2019inscription<\/span>\n            <span><i class=\"fas fa-plus-circle\"><\/i><\/span>\n        <\/div>\n                <div class=\"faq-content\">\n            \n<p><span class=\"TextRun SCXW160345551 BCX0\" lang=\"FR-CA\" xml:lang=\"FR-CA\" data-contrast=\"auto\"><span class=\"NormalTextRun SCXW160345551 BCX0\">Lorsqu\u2019il n\u2019est pas clair si un demandeur a satisfait aux crit\u00e8res d\u2019inscription, sa demande peut \u00eatre renvoy\u00e9e au comit\u00e9 d\u2019inscription conform\u00e9ment \u00e0 la <\/span><\/span><span class=\"TextRun SCXW160345551 BCX0\" lang=\"FR-CA\" xml:lang=\"FR-CA\" data-contrast=\"auto\"><span class=\"NormalTextRun SCXW160345551 BCX0\">Loi de 1991 sur les professions de la sant\u00e9 r\u00e9glement\u00e9es (LPSR<\/span><\/span><span class=\"TextRun SCXW160345551 BCX0\" lang=\"FR-CA\" xml:lang=\"FR-CA\" data-contrast=\"auto\"><span class=\"NormalTextRun SCXW160345551 BCX0\">). La loi stipule qu\u2019un renvoi au comit\u00e9 d\u2019inscription est fait si le registraire a des doutes, pour des motifs raisonnables, quant \u00e0 savoir si le demandeur satisfait aux conditions d&rsquo;inscription. Si cela se produit, un demandeur est inform\u00e9 du renvoi et <\/span><span class=\"NormalTextRun SCXW160345551 BCX0\">dispose de 30\u202fjours pour soumettre des documents suppl\u00e9mentaires. Le comit\u00e9 examine la demande et rend une d\u00e9cision. Les demandes renvoy\u00e9es au comit\u00e9 d\u2019inscription pour d\u00e9cision entra\u00eenent un d\u00e9lai de traitement plus long. Une fois que le demandeur est renvoy\u00e9 au comit\u00e9 d\u2019inscription, le processus suivant s\u2019ensuit.<\/span><\/span><span class=\"EOP SCXW160345551 BCX0\" data-ccp-props=\"{&quot;201341983&quot;:0,&quot;335559740&quot;:257}\">\u00a0<\/span><\/p>\n<p>Veuillez consulter le graphique ci-dessous pour un aper\u00e7u de la fa\u00e7on dont l\u2019Ordre traite chaque demande. Le graphique n\u2019est disponible qu\u2019en anglais pour le moment<\/p>\n<p><img loading=\"lazy\" decoding=\"async\" class=\"alignnone size-full wp-image-1222\" src=\"https:\/\/www.cmlto.com\/wp-content\/uploads\/2024\/01\/reg-application.png\" alt=\"\" width=\"498\" height=\"678\" srcset=\"https:\/\/www.cmlto.com\/wp-content\/uploads\/2024\/01\/reg-application.png 498w, https:\/\/www.cmlto.com\/wp-content\/uploads\/2024\/01\/reg-application-220x300.png 220w\" sizes=\"auto, (max-width: 498px) 100vw, 498px\" \/><\/p>\n<p>L\u2019article 21 du Code de proc\u00e9dure des professions de la sant\u00e9 de la Loi de 1991 sur les professions de la sant\u00e9 r\u00e9glement\u00e9es accorde aux candidats le droit d\u2019interjeter appel de la d\u00e9cision du sous-comit\u00e9 d\u2019inscription. Pour plus d\u2019informations, veuillez consulter la <a href=\"https:\/\/www.cmlto.com\/wp-content\/uploads\/2025\/05\/RC-24-FR.pdf\">Politique 24 du Comit\u00e9 d\u2019inscription : Processus d\u2019appel d\u2019une d\u00e9cision<\/a>.<\/p>\n<p><span class=\"TextRun SCXW14262147 BCX0\" lang=\"FR-CA\" xml:lang=\"FR-CA\" data-contrast=\"none\"><span class=\"NormalTextRun SCXW14262147 BCX0\">Si vous souhaitez obtenir de plus amples renseignements sur le renvoi au comit\u00e9 d\u2019inscription, <\/span><\/span><span class=\"TextRun SCXW14262147 BCX0\" lang=\"FR-CA\" xml:lang=\"FR-CA\" data-contrast=\"auto\"><span class=\"NormalTextRun SCXW14262147 BCX0\">veuillez communiquer avec le service d\u2019inscription de l\u2019OTLMO par courriel \u00e0 <\/span><\/span><a class=\"Hyperlink SCXW14262147 BCX0\" href=\"mailto:registration@cmlto.com\" target=\"_blank\" rel=\"noreferrer noopener\"><span class=\"TextRun Underlined SCXW14262147 BCX0\" lang=\"FR-CA\" xml:lang=\"FR-CA\" data-contrast=\"none\"><span class=\"NormalTextRun SCXW14262147 BCX0\" data-ccp-charstyle=\"Hyperlink\">registration@cmlto.com<\/span><\/span><\/a><span class=\"TextRun SCXW14262147 BCX0\" lang=\"FR-CA\" xml:lang=\"FR-CA\" data-contrast=\"auto\"><span class=\"NormalTextRun SCXW14262147 BCX0\">.<\/span><\/span><span class=\"EOP SCXW14262147 BCX0\" data-ccp-props=\"{&quot;201341983&quot;:0,&quot;335559740&quot;:257}\">\u00a0<\/span><\/p>\n        <\/div>\n    <\/div>\n    \n            <\/div>\n        <\/div>\n    <\/section>\n    \n","protected":false},"excerpt":{"rendered":"","protected":false},"author":1,"featured_media":5369,"parent":0,"menu_order":0,"comment_status":"closed","ping_status":"closed","template":"","meta":{"_acf_changed":false,"footnotes":""},"class_list":["post-2536","page","type-page","status-publish","has-post-thumbnail","hentry"],"acf":[],"_links":{"self":[{"href":"https:\/\/www.cmlto.com\/fr\/wp-json\/wp\/v2\/pages\/2536","targetHints":{"allow":["GET"]}}],"collection":[{"href":"https:\/\/www.cmlto.com\/fr\/wp-json\/wp\/v2\/pages"}],"about":[{"href":"https:\/\/www.cmlto.com\/fr\/wp-json\/wp\/v2\/types\/page"}],"author":[{"embeddable":true,"href":"https:\/\/www.cmlto.com\/fr\/wp-json\/wp\/v2\/users\/1"}],"replies":[{"embeddable":true,"href":"https:\/\/www.cmlto.com\/fr\/wp-json\/wp\/v2\/comments?post=2536"}],"version-history":[{"count":6,"href":"https:\/\/www.cmlto.com\/fr\/wp-json\/wp\/v2\/pages\/2536\/revisions"}],"predecessor-version":[{"id":7096,"href":"https:\/\/www.cmlto.com\/fr\/wp-json\/wp\/v2\/pages\/2536\/revisions\/7096"}],"wp:featuredmedia":[{"embeddable":true,"href":"https:\/\/www.cmlto.com\/fr\/wp-json\/wp\/v2\/media\/5369"}],"wp:attachment":[{"href":"https:\/\/www.cmlto.com\/fr\/wp-json\/wp\/v2\/media?parent=2536"}],"curies":[{"name":"wp","href":"https:\/\/api.w.org\/{rel}","templated":true}]}}