{"id":2512,"date":"2024-01-05T11:25:43","date_gmt":"2024-01-05T16:25:43","guid":{"rendered":"https:\/\/geekpowertech.com\/cmlto\/health-human-resource-data-collection\/"},"modified":"2025-09-03T11:22:05","modified_gmt":"2025-09-03T15:22:05","slug":"health-human-resource-data-collection","status":"publish","type":"page","link":"https:\/\/www.cmlto.com\/fr\/health-human-resource-data-collection\/","title":{"rendered":"COLLECTE DE DONN\u00c9ES SUR LES RESSOURCES HUMAINES EN SANT\u00c9\u00a0"},"content":{"rendered":"    <section class=\"content-wrapper ulstyle\">\n        <div class=\"image-text-container content\">\n            <div class=\"image-wrapper\" data-aos=\"fade-right\" data-aos-duration=\"1000\" data-aos-once=\"true\">\n                                    <div class=\"left-image\">\n                        <img decoding=\"async\" src=\"https:\/\/www.cmlto.com\/wp-content\/uploads\/2022\/12\/654cf0216e95c2395d0cf9eeb814560a.png\">\n                    <\/div>\n                            <\/div>\n            <div class=\"text-wrapper\" data-aos=\"fade-left\" data-aos-duration=\"1000\" data-aos-once=\"true\">\n                \n<p><span class=\"TextRun SCXW111701773 BCX0\" lang=\"FR-CA\" xml:lang=\"FR-CA\" data-contrast=\"none\"><span class=\"NormalTextRun SCXW111701773 BCX0\">L\u2019Ordre des technologistes de laboratoire m\u00e9dical de l\u2019Ontario (OTLMO) <\/span><\/span><strong><span class=\"TextRun SCXW111701773 BCX0\" lang=\"FR-CA\" xml:lang=\"FR-CA\" data-contrast=\"none\"><span class=\"NormalTextRun SCXW111701773 BCX0\">recueille des renseignements aupr\u00e8s des inscrits afin d\u2019\u00e9clairer la planification des ressources humaines en sant\u00e9 (RHS) du gouvernement \u00e0 l\u2019\u00e9chelle nationale et provinciale<\/span><\/span><\/strong><span class=\"TextRun SCXW111701773 BCX0\" lang=\"FR-CA\" xml:lang=\"FR-CA\" data-contrast=\"none\"><span class=\"NormalTextRun SCXW111701773 BCX0\"><strong>.<\/strong> L\u2019OTLMO recueille et stocke des renseignements conform\u00e9ment \u00e0 sa <a href=\"https:\/\/www.cmlto.com\/fr\/cmlto-and-privacy\/\">politique de confidentialit\u00e9<\/a>.<\/span><\/span><span class=\"EOP SCXW111701773 BCX0\" data-ccp-props=\"{&quot;201341983&quot;:0,&quot;335559740&quot;:259}\">\u00a0<\/span><\/p>\n<p><span class=\"TextRun SCXW26137609 BCX0\" lang=\"FR-CA\" xml:lang=\"FR-CA\" data-contrast=\"none\"><span class=\"NormalTextRun SCXW26137609 BCX0\">Les initiatives qui appuient la planification plus vaste des ressources humaines en sant\u00e9 pour la technologie des laboratoires m\u00e9dicaux sont les suivantes\u202f:\u00a0<\/span><\/span><span class=\"EOP SCXW26137609 BCX0\" data-ccp-props=\"{&quot;201341983&quot;:0,&quot;335559740&quot;:259}\">\u00a0<\/span><\/p>\n<ul>\n<li style=\"font-weight: 400;\" aria-level=\"1\"><span class=\"TextRun SCXW29372084 BCX0\" lang=\"FR-CA\" xml:lang=\"FR-CA\" data-contrast=\"none\"><span class=\"NormalTextRun SCXW29372084 BCX0\">La <\/span><\/span><strong><span class=\"TextRun SCXW29372084 BCX0\" lang=\"FR-CA\" xml:lang=\"FR-CA\" data-contrast=\"none\"><span class=\"NormalTextRun SCXW29372084 BCX0\">Base de donn\u00e9es sur les technologistes de laboratoire m\u00e9dical <\/span><\/span><\/strong><span class=\"TextRun SCXW29372084 BCX0\" lang=\"FR-CA\" xml:lang=\"FR-CA\" data-contrast=\"none\"><span class=\"NormalTextRun SCXW29372084 BCX0\">(BTLM) est administr\u00e9e par l\u2019Institut canadien d\u2019information sur la sant\u00e9 (<\/span><\/span><span class=\"TextRun SCXW29372084 BCX0\" lang=\"FR-CA\" xml:lang=\"FR-CA\" data-contrast=\"auto\"><span class=\"NormalTextRun SCXW29372084 BCX0\">ICIS<\/span><\/span><span class=\"TextRun SCXW29372084 BCX0\" lang=\"FR-CA\" xml:lang=\"FR-CA\" data-contrast=\"none\"><span class=\"NormalTextRun SCXW29372084 BCX0\">). La BTLM recueille des renseignements dans le but de\u202f: \u00ab<strong>\u202f<\/strong><\/span><\/span><strong><span class=\"TextRun SCXW29372084 BCX0\" lang=\"FR-CA\" xml:lang=\"FR-CA\" data-contrast=\"none\"><span class=\"NormalTextRun SCXW29372084 BCX0\">fournir des donn\u00e9es comparatives normalis\u00e9es et des rapports sur les donn\u00e9es d\u00e9mographiques, g\u00e9ographiques, de l\u2019\u00e9ducation et de l\u2019emploi aux technologistes de laboratoire m\u00e9dical au Canada<\/span><\/span><\/strong><span class=\"TextRun SCXW29372084 BCX0\" lang=\"FR-CA\" xml:lang=\"FR-CA\" data-contrast=\"none\"><span class=\"NormalTextRun SCXW29372084 BCX0\"><strong>.\u202f<\/strong>\u00bb Pour de plus amples renseignements, suivez ce lien sur le site Web de l\u2019ICIS\u202f: <\/span><\/span><a class=\"Hyperlink SCXW29372084 BCX0\" href=\"https:\/\/www.cihi.ca\/fr\/technologistes-de-laboratoire-medical\" target=\"_blank\" rel=\"noreferrer noopener\"><span class=\"TextRun Underlined SCXW29372084 BCX0\" lang=\"FR-CA\" xml:lang=\"FR-CA\" data-contrast=\"none\"><span class=\"NormalTextRun SCXW29372084 BCX0\" data-ccp-charstyle=\"Hyperlink\">Technologistes de laboratoire m\u00e9dical | ICIS<\/span><\/span><\/a><span class=\"EOP SCXW29372084 BCX0\" data-ccp-props=\"{&quot;201341983&quot;:0,&quot;335559740&quot;:259}\">\u00a0<\/span><\/li>\n<li style=\"font-weight: 400;\" aria-level=\"1\"><span class=\"TextRun SCXW166933350 BCX0\" lang=\"FR-CA\" xml:lang=\"FR-CA\" data-contrast=\"none\"><span class=\"NormalTextRun SCXW166933350 BCX0\">La <\/span><\/span><strong><span class=\"TextRun SCXW166933350 BCX0\" lang=\"FR-CA\" xml:lang=\"FR-CA\" data-contrast=\"none\"><span class=\"NormalTextRun SCXW166933350 BCX0\">Base de donn\u00e9es des professions de la sant\u00e9 <\/span><\/span><\/strong><span class=\"TextRun SCXW166933350 BCX0\" lang=\"FR-CA\" xml:lang=\"FR-CA\" data-contrast=\"none\"><span class=\"NormalTextRun SCXW166933350 BCX0\">(BDPS) est administr\u00e9e par le minist\u00e8re de la Sant\u00e9 de l\u2019Ontario (MSAN) et <\/span><\/span><span class=\"TextRun SCXW166933350 BCX0\" lang=\"FR-CA\" xml:lang=\"FR-CA\" data-contrast=\"auto\"><span class=\"NormalTextRun SpellingErrorV2Themed SCXW166933350 BCX0\">ProfessionsSant\u00e9Ontario<\/span><\/span><span class=\"TextRun SCXW166933350 BCX0\" lang=\"FR-CA\" xml:lang=\"FR-CA\" data-contrast=\"none\"><span class=\"NormalTextRun SCXW166933350 BCX0\">. La base de donn\u00e9es\u202f: \u00ab\u202f<\/span><\/span><strong><span class=\"TextRun SCXW166933350 BCX0\" lang=\"FR-CA\" xml:lang=\"FR-CA\" data-contrast=\"none\"><span class=\"NormalTextRun SCXW166933350 BCX0\">fournira des renseignements d\u00e9mographiques, g\u00e9ographiques, \u00e9ducatifs et d\u2019emploi normalis\u00e9s, coh\u00e9rents et comparables sur tous les professionnels param\u00e9dicaux r\u00e9glement\u00e9s en Ontario<\/span><\/span><\/strong><span class=\"TextRun SCXW166933350 BCX0\" lang=\"FR-CA\" xml:lang=\"FR-CA\" data-contrast=\"none\"><span class=\"NormalTextRun SCXW166933350 BCX0\"><strong>.\u202f<\/strong>\u00bb Pour de plus amples renseignements, suivez ce lien vers le site Web de <\/span><span class=\"NormalTextRun SpellingErrorV2Themed SCXW166933350 BCX0\">ProfessionsSant\u00e9Ontario<\/span><span class=\"NormalTextRun SCXW166933350 BCX0\">\u202f: <\/span><\/span><a class=\"Hyperlink SCXW166933350 BCX0\" href=\"https:\/\/www.healthforceontario.ca\/fr\/Home\" target=\"_blank\" rel=\"noreferrer noopener\"><span class=\"TextRun Underlined SCXW166933350 BCX0\" lang=\"FR-CA\" xml:lang=\"FR-CA\" data-contrast=\"none\"><span class=\"NormalTextRun SCXW166933350 BCX0\" data-ccp-charstyle=\"Hyperlink\">ProfessionsSant\u00e9Ontario<\/span><span class=\"NormalTextRun SCXW166933350 BCX0\" data-ccp-charstyle=\"Hyperlink\"> | Accueil<\/span><\/span><\/a><span class=\"EOP SCXW166933350 BCX0\" data-ccp-props=\"{&quot;201341983&quot;:0,&quot;335559740&quot;:259}\">\u00a0<\/span><\/li>\n<\/ul>\n<p><span style=\"font-size: revert; color: initial;\">            <\/div>\n        <\/div>\n    <\/section>\n    <\/span><\/p>\n    <section class=\"content-wrapper right-text \">\n        <div class=\"text-container content\">\n            <div class=\"title-wrapper\" data-aos=\"fade-right\" data-aos-duration=\"1000\" data-aos-once=\"true\">\n                <h1>Rapports sur les ressources humaines en sant\u00e9 de l\u2019OTLMO\u202f: <\/h1>\n            <\/div>\n            <div class=\"text-wrapper\" data-aos=\"fade-left\" data-aos-duration=\"1000\" data-aos-once=\"true\">\n                \n<p><span class=\"TextRun SCXW194565355 BCX0\" lang=\"FR-CA\" xml:lang=\"FR-CA\" data-contrast=\"none\"><span class=\"NormalTextRun SCXW194565355 BCX0\">Le Rapport sur les ressources humaines en sant\u00e9 est une analyse annuelle des donn\u00e9es sur les <\/span><span class=\"NormalTextRun SCXW194565355 BCX0\">inscrits sur les inscrits \u00e0 l\u2019OTLMO et examine la pratique, l\u2019\u00e9tablissement d\u2019emploi et le statut des TLM, ainsi que la prestation de la formation clinique. Le rapport vise \u00e0 aider \u00e0 cerner les tendances juridictionnelles et \u00e0 partager publiquement de l\u2019information sur la profession.\u00a0<\/span><\/span><span class=\"EOP SCXW194565355 BCX0\" data-ccp-props=\"{&quot;134233279&quot;:true,&quot;201341983&quot;:0,&quot;335559740&quot;:259}\">\u00a0<\/span><\/p>\n            <\/div>\n        <\/div>\n    <\/section>\n    \n    <section class=\"content-wrapper \">\n        <div class=\"faq-container content \">\n                        <div class=\"faq-wrapper\">\n                     <div class=\"faq\">\n                <div class=\"faq-title \">\n            <span><label><\/label>Rapports sur les ressources humaines en sant\u00e9 de l\u2019OTLMO\u202f: <\/span>\n            <span><i class=\"fas fa-plus-circle\"><\/i><\/span>\n        <\/div>\n                <div class=\"faq-content\">\n            \n    <div class=\"buttons \">\n        \n    <a class=\"button blue\"  target=\"_blank\"        href=\"https:\/\/www.cmlto.com\/wp-content\/uploads\/2025\/07\/2024-HHR-Report-French.pdf\" data-aos=\"fade-up\"\n       data-aos-duration=\"1000\" data-aos-once=\"true\">\n        2024    <\/a>\n    \n    <a class=\"button blue\"  target=\"_blank\"        href=\"https:\/\/www.cmlto.com\/wp-content\/uploads\/2024\/05\/2023_hhr_report_fr.pdf\" data-aos=\"fade-up\"\n       data-aos-duration=\"1000\" data-aos-once=\"true\">\n        2023    <\/a>\n    \n    <a class=\"button blue\"  target=\"_blank\"        href=\"https:\/\/www.cmlto.com\/wp-content\/uploads\/2024\/05\/2023_hhr_report_fr.pdf\" data-aos=\"fade-up\"\n       data-aos-duration=\"1000\" data-aos-once=\"true\">\n        2023    <\/a>\n    \n    <a class=\"button blue\"  target=\"_blank\"        href=\"https:\/\/www.cmlto.com\/wp-content\/uploads\/2024\/02\/2022_hhr_report_final_french-1.pdf\" data-aos=\"fade-up\"\n       data-aos-duration=\"1000\" data-aos-once=\"true\">\n        2022    <\/a>\n    \n    <a class=\"button blue\"  target=\"_blank\"        href=\"https:\/\/www.cmlto.com\/wp-content\/uploads\/2024\/02\/2021_hhr_report_final_french-1.pdf\" data-aos=\"fade-up\"\n       data-aos-duration=\"1000\" data-aos-once=\"true\">\n        2021    <\/a>\n    \n    <\/div>\n    \n<p><span class=\"TextRun SCXW130440495 BCX0\" lang=\"FR-CA\" xml:lang=\"FR-CA\" data-contrast=\"auto\"><span class=\"NormalTextRun SCXW130440495 BCX0\">Les rapports ci-dessous ne sont pas disponibles en fran\u00e7ais. Si vous souhaitez en obtenir un exemplaire en fran\u00e7ais, veuillez \u00e9crire \u00e0 <\/span><\/span><a class=\"Hyperlink SCXW130440495 BCX0\" href=\"mailto:communications@cmlto.com\" target=\"_blank\" rel=\"noreferrer noopener\"><span class=\"TextRun Underlined SCXW130440495 BCX0\" lang=\"FR-CA\" xml:lang=\"FR-CA\" data-contrast=\"none\"><span class=\"NormalTextRun SCXW130440495 BCX0\" data-ccp-charstyle=\"Hyperlink\">communications@cmlto.com<\/span><\/span><\/a><span class=\"TextRun SCXW130440495 BCX0\" lang=\"FR-CA\" xml:lang=\"FR-CA\" data-contrast=\"auto\"><span class=\"NormalTextRun SCXW130440495 BCX0\">.\u00a0<\/span><\/span><span class=\"EOP SCXW130440495 BCX0\" data-ccp-props=\"{&quot;134233279&quot;:true,&quot;201341983&quot;:0,&quot;335559737&quot;:-988,&quot;335559740&quot;:259}\">\u00a0<\/span><\/p>\n    <div class=\"buttons \">\n            <\/div>\n    \n    <a class=\"button blue\"  target=\"_blank\"        href=\"https:\/\/www.cmlto.com\/wp-content\/uploads\/2024\/01\/2020_mlt_hhr_rprt_fnl.pdf\" data-aos=\"fade-up\"\n       data-aos-duration=\"1000\" data-aos-once=\"true\">\n        2020    <\/a>\n    \n    <a class=\"button blue\"  target=\"_blank\"        href=\"https:\/\/www.cmlto.com\/wp-content\/uploads\/2024\/01\/2019_mlt_hhr_rprt_fnl.pdf\" data-aos=\"fade-up\"\n       data-aos-duration=\"1000\" data-aos-once=\"true\">\n        2019    <\/a>\n    \n    <a class=\"button blue\"  target=\"_blank\"        href=\"https:\/\/www.cmlto.com\/wp-content\/uploads\/2024\/01\/2018_mlt_hhr_rprt_fnl.pdf\" data-aos=\"fade-up\"\n       data-aos-duration=\"1000\" data-aos-once=\"true\">\n        2018    <\/a>\n    \n    <a class=\"button blue\"  target=\"_blank\"        href=\"https:\/\/www.cmlto.com\/wp-content\/uploads\/2024\/01\/2017_mlt_hhr_rprt.pdf\" data-aos=\"fade-up\"\n       data-aos-duration=\"1000\" data-aos-once=\"true\">\n        2017    <\/a>\n    \n    <a class=\"button blue\"  target=\"_blank\"        href=\"https:\/\/www.cmlto.com\/wp-content\/uploads\/2024\/01\/2017_hhr_snapshot_pdf.pdf\" data-aos=\"fade-up\"\n       data-aos-duration=\"1000\" data-aos-once=\"true\">\n        2016    <\/a>\n    \n    <a class=\"button blue\"  target=\"_blank\"        href=\"https:\/\/www.cmlto.com\/wp-content\/uploads\/2024\/01\/2015_mlt_hhr_rprt.pdf\" data-aos=\"fade-up\"\n       data-aos-duration=\"1000\" data-aos-once=\"true\">\n        2015    <\/a>\n    \n    <a class=\"button blue\"  target=\"_blank\"        href=\"https:\/\/www.cmlto.com\/wp-content\/uploads\/2024\/01\/2014_mlt_hhr_rprt_fnl.pdf\" data-aos=\"fade-up\"\n       data-aos-duration=\"1000\" data-aos-once=\"true\">\n        2014    <\/a>\n    \n    <a class=\"button blue\"  target=\"_blank\"        href=\"https:\/\/www.cmlto.com\/wp-content\/uploads\/2024\/01\/2013_hhr_rprt.pdf\" data-aos=\"fade-up\"\n       data-aos-duration=\"1000\" data-aos-once=\"true\">\n        2013    <\/a>\n    \n    <a class=\"button blue\"  target=\"_blank\"        href=\"https:\/\/www.cmlto.com\/wp-content\/uploads\/2024\/01\/2012_mlt_hhr_rprt_fnl.pdf\" data-aos=\"fade-up\"\n       data-aos-duration=\"1000\" data-aos-once=\"true\">\n        2012    <\/a>\n    \n    <a class=\"button blue\"  target=\"_blank\"        href=\"https:\/\/www.cmlto.com\/wp-content\/uploads\/2024\/01\/2011_mlt_hhr_rprt_final.pdf\" data-aos=\"fade-up\"\n       data-aos-duration=\"1000\" data-aos-once=\"true\">\n        2011    <\/a>\n    \n    <a class=\"button blue\"  target=\"_blank\"        href=\"https:\/\/www.cmlto.com\/wp-content\/uploads\/2024\/01\/medical_laboratory_technologists_2010_health_human_resource_exploration.pdf\" data-aos=\"fade-up\"\n       data-aos-duration=\"1000\" data-aos-once=\"true\">\n        2010    <\/a>\n    \n    <a class=\"button blue\"  target=\"_blank\"        href=\"https:\/\/www.cmlto.com\/wp-content\/uploads\/2024\/01\/medical_laboratory_technologists_2009_health_human_resource_exploration.pdf\" data-aos=\"fade-up\"\n       data-aos-duration=\"1000\" data-aos-once=\"true\">\n        2009    <\/a>\n    \n    <a class=\"button blue\"  target=\"_blank\"        href=\"https:\/\/www.cmlto.com\/wp-content\/uploads\/2024\/01\/medical_laboratory_technologists_2009_health_human_resource_exploration_supplementary_report.pdf\" data-aos=\"fade-up\"\n       data-aos-duration=\"1000\" data-aos-once=\"true\">\n        2009 Supplemental    <\/a>\n    \n        <\/div>\n    <\/div>\n    \n            <\/div>\n        <\/div>\n    <\/section>\n    \n","protected":false},"excerpt":{"rendered":"","protected":false},"author":1,"featured_media":4821,"parent":0,"menu_order":0,"comment_status":"closed","ping_status":"closed","template":"","meta":{"_acf_changed":false,"footnotes":""},"class_list":["post-2512","page","type-page","status-publish","has-post-thumbnail","hentry"],"acf":[],"_links":{"self":[{"href":"https:\/\/www.cmlto.com\/fr\/wp-json\/wp\/v2\/pages\/2512","targetHints":{"allow":["GET"]}}],"collection":[{"href":"https:\/\/www.cmlto.com\/fr\/wp-json\/wp\/v2\/pages"}],"about":[{"href":"https:\/\/www.cmlto.com\/fr\/wp-json\/wp\/v2\/types\/page"}],"author":[{"embeddable":true,"href":"https:\/\/www.cmlto.com\/fr\/wp-json\/wp\/v2\/users\/1"}],"replies":[{"embeddable":true,"href":"https:\/\/www.cmlto.com\/fr\/wp-json\/wp\/v2\/comments?post=2512"}],"version-history":[{"count":13,"href":"https:\/\/www.cmlto.com\/fr\/wp-json\/wp\/v2\/pages\/2512\/revisions"}],"predecessor-version":[{"id":7451,"href":"https:\/\/www.cmlto.com\/fr\/wp-json\/wp\/v2\/pages\/2512\/revisions\/7451"}],"wp:featuredmedia":[{"embeddable":true,"href":"https:\/\/www.cmlto.com\/fr\/wp-json\/wp\/v2\/media\/4821"}],"wp:attachment":[{"href":"https:\/\/www.cmlto.com\/fr\/wp-json\/wp\/v2\/media?parent=2512"}],"curies":[{"name":"wp","href":"https:\/\/api.w.org\/{rel}","templated":true}]}}