{"id":2494,"date":"2023-12-15T09:49:12","date_gmt":"2023-12-15T14:49:12","guid":{"rendered":"https:\/\/geekpowertech.com\/cmlto\/fees-receipts-and-certificates\/"},"modified":"2024-08-07T14:44:41","modified_gmt":"2024-08-07T18:44:41","slug":"fees-receipts-and-certificates","status":"publish","type":"page","link":"https:\/\/www.cmlto.com\/fr\/fees-receipts-and-certificates\/","title":{"rendered":"Re\u00e7us et certificats de redevances"},"content":{"rendered":"    <section class=\"content-wrapper \">\n        <div class=\"image-text-container content\">\n            <div class=\"image-wrapper\" data-aos=\"fade-right\" data-aos-duration=\"1000\" data-aos-once=\"true\">\n                                    <div class=\"left-image\">\n                        <img decoding=\"async\" src=\"https:\/\/www.cmlto.com\/wp-content\/uploads\/2022\/12\/654cf0216e95c2395d0cf9eeb814560a.png\">\n                    <\/div>\n                            <\/div>\n            <div class=\"text-wrapper\" data-aos=\"fade-left\" data-aos-duration=\"1000\" data-aos-once=\"true\">\n                \n<p><b>L&rsquo;Ordre per\u00e7oit des frais pour diverses t\u00e2ches administratives li\u00e9es \u00e0 l&rsquo;inscription et \u00e0 d&rsquo;autres demandes <\/b>, conform\u00e9ment au <a href=\"https:\/\/www.cmlto.com\/wp-content\/uploads\/2024\/07\/CMLTO-BY-LAW-FRENCH-as-of-August-2024-2.pdf\">r\u00e8glement de l&rsquo;OTLMO.<\/a> Veuillez noter que les frais sont susceptibles d&rsquo;\u00eatre modifi\u00e9s.<br \/>\nLes re\u00e7us d&rsquo;inscription sont disponibles par l&rsquo;entremise des Services en ligne de l&rsquo;OTLMO. <span style=\"font-weight: 400;\">Pour de plus amples renseignements, veuillez consulter la politique sur les frais d&rsquo;inscription de l&rsquo;OTLMO, disponible <a href=\"https:\/\/www.cmlto.com\/wp-content\/uploads\/2024\/06\/RC-22-english.pdf\">ici.<\/a><\/span><\/p>\n            <\/div>\n        <\/div>\n    <\/section>\n    \n    <section class=\"full-row-container \">\n        <div class=\"svg-element\" id=\"right\">\n            <object type=\"image\/svg+xml\"\n                    data=\"https:\/\/www.cmlto.com\/wp-content\/themes\/cmlto\/assets\/images\/ellipse_5.svg\"><\/object>\n        <\/div>\n        <div class=\"content-wrapper\">\n            <div class=\"full-row-image-text-container content\" data-aos=\"fade-up\" data-aos-duration=\"1000\"\n                 data-aos-once=\"true\">\n                <div class=\"text-wrapper\">\n                    \n<h2>Demande d&rsquo;enregistrement &#8211; taxe d&rsquo;\u00e9valuation non remboursable<\/h2>\n<table>\n<tbody>\n<tr>\n<td colspan=\"4\"><b>Demande d&rsquo;enregistrement &#8211; taxe d&rsquo;\u00e9valuation non remboursable<\/b><\/td>\n<\/tr>\n<tr class=\"head\">\n<td><b>Mois<\/b><\/td>\n<td><b>Frais<\/b><\/td>\n<td><b>TVH (13%)<\/b><\/td>\n<td><b>Total des frais<\/b><\/td>\n<\/tr>\n<tr>\n<td data-label=\"Month\"><\/td>\n<td data-label=\"Fee\">$150.00<\/td>\n<td data-label=\"HST (13%)\">$19.50<\/td>\n<td data-label=\"Total\">$169.50<\/td>\n<\/tr>\n<tr>\n<td colspan=\"4\"><b>Taxe d&rsquo;enregistrement annuelle calcul\u00e9e au prorata : <\/b>Une fois la demande approuv\u00e9e, la taxe d&rsquo;enregistrement est calcul\u00e9e au prorata pour la premi\u00e8re ann\u00e9e d&rsquo;enregistrement uniquement, en fonction du mois au cours duquel vous avez commenc\u00e9 \u00e0 vous enregistrer.<\/td>\n<\/tr>\n<tr>\n<td colspan=\"4\"><b>Classe d&rsquo;enregistrement des praticiens<\/b><\/td>\n<\/tr>\n<tr class=\"head\">\n<td><b>Mois<\/b><\/td>\n<td><b>Frais<\/b><\/td>\n<td><b>TVH (13%)<\/b><\/td>\n<td><b>Total des frais<\/b><\/td>\n<\/tr>\n<tr>\n<td data-label=\"Month\">Janvier<\/td>\n<td data-label=\"Fee\">$340.00<\/td>\n<td data-label=\"HST (13%)\">$44.20<\/td>\n<td data-label=\"Total\"><b>$384.20<\/b><\/td>\n<\/tr>\n<tr>\n<td data-label=\"Month\">F\u00e9vrier<\/td>\n<td data-label=\"Fee\">$311.63<\/td>\n<td data-label=\"HST (13%)\">$40.52<\/td>\n<td data-label=\"Total\"><b>$352.15<\/b><\/td>\n<\/tr>\n<tr>\n<td data-label=\"Month\">Mars<\/td>\n<td data-label=\"Fee\">$283.30<\/td>\n<td data-label=\"HST (13%)\">$36.83<\/td>\n<td data-label=\"Total\"><b>$320.13<\/b><\/td>\n<\/tr>\n<tr>\n<td data-label=\"Month\">Avril<\/td>\n<td data-label=\"Fee\">$254.97<\/td>\n<td data-label=\"HST (13%)\">$33.15<\/td>\n<td data-label=\"Total\"><b>$288.12<\/b><\/td>\n<\/tr>\n<tr>\n<td data-label=\"Month\">mai<\/td>\n<td data-label=\"Fee\">$226.64<\/td>\n<td data-label=\"HST (13%)\">$29.46<\/td>\n<td data-label=\"Total\"><b>$256.10<\/b><\/td>\n<\/tr>\n<tr>\n<td data-label=\"Month\">Juin<\/td>\n<td data-label=\"Fee\">$198.31<\/td>\n<td data-label=\"HST (13%)\">$25.78<\/td>\n<td data-label=\"Total\"><b>$224.09<\/b><\/td>\n<\/tr>\n<tr>\n<td data-label=\"Month\">Juillet<\/td>\n<td data-label=\"Fee\">$170.00<\/td>\n<td data-label=\"HST (13%)\">$22.10<\/td>\n<td data-label=\"Total\"><b>$192.10<\/b><\/td>\n<\/tr>\n<tr>\n<td data-label=\"Month\">Ao\u00fbt<\/td>\n<td data-label=\"Fee\">$141.65<\/td>\n<td data-label=\"HST (13%)\">$18.42<\/td>\n<td data-label=\"Total\"><b>$160.07<\/b><\/td>\n<\/tr>\n<tr>\n<td data-label=\"Month\">Septembre<\/td>\n<td data-label=\"Fee\">$113.32<\/td>\n<td data-label=\"HST (13%)\">$14.73<\/td>\n<td data-label=\"Total\"><b>$128.06<\/b><\/td>\n<\/tr>\n<tr>\n<td data-label=\"Month\">Octobre<\/td>\n<td data-label=\"Fee\">$85.00<\/td>\n<td data-label=\"HST (13%)\">$11.05<\/td>\n<td data-label=\"Total\"><b>$96.05<\/b><\/td>\n<\/tr>\n<tr>\n<td data-label=\"Month\">Novembre<\/td>\n<td data-label=\"Fee\">$56.66<\/td>\n<td data-label=\"HST (13%)\">$7.37<\/td>\n<td data-label=\"Total\"><b>$64.03<\/b><\/td>\n<\/tr>\n<tr>\n<td data-label=\"Month\">D\u00e9cembre<\/td>\n<td data-label=\"Fee\">$28.33<\/td>\n<td data-label=\"HST (13%)\">$3.68<\/td>\n<td data-label=\"Total\"><b>$32.01<\/b><\/td>\n<\/tr>\n<tr>\n<td colspan=\"4\"><b>Classe d&rsquo;inscription pour non-pratiquants<\/b><\/td>\n<\/tr>\n<tr class=\"head\">\n<td><b>Mois<\/b><\/td>\n<td><b>Frais<\/b><\/td>\n<td><b>TVH (13%)<\/b><\/td>\n<td><b>Total des frais<\/b><\/td>\n<\/tr>\n<tr>\n<td data-label=\"Month\">Janvier<\/td>\n<td data-label=\"Fee\">$170.00<\/td>\n<td data-label=\"HST (13%)\">$22.10<\/td>\n<td data-label=\"Total\"><b>$192.10<\/b><\/td>\n<\/tr>\n<tr>\n<td data-label=\"Month\">F\u00e9vrier<\/td>\n<td data-label=\"Fee\">$155.76<\/td>\n<td data-label=\"HST (13%)\">$20.25<\/td>\n<td data-label=\"Total\"><b>$176.01<\/b><\/td>\n<\/tr>\n<tr>\n<td data-label=\"Month\">Mars<\/td>\n<td data-label=\"Fee\">$141.60<\/td>\n<td data-label=\"HST (13%)\">$18.41<\/td>\n<td data-label=\"Total\"><b>$160.01<\/b><\/td>\n<\/tr>\n<tr>\n<td data-label=\"Month\">Avril<\/td>\n<td data-label=\"Fee\">$127.44<\/td>\n<td data-label=\"HST (13%)\">$16.57<\/td>\n<td data-label=\"Total\"><b>$144.01<\/b><\/td>\n<\/tr>\n<tr>\n<td data-label=\"Month\">Mai<\/td>\n<td data-label=\"Fee\">$113.28<\/td>\n<td data-label=\"HST (13%)\">$14.73<\/td>\n<td data-label=\"Total\"><b>$128.01<\/b><\/td>\n<\/tr>\n<tr>\n<td data-label=\"Month\">juin<\/td>\n<td data-label=\"Fee\">$99.12<\/td>\n<td data-label=\"HST (13%)\">$12.89<\/td>\n<td data-label=\"Total\"><b>$112.01<\/b><\/td>\n<\/tr>\n<tr>\n<td data-label=\"Month\">juillet<\/td>\n<td data-label=\"Fee\">$84.96<\/td>\n<td data-label=\"HST (13%)\">$11.05<\/td>\n<td data-label=\"Total\"><b>$96.00<\/b><\/td>\n<\/tr>\n<tr>\n<td data-label=\"Month\">Ao\u00fbt<\/td>\n<td data-label=\"Fee\">$70.80<\/td>\n<td data-label=\"HST (13%)\">$9.20<\/td>\n<td data-label=\"Total\"><b>$80.00<\/b><\/td>\n<\/tr>\n<tr>\n<td data-label=\"Month\">septembre<\/td>\n<td data-label=\"Fee\">$56.64<\/td>\n<td data-label=\"HST (13%)\">$7.36<\/td>\n<td data-label=\"Total\"><b>$64.00<\/b><\/td>\n<\/tr>\n<tr>\n<td data-label=\"Month\">Octobre<\/td>\n<td data-label=\"Fee\">$42.48<\/td>\n<td data-label=\"HST (13%)\">$5.52<\/td>\n<td data-label=\"Total\"><b>$48.00<\/b><\/td>\n<\/tr>\n<tr>\n<td data-label=\"Month\">Novembre<\/td>\n<td data-label=\"Fee\">$28.32<\/td>\n<td data-label=\"HST (13%)\">$3.68<\/td>\n<td data-label=\"Total\"><b>$32.00<\/b><\/td>\n<\/tr>\n<tr>\n<td data-label=\"Month\">D\u00e9cembre<\/td>\n<td data-label=\"Fee\">$14.16<\/td>\n<td data-label=\"HST (13%)\">$1.84<\/td>\n<td data-label=\"Total\"><b>$16.00<\/b><\/td>\n<\/tr>\n<\/tbody>\n<\/table>\n                <\/div>\n                            <\/div>\n        <\/div>\n    <\/section>\n         <section class=\"content-wrapper\" id=\"grey-section-container\">\n        <div class=\"svg-element\" id=\"top\">\n            <object type=\"image\/svg+xml\"\n                    data=\"https:\/\/www.cmlto.com\/wp-content\/themes\/cmlto\/assets\/images\/ellipse_1.svg\"><\/object>\n        <\/div>\n        <div class=\"svg-element\" id=\"left\">\n            <object type=\"image\/svg+xml\"\n                    data=\"https:\/\/www.cmlto.com\/wp-content\/themes\/cmlto\/assets\/images\/ellipse_6.svg\"><\/object>\n        <\/div>\n        <div class=\"svg-element\" id=\"right\">\n            <object type=\"image\/svg+xml\"\n                    data=\"https:\/\/www.cmlto.com\/wp-content\/themes\/cmlto\/assets\/images\/ellipse_6.svg\"><\/object>\n        <\/div>\n        <div class=\"content\">\n            <div class=\"grey-section-wrapper\">\n                \n    <div class=\"bulleted-list-container\">\n        <div class=\"svg-element\">\n            <object id=\"triangle\" type=\"image\/svg+xml\"\n                    data=\"https:\/\/www.cmlto.com\/wp-content\/themes\/cmlto\/assets\/images\/triangle.svg\"><\/object>\n            <object id=\"mobile-circle\" type=\"image\/svg+xml\"\n                    data=\"https:\/\/www.cmlto.com\/wp-content\/themes\/cmlto\/assets\/images\/circle.svg\"><\/object>\n        <\/div>\n        <div class=\"bulleted-list-wrapper-container\">\n            \n<h1><span style=\"color: #1e3f82;\">Cotisations<\/span> annuelles<\/h1>\n<p><span style=\"font-weight: 400;\">La taxe annuelle de renouvellement de l&rsquo;enregistrement doit \u00eatre pay\u00e9e avant le 31 d\u00e9cembre.<\/span><\/p>\n    <div class=\"bulleted-list-wrapper \">\n        <div class=\"list-wrapper\" data-aos=\"fade-right\" data-aos-duration=\"1000\" data-aos-once=\"true\">\n            \n<h3>Renouvellement annuel de l&rsquo;enregistrement<\/h3>\n<ul>\n<li><span style=\"font-size: revert; color: initial;\"><span style=\"font-weight: 400;\">Certificat d&rsquo;enregistrement de praticien : 340 $ + TVH de 13 % 44,20 $ = 384,20 <\/span><b>$384.20<\/b><\/span><\/li>\n<li><span style=\"font-size: revert; color: initial;\"><span style=\"font-weight: 400;\">Certificat d&rsquo;inscription pour les non-praticiens : 170,00 $ + 13% TVH 22,10 $ = <\/span><b>$192.10<\/b><\/span><\/li>\n<\/ul>\n<h3>Renouvellement annuel de l&rsquo;enregistrement avec p\u00e9nalit\u00e9<\/h3>\n<ul>\n<li><span style=\"font-weight: 400;\">Si la cotisation est pay\u00e9e apr\u00e8s le 31 d\u00e9cembre et avant le 1er f\u00e9vrier, une p\u00e9nalit\u00e9 de 20 % de la cotisation annuelle est appliqu\u00e9e. <\/span><\/li>\n<li><span style=\"font-weight: 400;\">Certificat d&rsquo;inscription \u00e0 la profession : 340 $ + 13 % TVH 44,20 $ + 76,84 $ = 461 04 $. <\/span><b>$461.04<\/b><\/li>\n<li><span style=\"font-weight: 400;\">Certificat d&rsquo;inscription pour les non-praticiens : 170,00 $ + 13 % TVH 22,10 $ + 38,42 $ = 230,52 $. <\/span><b>$230.52<\/b><\/li>\n<\/ul>\n<h3>Si la cotisation est pay\u00e9e le 1er f\u00e9vrier ou apr\u00e8s, une p\u00e9nalit\u00e9 de 40 % de la cotisation annuelle est appliqu\u00e9e.<\/h3>\n<ul>\n<li><span style=\"font-weight: 400;\">Certificat d&rsquo;inscription \u00e0 la pratique : 340 $ + 13 % TVH 44,20 $ + 153,68 $ = 537,88 $. <\/span><b>$537.88<\/b><\/li>\n<li><span style=\"font-weight: 400;\">Certificat d&rsquo;inscription pour les non-praticiens : 170,00 $ + 13 % TVH 22,10 $ + 76,84 $ = 268,94 $. <\/span><b>$268.94<\/b><\/li>\n<\/ul>\n        <\/div>\n        <div class=\"image-wrapper\" data-aos=\"fade-left\" data-aos-duration=\"1000\" data-aos-once=\"true\">\n            <div class=\"background\" style=\"background-image: url('https:\/\/www.cmlto.com\/wp-content\/uploads\/2022\/12\/lab.jpg')\"><\/div>\n        <\/div>\n    <\/div>\n    \n        <\/div>\n    <\/div>\n    \n            <\/div>\n        <\/div>\n    <\/section>\n    \n    <section class=\"content-wrapper \">\n        <div class=\"image-text-container content\">\n            <div class=\"image-wrapper\" data-aos=\"fade-right\" data-aos-duration=\"1000\" data-aos-once=\"true\">\n                                    <div class=\"left-image\">\n                        <img decoding=\"async\" src=\"https:\/\/www.cmlto.com\/wp-content\/uploads\/2022\/12\/654cf0216e95c2395d0cf9eeb814560a.png\">\n                    <\/div>\n                            <\/div>\n            <div class=\"text-wrapper\" data-aos=\"fade-left\" data-aos-duration=\"1000\" data-aos-once=\"true\">\n                \n<h2><span style=\"color: #1e3f82;\">Frais de<\/span> r\u00e9int\u00e9gration<\/h2>\n<p><span style=\"font-weight: 400;\">Les personnes dont l&rsquo;inscription a \u00e9t\u00e9 suspendue devront payer les frais de r\u00e9int\u00e9gration + les frais de renouvellement annuel de l&rsquo;inscription de l&rsquo;ann\u00e9e ou des ann\u00e9es pr\u00e9c\u00e9dentes que la personne n&rsquo;a pas pay\u00e9e + une p\u00e9nalit\u00e9 de 40 % + la TVH. <\/span><span style=\"font-weight: 400;\"><br \/>\n<\/span><span style=\"font-weight: 400;\">Frais de r\u00e9int\u00e9gration 100,00 $ + 13% TVH 13,00 $ = <\/span><b>$113.00<\/b><\/p>\n<h2>Autres <span style=\"color: #1e3f82;\">frais<\/span><\/h2>\n<p><span style=\"font-weight: 400;\">Lettre de garantie et demande d&rsquo;\u00e9cran :<\/span><span style=\"font-weight: 400;\"><br \/>\n<\/span><span style=\"font-weight: 400;\">Pour les inscrits actuels : 44,25 $ + 13% TVH 5,75 $ = <\/span><b>$50.00 <\/b><\/p>\n<p><span style=\"font-weight: 400;\">Pour les anciens inscrits : 132,74 $ + 13% TVH 17,26 $ = <\/span><b>$150.00 <\/b><\/p>\n<p><span style=\"font-weight: 400;\">R\u00e9impression du certificat mural : 25,00 $ + 13 % TVH 3,25 $ = 28,25 $. <\/span><b>$28.25<\/b><\/p>\n<p><span style=\"font-weight: 400;\">R\u00e9impression des re\u00e7us d&rsquo;imp\u00f4t sur le revenu ant\u00e9rieurs \u00e0 2012 : 14,28 $ + 13 % TVH 1,86 $ = 16,14 $. <\/span><b>$16.14<\/b><span style=\"font-weight: 400;\"><br \/>\n<\/span><span style=\"font-weight: 400;\">Sans provision\/carte de cr\u00e9dit refus\u00e9e : 14,28 $ + 13 % TVH 1,86 $ = <\/span><b> 16,14 <\/b><\/p>\n<p><strong>Frais d&rsquo;inscription volontaire \u00e0 la liste de l&rsquo;<\/strong><b>OTLMO<\/b>:<\/p>\n<p>Demande d&rsquo;inscription (frais d&rsquo;\u00e9valuation non remboursables) : <strong> 100,00 $ + 13,00 $ TVH = Total 113,00 $<\/strong><\/p>\n<p>Frais d&rsquo;inscription : <strong> 50,00 $ + 6,50 $ TVH = Total 56,50 $<\/strong><\/p>\n<p>Frais de renouvellement annuel : <strong> 50,00 $ + 6,50 $ TVH = Total 56,50<\/strong><\/p>\n            <\/div>\n        <\/div>\n    <\/section>\n    \n","protected":false},"excerpt":{"rendered":"","protected":false},"author":1,"featured_media":6362,"parent":0,"menu_order":0,"comment_status":"closed","ping_status":"closed","template":"","meta":{"_acf_changed":false,"footnotes":""},"class_list":["post-2494","page","type-page","status-publish","has-post-thumbnail","hentry"],"acf":[],"_links":{"self":[{"href":"https:\/\/www.cmlto.com\/fr\/wp-json\/wp\/v2\/pages\/2494","targetHints":{"allow":["GET"]}}],"collection":[{"href":"https:\/\/www.cmlto.com\/fr\/wp-json\/wp\/v2\/pages"}],"about":[{"href":"https:\/\/www.cmlto.com\/fr\/wp-json\/wp\/v2\/types\/page"}],"author":[{"embeddable":true,"href":"https:\/\/www.cmlto.com\/fr\/wp-json\/wp\/v2\/users\/1"}],"replies":[{"embeddable":true,"href":"https:\/\/www.cmlto.com\/fr\/wp-json\/wp\/v2\/comments?post=2494"}],"version-history":[{"count":12,"href":"https:\/\/www.cmlto.com\/fr\/wp-json\/wp\/v2\/pages\/2494\/revisions"}],"predecessor-version":[{"id":5234,"href":"https:\/\/www.cmlto.com\/fr\/wp-json\/wp\/v2\/pages\/2494\/revisions\/5234"}],"wp:featuredmedia":[{"embeddable":true,"href":"https:\/\/www.cmlto.com\/fr\/wp-json\/wp\/v2\/media\/6362"}],"wp:attachment":[{"href":"https:\/\/www.cmlto.com\/fr\/wp-json\/wp\/v2\/media?parent=2494"}],"curies":[{"name":"wp","href":"https:\/\/api.w.org\/{rel}","templated":true}]}}