{"id":2430,"date":"2023-01-13T11:46:12","date_gmt":"2023-01-13T16:46:12","guid":{"rendered":"https:\/\/geekpowertech.com\/cmlto\/contact\/"},"modified":"2024-07-10T10:50:33","modified_gmt":"2024-07-10T14:50:33","slug":"contact","status":"publish","type":"page","link":"https:\/\/www.cmlto.com\/fr\/contact\/","title":{"rendered":"CONTACTEZ-NOUS\u202f"},"content":{"rendered":"    <div class=\"content-wrapper container\">\n        \n<p style=\"text-align: left;\"><strong>Le bureau de l\u2019OTLMO est un environnement sans parfum<\/strong>. L\u2019Ordre demande au personnel et aux visiteurs de s\u2019abstenir d\u2019utiliser ou de porter des parfums, du fixatif parfum\u00e9, de l\u2019eau de Cologne, de la lotion apr\u00e8s-rasage et de tout autre produit ou article tr\u00e8s parfum\u00e9 lorsqu\u2019ils visitent les locaux de l\u2019OTLMO.<\/p>\n    <div class=\"two-column-wrapper max1361\">\n        \n    <div class=\"column-wrapper \">\n        \n<h1><span style=\"color: #1e3f82;\">Entrer en contact<\/span><\/h1>\n    <div class=\"column-row-wrapper TextRun SCXW76780214 BCX0\">\n                <div class=\"row-content-wrapper\">\n            \n<p><a href=\"mailto:mail@cmlto.com\" target=\"_blank\" rel=\"noopener\"><span style=\"font-weight: 400;\">mail@cmlto.com<\/span><\/a><\/p>\n        <\/div>\n    <\/div>\n    \n    <div class=\"column-row-wrapper TextRun SCXW255895911 BCX0\">\n                <div class=\"row-content-wrapper\">\n            \n<p><span class=\"TextRun SCXW255895911 BCX0\" lang=\"FR-CA\" xml:lang=\"FR-CA\" data-contrast=\"none\"><span class=\"NormalTextRun SCXW255895911 BCX0\">T\u00e9l\u00e9phone<\/span><\/span>: <a href=\"mailto:416.861.9605\"><span style=\"font-weight: 400;\">416.861.9605<\/span><\/a><br \/>\n<span class=\"TextRun SCXW170330258 BCX0\" lang=\"FR-CA\" xml:lang=\"FR-CA\" data-contrast=\"none\"><span class=\"NormalTextRun SCXW170330258 BCX0\">Sans frais au Canada<\/span><\/span>: <a href=\"mailto:416. 861.0934\" target=\"_blank\" rel=\"noopener\"><span style=\"font-weight: 400;\">416. 861.0934<\/span><\/a><br \/>\n<span class=\"TextRun SCXW170330258 BCX0\" lang=\"FR-CA\" xml:lang=\"FR-CA\" data-contrast=\"none\"><span class=\"NormalTextRun SCXW170330258 BCX0\">T\u00e9l\u00e9copieur\u202f<\/span><\/span>: <a href=\"mailto:1.800.323.9672\" target=\"_blank\" rel=\"noopener\"><span style=\"font-weight: 400;\">1.800.323.9672<\/span><\/a><span style=\"font-weight: 400;\"><br \/>\n<\/span><\/p>\n        <\/div>\n    <\/div>\n    \n    <div class=\"column-row-wrapper TextRun Underlined SCXW161869227 BCX0\">\n                <div class=\"row-content-wrapper\">\n            \n<p>25, rue Adelaide Est<br \/>\nbureau 2100<br \/>\nToronto (Ontario) M5C 3A1<\/p>\n        <\/div>\n    <\/div>\n    \n    <div class=\"column-row-wrapper \">\n                <div class=\"row-title-wrapper\">\n            <h3>Social<\/h3>\n        <\/div>\n            <div class=\"row-content-wrapper\">\n            \n<p><a href=\"https:\/\/twitter.com\/CMLTOntario\" target=\"_blank\" rel=\"noopener\"><strong>Twitter<\/strong><\/a><\/p>\n<p><a href=\"https:\/\/www.linkedin.com\/company\/college-of-medical-laboratory-technologists-of-ontario\/\" target=\"_blank\" rel=\"noopener\"><strong>LinkedIn<\/strong><\/a><\/p>\n        <\/div>\n    <\/div>\n    \n    <\/div>\n    \n    <div class=\"column-wrapper map\">\n        \n<iframe loading=\"lazy\" style=\"border: 0;\" src=\"https:\/\/www.google.com\/maps\/embed?pb=!1m18!1m12!1m3!1d1926.7662878281442!2d-79.37883830856323!3d43.65050838789613!2m3!1f0!2f0!3f0!3m2!1i1024!2i768!4f13.1!3m3!1m2!1s0x89d4cb32f89b7083%3A0x8548c71f66572494!2s25%20Adelaide%20St%20E%2C%20Toronto%2C%20ON%20M5C%203A1!5e0!3m2!1sen!2sca!4v1672863611765!5m2!1sen!2sca\" width=\"100%\" height=\"100%\" allowfullscreen=\"allowfullscreen\"><\/iframe><br \/>\n    <\/div>\n    \n    <\/div>\n    \n<p style=\"text-align: center;\"><strong>Veuillez noter<\/strong>\u202f: il s\u2019agit du bureau de l\u2019OTLMO. Il ne s\u2019agit pas d\u2019un laboratoire m\u00e9dical ni d\u2019un centre de pr\u00e9l\u00e8vement d\u2019\u00e9chantillons.<\/p>\n    <\/div>\n    \n    <section class=\"full-row-container \">\n        <div class=\"svg-element\" id=\"right\">\n            <object type=\"image\/svg+xml\"\n                    data=\"https:\/\/www.cmlto.com\/wp-content\/themes\/cmlto\/assets\/images\/ellipse_5.svg\"><\/object>\n        <\/div>\n        <div class=\"content-wrapper\">\n            <div class=\"full-row-image-text-container content\" data-aos=\"fade-up\" data-aos-duration=\"1000\"\n                 data-aos-once=\"true\">\n                <div class=\"text-wrapper\">\n                    \n<h1><span style=\"color: #1e3f82;\">Liste du personnel\u202f<\/span><\/h1>\n<table>\n<thead>\n<tr>\n<th class=\"white-back\" colspan=\"3\"><span class=\"TextRun SCXW157654892 BCX0\" lang=\"FR-CA\" xml:lang=\"FR-CA\" data-contrast=\"none\"><span class=\"NormalTextRun SCXW157654892 BCX0\">Bureau de la direction<\/span><\/span><span class=\"EOP SCXW157654892 BCX0\" data-ccp-props=\"{&quot;201341983&quot;:1,&quot;335559740&quot;:330}\">\u00a0<\/span><\/th>\n<\/tr>\n<tr>\n<th scope=\"col\">Position<\/th>\n<th scope=\"col\">Name<\/th>\n<th scope=\"col\">Email<\/th>\n<\/tr>\n<\/thead>\n<tbody>\n<tr>\n<td data-label=\"Position\"><span class=\"TextRun SCXW173134760 BCX0\" lang=\"FR-CA\" xml:lang=\"FR-CA\" data-contrast=\"none\"><span class=\"NormalTextRun SCXW173134760 BCX0\">Registraire et PDG<\/span><\/span><\/td>\n<td data-label=\"Name\">John Tzountzouris<\/td>\n<td data-label=\"Email\"><a href=\"mailto:executiveoffice@cmlto.com\" target=\"_blank\" rel=\"noopener\"><span style=\"font-weight: 400;\">executiveoffice@cmlto.com<\/span><\/a><\/td>\n<\/tr>\n<tr>\n<td data-label=\"Position\"><span class=\"TextRun SCXW136528560 BCX0\" lang=\"FR-CA\" xml:lang=\"FR-CA\" data-contrast=\"none\"><span class=\"NormalTextRun SCXW136528560 BCX0\">Sp\u00e9cialiste de la gouvernance\u00a0<\/span><\/span><span class=\"EOP SCXW136528560 BCX0\" data-ccp-props=\"{&quot;201341983&quot;:1,&quot;335559740&quot;:330}\">\u00a0<\/span><\/td>\n<td data-label=\"Name\">Maggie Cakar<\/td>\n<td data-label=\"Email\"><a href=\"mailto:maggie.cakar@cmlto.com\" target=\"_blank\" rel=\"noopener\"><span style=\"font-weight: 400;\">executiveoffice@cmlto.com<\/span><\/a><\/td>\n<\/tr>\n<tr>\n<td data-label=\"Position\"><span class=\"TextRun SCXW137193512 BCX0\" lang=\"FR-CA\" xml:lang=\"FR-CA\" data-contrast=\"none\"><span class=\"NormalTextRun SCXW137193512 BCX0\">Directrice principale, Programmes r\u00e9glementaires<\/span><\/span><span class=\"EOP SCXW137193512 BCX0\" data-ccp-props=\"{&quot;201341983&quot;:1,&quot;335559740&quot;:330}\">\u00a0<\/span><\/td>\n<td data-label=\"Name\">Megan MacQuarrie<\/td>\n<td data-label=\"Email\"><a href=\"mailto:registration@cmlto.com\" target=\"_blank\" rel=\"noopener\"><span style=\"font-weight: 400;\">registration@cmlto.com<\/span><\/a> <span style=\"font-weight: 400;\"><br \/>\n<\/span><a href=\"mailto:qualityassurance@cmlto.com\" target=\"_blank\" rel=\"noopener\"><span style=\"font-weight: 400;\">qualityassurance@cmlto.com<\/span><\/a> <span style=\"font-weight: 400;\"><br \/>\n<\/span><a href=\"mailto:professionalconduct@cmlto.com\" target=\"_blank\" rel=\"noopener\"><span style=\"font-weight: 400;\">professionalconduct@cmlto.com<\/span><span style=\"font-weight: 400;\"><br \/>\n<\/span><\/a><a href=\"mailto:registrantrelations@cmlto.com\" target=\"_blank\" rel=\"noopener\"><span style=\"font-weight: 400;\">registrantrelations@cmlto.com<\/span><\/a><\/td>\n<\/tr>\n<tr>\n<td class=\"white-back\" colspan=\"3\"><strong><span class=\"TextRun SCXW160276097 BCX0\" lang=\"FR-CA\" xml:lang=\"FR-CA\" data-contrast=\"none\"><span class=\"NormalTextRun SCXW160276097 BCX0\">Conduite professionnelle<\/span><\/span><span class=\"LineBreakBlob BlobObject DragDrop SCXW160276097 BCX0\"><br class=\"SCXW160276097 BCX0\" \/><\/span><\/strong><span class=\"TextRun SCXW160276097 BCX0\" lang=\"FR-CA\" xml:lang=\"FR-CA\" data-contrast=\"none\"><span class=\"NormalTextRun SCXW160276097 BCX0\">Plaintes, processus de plainte, rapports obligatoires, enqu\u00eates sur la conduite professionnelle, enqu\u00eates et relations avec les patients<\/span><\/span><\/td>\n<\/tr>\n<tr>\n<td data-label=\"Position\"><span class=\"TextRun SCXW140821338 BCX0\" lang=\"FR-CA\" xml:lang=\"FR-CA\" data-contrast=\"none\"><span class=\"NormalTextRun SCXW140821338 BCX0\">Coordonnatrice, Conduite professionnelle<\/span><\/span><span class=\"EOP SCXW140821338 BCX0\" data-ccp-props=\"{&quot;201341983&quot;:1,&quot;335559740&quot;:330}\">\u00a0<\/span><\/td>\n<td data-label=\"Name\">Sharon Taylor<\/td>\n<td data-label=\"Email\"><a href=\"mailto:professionalconduct@cmlto.com\" target=\"_blank\" rel=\"noopener\"><span style=\"font-weight: 400;\">professionalconduct@cmlto.com<\/span><\/a><\/td>\n<\/tr>\n<tr>\n<td class=\"white-back\" colspan=\"3\"><b>Inscription et exercice professionnel<\/b><span style=\"font-weight: 400;\"><br \/>\n<\/span>Inscription et renouvellement, demandes de renseignements sur les listes d\u2019inscription<span style=\"font-weight: 400;\"> et services aux membres. Examen et \u00e9laboration de politiques r\u00e9glementaires, relations avec les inscrits, approche ax\u00e9e sur la qualit\u00e9 et consultation sur l\u2019exercice<\/span><\/td>\n<\/tr>\n<tr>\n<td class=\"white-back\" colspan=\"3\"><span class=\"TextRun SCXW22437464 BCX0\" lang=\"FR-CA\" xml:lang=\"FR-CA\" data-contrast=\"none\"><span class=\"NormalTextRun SCXW22437464 BCX0\">Demandes de renseignements g\u00e9n\u00e9raux de l\u2019inscrit\u202f: <\/span><\/span><a class=\"Hyperlink SCXW22437464 BCX0\" href=\"mailto:registrantrelations@cmlto.com\" target=\"_blank\" rel=\"noreferrer noopener\"><span class=\"TextRun Underlined SCXW22437464 BCX0\" lang=\"FR-CA\" xml:lang=\"FR-CA\" data-contrast=\"none\"><span class=\"NormalTextRun SCXW22437464 BCX0\" data-ccp-charstyle=\"Hyperlink\">registrantrelations@cmlto.com<\/span><\/span><\/a><span class=\"EOP SCXW22437464 BCX0\" data-ccp-props=\"{&quot;201341983&quot;:1,&quot;335559740&quot;:330}\">\u00a0<\/span><\/td>\n<\/tr>\n<tr>\n<td data-label=\"Position\"><span class=\"TextRun SCXW240757284 BCX0\" lang=\"FR-CA\" xml:lang=\"FR-CA\" data-contrast=\"none\"><span class=\"NormalTextRun SCXW240757284 BCX0\">Coordonnatrice, Inscription<\/span><\/span><span class=\"EOP SCXW240757284 BCX0\" data-ccp-props=\"{&quot;201341983&quot;:1,&quot;335559740&quot;:330}\">\u00a0<\/span><\/td>\n<td data-label=\"Name\">Selena Choi<\/td>\n<td data-label=\"Email\"><a href=\"mailto:registration@cmlto.com\" target=\"_blank\" rel=\"noopener\"><span style=\"font-weight: 400;\">registration@cmlto.com<\/span><\/a><\/td>\n<\/tr>\n<tr>\n<td data-label=\"Position\"><span class=\"TextRun SCXW187440199 BCX0\" lang=\"FR-CA\" xml:lang=\"FR-CA\" data-contrast=\"none\"><span class=\"NormalTextRun SCXW187440199 BCX0\">Coordonnatrice, Assurance de la qualit\u00e9<\/span><\/span><span class=\"EOP SCXW187440199 BCX0\" data-ccp-props=\"{&quot;201341983&quot;:1,&quot;335559740&quot;:330}\">\u00a0<\/span><\/td>\n<td data-label=\"Name\">Effie Lau<\/td>\n<td data-label=\"Email\"><a href=\"mailto:qualityassurance@cmlto.com\" target=\"_blank\" rel=\"noopener\"><span style=\"font-weight: 400;\">qualityassurance@cmlto.com<\/span><\/a><\/td>\n<\/tr>\n<tr>\n<td data-label=\"Position\"><span class=\"TextRun SCXW24718913 BCX0\" lang=\"FR-CA\" xml:lang=\"FR-CA\" data-contrast=\"none\"><span class=\"NormalTextRun SCXW24718913 BCX0\">Associ\u00e9e, Exercice professionnel<\/span><\/span><span class=\"EOP SCXW24718913 BCX0\" data-ccp-props=\"{&quot;201341983&quot;:1,&quot;335559740&quot;:330}\">\u00a0<\/span><\/td>\n<td data-label=\"Name\">Anna Patanao<\/td>\n<td data-label=\"Email\"><a href=\"mailto:registration@cmlto.com\" target=\"_blank\" rel=\"noopener\"><span style=\"font-weight: 400;\">registration@cmlto.com<\/span><\/a><span style=\"font-weight: 400;\"> and <\/span><span style=\"font-weight: 400;\"><br \/>\n<\/span><a href=\"mailto:qualityassurance@cmlto.com\" target=\"_blank\" rel=\"noopener\"><span style=\"font-weight: 400;\">qualityassurance@cmlto.com<\/span><\/a><\/td>\n<\/tr>\n<tr>\n<td class=\"white-back\" colspan=\"3\"><strong><span class=\"TextRun SCXW111337226 BCX0\" lang=\"FR-CA\" xml:lang=\"FR-CA\" data-contrast=\"none\"><span class=\"NormalTextRun SCXW111337226 BCX0\">Services g\u00e9n\u00e9raux<\/span><\/span><\/strong><br \/>\n<span class=\"TextRun SCXW111337226 BCX0\" lang=\"FR-CA\" xml:lang=\"FR-CA\" data-contrast=\"none\"><span class=\"NormalTextRun SCXW111337226 BCX0\">Services g\u00e9n\u00e9raux, administration des SI\/TI, gestion de projet, gestion des documents et perfectionnement du personnel<\/span><\/span><\/td>\n<\/tr>\n<tr>\n<td data-label=\"Position\"><span class=\"TextRun SCXW138809242 BCX0\" lang=\"FR-CA\" xml:lang=\"FR-CA\" data-contrast=\"none\"><span class=\"NormalTextRun SCXW138809242 BCX0\">Coordonnatrice, Services g\u00e9n\u00e9raux<\/span><\/span><span class=\"EOP SCXW138809242 BCX0\" data-ccp-props=\"{&quot;201341983&quot;:1,&quot;335559740&quot;:330}\">\u00a0<\/span><\/td>\n<td data-label=\"Name\">Rita Azzopardi \/<br \/>\nMikayla Teofilo<\/td>\n<td data-label=\"Email\"><a href=\"mailto:corporateservices@cmlto.com\" target=\"_blank\" rel=\"noopener\"><span style=\"font-weight: 400;\">corporateservices@cmlto.com<\/span><\/a><\/td>\n<\/tr>\n<tr>\n<td data-label=\"Position\"><span class=\"TextRun SCXW149372854 BCX0\" lang=\"FR-CA\" xml:lang=\"FR-CA\" data-contrast=\"none\"><span class=\"NormalTextRun SCXW149372854 BCX0\">Administratrice, Services g\u00e9n\u00e9raux<\/span><\/span><\/td>\n<td data-label=\"Name\">Sharon Taylor<\/td>\n<td data-label=\"Email\"><a href=\"mailto:corporateservices@cmlto.com\" target=\"_blank\" rel=\"noopener\"><span style=\"font-weight: 400;\">corporateservices@cmlto.com<\/span><\/a><\/td>\n<\/tr>\n<tr>\n<td class=\"white-back\" colspan=\"3\"><b><span class=\"TextRun SCXW209112246 BCX0\" lang=\"FR-CA\" xml:lang=\"FR-CA\" data-contrast=\"none\"><span class=\"NormalTextRun SCXW209112246 BCX0\">Communications corporatives<\/span><\/span><\/b><span style=\"font-weight: 400;\"><br \/>\n<\/span><b><span class=\"TextRun SCXW71234421 BCX0\" lang=\"FR-CA\" xml:lang=\"FR-CA\" data-contrast=\"none\"><span class=\"NormalTextRun SCXW71234421 BCX0\">Publications, site Web, relations publiques et demandes de renseignements des m\u00e9dias<\/span><\/span><\/b><\/td>\n<\/tr>\n<tr>\n<td data-label=\"Position\"><span class=\"TextRun SCXW236570108 BCX0\" lang=\"FR-CA\" xml:lang=\"FR-CA\" data-contrast=\"none\"><span class=\"NormalTextRun SCXW236570108 BCX0\">Coordonnatrice, Communications corporatives<\/span><\/span><span class=\"EOP SCXW236570108 BCX0\" data-ccp-props=\"{&quot;201341983&quot;:1,&quot;335559740&quot;:330}\">\u00a0<\/span><\/td>\n<td data-label=\"Name\">Michelle Price<\/td>\n<td data-label=\"Email\"><a href=\"mailto:communications@cmlto.com\" target=\"_blank\" rel=\"noopener\"><span style=\"font-weight: 400;\">communications@cmlto.com<\/span><\/a><\/td>\n<\/tr>\n<\/tbody>\n<\/table>\n<p><span style=\"font-size: revert; color: initial;\">                <\/div>\n                            <\/div>\n        <\/div>\n    <\/section>\n    <\/span><\/p>\n    <section class=\"content-wrapper right-text \">\n        <div class=\"text-container content\">\n            <div class=\"title-wrapper\" data-aos=\"fade-right\" data-aos-duration=\"1000\" data-aos-once=\"true\">\n                <h1>Saviez-vous que vous pouvez demander un conf\u00e9rencier de l\u2019OTLMO? <\/h1>\n            <\/div>\n            <div class=\"text-wrapper\" data-aos=\"fade-left\" data-aos-duration=\"1000\" data-aos-once=\"true\">\n                \n<p><span style=\"font-weight: 400;\">L\u2019OTLMO s\u2019est engag\u00e9 \u00e0 promouvoir et \u00e0 am\u00e9liorer les relations avec les inscrits, les autres ordres de r\u00e9glementation des professions de la sant\u00e9, les principales parties prenantes et le public. \u00a0<strong>L\u2019OTLMO est heureux de r\u00e9pondre aux demandes de pr\u00e9sentations sur une grande vari\u00e9t\u00e9 de sujets, y compris le r\u00f4le de l\u2019Ordre, le programme d\u2019assurance de la qualit\u00e9 de l\u2019OTLMO, le professionnalisme accru et la r\u00e9glementation des assistants et des techniciens de laboratoire m\u00e9dical.<\/strong><\/span><\/p>\n<p><span class=\"TextRun SCXW189580551 BCX0\" lang=\"FR-CA\" xml:lang=\"FR-CA\" data-contrast=\"none\"><span class=\"NormalTextRun SCXW189580551 BCX0\">Pour demander \u00e0 un repr\u00e9sentant de l\u2019OTLMO de faire une pr\u00e9sentation \u00e0 votre organisation, veuillez envoyer un courriel \u00e0 <\/span><\/span><a class=\"Hyperlink SCXW189580551 BCX0\" href=\"mailto:registrantrelations@cmlto.com?subject=Demande%20de%20conf%C3%A9rencier%20de%20l%E2%80%99OTLMO\" target=\"_blank\" rel=\"noreferrer noopener\"><span class=\"TextRun Underlined SCXW189580551 BCX0\" lang=\"FR-CA\" xml:lang=\"FR-CA\" data-contrast=\"none\"><span class=\"NormalTextRun SCXW189580551 BCX0\" data-ccp-charstyle=\"Hyperlink\">registrantrelations@cmlto.com<\/span><\/span><\/a><span class=\"TextRun SCXW189580551 BCX0\" lang=\"FR-CA\" xml:lang=\"FR-CA\" data-contrast=\"none\"><span class=\"NormalTextRun SCXW189580551 BCX0\">.<\/span><\/span><span class=\"EOP SCXW189580551 BCX0\" data-ccp-props=\"{&quot;201341983&quot;:0,&quot;335559740&quot;:259}\">\u00a0<\/span><\/p>\n            <\/div>\n        <\/div>\n    <\/section>\n    \n","protected":false},"excerpt":{"rendered":"<p>Le bureau de l\u2019OTLMO fonctionne actuellement selon un mod\u00e8le hybride.\u00a0<br \/>\nLes heures normales de bureau sont du lundi au vendredi, de 8\u202fh\u202f30 \u00e0 16\u202fh\u202f30.<\/p>\n","protected":false},"author":1,"featured_media":5371,"parent":0,"menu_order":0,"comment_status":"closed","ping_status":"closed","template":"","meta":{"_acf_changed":false,"footnotes":""},"class_list":["post-2430","page","type-page","status-publish","has-post-thumbnail","hentry"],"acf":[],"_links":{"self":[{"href":"https:\/\/www.cmlto.com\/fr\/wp-json\/wp\/v2\/pages\/2430","targetHints":{"allow":["GET"]}}],"collection":[{"href":"https:\/\/www.cmlto.com\/fr\/wp-json\/wp\/v2\/pages"}],"about":[{"href":"https:\/\/www.cmlto.com\/fr\/wp-json\/wp\/v2\/types\/page"}],"author":[{"embeddable":true,"href":"https:\/\/www.cmlto.com\/fr\/wp-json\/wp\/v2\/users\/1"}],"replies":[{"embeddable":true,"href":"https:\/\/www.cmlto.com\/fr\/wp-json\/wp\/v2\/comments?post=2430"}],"version-history":[{"count":6,"href":"https:\/\/www.cmlto.com\/fr\/wp-json\/wp\/v2\/pages\/2430\/revisions"}],"predecessor-version":[{"id":5079,"href":"https:\/\/www.cmlto.com\/fr\/wp-json\/wp\/v2\/pages\/2430\/revisions\/5079"}],"wp:featuredmedia":[{"embeddable":true,"href":"https:\/\/www.cmlto.com\/fr\/wp-json\/wp\/v2\/media\/5371"}],"wp:attachment":[{"href":"https:\/\/www.cmlto.com\/fr\/wp-json\/wp\/v2\/media?parent=2430"}],"curies":[{"name":"wp","href":"https:\/\/api.w.org\/{rel}","templated":true}]}}