{"id":2346,"date":"2023-12-15T17:28:24","date_gmt":"2023-12-15T22:28:24","guid":{"rendered":"https:\/\/geekpowertech.com\/cmlto\/college-programs\/"},"modified":"2024-02-09T22:32:18","modified_gmt":"2024-02-10T03:32:18","slug":"college-programs","status":"publish","type":"page","link":"https:\/\/www.cmlto.com\/fr\/college-programs\/","title":{"rendered":"PROGRAMMES DE L\u2019OTLMO"},"content":{"rendered":"    <section class=\"content-wrapper ulstyle\">\n        <div class=\"image-text-container content\">\n            <div class=\"image-wrapper\" data-aos=\"fade-right\" data-aos-duration=\"1000\" data-aos-once=\"true\">\n                                    <div class=\"left-image\">\n                        <img decoding=\"async\" src=\"https:\/\/www.cmlto.com\/wp-content\/uploads\/2022\/12\/654cf0216e95c2395d0cf9eeb814560a.png\">\n                    <\/div>\n                            <\/div>\n            <div class=\"text-wrapper\" data-aos=\"fade-left\" data-aos-duration=\"1000\" data-aos-once=\"true\">\n                \n<p><span style=\"font-weight: 400;\">Pour s\u2019acquitter de son mandat de protection du public,<strong> l\u2019OTLMO veille \u00e0 ce que chaque technologiste de laboratoire m\u00e9dical (TLM) autoris\u00e9 respecte ses obligations en tant que professionnel autor\u00e9glement\u00e9. <\/strong><\/span><\/p>\n<p>Une fois qu\u2019une personne est inscrite aupr\u00e8s de l\u2019OTLMO, les programmes de conduite professionnelle et d\u2019assurance de la qualit\u00e9 s\u2019assurent que cette personne exerce sa profession conform\u00e9ment aux r\u00e8glements et aux normes de l\u2019OTLMO. Dans l\u2019ensemble, c\u2019est ainsi que l\u2019OTLMO prot\u00e8ge le droit du public \u00e0 un service s\u00fbr, efficace et \u00e9thique de la part des technologistes de laboratoire m\u00e9dical de l\u2019Ontario.<\/p>\n<p><span style=\"font-weight: 400;\">Un autre <strong>programme cl\u00e9 qui aide l\u2019OTLMO \u00e0 remplir son mandat est celui des relations avec les patients<\/strong>,<\/span><span style=\"font-weight: 400;\"> qui am\u00e9liore la compr\u00e9hension du public \u00e0 l\u2019\u00e9gard de l\u2019Ordre, de la profession et de son r\u00f4le dans les r\u00e9sultats pour les patients; et aide les TLM \u00e0 fournir un service s\u00fbr, \u00e9thique et comp\u00e9tent. <\/span><\/p>\n<p>Pour en savoir plus sur chacun des programmes de l\u2019OTLMO, s\u00e9lectionnez l\u2019une des options ci-dessous\u202f:<\/p>\n<p><a href=\"https:\/\/www.cmlto.com\/fr\/registration-program-overview\/\"><strong>Inscription<\/strong><\/a><\/p>\n<p><a href=\"https:\/\/www.cmlto.com\/fr\/cmlto-quality-assurance-program-resources\/\"><strong>Assurance de la qualit\u00e9<\/strong><\/a><\/p>\n<p><a href=\"https:\/\/www.cmlto.com\/fr\/professional-conduct-program-overview\/\"><strong>Conduite professionnelle<\/strong><\/a><\/p>\n<p><a href=\"https:\/\/www.cmlto.com\/fr\/patient-relations-program-overview\/\"><strong>Relations avec les patients<\/strong><\/a><\/p>\n<p><span style=\"color: initial; font-size: revert;\">            <\/div>\n        <\/div>\n    <\/section>\n    <\/span><br \/>\n<b><\/b><\/p>\n","protected":false},"excerpt":{"rendered":"","protected":false},"author":1,"featured_media":3218,"parent":0,"menu_order":0,"comment_status":"closed","ping_status":"closed","template":"","meta":{"_acf_changed":false,"footnotes":""},"class_list":["post-2346","page","type-page","status-publish","has-post-thumbnail","hentry"],"acf":[],"_links":{"self":[{"href":"https:\/\/www.cmlto.com\/fr\/wp-json\/wp\/v2\/pages\/2346","targetHints":{"allow":["GET"]}}],"collection":[{"href":"https:\/\/www.cmlto.com\/fr\/wp-json\/wp\/v2\/pages"}],"about":[{"href":"https:\/\/www.cmlto.com\/fr\/wp-json\/wp\/v2\/types\/page"}],"author":[{"embeddable":true,"href":"https:\/\/www.cmlto.com\/fr\/wp-json\/wp\/v2\/users\/1"}],"replies":[{"embeddable":true,"href":"https:\/\/www.cmlto.com\/fr\/wp-json\/wp\/v2\/comments?post=2346"}],"version-history":[{"count":3,"href":"https:\/\/www.cmlto.com\/fr\/wp-json\/wp\/v2\/pages\/2346\/revisions"}],"predecessor-version":[{"id":3074,"href":"https:\/\/www.cmlto.com\/fr\/wp-json\/wp\/v2\/pages\/2346\/revisions\/3074"}],"wp:featuredmedia":[{"embeddable":true,"href":"https:\/\/www.cmlto.com\/fr\/wp-json\/wp\/v2\/media\/3218"}],"wp:attachment":[{"href":"https:\/\/www.cmlto.com\/fr\/wp-json\/wp\/v2\/media?parent=2346"}],"curies":[{"name":"wp","href":"https:\/\/api.w.org\/{rel}","templated":true}]}}