{"id":2342,"date":"2023-12-18T10:00:27","date_gmt":"2023-12-18T15:00:27","guid":{"rendered":"https:\/\/geekpowertech.com\/cmlto\/cmlto-quality-assurance-program-resources\/"},"modified":"2025-04-10T13:42:10","modified_gmt":"2025-04-10T17:42:10","slug":"cmlto-quality-assurance-program-resources","status":"publish","type":"page","link":"https:\/\/www.cmlto.com\/fr\/cmlto-quality-assurance-program-resources\/","title":{"rendered":"Ressources du programme d\u2019assurance qualit\u00e9 de l\u2019OTLMO"},"content":{"rendered":"    <section class=\"full-row-container align-left ul-bottom-padding\">\n        <div class=\"svg-element\" id=\"right\">\n            <object type=\"image\/svg+xml\"\n                    data=\"https:\/\/www.cmlto.com\/wp-content\/themes\/cmlto\/assets\/images\/ellipse_5.svg\"><\/object>\n        <\/div>\n        <div class=\"content-wrapper\">\n            <div class=\"full-row-image-text-container content\" data-aos=\"fade-up\" data-aos-duration=\"1000\"\n                 data-aos-once=\"true\">\n                <div class=\"text-wrapper\">\n                    Le programme d&rsquo;assurance de la qualit\u00e9 du CMLTO est l&rsquo;un des domaines les plus importants pour l&rsquo;Ordre. Le Comit\u00e9 d&rsquo;assurance de la qualit\u00e9 du CMLTO, en collaboration avec le personnel de l&rsquo;Ordre, a continuellement d\u00e9velopp\u00e9 et maintenu ce programme afin de garantir que les TLM (technologistes de laboratoire m\u00e9dical) exercent conform\u00e9ment aux normes de meilleures pratiques et servent le public de mani\u00e8re responsable, s\u00e9curitaire et professionnelle. Les composantes du programme sont pr\u00e9cis\u00e9es dans la **Loi de 1991 sur les technologistes de laboratoire m\u00e9dical**. Le programme doit inclure les \u00e9l\u00e9ments suivants :<\/p>\n        <div class=\"box-container content \">\n                        <div class=\"box-wrapper\">\n                \n    <div class=\"box-list-item\">\n        <div class=\"box-list-item-title\">\n                                <a href=\"https:\/\/www.cmlto.com\/fr\/professional-portfolio\/\"><h4>Le dossier professionnel<\/h4><\/a>\n                    <\/div>\n                <div class=\"box-list-item-content\">\n                     <\/div>\n        <\/div>\n    \n    <div class=\"box-list-item\">\n        <div class=\"box-list-item-title\">\n                                <a href=\"https:\/\/www.cmlto.com\/fr\/practice-review\/\"><h4>L\u2019examen de l\u2019exercice<\/h4><\/a>\n                    <\/div>\n                <div class=\"box-list-item-content\">\n                     <\/div>\n        <\/div>\n    \n    <div class=\"box-list-item\">\n        <div class=\"box-list-item-title\">\n                                <a href=\"https:\/\/www.cmlto.com\/fr\/competence-evaluation\/\"><h4>L\u2019\u00e9valuation des comp\u00e9tences<\/h4><\/a>\n                    <\/div>\n                <div class=\"box-list-item-content\">\n                     <\/div>\n        <\/div>\n    \n            <\/div>\n        <\/div>\n    \n<p>S\u00e9lectionnez l\u2019un des \u00e9l\u00e9ments ci-dessus pour obtenir plus d\u2019informations sur chaque composante et les crit\u00e8res d\u2019audit du programme.<\/p>\n<p>Le programme d\u2019assurance de la qualit\u00e9 soutient la capacit\u00e9 des technologistes de laboratoire m\u00e9dical \u00e0 exercer selon les normes de meilleures pratiques. Le programme d\u2019assurance de la qualit\u00e9 du CMLTO est en place depuis la cr\u00e9ation de l\u2019Ordre en 1991 et, au fil des ans, de nombreuses am\u00e9liorations y ont \u00e9t\u00e9 apport\u00e9es. Le programme d\u2019assurance de la qualit\u00e9 est fr\u00e9quemment examin\u00e9 et \u00e9valu\u00e9 afin d\u2019identifier les outils et ressources permettant de soutenir le maintien des comp\u00e9tences des TLM.<\/p>\n<p>Le programme d\u2019assurance de la qualit\u00e9 s\u2019appuie sur les principes directeurs du conseil d\u2019administration pour apporter des am\u00e9liorations significatives au programme. Ces principes sont :<\/p>\n<p><strong>Favoriser la pratique professionnelle<\/strong><\/p>\n<ol>\n<li>Le CMLTO collabore avec ses membres pour recueillir leurs commentaires sur le programme d\u2019assurance de la qualit\u00e9 et r\u00e9pond \u00e0 leurs retours de mani\u00e8re proactive.<\/li>\n<li>Le CMLTO encourage ses membres \u00e0 int\u00e9grer une d\u00e9marche d\u2019assurance de la qualit\u00e9 tout au long de leur pratique professionnelle et de leur carri\u00e8re.<\/li>\n<li>Le CMLTO soutient et adopte des approches proactives aupr\u00e8s de ses membres afin de promouvoir une pratique professionnelle am\u00e9lior\u00e9e et le maintien de leurs comp\u00e9tences.<\/li>\n<\/ol>\n<p><strong>Efficacit\u00e9<\/strong><\/p>\n<ol>\n<li>Ax\u00e9 sur l&rsquo;am\u00e9lioration continue directe, d\u00e9montr\u00e9e et mesurable des comp\u00e9tences et de la qualit\u00e9 de la pratique professionnelle des membres.<\/li>\n<li>Bas\u00e9 sur des preuves, transparent, \u00e9quitable et objectif.<\/li>\n<li>Facile \u00e0 comprendre et \u00e9tablissant des attentes appropri\u00e9es pour les membres.<\/li>\n<li>\u00c9valu\u00e9 en permanence pour assurer la fiabilit\u00e9 et la validit\u00e9 de la conception et de la mise en \u0153uvre du programme.<\/li>\n<\/ol>\n                <\/div>\n                            <\/div>\n        <\/div>\n    <\/section>\n    \n    <section class=\"content-wrapper \">\n        <div class=\"faq-container content \">\n                        <div class=\"faq-wrapper\">\n                \n    <div class=\"faq\">\n                <div class=\"faq-title \">\n            <span><label><\/label>Le programme d'assurance de la qualit\u00e9 est-il obligatoire pour les TLM?<\/span>\n            <span><i class=\"fas fa-plus-circle\"><\/i><\/span>\n        <\/div>\n                <div class=\"faq-content\">\n            Le programme est obligatoire pour tous les membres actifs du CMLTO, quel que soit leur statut d\u2019emploi. Le statut d\u2019emploi d\u2019un membre (par exemple, temps partiel, temps plein, en cong\u00e9) est distinct de son inscription aupr\u00e8s de l\u2019Ordre. Tant qu\u2019un membre d\u00e9tient un certificat d\u2019inscription actif, il doit participer au programme.<\/p>\n        <\/div>\n    <\/div>\n    \n    <div class=\"faq\">\n                <div class=\"faq-title \">\n            <span><label><\/label>Comment les membres sont-ils soumis \u00e0 un audit?<\/span>\n            <span><i class=\"fas fa-plus-circle\"><\/i><\/span>\n        <\/div>\n                <div class=\"faq-content\">\n            \n<p><span style=\"font-weight: 400;\">Les membres sont s\u00e9lectionn\u00e9s pour des audits conform\u00e9ment aux crit\u00e8res d\u2019audit \u00e9tablis par le Comit\u00e9 d\u2019assurance de la qualit\u00e9. Consultez ci-dessous pour plus de d\u00e9tails sur la fa\u00e7on dont les membres du CMLTO sont s\u00e9lectionn\u00e9s pour un audit.<\/span><\/p>\n<p><strong>Dossier professionnel<\/strong><\/p>\n<p>Chaque ann\u00e9e, les membres doivent soumettre leur dossier professionnel de la phase 1 pour examen, qui comprend les sections Profil professionnel, Auto\u00e9valuation et D\u00e9veloppement des objectifs d\u2019apprentissage. Les membres actifs sont s\u00e9lectionn\u00e9s au hasard une fois tous les cinq ans pour soumettre leur dossier complet \u00e0 des fins de r\u00e9vision. L\u2019audit de la phase 2 inclut tous les \u00e9l\u00e9ments de la phase 1 ainsi que les sections D\u00e9veloppement professionnel et R\u00e9flexion sur les objectifs d\u2019apprentissage. Les membres peuvent \u00eatre tenus de soumettre leur dossier sur demande du Comit\u00e9 d\u2019assurance de la qualit\u00e9 (CAQ). Les membres s\u00e9lectionn\u00e9s pour l\u2019audit de r\u00e9vision de la pratique ou qui s\u2019inscrivent au cours de l\u2019ann\u00e9e civile en cours sont exempt\u00e9s de l\u2019audit de la phase 2.<\/p>\n<p><strong>R\u00e9vision de la pratique<\/strong><\/p>\n<p>Les membres actifs inscrits depuis plus de deux ans seront s\u00e9lectionn\u00e9s au hasard pour compl\u00e9ter la r\u00e9vision de la pratique une fois tous les dix ans. Ceux qui passent \u00e0 un certificat d\u2019inscription actif, par quelque moyen que ce soit (par exemple, nouvel inscrit, r\u00e9int\u00e9gration, passage du statut non actif \u00e0 actif), devront compl\u00e9ter la r\u00e9vision de la pratique au cours de leurs deux premi\u00e8res ann\u00e9es d\u2019inscription.<\/p>\n<p><strong>\u00c9valuation des comp\u00e9tences<\/strong><\/p>\n<p>Contrairement aux deux audits mentionn\u00e9s ci-dessus, les membres ne sont pas s\u00e9lectionn\u00e9s au hasard pour l\u2019\u00e9valuation des comp\u00e9tences. Si le Comit\u00e9 d\u2019assurance de la qualit\u00e9 estime qu\u2019un membre ne poss\u00e8de pas des connaissances, des comp\u00e9tences ou un jugement suffisant, sur la base de la soumission de son dossier professionnel, des r\u00e9sultats de la r\u00e9vision de la pratique ou d\u2019autres informations \u00e9crites, il peut exiger que le membre compl\u00e8te une \u00e9valuation des comp\u00e9tences.<\/p>\n        <\/div>\n    <\/div>\n    \n    <div class=\"faq\">\n                <div class=\"faq-title \">\n            <span><label><\/label>L\u2019employeur d\u2019un membre est-il inform\u00e9 lorsqu\u2019il est soumis \u00e0 un audit?<\/span>\n            <span><i class=\"fas fa-plus-circle\"><\/i><\/span>\n        <\/div>\n                <div class=\"faq-content\">\n            \n<p>Les employeurs ne sont pas inform\u00e9s lorsqu\u2019un membre est soumis \u00e0 un audit. La l\u00e9gislation exige que toutes les informations recueillies dans le cadre du programme d\u2019assurance de la qualit\u00e9 demeurent confidentielles. Ces informations ne peuvent pas \u00eatre utilis\u00e9es \u00e0 d\u2019autres fins, m\u00eame par les comit\u00e9s statutaires du CMLTO, \u00e0 l\u2019exception du Comit\u00e9 d\u2019assurance de la qualit\u00e9.<\/p>\n<p>Pour plus de d\u00e9tails sur les crit\u00e8res d\u2019audit du programme d\u2019assurance de la qualit\u00e9, cliquez <a href=\"https:\/\/www.cmlto.com\/fr\/quality-assurance-audit-criteria\/\">ici<\/a>.<\/p>\n<p>Vous souhaitez en savoir plus sur le programme d\u2019assurance de la qualit\u00e9 du CMLTO ? Contactez l\u2019\u00e9quipe d\u2019assurance de la qualit\u00e9 du CMLTO \u00e0 l&rsquo;adresse <a href=\"mailto:qualityassurance@cmlto.com\">qualityassurance@cmlto.com<\/a>.<\/p>\n        <\/div>\n    <\/div>\n    \n    <div class=\"faq\">\n                <div class=\"faq-title \">\n            <span><label><\/label>Que se passe-t-il si je ne me conforme pas au programme d'assurance de la qualit\u00e9 (PAQ) ?<\/span>\n            <span><i class=\"fas fa-plus-circle\"><\/i><\/span>\n        <\/div>\n                <div class=\"faq-content\">\n            \n<p><strong>Non-conformit\u00e9 au programme d\u2019assurance de la qualit\u00e9 (PAQ) et renvoi de cas au CAQ<\/strong><\/p>\n<p>Les cas sont renvoy\u00e9s au CAQ conform\u00e9ment \u00e0 la politique de renvoi de cas QAC 45, que vous pouvez consulter <a href=\"https:\/\/www.cmlto.com\/wp-content\/uploads\/2025\/04\/QAC-45-FR.pdf\"><strong>ici<\/strong><\/a>. Les renvois peuvent inclure :<\/p>\n<ul>\n<li>Une demande d\u2019exclusion ou de prolongation d\u2019audit qui d\u00e9passe les crit\u00e8res de la politique d\u00e9cisionnelle administrative du PAQ,<\/li>\n<li>Le membre ne respecte pas une exigence du PAQ :\n<ul>\n<li>Ne soumet pas un dossier complet de la phase 1 ou de la phase 2, m\u00eame apr\u00e8s un accompagnement et\/ou une intervention du personnel du PAQ, le cas \u00e9ch\u00e9ant,<\/li>\n<li>Ne satisfait pas aux crit\u00e8res minimaux d\u2019\u00e9valuation de la r\u00e9vision de la pratique en conformit\u00e9 avec les politiques de r\u00e9vision de la pratique du CAQ.<\/li>\n<\/ul>\n<\/li>\n<li>Un membre actif ne r\u00e9pond pas ou ne communique pas avec le CMLTO de mani\u00e8re compl\u00e8te ou en temps opportun, comme d\u00e9crit dans les avis ou communications envoy\u00e9s au membre.<\/li>\n<li>La non-conformit\u00e9 \u00e0 la d\u00e9claration d\u2019QA d\u2019un membre n\u2019est pas d\u00e9crite dans la politique QAC 40 \u2013 TLM non conformes aux d\u00e9clarations d\u2019QA lors du renouvellement annuel.<\/li>\n<\/ul>\n<p>Le CAQ peut prendre une ou plusieurs des mesures d\u00e9finies \u00e0 la section 80.2 du Code de proc\u00e9dure des professions de la sant\u00e9 (annexe 2 de la Loi de 1991 sur les professions de la sant\u00e9 r\u00e9glement\u00e9es).<\/p>\n        <\/div>\n    <\/div>\n    \n    <div class=\"faq\">\n                <div class=\"faq-title \">\n            <span><label><\/label>Que se passe-t-il si je change mon statut d'inscription apr\u00e8s avoir \u00e9t\u00e9 s\u00e9lectionn\u00e9 pour un audit du programme d'assurance de la qualit\u00e9 (PAQ) ?<\/span>\n            <span><i class=\"fas fa-plus-circle\"><\/i><\/span>\n        <\/div>\n                <div class=\"faq-content\">\n            \n<p>Un membre actif qui change son statut d&rsquo;inscription pour Non-actif, d\u00e9missionne ou est suspendu apr\u00e8s avoir \u00e9t\u00e9 s\u00e9lectionn\u00e9 pour un audit du programme d&rsquo;assurance de la qualit\u00e9 (PAQ) ne sera pas tenu de compl\u00e9ter son audit \u00e0 ce moment-l\u00e0. S&rsquo;il redevient membre actif \u00e0 l&rsquo;avenir, il devra compl\u00e9ter l&rsquo;\u00e9valuation de la r\u00e9vision de la pratique dans les 60 jours.<\/p>\n<p>Pour plus d&rsquo;informations, consultez <a href=\"https:\/\/www.cmlto.com\/wp-content\/uploads\/2024\/11\/QAC-Policy-47-FR.pdf\">la politique 47 du Comit\u00e9 d&rsquo;assurance de la qualit\u00e9<\/a>.<\/p>\n        <\/div>\n    <\/div>\n    \n    <div class=\"faq\">\n                <div class=\"faq-title \">\n            <span><label><\/label>Qu'est-ce que le Programme de soutien au portefeuille professionnel ?<\/span>\n            <span><i class=\"fas fa-plus-circle\"><\/i><\/span>\n        <\/div>\n                <div class=\"faq-content\">\n            \n<p>Le Comit\u00e9 d\u2019assurance de la qualit\u00e9 de l\u2019OCTLMO a \u00e9labor\u00e9 le Programme de soutien au portefeuille professionnel pour r\u00e9pondre \u00e0 ces situations. Ce programme vise \u00e0 soutenir les inscrits dans leur compr\u00e9hension et leur capacit\u00e9 \u00e0 respecter les obligations du Programme d\u2019assurance de la qualit\u00e9 (PAQ). Il offre un engagement proactif par courriel, appels t\u00e9l\u00e9phoniques et rappels, afin de permettre aux inscrits de maintenir un Portefeuille professionnel \u00e0 jour.<\/p>\n<p>Les inscrits pourraient \u00eatre tenus de participer \u00e0 ce programme s\u2019ils ne soumettent pas leur Portefeuille professionnel de la phase 1 dans les d\u00e9lais impartis, s\u2019ils d\u00e9clarent eux-m\u00eames un non-respect de leurs engagements en mati\u00e8re d\u2019assurance de la qualit\u00e9, ou s\u2019ils sont orient\u00e9s vers ce programme par le Comit\u00e9 d\u2019assurance de la qualit\u00e9 (CAQ).<\/p>\n<p>Pour plus d&rsquo;informations sur ce programme, <a href=\"https:\/\/www.cmlto.com\/wp-content\/uploads\/2024\/12\/QAC-104-FR.pdf\">consultez la Politique d\u2019assurance de la qualit\u00e9 104<\/a>.<\/p>\n        <\/div>\n    <\/div>\n    \n            <\/div>\n        <\/div>\n    <\/section>\n    \n","protected":false},"excerpt":{"rendered":"","protected":false},"author":1,"featured_media":2066,"parent":0,"menu_order":0,"comment_status":"closed","ping_status":"closed","template":"","meta":{"_acf_changed":false,"footnotes":""},"class_list":["post-2342","page","type-page","status-publish","has-post-thumbnail","hentry"],"acf":[],"_links":{"self":[{"href":"https:\/\/www.cmlto.com\/fr\/wp-json\/wp\/v2\/pages\/2342","targetHints":{"allow":["GET"]}}],"collection":[{"href":"https:\/\/www.cmlto.com\/fr\/wp-json\/wp\/v2\/pages"}],"about":[{"href":"https:\/\/www.cmlto.com\/fr\/wp-json\/wp\/v2\/types\/page"}],"author":[{"embeddable":true,"href":"https:\/\/www.cmlto.com\/fr\/wp-json\/wp\/v2\/users\/1"}],"replies":[{"embeddable":true,"href":"https:\/\/www.cmlto.com\/fr\/wp-json\/wp\/v2\/comments?post=2342"}],"version-history":[{"count":4,"href":"https:\/\/www.cmlto.com\/fr\/wp-json\/wp\/v2\/pages\/2342\/revisions"}],"predecessor-version":[{"id":6883,"href":"https:\/\/www.cmlto.com\/fr\/wp-json\/wp\/v2\/pages\/2342\/revisions\/6883"}],"wp:featuredmedia":[{"embeddable":true,"href":"https:\/\/www.cmlto.com\/fr\/wp-json\/wp\/v2\/media\/2066"}],"wp:attachment":[{"href":"https:\/\/www.cmlto.com\/fr\/wp-json\/wp\/v2\/media?parent=2342"}],"curies":[{"name":"wp","href":"https:\/\/api.w.org\/{rel}","templated":true}]}}