{"id":2338,"date":"2024-01-08T17:47:53","date_gmt":"2024-01-08T22:47:53","guid":{"rendered":"https:\/\/geekpowertech.com\/cmlto\/employer-newsletter\/"},"modified":"2024-02-12T09:09:00","modified_gmt":"2024-02-12T14:09:00","slug":"employer-newsletter","status":"publish","type":"page","link":"https:\/\/www.cmlto.com\/fr\/employer-newsletter\/","title":{"rendered":"INFOLETTRE DE L\u2019EMPLOYEUR"},"content":{"rendered":"    <section class=\"content-wrapper ulstyle\">\n        <div class=\"image-text-container content\">\n            <div class=\"image-wrapper\" data-aos=\"fade-right\" data-aos-duration=\"1000\" data-aos-once=\"true\">\n                                    <div class=\"left-image\">\n                        <img decoding=\"async\" src=\"https:\/\/www.cmlto.com\/wp-content\/uploads\/2022\/12\/654cf0216e95c2395d0cf9eeb814560a.png\">\n                    <\/div>\n                            <\/div>\n            <div class=\"text-wrapper\" data-aos=\"fade-left\" data-aos-duration=\"1000\" data-aos-once=\"true\">\n                \n<p><span class=\"TextRun SCXW64607947 BCX0\" lang=\"FR-CA\" xml:lang=\"FR-CA\" data-contrast=\"none\"><span class=\"NormalTextRun SCXW64607947 BCX0\">L\u2019infolettre de l\u2019employeur de l\u2019Ordre des technologistes de laboratoire m\u00e9dical de l\u2019Ontario fournit des mises \u00e0 jour opportunes sur les questions l\u00e9gislatives et r\u00e9glementaires qui touchent les laboratoires m\u00e9dicaux au sein du syst\u00e8me de soins de sant\u00e9 de l\u2019Ontario.<\/span><\/span><span class=\"EOP SCXW64607947 BCX0\" data-ccp-props=\"{&quot;201341983&quot;:0,&quot;335559740&quot;:259}\">\u00a0<\/span><\/p>\n<p><span class=\"TextRun SCXW71544863 BCX0\" lang=\"FR-CA\" xml:lang=\"FR-CA\" data-contrast=\"none\"><span class=\"NormalTextRun SCXW71544863 BCX0\">Nous souhaitons continuer \u00e0 am\u00e9liorer cette publication et nous vous invitons \u00e0 nous faire part de vos commentaires sur des sujets ou des domaines d\u2019int\u00e9r\u00eat que vous aimeriez voir inclus. Veuillez envoyer vos commentaires \u00e0 <\/span><\/span><a class=\"Hyperlink SCXW71544863 BCX0\" href=\"mailto:communications@cmlto.com\" target=\"_blank\" rel=\"noreferrer noopener\"><span class=\"TextRun Underlined SCXW71544863 BCX0\" lang=\"FR-CA\" xml:lang=\"FR-CA\" data-contrast=\"none\"><span class=\"NormalTextRun SCXW71544863 BCX0\" data-ccp-charstyle=\"Hyperlink\">communications@cmlto.com<\/span><\/span><\/a><span class=\"TextRun SCXW71544863 BCX0\" lang=\"FR-CA\" xml:lang=\"FR-CA\" data-contrast=\"none\"><span class=\"NormalTextRun SCXW71544863 BCX0\">.<\/span><\/span><\/p>\n<p><span class=\"TextRun SCXW217976495 BCX0\" lang=\"FR-CA\" xml:lang=\"FR-CA\" data-contrast=\"none\"><span class=\"NormalTextRun SCXW217976495 BCX0\">Pour vous abonner \u00e0 notre infolettre gratuite, veuillez contacter <\/span><\/span><a class=\"Hyperlink SCXW217976495 BCX0\" href=\"mailto:communications@cmlto.com\" target=\"_blank\" rel=\"noreferrer noopener\"><span class=\"TextRun Underlined SCXW217976495 BCX0\" lang=\"FR-CA\" xml:lang=\"FR-CA\" data-contrast=\"none\"><span class=\"NormalTextRun SCXW217976495 BCX0\" data-ccp-charstyle=\"Hyperlink\">communications@cmlto.com<\/span><\/span><\/a><span class=\"TextRun SCXW217976495 BCX0\" lang=\"FR-CA\" xml:lang=\"FR-CA\" data-contrast=\"none\"><span class=\"NormalTextRun SCXW217976495 BCX0\">.<\/span><\/span><span class=\"EOP SCXW217976495 BCX0\" data-ccp-props=\"{&quot;201341983&quot;:0,&quot;335559740&quot;:259}\">\u00a0<\/span><\/p>\n<p><span class=\"TextRun SCXW208635270 BCX0\" lang=\"FR-CA\" xml:lang=\"FR-CA\" data-contrast=\"none\"><span class=\"NormalTextRun SCXW208635270 BCX0\">Veuillez noter que les fonctionnalit\u00e9s interactives (r\u00e9ponses aux questions de l\u2019enqu\u00eate) ont \u00e9t\u00e9 d\u00e9sactiv\u00e9es dans les fichiers PDF.<br \/>\n<\/span><\/span><\/p>\n<p><span class=\"TextRun SCXW208635270 BCX0\" lang=\"FR-CA\" xml:lang=\"FR-CA\" data-contrast=\"none\"><span class=\"NormalTextRun SCXW208635270 BCX0\"><span class=\"TextRun SCXW57712773 BCX0\" lang=\"FR-CA\" xml:lang=\"FR-CA\" data-contrast=\"auto\"><span class=\"NormalTextRun SCXW57712773 BCX0\">Veuillez \u00e9galement noter que les exemplaires ant\u00e9rieurs de l\u2019infolettre de l&#8217;employeur de l&rsquo;OTLMO ne sont pas inclus en fran\u00e7ais. Si vous souhaitez avoir acc\u00e8s \u00e0 des copies en fran\u00e7ais de tout num\u00e9ro ant\u00e9rieur, veuillez communiquer avec <\/span><\/span><a class=\"Hyperlink SCXW57712773 BCX0\" href=\"mailto:communications@cmlto.com\" target=\"_blank\" rel=\"noreferrer noopener\"><span class=\"TextRun Underlined SCXW57712773 BCX0\" lang=\"FR-CA\" xml:lang=\"FR-CA\" data-contrast=\"none\"><span class=\"NormalTextRun SCXW57712773 BCX0\" data-ccp-charstyle=\"Hyperlink\">communications@cmlto.com<\/span><\/span><\/a><span class=\"TextRun SCXW57712773 BCX0\" lang=\"FR-CA\" xml:lang=\"FR-CA\" data-contrast=\"auto\"><span class=\"NormalTextRun SCXW57712773 BCX0\">.\u00a0<\/span><\/span><span class=\"EOP SCXW57712773 BCX0\" data-ccp-props=\"{&quot;201341983&quot;:0,&quot;335559740&quot;:259}\">\u00a0<\/span><br \/>\n<\/span><\/span><\/p>\n<p><span style=\"font-size: revert; color: initial;\">            <\/div>\n        <\/div>\n    <\/section>\n    <\/span><\/p>\n    <section class=\"content-wrapper \">\n        <div class=\"faq-container content \">\n                        <div class=\"faq-wrapper\">\n                \n    <div class=\"faq\">\n                <div class=\"faq-title \">\n            <span><label><\/label>NEWSLETTER PDFs<\/span>\n            <span><i class=\"fas fa-plus-circle\"><\/i><\/span>\n        <\/div>\n                <div class=\"faq-content\">\n            \n<h2><span style=\"font-weight: 400; color: #1e3f82;\">2023<\/span><\/h2>\n    <div class=\"buttons \">\n            <a class=\"button blue\"  target=\"_blank\"        href=\"https:\/\/www.cmlto.com\/wp-content\/uploads\/2024\/02\/2023_employer_newsletter_march.pdf\" data-aos=\"fade-up\"\n       data-aos-duration=\"1000\" data-aos-once=\"true\">\n        Num\u00e9ro\u202f1    <\/a>\n    \n    <div class=\"buttons \">\n            <\/div>\n        <a class=\"button blue\"  target=\"_blank\"        href=\"https:\/\/www.cmlto.com\/wp-content\/uploads\/2024\/02\/2023_employer_newsletter_july.pdf\" data-aos=\"fade-up\"\n       data-aos-duration=\"1000\" data-aos-once=\"true\">\n        <span style=\"font-weight: 400;\">Num\u00e9ro\u202f2<\/span>    <\/a>\n    \n    <div class=\"buttons \">\n            <\/div>\n        <a class=\"button blue\"  target=\"_blank\"        href=\"https:\/\/www.cmlto.com\/wp-content\/uploads\/2024\/02\/2023_employer_newsletter_fall.pdf\" data-aos=\"fade-up\"\n       data-aos-duration=\"1000\" data-aos-once=\"true\">\n        <span style=\"font-weight: 400;\">Num\u00e9ro\u202f3<\/span>    <\/a>\n        <\/div>\n    \n<h2><span style=\"font-weight: 400; color: #1e3f82;\">2022<\/span><\/h2>\n    <div class=\"buttons \">\n            <a class=\"button blue\"  target=\"_blank\"        href=\"https:\/\/www.cmlto.com\/wp-content\/uploads\/2024\/01\/employer_news_oct_2022.pdf\" data-aos=\"fade-up\"\n       data-aos-duration=\"1000\" data-aos-once=\"true\">\n        Num\u00e9ro\u202f1    <\/a>\n    \n    <\/div>\n    \n<h2><span style=\"font-weight: 400; color: #1e3f82;\">2017<\/span><\/h2>\n<p><span style=\"font-weight: 400;\">    <div class=\"buttons \">\n            <a class=\"button blue\"  target=\"_blank\"        href=\"https:\/\/www.cmlto.com\/wp-content\/uploads\/2024\/01\/cmlto_empnews_2017_iss1.pdf\" data-aos=\"fade-up\"\n       data-aos-duration=\"1000\" data-aos-once=\"true\">\n        Num\u00e9ro\u202f1    <\/a>\n    <\/span><\/p>\n<p><span style=\"font-weight: 400;\">    <\/div>\n    <\/span><\/p>\n<h2><span style=\"font-weight: 400; color: #1e3f82;\">2016<\/span><\/h2>\n<p><span style=\"font-weight: 400;\">    <div class=\"buttons \">\n        <\/span><\/p>\n<p><span style=\"font-weight: 400;\">    <a class=\"button blue\"  target=\"_blank\"        href=\"https:\/\/www.cmlto.com\/wp-content\/uploads\/2024\/01\/cmlto_emp_newsletter_issue1_2016.pdf\" data-aos=\"fade-up\"\n       data-aos-duration=\"1000\" data-aos-once=\"true\">\n        Num\u00e9ro\u202f1    <\/a>\n    <\/span><\/p>\n<p><span style=\"font-weight: 400;\">    <a class=\"button blue\"  target=\"_blank\"        href=\"https:\/\/www.cmlto.com\/wp-content\/uploads\/2024\/01\/cmlto_emp_newsletter_issue2_2016.pdf\" data-aos=\"fade-up\"\n       data-aos-duration=\"1000\" data-aos-once=\"true\">\n        Num\u00e9ro\u202f2    <\/a>\n    <\/span><\/p>\n<p><span style=\"font-weight: 400;\">    <a class=\"button blue\"  target=\"_blank\"        href=\"https:\/\/www.cmlto.com\/wp-content\/uploads\/2024\/01\/cmlto_emp_newsletter_issue3_2016.pdf\" data-aos=\"fade-up\"\n       data-aos-duration=\"1000\" data-aos-once=\"true\">\n        Num\u00e9ro\u202f3    <\/a>\n    <\/span><\/p>\n<p><span style=\"font-weight: 400;\">    <\/div>\n    <\/span><\/p>\n<h2><span style=\"font-weight: 400; color: #1e3f82;\">2015<\/span><\/h2>\n<p><span style=\"font-weight: 400;\">    <div class=\"buttons \">\n        <\/span><\/p>\n<p><span style=\"font-weight: 400;\">    <a class=\"button blue\"  target=\"_blank\"        href=\"https:\/\/www.cmlto.com\/wp-content\/uploads\/2024\/01\/cmlto_emp_news_2015_iss1.pdf\" data-aos=\"fade-up\"\n       data-aos-duration=\"1000\" data-aos-once=\"true\">\n        Num\u00e9ro\u202f1    <\/a>\n    <\/span><\/p>\n<p><span style=\"font-weight: 400;\">    <a class=\"button blue\"  target=\"_blank\"        href=\"https:\/\/www.cmlto.com\/wp-content\/uploads\/2024\/01\/cmlto_emp_newsletter_2015_issue2.pdf\" data-aos=\"fade-up\"\n       data-aos-duration=\"1000\" data-aos-once=\"true\">\n        Num\u00e9ro\u202f2    <\/a>\n    <\/span><\/p>\n<p><span style=\"font-weight: 400;\">    <a class=\"button blue\"  target=\"_blank\"        href=\"https:\/\/www.cmlto.com\/wp-content\/uploads\/2024\/01\/cmlto-emp-newsletter_issue3_2015.pdf\" data-aos=\"fade-up\"\n       data-aos-duration=\"1000\" data-aos-once=\"true\">\n        Num\u00e9ro\u202f3    <\/a>\n    <\/span><\/p>\n<p><span style=\"font-weight: 400;\">    <a class=\"button blue\"  target=\"_blank\"        href=\"https:\/\/www.cmlto.com\/wp-content\/uploads\/2024\/01\/cmlto_emp_newsletter_issue4_2015.pdf\" data-aos=\"fade-up\"\n       data-aos-duration=\"1000\" data-aos-once=\"true\">\n        Num\u00e9ro\u202f4    <\/a>\n    <\/span><\/p>\n<p><span style=\"font-weight: 400;\">    <\/div>\n    <\/span><\/p>\n<h2><span style=\"font-weight: 400; color: #1e3f82;\">2014<\/span><\/h2>\n<p><span style=\"font-weight: 400;\">    <div class=\"buttons \">\n        <\/span><\/p>\n<p><span style=\"font-weight: 400;\">    <a class=\"button blue\"  target=\"_blank\"        href=\"https:\/\/www.cmlto.com\/wp-content\/uploads\/2024\/01\/cmlto_empnewsletter_feb2014.pdf\" data-aos=\"fade-up\"\n       data-aos-duration=\"1000\" data-aos-once=\"true\">\n        F\u00e9vrier    <\/a>\n    <\/span><\/p>\n<p><span style=\"font-weight: 400;\">    <a class=\"button blue\"  target=\"_blank\"        href=\"https:\/\/www.cmlto.com\/wp-content\/uploads\/2024\/01\/cmlto_emp_newsletter_june2014.pdf\" data-aos=\"fade-up\"\n       data-aos-duration=\"1000\" data-aos-once=\"true\">\n        Juin    <\/a>\n    <\/span><\/p>\n<p><span style=\"font-weight: 400;\">    <\/div>\n    <\/span><\/p>\n<h2><span style=\"font-weight: 400; color: #1e3f82;\">2013<\/span><\/h2>\n<p><span style=\"font-weight: 400;\">    <div class=\"buttons \">\n        <\/span><\/p>\n<p><span style=\"font-weight: 400;\">    <a class=\"button blue\"  target=\"_blank\"        href=\"https:\/\/www.cmlto.com\/wp-content\/uploads\/2024\/01\/cmlto_emp_newsletter_june2013.pdf\" data-aos=\"fade-up\"\n       data-aos-duration=\"1000\" data-aos-once=\"true\">\n        Juin    <\/a>\n    <\/span><\/p>\n<p><span style=\"font-weight: 400;\">    <a class=\"button blue\"  target=\"_blank\"        href=\"https:\/\/www.cmlto.com\/wp-content\/uploads\/2024\/01\/cmlto_emp_newsletter_dec2013.pdf\" data-aos=\"fade-up\"\n       data-aos-duration=\"1000\" data-aos-once=\"true\">\n        D\u00e9cembre    <\/a>\n    <\/span><\/p>\n<p><span style=\"font-weight: 400;\">    <\/div>\n    <\/span><\/p>\n<h2><span style=\"font-weight: 400; color: #1e3f82;\">2012<\/span><\/h2>\n<p><span style=\"font-weight: 400;\">    <div class=\"buttons \">\n        <\/span><\/p>\n<p><span style=\"font-weight: 400;\">    <a class=\"button blue\"  target=\"_blank\"        href=\"https:\/\/www.cmlto.com\/wp-content\/uploads\/2024\/01\/enews_2012_2e.pdf\" data-aos=\"fade-up\"\n       data-aos-duration=\"1000\" data-aos-once=\"true\">\n        Juillet    <\/a>\n    <\/span><\/p>\n<p><span style=\"font-weight: 400;\">    <a class=\"button blue\"  target=\"_blank\"        href=\"https:\/\/www.cmlto.com\/wp-content\/uploads\/2024\/01\/enews_2012_issue_1.pdf\" data-aos=\"fade-up\"\n       data-aos-duration=\"1000\" data-aos-once=\"true\">\n        Mai    <\/a>\n    <\/span><\/p>\n<p><span style=\"font-weight: 400;\">    <\/div>\n    <\/span><\/p>\n        <\/div>\n    <\/div>\n    \n            <\/div>\n        <\/div>\n    <\/section>\n    \n","protected":false},"excerpt":{"rendered":"","protected":false},"author":1,"featured_media":3555,"parent":0,"menu_order":0,"comment_status":"closed","ping_status":"closed","template":"","meta":{"_acf_changed":false,"footnotes":""},"class_list":["post-2338","page","type-page","status-publish","has-post-thumbnail","hentry"],"acf":[],"_links":{"self":[{"href":"https:\/\/www.cmlto.com\/fr\/wp-json\/wp\/v2\/pages\/2338","targetHints":{"allow":["GET"]}}],"collection":[{"href":"https:\/\/www.cmlto.com\/fr\/wp-json\/wp\/v2\/pages"}],"about":[{"href":"https:\/\/www.cmlto.com\/fr\/wp-json\/wp\/v2\/types\/page"}],"author":[{"embeddable":true,"href":"https:\/\/www.cmlto.com\/fr\/wp-json\/wp\/v2\/users\/1"}],"replies":[{"embeddable":true,"href":"https:\/\/www.cmlto.com\/fr\/wp-json\/wp\/v2\/comments?post=2338"}],"version-history":[{"count":4,"href":"https:\/\/www.cmlto.com\/fr\/wp-json\/wp\/v2\/pages\/2338\/revisions"}],"predecessor-version":[{"id":3111,"href":"https:\/\/www.cmlto.com\/fr\/wp-json\/wp\/v2\/pages\/2338\/revisions\/3111"}],"wp:featuredmedia":[{"embeddable":true,"href":"https:\/\/www.cmlto.com\/fr\/wp-json\/wp\/v2\/media\/3555"}],"wp:attachment":[{"href":"https:\/\/www.cmlto.com\/fr\/wp-json\/wp\/v2\/media?parent=2338"}],"curies":[{"name":"wp","href":"https:\/\/api.w.org\/{rel}","templated":true}]}}