{"id":2308,"date":"2023-12-18T17:00:51","date_gmt":"2023-12-18T22:00:51","guid":{"rendered":"https:\/\/geekpowertech.com\/cmlto\/cmlto-committee-information\/"},"modified":"2025-01-10T10:29:16","modified_gmt":"2025-01-10T15:29:16","slug":"cmlto-committee-information","status":"publish","type":"page","link":"https:\/\/www.cmlto.com\/fr\/cmlto-committee-information\/","title":{"rendered":"Informations sur les comit\u00e9s de l&rsquo;OTLMO"},"content":{"rendered":"    <section class=\"content-wrapper ulstyle\">\n        <div class=\"image-text-container content\">\n            <div class=\"image-wrapper\" data-aos=\"fade-right\" data-aos-duration=\"1000\" data-aos-once=\"true\">\n                                    <div class=\"left-image\">\n                        <img decoding=\"async\" src=\"https:\/\/www.cmlto.com\/wp-content\/uploads\/2024\/04\/Committee-info-page-graphic-1-1.jpg\">\n                    <\/div>\n                            <\/div>\n            <div class=\"text-wrapper\" data-aos=\"fade-left\" data-aos-duration=\"1000\" data-aos-once=\"true\">\n                \n<h1><span style=\"color: #1e3f82;\">Informations sur les comit\u00e9s de<\/span> l&rsquo;OTLMO<\/h1>\n<p><span style=\"font-weight: 400;\"><b>Cette section de notre site Web contient toutes les ressources et informations relatives aux comit\u00e9s statutaires de l&rsquo;OTLMO. Pour acc\u00e9der aux membres actuels de nos comit\u00e9s, suivez le lien ci-dessous : <\/b> <\/span><\/p>\n<ul>\n<li style=\"font-weight: 400;\" aria-level=\"1\"><a href=\"https:\/\/www.cmlto.com\/wp-content\/uploads\/2024\/11\/CMLTO-Statutory-Committee-Appointments-Updated-November-5-2024.pdf\" target=\"_blank\" rel=\"noopener\"><span style=\"font-weight: 400;\">Membres du comit\u00e9 de l&rsquo;OTLMO<\/span><\/a><\/li>\n<\/ul>\n<h2><span style=\"color: #1e3f82;\">Comit\u00e9s de<\/span> l&rsquo;OTLMO<\/h2>\n<p><span style=\"font-weight: 400;\">La loi sur les professions de sant\u00e9 r\u00e9glement\u00e9es <\/span><i><span style=\"font-weight: 400;\">Loi sur les professions de sant\u00e9 r\u00e9glement\u00e9es, 1991<\/span><\/i><span style=\"font-weight: 400;\">  (RHPA) stipule les fonctions sp\u00e9cifiques des comit\u00e9s de l&rsquo;OTLMO. Les comit\u00e9s comprennent des membres professionnels, des membres du public et des membres non professionnels du conseil d&rsquo;administration.   <\/span><span style=\"font-weight: 400;\"><br \/>\n<\/span><span style=\"font-weight: 400;\"><br \/>\n<\/span><span style=\"font-weight: 400;\">Vous trouverez ci-dessous le mandat de chaque comit\u00e9 ainsi que son r\u00e8glement, le cas \u00e9ch\u00e9ant :  <\/span><\/p>\n<p><span style=\"font-size: revert; color: initial;\">            <\/div>\n        <\/div>\n    <\/section>\n    <\/span><\/p>\n    <section class=\"full-row-container align-left\">\n        <div class=\"svg-element\" id=\"right\">\n            <object type=\"image\/svg+xml\"\n                    data=\"https:\/\/www.cmlto.com\/wp-content\/themes\/cmlto\/assets\/images\/ellipse_5.svg\"><\/object>\n        <\/div>\n        <div class=\"content-wrapper\">\n            <div class=\"full-row-image-text-container content\" data-aos=\"fade-up\" data-aos-duration=\"1000\"\n                 data-aos-once=\"true\">\n                <div class=\"text-wrapper\">\n                    \n<h2><span style=\"color: #1e3f82;\">R\u00f4les et mandats des<\/span> comit\u00e9s de l&rsquo;OTLMO<\/h2>\n<p><b>Comit\u00e9 ex\u00e9cutif<\/b><br \/>\n<span style=\"font-weight: 400;\">Le Comit\u00e9 ex\u00e9cutif s&rsquo;occupe des affaires entre les r\u00e9unions du Conseil pour s&rsquo;assurer que les objectifs de l&rsquo;OTLMO sont atteints et contribue au d\u00e9veloppement de l&rsquo;excellence en mati\u00e8re de gouvernance par le Conseil. Le Comit\u00e9 ex\u00e9cutif fait \u00e9galement des recommandations au Conseil concernant la composition des comit\u00e9s. <\/span><\/p>\n<p><b>Comit\u00e9 des enqu\u00eates, plaintes et rapports<\/b><br \/>\n<span style=\"font-weight: 400;\">Le comit\u00e9 des enqu\u00eates, plaintes et rapports enqu\u00eate sur toutes les plaintes d\u00e9pos\u00e9es aupr\u00e8s du greffier concernant la conduite ou les actions d&rsquo;un membre ; il examine les rapports d&rsquo;enqu\u00eate re\u00e7us du greffier et d\u00e9cide de la suite \u00e0 donner.<\/span><\/p>\n<p><b>Comit\u00e9 de discipline<\/b><br \/>\n<span style=\"font-weight: 400;\">Un panel de la commission de discipline tient une audience pour examiner les all\u00e9gations de faute professionnelle ou d&rsquo;incomp\u00e9tence \u00e0 l&rsquo;encontre d&rsquo;un membre (sur renvoi de la commission des enqu\u00eates, des plaintes et des rapports) et d\u00e9termine la sanction \u00e0 imposer, le cas \u00e9ch\u00e9ant. Les commissions disciplinaires rendent des d\u00e9cisions \u00e9crites et motiv\u00e9es pour chaque affaire qu&rsquo;elles entendent. <a href=\"https:\/\/www.cmlto.com\/wp-content\/uploads\/2025\/01\/Discipline-Committee-Rules-FRENCH.pdf\">Le r\u00e8glement de la commission de discipline est disponible ici \u00e0 titre de r\u00e9f\u00e9rence<\/a>.<br \/>\n <\/span><\/p>\n<p><b>Comit\u00e9 d&rsquo;aptitude professionnelle<\/b><br \/>\n<span style=\"font-weight: 400;\">Un panel de la commission d&rsquo;aptitude professionnelle tient une audience, sur la base d&rsquo;un renvoi de la commission des enqu\u00eates, des plaintes et des rapports, afin de d\u00e9terminer si un membre est frapp\u00e9 d&rsquo;incapacit\u00e9 et d&rsquo;\u00e9tablir l&rsquo;ordonnance appropri\u00e9e \u00e0 imposer. Les commissions d&rsquo;aptitude professionnelle rendent une d\u00e9cision motiv\u00e9e dans chaque cas qu&rsquo;elles entendent. <a href=\"https:\/\/www.cmlto.com\/wp-content\/uploads\/2025\/01\/Fitness-to-Practise-Committee-Rules-FRENCH.pdf\">Le r\u00e8glement de la commission d&rsquo;aptitude \u00e0 la pratique est disponible ici \u00e0 titre de r\u00e9f\u00e9rence<\/a>.<br \/>\n <\/span><\/p>\n<p><b>Comit\u00e9 d&rsquo;inscription<\/b><br \/>\n<span style=\"font-weight: 400;\">Le comit\u00e9 d&rsquo;enregistrement examine les demandes, \u00e9met des ordonnances concernant les demandes et donne des orientations au greffier sur les d\u00e9cisions relatives aux demandes d&rsquo;enregistrement. Le comit\u00e9 d&rsquo;enregistrement \u00e9labore \u00e9galement des politiques et des proc\u00e9dures visant \u00e0 garantir que les demandes d&rsquo;enregistrement et les autres questions li\u00e9es \u00e0 l&rsquo;enregistrement sont trait\u00e9es de mani\u00e8re transparente, objective, impartiale et \u00e9quitable. <\/span><\/p>\n<p><b>Comit\u00e9 d&rsquo;assurance qualit\u00e9<\/b><br \/>\n<span style=\"font-weight: 400;\">Le comit\u00e9 d&rsquo;assurance qualit\u00e9 \u00e9labore et maintient un programme visant \u00e0 garantir la qualit\u00e9 de la pratique des TLM et \u00e0 promouvoir la comp\u00e9tence continue des membres.<\/span><\/p>\n<p><b>Comit\u00e9 des relations avec les patients<\/b><br \/>\n<span style=\"font-weight: 400;\">Le comit\u00e9 des relations avec les patients planifie, met en \u0153uvre et surveille un programme, comme l&rsquo;exige la LPSR, afin d&rsquo;am\u00e9liorer la compr\u00e9hension du r\u00f4le des membres (dans le cadre de leurs fonctions professionnelles) et de l&rsquo;Ordre (dans le cadre de la r\u00e9glementation des membres). Ce comit\u00e9 est \u00e9galement responsable du plan de pr\u00e9vention des abus sexuels de l&rsquo;OTLMO. <\/span><\/p>\n                <\/div>\n                            <\/div>\n        <\/div>\n    <\/section>\n    \n","protected":false},"excerpt":{"rendered":"<p>Lorem ipsum dolor sit amet, consectetur adipiscing elit. Purus non mattis mattis leo commodo enim nisi purus.<\/p>\n","protected":false},"author":1,"featured_media":3277,"parent":0,"menu_order":0,"comment_status":"closed","ping_status":"closed","template":"","meta":{"_acf_changed":false,"footnotes":""},"class_list":["post-2308","page","type-page","status-publish","has-post-thumbnail","hentry"],"acf":[],"_links":{"self":[{"href":"https:\/\/www.cmlto.com\/fr\/wp-json\/wp\/v2\/pages\/2308","targetHints":{"allow":["GET"]}}],"collection":[{"href":"https:\/\/www.cmlto.com\/fr\/wp-json\/wp\/v2\/pages"}],"about":[{"href":"https:\/\/www.cmlto.com\/fr\/wp-json\/wp\/v2\/types\/page"}],"author":[{"embeddable":true,"href":"https:\/\/www.cmlto.com\/fr\/wp-json\/wp\/v2\/users\/1"}],"replies":[{"embeddable":true,"href":"https:\/\/www.cmlto.com\/fr\/wp-json\/wp\/v2\/comments?post=2308"}],"version-history":[{"count":12,"href":"https:\/\/www.cmlto.com\/fr\/wp-json\/wp\/v2\/pages\/2308\/revisions"}],"predecessor-version":[{"id":6492,"href":"https:\/\/www.cmlto.com\/fr\/wp-json\/wp\/v2\/pages\/2308\/revisions\/6492"}],"wp:featuredmedia":[{"embeddable":true,"href":"https:\/\/www.cmlto.com\/fr\/wp-json\/wp\/v2\/media\/3277"}],"wp:attachment":[{"href":"https:\/\/www.cmlto.com\/fr\/wp-json\/wp\/v2\/media?parent=2308"}],"curies":[{"name":"wp","href":"https:\/\/api.w.org\/{rel}","templated":true}]}}