{"id":2302,"date":"2023-12-18T16:55:21","date_gmt":"2023-12-18T21:55:21","guid":{"rendered":"https:\/\/geekpowertech.com\/cmlto\/cmlto-committee-roles-and-mandates\/"},"modified":"2024-02-08T12:31:41","modified_gmt":"2024-02-08T17:31:41","slug":"cmlto-committee-roles-and-mandates","status":"publish","type":"page","link":"https:\/\/www.cmlto.com\/fr\/cmlto-committee-roles-and-mandates\/","title":{"rendered":"R\u00d4LES ET MANDATS DES COMIT\u00c9S D&rsquo;OTLMO"},"content":{"rendered":"    <section class=\"content-wrapper ulstyle\">\n        <div class=\"image-text-container content\">\n            <div class=\"image-wrapper\" data-aos=\"fade-right\" data-aos-duration=\"1000\" data-aos-once=\"true\">\n                                    <div class=\"left-image\">\n                        <img decoding=\"async\" src=\"https:\/\/www.cmlto.com\/wp-content\/uploads\/2022\/12\/654cf0216e95c2395d0cf9eeb814560a.png\">\n                    <\/div>\n                            <\/div>\n            <div class=\"text-wrapper\" data-aos=\"fade-left\" data-aos-duration=\"1000\" data-aos-once=\"true\">\n                \n<h2>COMIT\u00c9S DE L\u2019OTLMO<\/h2>\n<p><span style=\"font-weight: 400;\">La Loi de 1991 sur les professions de la sant\u00e9 r\u00e9glement\u00e9es (LPSR) d\u00e9finit les fonctions particuli\u00e8res des comit\u00e9s de l\u2019OTLMO. Les comit\u00e9s comprennent des membres professionnels, des membres du public et des membres ne faisant pas partie du conseil d&rsquo;administration.<\/span><span style=\"font-weight: 400;\"><br \/>\n<\/span><span style=\"font-weight: 400;\"><br \/>\n<\/span><span style=\"font-weight: 400;\">Les mandats de chaque comit\u00e9 de l\u2019OTLMO sont les suivants\u202f:\u00a0<\/span><\/p>\n<h2>MANDATS DES COMIT\u00c9S<\/h2>\n<h3>Comit\u00e9 de direction<\/h3>\n<p><span style=\"font-weight: 400;\">Le comit\u00e9 de direction m\u00e8ne ses activit\u00e9s entre les r\u00e9unions du conseil pour s\u2019assurer que les objectifs de l\u2019OTLMO sont atteints et contribue au d\u00e9veloppement de l\u2019excellence en mati\u00e8re de gouvernance par le conseil. Le comit\u00e9 de direction fait \u00e9galement des recommandations au conseil concernant la composition des comit\u00e9s.<\/span><\/p>\n<h3>Comit\u00e9 des enqu\u00eates, des plaintes et des rapports<\/h3>\n<p><span style=\"font-weight: 400;\">Le comit\u00e9 des enqu\u00eates, des plaintes et des rapports enqu\u00eate sur toutes les plaintes d\u00e9pos\u00e9es aupr\u00e8s du registraire concernant la conduite ou les actions d\u2019un membre, et il examine les rapports d\u2019enqu\u00eate re\u00e7us du registraire et d\u00e9termine la d\u00e9cision appropri\u00e9e.<\/span><\/p>\n            <\/div>\n        <\/div>\n    <\/section>\n    \n    <section class=\"content-wrapper right-text \">\n        <div class=\"text-container content\">\n            <div class=\"title-wrapper\" data-aos=\"fade-right\" data-aos-duration=\"1000\" data-aos-once=\"true\">\n                <h1>COMMITTEE MANDATES<\/h1>\n            <\/div>\n            <div class=\"text-wrapper\" data-aos=\"fade-left\" data-aos-duration=\"1000\" data-aos-once=\"true\">\n                \n<h3>Comit\u00e9 disciplinaire<\/h3>\n<p>Les sous-comit\u00e9s disciplinaires publient des d\u00e9cisions \u00e9crites et des motifs pour chaque cas qu\u2019ils entendent.<\/p>\n<h3>Comit\u00e9 d\u2019aptitude professionnelle<\/h3>\n<p><span style=\"font-weight: 400;\">Un sous-comit\u00e9 du comit\u00e9 d\u2019aptitude professionnelle tient une audience, sur la base d\u2019un renvoi du comit\u00e9 des enqu\u00eates, des plaintes et des rapports, pour d\u00e9terminer si un membre est frapp\u00e9 d\u2019incapacit\u00e9 et d\u00e9termine l\u2019ordonnance appropri\u00e9e \u00e0 imposer. Les sous-comit\u00e9s d\u2019aptitude professionnelle publient une d\u00e9cision et des motifs dans chaque cas qu\u2019ils entendent.<\/span><\/p>\n<h3>Comit\u00e9 d\u2019inscription<\/h3>\n<p><span style=\"font-weight: 400;\">Le comit\u00e9 d\u2019inscription examine les demandes, \u00e9met des ordonnances concernant les demandes et donne des directives au registraire sur les d\u00e9cisions concernant les demandes d\u2019inscription. Le comit\u00e9 d\u2019inscription \u00e9labore \u00e9galement des politiques et des proc\u00e9dures pour s\u2019assurer que les demandes d\u2019inscription et d\u2019autres questions li\u00e9es \u00e0 l\u2019inscription sont trait\u00e9es de mani\u00e8re transparente, objective, impartiale et \u00e9quitable.<\/span><\/p>\n<h3>Comit\u00e9 d\u2019assurance de la qualit\u00e9<\/h3>\n<p><span style=\"font-weight: 400;\">Le comit\u00e9 d\u2019assurance de la qualit\u00e9 \u00e9labore et maintient un programme visant \u00e0 assurer la qualit\u00e9 de la pratique des TLM et \u00e0 promouvoir la comp\u00e9tence continue des membres.<\/span><span style=\"font-weight: 400;\"><br \/>\n<\/span><span style=\"font-weight: 400;\"><br \/>\n<\/span><\/p>\n<h3>Comit\u00e9 des relations avec les patients<\/h3>\n<p><span style=\"font-weight: 400;\">Le comit\u00e9 des relations avec les patients planifie, met en \u0153uvre et surveille un programme, comme l\u2019exige la LPSR, afin d\u2019am\u00e9liorer la compr\u00e9hension du r\u00f4le des membres (dans leurs fonctions professionnelles) et de l\u2019Ordre (dans la r\u00e9glementation des membres). Ce comit\u00e9 est \u00e9galement responsable du plan de pr\u00e9vention des abus sexuels de l\u2019OTLMO.<\/span><span style=\"font-weight: 400;\">\u00a0<\/span><\/p>\n            <\/div>\n        <\/div>\n    <\/section>\n    \n<h3><\/h3>\n","protected":false},"excerpt":{"rendered":"","protected":false},"author":1,"featured_media":2066,"parent":0,"menu_order":0,"comment_status":"closed","ping_status":"closed","template":"","meta":{"_acf_changed":false,"footnotes":""},"class_list":["post-2302","page","type-page","status-publish","has-post-thumbnail","hentry"],"acf":[],"_links":{"self":[{"href":"https:\/\/www.cmlto.com\/fr\/wp-json\/wp\/v2\/pages\/2302","targetHints":{"allow":["GET"]}}],"collection":[{"href":"https:\/\/www.cmlto.com\/fr\/wp-json\/wp\/v2\/pages"}],"about":[{"href":"https:\/\/www.cmlto.com\/fr\/wp-json\/wp\/v2\/types\/page"}],"author":[{"embeddable":true,"href":"https:\/\/www.cmlto.com\/fr\/wp-json\/wp\/v2\/users\/1"}],"replies":[{"embeddable":true,"href":"https:\/\/www.cmlto.com\/fr\/wp-json\/wp\/v2\/comments?post=2302"}],"version-history":[{"count":3,"href":"https:\/\/www.cmlto.com\/fr\/wp-json\/wp\/v2\/pages\/2302\/revisions"}],"predecessor-version":[{"id":2904,"href":"https:\/\/www.cmlto.com\/fr\/wp-json\/wp\/v2\/pages\/2302\/revisions\/2904"}],"wp:featuredmedia":[{"embeddable":true,"href":"https:\/\/www.cmlto.com\/fr\/wp-json\/wp\/v2\/media\/2066"}],"wp:attachment":[{"href":"https:\/\/www.cmlto.com\/fr\/wp-json\/wp\/v2\/media?parent=2302"}],"curies":[{"name":"wp","href":"https:\/\/api.w.org\/{rel}","templated":true}]}}