{"id":2287,"date":"2023-12-18T16:51:33","date_gmt":"2023-12-18T21:51:33","guid":{"rendered":"https:\/\/geekpowertech.com\/cmlto\/cmlto-board-of-directors-roles-mandates\/"},"modified":"2024-02-02T11:35:55","modified_gmt":"2024-02-02T16:35:55","slug":"cmlto-board-of-directors-roles-mandates","status":"publish","type":"page","link":"https:\/\/www.cmlto.com\/fr\/cmlto-board-of-directors-roles-mandates\/","title":{"rendered":"R\u00d4LES ET MANDATS DU CONSEIL D\u2019ADMINISTRATION D&rsquo;OTLMO"},"content":{"rendered":"    <section class=\"content-wrapper ulstyle\">\n        <div class=\"image-text-container content\">\n            <div class=\"image-wrapper\" data-aos=\"fade-right\" data-aos-duration=\"1000\" data-aos-once=\"true\">\n                                    <div class=\"left-image\">\n                        <img decoding=\"async\" src=\"https:\/\/www.cmlto.com\/wp-content\/uploads\/2022\/12\/654cf0216e95c2395d0cf9eeb814560a.png\">\n                    <\/div>\n                            <\/div>\n            <div class=\"text-wrapper\" data-aos=\"fade-left\" data-aos-duration=\"1000\" data-aos-once=\"true\">\n                \n<h1>R\u00d4LE ET MANDATS<\/h1>\n<p><span style=\"font-weight: 400;\">Le conseil d\u2019administration est l\u2019instance dirigeante de l\u2019OTLMO et son r\u00f4le est de servir l\u2019int\u00e9r\u00eat public en supervisant la r\u00e9glementation de l\u2019exercice des technologistes de laboratoire m\u00e9dical (TLM). Le conseil \u00e9tablit \u00e9galement l\u2019orientation strat\u00e9gique de l\u2019OTLMO et les r\u00e9sultats qui feront progresser l\u2019autor\u00e9glementation dans l\u2019int\u00e9r\u00eat de la s\u00e9curit\u00e9 publique.<\/span><span style=\"font-weight: 400;\"><br \/>\n<\/span><span style=\"font-weight: 400;\"><br \/>\n<\/span><span style=\"font-weight: 400;\">Le pr\u00e9sident de l\u2019OTLMO est le pr\u00e9sident du conseil d\u2019administration et du comit\u00e9 de direction. Le registraire et PDG rel\u00e8ve du conseil d\u2019administration et est responsable de la gestion des op\u00e9rations et des affaires de l\u2019OTLMO.<\/span><span style=\"font-weight: 400;\"><br \/>\n<\/span><span style=\"font-weight: 400;\"><br \/>\n<\/span><span style=\"font-weight: 400;\">Le conseil d\u2019administration est compos\u00e9 de membres de la profession qui sont \u00e9lus et de membres du public qui sont nomm\u00e9s par le gouvernement. .<\/span><span style=\"font-weight: 400;\"><br \/>\n<\/span><\/p>\n            <\/div>\n        <\/div>\n    <\/section>\n    \n","protected":false},"excerpt":{"rendered":"<p>CONSEIL D&rsquo;ADMINISTRATION <\/p>\n","protected":false},"author":1,"featured_media":2066,"parent":0,"menu_order":0,"comment_status":"closed","ping_status":"closed","template":"","meta":{"_acf_changed":false,"footnotes":""},"class_list":["post-2287","page","type-page","status-publish","has-post-thumbnail","hentry"],"acf":[],"_links":{"self":[{"href":"https:\/\/www.cmlto.com\/fr\/wp-json\/wp\/v2\/pages\/2287","targetHints":{"allow":["GET"]}}],"collection":[{"href":"https:\/\/www.cmlto.com\/fr\/wp-json\/wp\/v2\/pages"}],"about":[{"href":"https:\/\/www.cmlto.com\/fr\/wp-json\/wp\/v2\/types\/page"}],"author":[{"embeddable":true,"href":"https:\/\/www.cmlto.com\/fr\/wp-json\/wp\/v2\/users\/1"}],"replies":[{"embeddable":true,"href":"https:\/\/www.cmlto.com\/fr\/wp-json\/wp\/v2\/comments?post=2287"}],"version-history":[{"count":5,"href":"https:\/\/www.cmlto.com\/fr\/wp-json\/wp\/v2\/pages\/2287\/revisions"}],"predecessor-version":[{"id":2304,"href":"https:\/\/www.cmlto.com\/fr\/wp-json\/wp\/v2\/pages\/2287\/revisions\/2304"}],"wp:featuredmedia":[{"embeddable":true,"href":"https:\/\/www.cmlto.com\/fr\/wp-json\/wp\/v2\/media\/2066"}],"wp:attachment":[{"href":"https:\/\/www.cmlto.com\/fr\/wp-json\/wp\/v2\/media?parent=2287"}],"curies":[{"name":"wp","href":"https:\/\/api.w.org\/{rel}","templated":true}]}}