{"id":2280,"date":"2023-12-18T16:45:53","date_gmt":"2023-12-18T21:45:53","guid":{"rendered":"https:\/\/geekpowertech.com\/cmlto\/cmlto-board-members\/"},"modified":"2024-02-02T11:25:31","modified_gmt":"2024-02-02T16:25:31","slug":"cmlto-board-members","status":"publish","type":"page","link":"https:\/\/www.cmlto.com\/fr\/cmlto-board-members\/","title":{"rendered":"MEMBRES DU CONSEIL D\u2019ADMINISTRATION DE L\u2019OTLMO"},"content":{"rendered":"    <section class=\"content-wrapper ulstyle\">\n        <div class=\"image-text-container content\">\n            <div class=\"image-wrapper\" data-aos=\"fade-right\" data-aos-duration=\"1000\" data-aos-once=\"true\">\n                                    <div class=\"left-image\">\n                        <img decoding=\"async\" src=\"https:\/\/www.cmlto.com\/wp-content\/uploads\/2022\/12\/654cf0216e95c2395d0cf9eeb814560a.png\">\n                    <\/div>\n                            <\/div>\n            <div class=\"text-wrapper\" data-aos=\"fade-left\" data-aos-duration=\"1000\" data-aos-once=\"true\">\n                \n<p>Cette section du site Web fournira des renseignements de base sur chacun des membres actuels du conseil d\u2019administration de l\u2019OTLMO, y compris leurs ant\u00e9c\u00e9dents scolaires, leur situation d\u2019emploi, leur participation \u00e0 des comit\u00e9s et leur exp\u00e9rience de b\u00e9n\u00e9volat.<\/p>\n<p>Le conseil d\u2019administration de l\u2019OTLMO est compos\u00e9 des membres suivants au 1er janvier 2024\u202f:<\/p>\n<p><span style=\"font-size: revert; color: initial;\">            <\/div>\n        <\/div>\n    <\/section>\n    <\/span><\/p>\n","protected":false},"excerpt":{"rendered":"","protected":false},"author":1,"featured_media":3277,"parent":0,"menu_order":0,"comment_status":"closed","ping_status":"closed","template":"","meta":{"_acf_changed":false,"footnotes":""},"class_list":["post-2280","page","type-page","status-publish","has-post-thumbnail","hentry"],"acf":[],"_links":{"self":[{"href":"https:\/\/www.cmlto.com\/fr\/wp-json\/wp\/v2\/pages\/2280","targetHints":{"allow":["GET"]}}],"collection":[{"href":"https:\/\/www.cmlto.com\/fr\/wp-json\/wp\/v2\/pages"}],"about":[{"href":"https:\/\/www.cmlto.com\/fr\/wp-json\/wp\/v2\/types\/page"}],"author":[{"embeddable":true,"href":"https:\/\/www.cmlto.com\/fr\/wp-json\/wp\/v2\/users\/1"}],"replies":[{"embeddable":true,"href":"https:\/\/www.cmlto.com\/fr\/wp-json\/wp\/v2\/comments?post=2280"}],"version-history":[{"count":2,"href":"https:\/\/www.cmlto.com\/fr\/wp-json\/wp\/v2\/pages\/2280\/revisions"}],"predecessor-version":[{"id":2295,"href":"https:\/\/www.cmlto.com\/fr\/wp-json\/wp\/v2\/pages\/2280\/revisions\/2295"}],"wp:featuredmedia":[{"embeddable":true,"href":"https:\/\/www.cmlto.com\/fr\/wp-json\/wp\/v2\/media\/3277"}],"wp:attachment":[{"href":"https:\/\/www.cmlto.com\/fr\/wp-json\/wp\/v2\/media?parent=2280"}],"curies":[{"name":"wp","href":"https:\/\/api.w.org\/{rel}","templated":true}]}}