{"id":2153,"date":"2023-12-18T14:12:11","date_gmt":"2023-12-18T19:12:11","guid":{"rendered":"https:\/\/geekpowertech.com\/cmlto\/appointment-of-academic-board-member\/"},"modified":"2024-02-12T09:10:19","modified_gmt":"2024-02-12T14:10:19","slug":"appointment-of-academic-board-member","status":"publish","type":"page","link":"https:\/\/www.cmlto.com\/fr\/appointment-of-academic-board-member\/","title":{"rendered":"NOMINATION D\u2019UN MEMBRE DU CONSEIL D\u2019ADMINISTRATION UNIVERSITAIRE"},"content":{"rendered":"    <section class=\"content-wrapper ulstyle\">\n        <div class=\"image-text-container content\">\n            <div class=\"image-wrapper\" data-aos=\"fade-right\" data-aos-duration=\"1000\" data-aos-once=\"true\">\n                                    <div class=\"left-image\">\n                        <img decoding=\"async\" src=\"https:\/\/www.cmlto.com\/wp-content\/uploads\/2022\/12\/654cf0216e95c2395d0cf9eeb814560a.png\">\n                    <\/div>\n                            <\/div>\n            <div class=\"text-wrapper\" data-aos=\"fade-left\" data-aos-duration=\"1000\" data-aos-once=\"true\">\n                \n<p><b><span class=\"TextRun SCXW108574990 BCX0\" lang=\"FR-CA\" xml:lang=\"FR-CA\" data-contrast=\"none\"><span class=\"NormalTextRun SCXW108574990 BCX0\" data-ccp-charstyle=\"Strong\">MEMBRE DU CONSEIL D\u2019ADMINISTRATION UNIVERSITAIRE DE L\u2019OTLMO<\/span><\/span><\/b><\/p>\n<p>En vertu du paragraphe 7 (1) <a href=\"https:\/\/www.ontario.ca\/fr\/lois\/loi\/91m28\">de la technologistes de laboratoire m\u00e9dical (Loi de 1991 sur les)<\/a>, un membre du conseil d&rsquo;administration universitaire est nomm\u00e9 conform\u00e9ment au r\u00e8glement de l\u2019OTLMO parmi les inscrits qui sont membres du corps professoral d\u2019un \u00e9tablissement d\u2019enseignement en Ontario autoris\u00e9 \u00e0 d\u00e9cerner des dipl\u00f4mes en sciences de laboratoire m\u00e9dical.<\/p>\n<p><b><span class=\"TextRun SCXW199932812 BCX0\" lang=\"FR-CA\" xml:lang=\"FR-CA\" data-contrast=\"none\"><span class=\"NormalTextRun SCXW199932812 BCX0\" data-ccp-charstyle=\"Strong\">R\u00c8GLEMENT DE L\u2019OTLMO\/ NOMINATION D\u2019UN MEMBRE DU CONSEIL D\u2019ADMINISTRATION UNIVERSITAIRE<\/span><\/span><\/b><\/p>\n<p>La nomination d\u2019un membre du conseil d\u2019administration universitaire est r\u00e9gie par le <a href=\"https:\/\/www.cmlto.com\/wp-content\/uploads\/2024\/02\/cmlto_bylaw_french.pdf\">r\u00e8glement de l\u2019OTLMO.<\/a><\/p>\n<ul>\n<li style=\"font-weight: 400;\" aria-level=\"1\"><a href=\"https:\/\/www.cmlto.com\/wp-content\/uploads\/2023\/12\/2023_cmlto-by-law-article-4-board-of-directors.pdf\" target=\"_blank\" rel=\"noopener\" data-wplink-url-error=\"true\"><span style=\"font-weight: 400;\">R\u00e8glement de l\u2019OTLMO \/ Conseil d\u2019administration<\/span><\/a><\/li>\n<li style=\"font-weight: 400;\" aria-level=\"1\"><a class=\"Hyperlink SCXW200202210 BCX0\" href=\"https:\/\/www.cmlto.com\/wp-content\/uploads\/2023\/12\/2023_cmlto-by-law-appointment-of-academic-board-member.pdf\" target=\"_blank\" rel=\"noreferrer noopener\"><span class=\"TextRun Underlined SCXW200202210 BCX0\" lang=\"FR-CA\" xml:lang=\"FR-CA\" data-contrast=\"none\"><span class=\"NormalTextRun SCXW200202210 BCX0\" data-ccp-charstyle=\"Hyperlink\">R\u00e8glement de l\u2019OTLMO \/ Nomination d\u2019un membre du conseil d\u2019administration universitaire<\/span><\/span><\/a><\/li>\n<li style=\"font-weight: 400;\" aria-level=\"1\"><a class=\"Hyperlink SCXW123495216 BCX0\" href=\"https:\/\/www.cmlto.com\/wp-content\/uploads\/2023\/12\/cmlto-by-law-eligibility-for-appointment-2.pdf\" target=\"_blank\" rel=\"noreferrer noopener\"><span class=\"TextRun Underlined SCXW123495216 BCX0\" lang=\"FR-CA\" xml:lang=\"FR-CA\" data-contrast=\"none\"><span class=\"NormalTextRun SCXW123495216 BCX0\" data-ccp-charstyle=\"Hyperlink\">R\u00e8glement de l\u2019OTLMO \/ Admissibilit\u00e9 \u00e0 la nomination<\/span><\/span><\/a><\/li>\n<\/ul>\n<p><b><span class=\"TextRun Highlight SCXW38711765 BCX0\" lang=\"FR-CA\" xml:lang=\"FR-CA\" data-contrast=\"none\"><span class=\"NormalTextRun SCXW38711765 BCX0\" data-ccp-charstyle=\"Strong\">MANDAT D\u2019UN MEMBRE DU CONSEIL D\u2019ADMINISTRATION UNIVERSITAIRE<\/span><\/span><\/b><span style=\"font-weight: 400;\"><br \/>\n<\/span><span class=\"TextRun Highlight SCXW197372129 BCX0\" lang=\"FR-CA\" xml:lang=\"FR-CA\" data-contrast=\"none\"><span class=\"NormalTextRun SCXW197372129 BCX0\">Sauf en cas de <\/span><span class=\"NormalTextRun ContextualSpellingAndGrammarErrorV2Themed SCXW197372129 BCX0\">vacance<\/span><span class=\"NormalTextRun SCXW197372129 BCX0\">, le mandat d\u2019un membre du conseil d&rsquo;administration universitaire nomm\u00e9 au conseil d\u2019administration est de trois (3) ans, \u00e0 compter du 1er\u202fjanvier de l\u2019ann\u00e9e civile suivant la nomination.<\/span><\/span><span class=\"EOP SCXW197372129 BCX0\" data-ccp-props=\"{&quot;201341983&quot;:1,&quot;335551550&quot;:2,&quot;335551620&quot;:2,&quot;335559738&quot;:75,&quot;335559739&quot;:150,&quot;335559740&quot;:330}\">\u00a0<\/span><\/p>\n<p><b><span class=\"TextRun SCXW203221568 BCX0\" lang=\"FR-CA\" xml:lang=\"FR-CA\" data-contrast=\"none\"><span class=\"NormalTextRun SCXW203221568 BCX0\">P\u00c9RIODE DE NOMINATION<\/span><\/span><span class=\"EOP SCXW203221568 BCX0\" data-ccp-props=\"{&quot;201341983&quot;:0,&quot;335559740&quot;:259}\">\u00a0<\/span><\/b><\/p>\n<p><span class=\"TextRun SCXW91768746 BCX0\" lang=\"FR-CA\" xml:lang=\"FR-CA\" data-contrast=\"none\"><span class=\"NormalTextRun SCXW91768746 BCX0\">La nomination r\u00e9guli\u00e8re d\u2019un membre du conseil d&rsquo;administration universitaire au conseil d\u2019administration sera faite en septembre\u202f2023, et chaque troisi\u00e8me (3e) ann\u00e9e civile par la suite.<\/span><\/span><span class=\"EOP SCXW91768746 BCX0\" data-ccp-props=\"{&quot;201341983&quot;:0,&quot;335559740&quot;:259}\">\u00a0<\/span><\/p>\n<p><span style=\"font-size: revert; color: initial;\">            <\/div>\n        <\/div>\n    <\/section>\n    <\/span><\/p>\n    <section class=\"content-wrapper right-text NormalTextRun SCXW195025535 BCX0\">\n        <div class=\"text-container content\">\n            <div class=\"title-wrapper\" data-aos=\"fade-right\" data-aos-duration=\"1000\" data-aos-once=\"true\">\n                <h1><\/h1>\n            <\/div>\n            <div class=\"text-wrapper\" data-aos=\"fade-left\" data-aos-duration=\"1000\" data-aos-once=\"true\">\n                \n<p><span class=\"TextRun SCXW191344339 BCX0\" lang=\"FR-CA\" xml:lang=\"FR-CA\" data-contrast=\"none\"><span class=\"NormalTextRun SCXW191344339 BCX0\">Les candidats qui envisagent d\u2019\u00eatre nomm\u00e9s au conseil d\u2019administration de l\u2019OTLMO en tant que membre universitaire doivent\u202f:<\/span><\/span><\/p>\n<ol>\n<li style=\"font-weight: 400;\" aria-level=\"1\"><span style=\"font-weight: 400;\"><span class=\"TextRun SCXW260702202 BCX0\" lang=\"FR-CA\" xml:lang=\"FR-CA\" data-contrast=\"none\"><span class=\"NormalTextRun SCXW260702202 BCX0\">Passer en revue le<\/span><\/span> <a class=\"Hyperlink SCXW260702202 BCX0\" href=\"https:\/\/www.cmlto.com\/wp-content\/uploads\/2023\/12\/2023_cmlto-by-law-appointment-of-academic-board-member.pdf\" target=\"_blank\" rel=\"noreferrer noopener\"><span class=\"TextRun Underlined SCXW260702202 BCX0\" lang=\"FR-CA\" xml:lang=\"FR-CA\" data-contrast=\"none\"><span class=\"NormalTextRun SCXW260702202 BCX0\" data-ccp-charstyle=\"Hyperlink\">R\u00e8glement de l\u2019OTLMO \/ Nomination d\u2019un membre universitaire<\/span><\/span><\/a><span class=\"TextRun SCXW260702202 BCX0\" lang=\"FR-CA\" xml:lang=\"FR-CA\" data-contrast=\"none\"><span class=\"NormalTextRun SCXW260702202 BCX0\">.<\/span><\/span><\/span><\/li>\n<li style=\"font-weight: 400;\" aria-level=\"1\"><span style=\"font-weight: 400;\"><span class=\"TextRun SCXW85587397 BCX0\" lang=\"FR-CA\" xml:lang=\"FR-CA\" data-contrast=\"none\"><span class=\"NormalTextRun SCXW85587397 BCX0\">Confirmer leur admissibilit\u00e9 \u00e0 la nomination au conseil d\u2019administration de l\u2019OTLMO conform\u00e9ment au<\/span><\/span> <a class=\"Hyperlink SCXW85587397 BCX0\" href=\"https:\/\/www.cmlto.com\/wp-content\/uploads\/2023\/12\/cmlto-by-law-eligibility-for-appointment-2.pdf\" target=\"_blank\" rel=\"noreferrer noopener\"><span class=\"TextRun Underlined SCXW85587397 BCX0\" lang=\"FR-CA\" xml:lang=\"FR-CA\" data-contrast=\"none\"><span class=\"NormalTextRun SCXW85587397 BCX0\" data-ccp-charstyle=\"Hyperlink\">R\u00e8glement de l\u2019OTLMO \/ Admissibilit\u00e9 \u00e0 la nomination<\/span><\/span><\/a><span class=\"TextRun SCXW85587397 BCX0\" lang=\"FR-CA\" xml:lang=\"FR-CA\" data-contrast=\"none\"><span class=\"NormalTextRun SCXW85587397 BCX0\">.<\/span><\/span><\/span><\/li>\n<li style=\"font-weight: 400;\" aria-level=\"1\"><span style=\"font-weight: 400;\"><span class=\"TextRun SCXW169579343 BCX0\" lang=\"FR-CA\" xml:lang=\"FR-CA\" data-contrast=\"none\"><span class=\"NormalTextRun SCXW169579343 BCX0\">Remplir, signer et retourner le<\/span><\/span> <a class=\"Hyperlink SCXW169579343 BCX0\" href=\"https:\/\/www.cmlto.com\/wp-content\/uploads\/2023\/12\/2023-_cmlto-academic-member-application-package-final-2.pdf\" target=\"_blank\" rel=\"noreferrer noopener\"><span class=\"TextRun Underlined SCXW169579343 BCX0\" lang=\"FR-CA\" xml:lang=\"FR-CA\" data-contrast=\"none\"><span class=\"NormalTextRun SCXW169579343 BCX0\" data-ccp-charstyle=\"Hyperlink\">dossier de demande de candidature de membre universitaire de l\u2019OTLMO de 2023<\/span><\/span><\/a><\/span><span style=\"font-weight: 400;\"> <span class=\"TextRun SCXW59502609 BCX0\" lang=\"FR-CA\" xml:lang=\"FR-CA\" data-contrast=\"none\"><span class=\"NormalTextRun ContextualSpellingAndGrammarErrorV2Themed SCXW59502609 BCX0\">au<\/span><span class=\"NormalTextRun SCXW59502609 BCX0\"> registraire et PDG avant le <\/span><\/span><span class=\"TextRun SCXW59502609 BCX0\" lang=\"FR-CA\" xml:lang=\"FR-CA\" data-contrast=\"none\"><span class=\"NormalTextRun SCXW59502609 BCX0\" data-ccp-charstyle=\"Strong\">26\u202fmai\u202f2023 \u00e0 16\u202fh\u202f30 HAE<\/span><\/span><span class=\"TextRun SCXW59502609 BCX0\" lang=\"FR-CA\" xml:lang=\"FR-CA\" data-contrast=\"none\"><span class=\"NormalTextRun SCXW59502609 BCX0\">.<\/span><\/span><\/span><\/li>\n<\/ol>\n<p><span class=\"TextRun Highlight SCXW176130272 BCX0\" lang=\"FR-CA\" xml:lang=\"FR-CA\" data-contrast=\"none\"><span class=\"NormalTextRun SCXW176130272 BCX0\">Les candidats doivent \u00e9galement suivre avec succ\u00e8s la formation des candidats au conseil d\u2019administration de l\u2019OTLMO concernant l\u2019approche de gouvernance de l\u2019OTLMO et les obligations, les r\u00f4les et les responsabilit\u00e9s des membres du conseil, y compris la <\/span><span class=\"NormalTextRun SCXW176130272 BCX0\">participation \u00e0 une entrevue avec le registraire et PDG.<\/span><\/span><span class=\"EOP SCXW176130272 BCX0\" data-ccp-props=\"{&quot;201341983&quot;:1,&quot;335559738&quot;:75,&quot;335559739&quot;:150,&quot;335559740&quot;:330}\">\u00a0<\/span><\/p>\n<p><span style=\"font-weight: 400;\"><span class=\"TextRun Highlight SCXW250652317 BCX0\" lang=\"FR-CA\" xml:lang=\"FR-CA\" data-contrast=\"none\"><span class=\"NormalTextRun SCXW250652317 BCX0\">Le mandat du membre universitaire nomm\u00e9 au conseil d\u2019administration commencera le<\/span><\/span> <\/span><b><span class=\"TextRun Highlight SCXW236341704 BCX0\" lang=\"FR-CA\" xml:lang=\"FR-CA\" data-contrast=\"none\"><span class=\"NormalTextRun SCXW236341704 BCX0\" data-ccp-charstyle=\"Strong\">1er\u202fjanvier\u202f2024 et se terminera le 31\u202fd\u00e9cembre\u202f2026<\/span><\/span><span class=\"TextRun Highlight SCXW236341704 BCX0\" lang=\"FR-CA\" xml:lang=\"FR-CA\" data-contrast=\"none\"><span class=\"NormalTextRun SCXW236341704 BCX0\">.<\/span><\/span><\/b><\/p>\n<p><a href=\"https:\/\/www.cmlto.com\/wp-content\/uploads\/2023\/12\/2023_cmlto-call-for-expressions-of-interest-final.pdf\">Appel de d\u00e9clarations d\u2019int\u00e9r\u00eat pour la nomination au conseil d\u2019administration de l\u2019OTLMO en 2024 en tant que membre universitaire <\/a><\/p>\n<p><b><br \/>\n<\/b><span style=\"font-weight: 400;\"><a class=\"Hyperlink SCXW196154873 BCX0\" href=\"https:\/\/www.cmlto.com\/wp-content\/uploads\/2023\/12\/2023-cmlto-board-elections-information-guide-faq_-final-3.pdf\" target=\"_blank\" rel=\"noreferrer noopener\"><span class=\"TextRun Underlined SCXW196154873 BCX0\" lang=\"FR-CA\" xml:lang=\"FR-CA\" data-contrast=\"none\"><span class=\"NormalTextRun SCXW196154873 BCX0\" data-ccp-charstyle=\"Hyperlink\">GUIDE D\u2019INFORMATION SUR LES \u00c9LECTIONS DU CONSEIL D\u2019ADMINISTRATION DE L\u2019OTLMO<\/span><\/span><\/a> (pdf)<\/span><\/p>\n<p><b><span class=\"TextRun Highlight SCXW76243850 BCX0\" lang=\"FR-CA\" xml:lang=\"FR-CA\" data-contrast=\"none\"><span class=\"NormalTextRun SCXW76243850 BCX0\" data-ccp-charstyle=\"Strong\">L\u2019\u00e9quit\u00e9, la diversit\u00e9, l\u2019inclusion et la justice sont une priorit\u00e9 pour l\u2019OTLMO.<\/span><\/span><\/b><span style=\"font-weight: 400;\"><br \/>\n<\/span><span style=\"font-weight: 400;\"><span class=\"TextRun Highlight SCXW82337914 BCX0\" lang=\"FR-CA\" xml:lang=\"FR-CA\" data-contrast=\"none\"><span class=\"NormalTextRun SCXW82337914 BCX0\">Les candidatures de tous les groupes m\u00e9ritant l\u2019\u00e9quit\u00e9 en Ontario sont encourag\u00e9es afin d\u2019optimiser la richesse de la diversit\u00e9 dans la composition et les d\u00e9cisions du conseil d\u2019administration de l\u2019OTLMO.<\/span><\/span><\/span><\/p>\n<p><span class=\"TextRun Highlight SCXW128001550 BCX0\" lang=\"FR-CA\" xml:lang=\"FR-CA\" data-contrast=\"none\"><span class=\"NormalTextRun SCXW128001550 BCX0\">Avez-vous d\u2019autres questions? S\u2019il vous pla\u00eet, contactez-nous!<\/span><\/span><span class=\"LineBreakBlob BlobObject DragDrop SCXW128001550 BCX0\"><span class=\"SCXW128001550 BCX0\">\u00a0<\/span><br class=\"SCXW128001550 BCX0\" \/><\/span><a class=\"Hyperlink SCXW128001550 BCX0\" href=\"mailto:executiveoffice@cmlto.com\" target=\"_blank\" rel=\"noreferrer noopener\"><span class=\"TextRun Highlight Underlined SCXW128001550 BCX0\" lang=\"FR-CA\" xml:lang=\"FR-CA\" data-contrast=\"none\"><span class=\"NormalTextRun SCXW128001550 BCX0\" data-ccp-charstyle=\"Hyperlink\">executiveoffice@cmlto.com<\/span><\/span><\/a><\/p>\n            <\/div>\n        <\/div>\n    <\/section>\n    \n","protected":false},"excerpt":{"rendered":"","protected":false},"author":1,"featured_media":3277,"parent":0,"menu_order":0,"comment_status":"closed","ping_status":"closed","template":"","meta":{"_acf_changed":false,"footnotes":""},"class_list":["post-2153","page","type-page","status-publish","has-post-thumbnail","hentry"],"acf":[],"_links":{"self":[{"href":"https:\/\/www.cmlto.com\/fr\/wp-json\/wp\/v2\/pages\/2153","targetHints":{"allow":["GET"]}}],"collection":[{"href":"https:\/\/www.cmlto.com\/fr\/wp-json\/wp\/v2\/pages"}],"about":[{"href":"https:\/\/www.cmlto.com\/fr\/wp-json\/wp\/v2\/types\/page"}],"author":[{"embeddable":true,"href":"https:\/\/www.cmlto.com\/fr\/wp-json\/wp\/v2\/users\/1"}],"replies":[{"embeddable":true,"href":"https:\/\/www.cmlto.com\/fr\/wp-json\/wp\/v2\/comments?post=2153"}],"version-history":[{"count":7,"href":"https:\/\/www.cmlto.com\/fr\/wp-json\/wp\/v2\/pages\/2153\/revisions"}],"predecessor-version":[{"id":3118,"href":"https:\/\/www.cmlto.com\/fr\/wp-json\/wp\/v2\/pages\/2153\/revisions\/3118"}],"wp:featuredmedia":[{"embeddable":true,"href":"https:\/\/www.cmlto.com\/fr\/wp-json\/wp\/v2\/media\/3277"}],"wp:attachment":[{"href":"https:\/\/www.cmlto.com\/fr\/wp-json\/wp\/v2\/media?parent=2153"}],"curies":[{"name":"wp","href":"https:\/\/api.w.org\/{rel}","templated":true}]}}