{"id":2112,"date":"2023-12-15T17:11:52","date_gmt":"2023-12-15T22:11:52","guid":{"rendered":"https:\/\/geekpowertech.com\/cmlto\/about-the-medical-laboratory-sector\/"},"modified":"2024-02-08T11:20:33","modified_gmt":"2024-02-08T16:20:33","slug":"about-the-medical-laboratory-sector","status":"publish","type":"page","link":"https:\/\/www.cmlto.com\/fr\/about-the-medical-laboratory-sector\/","title":{"rendered":"\u00c0 PROPOS DU SECTEUR DES LABORATOIRES M\u00c9DICAUX"},"content":{"rendered":"    <section class=\"content-wrapper ulstyle\">\n        <div class=\"image-text-container content\">\n            <div class=\"image-wrapper\" data-aos=\"fade-right\" data-aos-duration=\"1000\" data-aos-once=\"true\">\n                                    <div class=\"left-image\">\n                        <img decoding=\"async\" src=\"https:\/\/www.cmlto.com\/wp-content\/uploads\/2022\/12\/654cf0216e95c2395d0cf9eeb814560a.png\">\n                    <\/div>\n                            <\/div>\n            <div class=\"text-wrapper\" data-aos=\"fade-left\" data-aos-duration=\"1000\" data-aos-once=\"true\">\n                \n<p><span class=\"TextRun SCXW195988884 BCX0\" lang=\"FR-CA\" xml:lang=\"FR-CA\" data-contrast=\"none\"><span class=\"NormalTextRun SCXW195988884 BCX0\">En m\u00e9decine, la majorit\u00e9 des d\u00e9cisions concernant le diagnostic et le traitement sont bas\u00e9es sur les <\/span><\/span><span class=\"TextRun Underlined SCXW195988884 BCX0\" lang=\"FR-CA\" xml:lang=\"FR-CA\" data-contrast=\"none\"><span class=\"NormalTextRun SCXW195988884 BCX0\">r\u00e9sultats des tests<\/span><\/span><span class=\"TextRun SCXW195988884 BCX0\" lang=\"FR-CA\" xml:lang=\"FR-CA\" data-contrast=\"none\"><span class=\"NormalTextRun SCXW195988884 BCX0\"> de laboratoire. Le r\u00f4le des technologistes de laboratoire m\u00e9dical et d\u2019autres professionnels de laboratoire est donc tr\u00e8s important dans notre syst\u00e8me de soins de sant\u00e9.&nbsp;<\/span><\/span><span class=\"EOP SCXW195988884 BCX0\" data-ccp-props=\"{&quot;201341983&quot;:0,&quot;335559740&quot;:259}\">&nbsp;<\/span><\/p>\n<p><span class=\"TextRun SCXW7608865 BCX0\" lang=\"FR-CA\" xml:lang=\"FR-CA\" data-contrast=\"auto\"><span class=\"NormalTextRun SCXW7608865 BCX0\">Cette partie de notre site Web couvrira les domaines d\u2019int\u00e9r\u00eat suivants\u202f:&nbsp;<\/span><\/span><span class=\"EOP SCXW7608865 BCX0\" data-ccp-props=\"{&quot;201341983&quot;:0,&quot;335559740&quot;:259}\">&nbsp;<\/span><\/p>\n<ul>\n<li style=\"font-weight: 400;\" aria-level=\"1\"><span class=\"TextRun SCXW54449183 BCX0\" lang=\"FR-CA\" xml:lang=\"FR-CA\" data-contrast=\"auto\"><span class=\"NormalTextRun SCXW54449183 BCX0\"><strong>\u00c0 propos des technologistes de laboratoire m\u00e9dical (TLM) et des assistants et techniciens de laboratoire m\u00e9dical<\/strong>\u202f:<\/span><\/span><span class=\"TextRun SCXW54449183 BCX0\" lang=\"FR-CA\" xml:lang=\"FR-CA\" data-contrast=\"auto\"><span class=\"NormalTextRun SCXW54449183 BCX0\"> \u00c0 propos de ceux qui effectuent des tests de laboratoire, des fonctions pr\u00e9tests et post-tests, et de ceux qui administrent des tests de laboratoire aux membres du public.&nbsp;<\/span><\/span><span class=\"EOP SCXW54449183 BCX0\" data-ccp-props=\"{&quot;201341983&quot;:0,&quot;335559740&quot;:259}\">&nbsp;<\/span><\/li>\n<li style=\"font-weight: 400;\" aria-level=\"1\"><strong><span class=\"TextRun SCXW187584073 BCX0\" lang=\"FR-CA\" xml:lang=\"FR-CA\" data-contrast=\"auto\"><span class=\"NormalTextRun SCXW187584073 BCX0\">\u00c0 propos des laboratoires<\/span><\/span><\/strong><span class=\"TextRun SCXW187584073 BCX0\" lang=\"FR-CA\" xml:lang=\"FR-CA\" data-contrast=\"auto\"><span class=\"NormalTextRun SCXW187584073 BCX0\"><strong>\u202f<\/strong>: \u00c0 propos des installations o\u00f9 les tests de laboratoire sont trait\u00e9s et analys\u00e9s.<\/span><\/span><\/li>\n<li style=\"font-weight: 400;\" aria-level=\"1\"><span class=\"TextRun SCXW141438882 BCX0\" lang=\"FR-CA\" xml:lang=\"FR-CA\" data-contrast=\"auto\"><span class=\"NormalTextRun SCXW141438882 BCX0\"><strong>\u00c0 propos des tests de laboratoire<\/strong>: <\/span><\/span><span class=\"TextRun SCXW141438882 BCX0\" lang=\"FR-CA\" xml:lang=\"FR-CA\" data-contrast=\"auto\"><span class=\"NormalTextRun SCXW141438882 BCX0\">\u00c0 propos des tests r\u00e9quisitionn\u00e9s par les professionnels de soins de sant\u00e9.<\/span><\/span><span class=\"EOP SCXW141438882 BCX0\" data-ccp-props=\"{&quot;201341983&quot;:0,&quot;335559740&quot;:259}\">&nbsp;<\/span><\/li>\n<\/ul>\n<p><span style=\"color: initial; font-size: revert;\">            <\/div>\n        <\/div>\n    <\/section>\n    <\/span><\/p>\n","protected":false},"excerpt":{"rendered":"","protected":false},"author":1,"featured_media":5256,"parent":0,"menu_order":0,"comment_status":"closed","ping_status":"closed","template":"","meta":{"_acf_changed":false,"footnotes":""},"class_list":["post-2112","page","type-page","status-publish","has-post-thumbnail","hentry"],"acf":[],"_links":{"self":[{"href":"https:\/\/www.cmlto.com\/fr\/wp-json\/wp\/v2\/pages\/2112","targetHints":{"allow":["GET"]}}],"collection":[{"href":"https:\/\/www.cmlto.com\/fr\/wp-json\/wp\/v2\/pages"}],"about":[{"href":"https:\/\/www.cmlto.com\/fr\/wp-json\/wp\/v2\/types\/page"}],"author":[{"embeddable":true,"href":"https:\/\/www.cmlto.com\/fr\/wp-json\/wp\/v2\/users\/1"}],"replies":[{"embeddable":true,"href":"https:\/\/www.cmlto.com\/fr\/wp-json\/wp\/v2\/comments?post=2112"}],"version-history":[{"count":2,"href":"https:\/\/www.cmlto.com\/fr\/wp-json\/wp\/v2\/pages\/2112\/revisions"}],"predecessor-version":[{"id":2883,"href":"https:\/\/www.cmlto.com\/fr\/wp-json\/wp\/v2\/pages\/2112\/revisions\/2883"}],"wp:featuredmedia":[{"embeddable":true,"href":"https:\/\/www.cmlto.com\/fr\/wp-json\/wp\/v2\/media\/5256"}],"wp:attachment":[{"href":"https:\/\/www.cmlto.com\/fr\/wp-json\/wp\/v2\/media?parent=2112"}],"curies":[{"name":"wp","href":"https:\/\/api.w.org\/{rel}","templated":true}]}}