{"id":2081,"date":"2023-12-15T16:46:55","date_gmt":"2023-12-15T21:46:55","guid":{"rendered":"https:\/\/geekpowertech.com\/cmlto\/about-laboratory-tests\/"},"modified":"2024-02-09T22:13:35","modified_gmt":"2024-02-10T03:13:35","slug":"about-laboratory-tests","status":"publish","type":"page","link":"https:\/\/www.cmlto.com\/fr\/about-laboratory-tests\/","title":{"rendered":"\u00c0 PROPOS DES TESTS DE LABORATOIRE"},"content":{"rendered":"    <section class=\"content-wrapper \">\n        <div class=\"image-text-container content\">\n            <div class=\"image-wrapper\" data-aos=\"fade-right\" data-aos-duration=\"1000\" data-aos-once=\"true\">\n                                    <div class=\"left-image\">\n                        <img decoding=\"async\" src=\"https:\/\/www.cmlto.com\/wp-content\/uploads\/2022\/12\/654cf0216e95c2395d0cf9eeb814560a.png\">\n                    <\/div>\n                            <\/div>\n            <div class=\"text-wrapper\" data-aos=\"fade-left\" data-aos-duration=\"1000\" data-aos-once=\"true\">\n                \n<p>Les TLM contribuent \u00e0 vos soins en faisant tout, de la collecte d\u2019\u00e9chantillons \u00e0 l\u2019ex\u00e9cution et \u00e0 la surveillance des proc\u00e9dures, en passant par l\u2019interpr\u00e9tation des r\u00e9sultats.<\/p>\n<p>En Ontario, votre test de laboratoire peut \u00eatre command\u00e9 par plusieurs types de professionnels de soins de sant\u00e9. Vous ne pouvez pas commander un test vous-m\u00eame. Dans cette section, trouvez les r\u00e9ponses aux questions courantes sur les tests de laboratoire (Qui pr\u00e9l\u00e8ve vos \u00e9chantillons de sang? Comment obtenir une copie de vos r\u00e9sultats?) et des liens vers d\u2019autres ressources, en apprendre davantage sur le r\u00f4le de ces professionnels de soins de sant\u00e9 et sur la campagne de sensibilisation du public \u00ab\u202fTrust Your Test\u202f\u00bb.<\/p>\n            <\/div>\n        <\/div>\n    <\/section>\n    \n    <section class=\"content-wrapper \">\n        <div class=\"faq-container content \">\n                        <div class=\"faq-wrapper\">\n                \n    <div class=\"faq\">\n                <div class=\"faq-title \">\n            <span><label><\/label>Qui peut commander un test?<\/span>\n            <span><i class=\"fas fa-plus-circle\"><\/i><\/span>\n        <\/div>\n                <div class=\"faq-content\">\n            \n<p>Les professionnels de la sant\u00e9 autoris\u00e9s \u00e0 commander des tests de laboratoire m\u00e9dical sont d\u00e9finis par le R\u00e8glement de l\u2019Ontario 45\/22, la Loi autorisant des laboratoires m\u00e9dicaux et des centres de pr\u00e9l\u00e8vement, L.R.O. 1990, ch. L.1, en vertu de l\u2019article 18\u202f:<\/p>\n<p>Tests de laboratoire<\/p>\n<ol start=\"18\">\n<li>\u202f(1) Le propri\u00e9taire et l\u2019exploitant d\u2019un laboratoire veillent \u00e0 ce qu\u2019aucune personne employ\u00e9e dans le laboratoire n\u2019effectue un test \u00e0 moins qu\u2019une demande de test ne soit faite par\u202f:a) un membre de l\u2019Ordre des m\u00e9decins et chirurgiens de l\u2019Ontario;b) un membre de l\u2019Ordre royal des chirurgiens dentistes de l\u2019Ontario;\n<p>c) un membre de l\u2019Ordre des sages-femmes de l\u2019Ontario, mais seulement \u00e0 l\u2019\u00e9gard d\u2019un crit\u00e8re pr\u00e9cis\u00e9 \u00e0 l\u2019annexe\u202f2;<\/p>\n<p>d) une sage-femme autochtone, mais seulement \u00e0 l\u2019\u00e9gard d\u2019un test pr\u00e9cis\u00e9 \u00e0 l\u2019annexe\u202f2;<\/p>\n<p>e) un membre de l\u2019Ordre des infirmi\u00e8res et infirmiers de l\u2019Ontario qui est titulaire d\u2019un certificat d\u2019inscription \u00e0 la cat\u00e9gorie sup\u00e9rieure en vertu de la Loi de 1991 sur les infirmi\u00e8res et infirmiers;<\/p>\n<p>f) un membre de l\u2019Ordre des naturopathes de l\u2019Ontario, mais seulement \u00e0 l\u2019\u00e9gard d\u2019un test pr\u00e9cis\u00e9 \u00e0 l\u2019annexe\u202f1;<\/p>\n<p>g) un membre de l\u2019Ordre des pharmaciens de l\u2019Ontario qui est inscrit \u00e0 titre de pharmacien en vertu de la Loi de 1991 sur les pharmaciens, mais seulement \u00e0 l\u2019\u00e9gard d\u2019un test de d\u00e9pistage de la COVID-19;<\/p>\n<p>h) un membre d\u2019une profession de la sant\u00e9 dans une administration \u00e0 l\u2019ext\u00e9rieur de l\u2019Ontario, si une personne employ\u00e9e dans un laboratoire de cette administration est autoris\u00e9e par la loi \u00e0 effectuer un test \u00e0 l\u2019\u00e9gard d\u2019une demande faite par le membre;<\/p>\n<p>i) un assureur ou un mandataire au sens de la Loi sur les assurances; ou<\/p>\n<p>j) une personne autoris\u00e9e par T\u00e9l\u00e9sant\u00e9 Ontario \u00e0 pr\u00e9senter une demande relativement \u00e0 un test financ\u00e9 dans le cadre du programme provincial de d\u00e9pistage du cancer colorectal.<\/p>\n<p>(2) Afin d\u2019aider une personne employ\u00e9e dans le laboratoire \u00e0 effectuer des tests, l\u2019exploitant du laboratoire peut recueillir indirectement des renseignements personnels sur la sant\u00e9 d\u2019une personne aupr\u00e8s de la personne vis\u00e9e aux alin\u00e9as (1) (d), (h) ou (i) qui fait la demande d\u2019un test.<\/li>\n<\/ol>\n        <\/div>\n    <\/div>\n    \n            <\/div>\n        <\/div>\n    <\/section>\n    \n    <section class=\"content-wrapper right-text \">\n        <div class=\"text-container content\">\n            <div class=\"title-wrapper\" data-aos=\"fade-right\" data-aos-duration=\"1000\" data-aos-once=\"true\">\n                <h1>ANALYSE HORS LABORATOIRE EN ONTARIO <\/h1>\n            <\/div>\n            <div class=\"text-wrapper\" data-aos=\"fade-left\" data-aos-duration=\"1000\" data-aos-once=\"true\">\n                \n<p><span style=\"font-weight: 400;\">L\u2019OTLMO et le R\u00e8gl. de l\u2019Ont. 45\/22\u202f:DISPOSITIONS G\u00c9N\u00c9RALES en vertu de la Loi autorisant des laboratoires m\u00e9dicaux et des centres de pr\u00e9l\u00e8vement, L.R.O. 1990, ch. L.1 d\u00e9finit une analyse hors laboratoire comme un test qui utilise un instrument m\u00e9dical autoris\u00e9 par le ministre de la Sant\u00e9 (Canada) pour effectuer une analyse hors laboratoire. <\/span><\/p>\n<p>L\u2019analyse hors laboratoire peut ou non \u00eatre effectu\u00e9e par le personnel de laboratoire et les r\u00e9sultats des tests sont utilis\u00e9s pour la prise de d\u00e9cision clinique.             <\/div>\n        <\/div>\n    <\/section>\n    \n    <section class=\"content-wrapper\" id=\"grey-section-container\">\n        <div class=\"svg-element\" id=\"top\">\n            <object type=\"image\/svg+xml\"\n                    data=\"https:\/\/www.cmlto.com\/wp-content\/themes\/cmlto\/assets\/images\/ellipse_1.svg\"><\/object>\n        <\/div>\n        <div class=\"svg-element\" id=\"left\">\n            <object type=\"image\/svg+xml\"\n                    data=\"https:\/\/www.cmlto.com\/wp-content\/themes\/cmlto\/assets\/images\/ellipse_6.svg\"><\/object>\n        <\/div>\n        <div class=\"svg-element\" id=\"right\">\n            <object type=\"image\/svg+xml\"\n                    data=\"https:\/\/www.cmlto.com\/wp-content\/themes\/cmlto\/assets\/images\/ellipse_6.svg\"><\/object>\n        <\/div>\n        <div class=\"content\">\n            <div class=\"grey-section-wrapper\">\n                    <div class=\"bulleted-list-container\">\n        <div class=\"svg-element\">\n            <object id=\"triangle\" type=\"image\/svg+xml\"\n                    data=\"https:\/\/www.cmlto.com\/wp-content\/themes\/cmlto\/assets\/images\/triangle.svg\"><\/object>\n            <object id=\"mobile-circle\" type=\"image\/svg+xml\"\n                    data=\"https:\/\/www.cmlto.com\/wp-content\/themes\/cmlto\/assets\/images\/circle.svg\"><\/object>\n        <\/div>\n        <div class=\"bulleted-list-wrapper-container\">\n            \n<h1>Les Donn\u00e9es <span style=\"color: #1e3f82;\">D\u00e9montr\u00e9es<\/span><\/h1>\n<p>L\u2019impact quantitatif que l\u2019analyse hors laboratoire a actuellement sur l\u2019exercice professionnel des TLM travaillant dans les laboratoires hospitaliers a \u00e9t\u00e9 \u00e9valu\u00e9 au moyen d\u2019une enqu\u00eate aupr\u00e8s des TLM en exercice. Les donn\u00e9es ont d\u00e9montr\u00e9 que\u202f:<\/p>\n    <div class=\"bulleted-list-wrapper \">\n        <div class=\"list-wrapper\" data-aos=\"fade-right\" data-aos-duration=\"1000\" data-aos-once=\"true\">\n            \n<ul>\n<li style=\"font-weight: 400;\" aria-level=\"1\">83\u202f% des r\u00e9pondants au sondage ont indiqu\u00e9 que le laboratoire \u00e9tait responsable de l\u2019analyse hors laboratoire.<\/li>\n<li style=\"font-weight: 400;\" aria-level=\"1\">Les t\u00e2ches les plus courantes de l\u2019analyse hors laboratoire \u00e9taient ax\u00e9es sur le contr\u00f4le de la qualit\u00e9, y compris le contr\u00f4le de tests et d\u2019\u00e9quipement.<\/li>\n<li style=\"font-weight: 400;\" aria-level=\"1\">55\u202f% des r\u00e9pondants au sondage ont indiqu\u00e9 que l\u2019analyse hors laboratoire avait une incidence sur leur exercice professionnel quotidien. Toutefois, parmi ces 55\u202f%, la majorit\u00e9 a indiqu\u00e9 que l\u2019impact \u00e9tait minime.<\/li>\n<\/ul>\n<p style=\"text-align: left;\">La collaboration interprofessionnelle (CIP) peut \u00eatre un catalyseur cl\u00e9 de l\u2019analyse hors laboratoire, en particulier lorsque les tests sont effectu\u00e9s par d\u2019autres professionnels de la sant\u00e9 (c.-\u00e0-d. des infirmi\u00e8res) et soutenus par le laboratoire et les TLM.<\/p>\n<p style=\"text-align: left;\">Gr\u00e2ce \u00e0 son programme obligatoire de gestion de la qualit\u00e9 pour les laboratoires autoris\u00e9s, les programmes d\u2019Agr\u00e9ment Canada pour l\u2019accr\u00e9ditation des laboratoires et les tests de comp\u00e9tence garantissent que ces \u00e9tablissements sont responsables de la qualit\u00e9 des r\u00e9sultats de laboratoire g\u00e9n\u00e9r\u00e9s pour soutenir les soins aux patients. Les exigences de l\u2019IQMH sont bas\u00e9es sur les exigences de l\u2019Organisation internationale de normalisation (ISO) pour la qualit\u00e9 des laboratoires en g\u00e9n\u00e9ral, et l\u2019analyse hors laboratoire en particulier. Veuillez noter que R\u00e8gl. 45\/22 en vertu de la Loi autorisant des laboratoires m\u00e9dicaux et des centres de pr\u00e9l\u00e8vement, L.R.O. 1990, ch. L.1 contient des exemptions de permis li\u00e9es aux analyses hors laboratoire.<\/p>\n        <\/div>\n        <div class=\"image-wrapper\" data-aos=\"fade-left\" data-aos-duration=\"1000\" data-aos-once=\"true\">\n            <div class=\"background\" style=\"background-image: url('https:\/\/www.cmlto.com\/wp-content\/uploads\/2022\/12\/lab.jpg')\"><\/div>\n        <\/div>\n    <\/div>\n    \n        <\/div>\n    <\/div>\n    \n            <\/div>\n        <\/div>\n    <\/section>\n    \n","protected":false},"excerpt":{"rendered":"","protected":false},"author":1,"featured_media":5340,"parent":0,"menu_order":0,"comment_status":"closed","ping_status":"closed","template":"","meta":{"_acf_changed":false,"footnotes":""},"class_list":["post-2081","page","type-page","status-publish","has-post-thumbnail","hentry"],"acf":[],"_links":{"self":[{"href":"https:\/\/www.cmlto.com\/fr\/wp-json\/wp\/v2\/pages\/2081","targetHints":{"allow":["GET"]}}],"collection":[{"href":"https:\/\/www.cmlto.com\/fr\/wp-json\/wp\/v2\/pages"}],"about":[{"href":"https:\/\/www.cmlto.com\/fr\/wp-json\/wp\/v2\/types\/page"}],"author":[{"embeddable":true,"href":"https:\/\/www.cmlto.com\/fr\/wp-json\/wp\/v2\/users\/1"}],"replies":[{"embeddable":true,"href":"https:\/\/www.cmlto.com\/fr\/wp-json\/wp\/v2\/comments?post=2081"}],"version-history":[{"count":4,"href":"https:\/\/www.cmlto.com\/fr\/wp-json\/wp\/v2\/pages\/2081\/revisions"}],"predecessor-version":[{"id":3066,"href":"https:\/\/www.cmlto.com\/fr\/wp-json\/wp\/v2\/pages\/2081\/revisions\/3066"}],"wp:featuredmedia":[{"embeddable":true,"href":"https:\/\/www.cmlto.com\/fr\/wp-json\/wp\/v2\/media\/5340"}],"wp:attachment":[{"href":"https:\/\/www.cmlto.com\/fr\/wp-json\/wp\/v2\/media?parent=2081"}],"curies":[{"name":"wp","href":"https:\/\/api.w.org\/{rel}","templated":true}]}}