{"id":2076,"date":"2023-12-15T17:25:35","date_gmt":"2023-12-15T22:25:35","guid":{"rendered":"https:\/\/geekpowertech.com\/cmlto\/about-cmlto\/"},"modified":"2024-02-12T09:06:38","modified_gmt":"2024-02-12T14:06:38","slug":"about-cmlto","status":"publish","type":"page","link":"https:\/\/www.cmlto.com\/fr\/about-cmlto\/","title":{"rendered":"\u00c0 PROPOS DE L\u2019OTLMO"},"content":{"rendered":"    <section class=\"content-wrapper ulstyle\">\n        <div class=\"image-text-container content\">\n            <div class=\"image-wrapper\" data-aos=\"fade-right\" data-aos-duration=\"1000\" data-aos-once=\"true\">\n                                    <div class=\"left-image\">\n                        <img decoding=\"async\" src=\"https:\/\/www.cmlto.com\/wp-content\/uploads\/2022\/12\/654cf0216e95c2395d0cf9eeb814560a.png\">\n                    <\/div>\n                            <\/div>\n            <div class=\"text-wrapper\" data-aos=\"fade-left\" data-aos-duration=\"1000\" data-aos-once=\"true\">\n                L\u2019Ordre des technologistes de laboratoire m\u00e9dical de l\u2019Ontario (OTLMO) prot\u00e8ge le droit du public \u00e0 des soins de sant\u00e9 s\u00e9curitaires, comp\u00e9tents et \u00e9thiques. Pour ce faire, nous r\u00e9glementons les professionnels qui effectuent des tests de laboratoire dans toute la province. L\u2019OTLMO est l\u2019organisme de gouvernance des technologistes de laboratoire m\u00e9dical (TLM) qui exercent en Ontario.<\/p>\n<p>Dans cette section du site Web, vous trouverez les informations suivantes qui vous permettront de mieux comprendre qui nous sommes et ce que nous faisons\u202f:<\/p>\n<ul>\n<li style=\"font-weight: 400;\" aria-level=\"1\"><a href=\"https:\/\/www.cmlto.com\/fr\/what-we-do\/\"><span class=\"TextRun SCXW223965659 BCX0\" lang=\"FR-CA\" xml:lang=\"FR-CA\" data-contrast=\"auto\"><span class=\"NormalTextRun SCXW223965659 BCX0\">Ce que nous faisons<\/span><\/span><\/a><\/li>\n<li style=\"font-weight: 400;\" aria-level=\"1\"><a href=\"https:\/\/www.cmlto.com\/fr\/equity-diversity-inclusion-justice-at-the-cmlto\/\">\u00c9quit\u00e9, diversit\u00e9, inclusion et justice \u00e0 l\u2019OTLMO<\/a><\/li>\n<li style=\"font-weight: 400;\" aria-level=\"1\"><a href=\"https:\/\/www.cmlto.com\/fr\/on-regulation-and-why-it-matters\/\"><span class=\"TextRun SCXW138689782 BCX0\" lang=\"FR-CA\" xml:lang=\"FR-CA\" data-contrast=\"auto\"><span class=\"NormalTextRun SCXW138689782 BCX0\">\u00c0 propos de la r\u00e9glementation et son importance<\/span><\/span><\/a><span class=\"EOP SCXW138689782 BCX0\" data-ccp-props=\"{&quot;201341983&quot;:0,&quot;335559740&quot;:259}\">\u00a0<\/span><\/li>\n<li style=\"font-weight: 400;\" aria-level=\"1\"><span class=\"TextRun SCXW34868115 BCX0\" lang=\"FR-CA\" xml:lang=\"FR-CA\" data-contrast=\"auto\"><span class=\"NormalTextRun SCXW34868115 BCX0\"><a href=\"https:\/\/www.cmlto.com\/fr\/college-publications\/\">Publications de l\u2019Ordre<\/a>\u00a0<\/span><\/span><span class=\"EOP SCXW34868115 BCX0\" data-ccp-props=\"{&quot;201341983&quot;:0,&quot;335559740&quot;:259}\">\u00a0<\/span><\/li>\n<li style=\"font-weight: 400;\" aria-level=\"1\"><a href=\"https:\/\/www.cmlto.com\/fr\/governance-landing-page\/\"><span class=\"TextRun SCXW231246244 BCX0\" lang=\"FR-CA\" xml:lang=\"FR-CA\" data-contrast=\"auto\"><span class=\"NormalTextRun SCXW231246244 BCX0\">Gouvernance de l\u2019Ordre<\/span><\/span><\/a><\/li>\n<li style=\"font-weight: 400;\" aria-level=\"1\"><a href=\"https:\/\/www.cmlto.com\/fr\/college-programs\/\"><span class=\"TextRun SCXW53831758 BCX0\" lang=\"FR-CA\" xml:lang=\"FR-CA\" data-contrast=\"auto\"><span class=\"NormalTextRun SCXW53831758 BCX0\">Programmes de l\u2019Ordre\u00a0<\/span><\/span><span class=\"EOP SCXW53831758 BCX0\" data-ccp-props=\"{&quot;201341983&quot;:0,&quot;335559740&quot;:259}\">\u00a0<\/span><\/a><\/li>\n<\/ul>\n            <\/div>\n        <\/div>\n    <\/section>\n    \n","protected":false},"excerpt":{"rendered":"","protected":false},"author":1,"featured_media":3218,"parent":0,"menu_order":0,"comment_status":"closed","ping_status":"closed","template":"","meta":{"_acf_changed":false,"footnotes":""},"class_list":["post-2076","page","type-page","status-publish","has-post-thumbnail","hentry"],"acf":[],"_links":{"self":[{"href":"https:\/\/www.cmlto.com\/fr\/wp-json\/wp\/v2\/pages\/2076","targetHints":{"allow":["GET"]}}],"collection":[{"href":"https:\/\/www.cmlto.com\/fr\/wp-json\/wp\/v2\/pages"}],"about":[{"href":"https:\/\/www.cmlto.com\/fr\/wp-json\/wp\/v2\/types\/page"}],"author":[{"embeddable":true,"href":"https:\/\/www.cmlto.com\/fr\/wp-json\/wp\/v2\/users\/1"}],"replies":[{"embeddable":true,"href":"https:\/\/www.cmlto.com\/fr\/wp-json\/wp\/v2\/comments?post=2076"}],"version-history":[{"count":9,"href":"https:\/\/www.cmlto.com\/fr\/wp-json\/wp\/v2\/pages\/2076\/revisions"}],"predecessor-version":[{"id":3096,"href":"https:\/\/www.cmlto.com\/fr\/wp-json\/wp\/v2\/pages\/2076\/revisions\/3096"}],"wp:featuredmedia":[{"embeddable":true,"href":"https:\/\/www.cmlto.com\/fr\/wp-json\/wp\/v2\/media\/3218"}],"wp:attachment":[{"href":"https:\/\/www.cmlto.com\/fr\/wp-json\/wp\/v2\/media?parent=2076"}],"curies":[{"name":"wp","href":"https:\/\/api.w.org\/{rel}","templated":true}]}}